{"id":16399,"date":"2025-04-07T11:46:14","date_gmt":"2025-04-07T11:46:14","guid":{"rendered":"https:\/\/www.hotelcityabruzzo.com\/montesilvano-hotel-4-stelle-sul-mare\/"},"modified":"2026-02-27T09:06:52","modified_gmt":"2026-02-27T09:06:52","slug":"montesilvano-hotel-4-etoiles-bord-de-mer","status":"publish","type":"page","link":"https:\/\/www.hotelcityabruzzo.com\/fr\/montesilvano-hotel-4-etoiles-bord-de-mer\/","title":{"rendered":"Plage"},"content":{"rendered":"<div class=\"wpb-content-wrapper\"><p>[vc_row full_width=&#8221;stretch_row&#8221; content_placement=&#8221;middle&#8221; css=&#8221;.vc_custom_1744619180694{margin-bottom: 30px !important;background-color: #E6E6E6 !important;}&#8221;][vc_column width=&#8221;1\/2&#8243; el_class=&#8221;milenia-color&#8211;black&#8221;]<!--================ Section Heading ================-->\n<script>\n    (function($){\n        'use strict';\n\n        if(!$) return;\n\n        $(function(){\n            if(window.appear) {\n                appear({\n                    elements: function(){\n                        return document.querySelectorAll('#vc-milenia-section-heading-e5c7a1d55b99fafff947b958bd0e5280-1776586851261617093');\n                    },\n                    appear: function(element) {\n                        var $el = $(element);\n                        $el.addClass('milenia-visible').addClass($el.data('animation'));\n                    },\n                    reappear: false,\n                    bounds: -200\n                });\n            }\n        });\n    })(window.jQuery);\n<\/script>\n<div id=\"vc-milenia-section-heading-e5c7a1d55b99fafff947b958bd0e5280-1776586851261617093\" class=\"milenia-section-heading text-left vc_custom_1772183079244 milenia-visible\" data-animation=\"none\">\n    \n    <h2 class=\"milenia-section-title milenia-font--first-accented\" style=\"font-size: 50px;line-height: 43px;text-transform: none;font-style: normal;font-weight: 400;\">Mer cristalline, sable dor\u00e9 et d\u00e9tente \u00e0 deux pas de l&#039;h\u00f4tel<\/h2>\n\n    \n<\/div>\n<!--================ End of Section Heading ================-->\n[vc_custom_heading text=&#8221;SOLEIL, MER ET DIVERTISSEMENT POUR TOUTE LA FAMILLE&#8221; font_container=&#8221;tag:div|font_size:18px|text_align:left|color:%2333879F|line_height:30px&#8221; google_fonts=&#8221;font_family:Open%20Sans%3A300%2C300italic%2Cregular%2Citalic%2C600%2C600italic%2C700%2C700italic%2C800%2C800italic|font_style:700%20bold%20regular%3A700%3Anormal&#8221; css=&#8221;.vc_custom_1772183088288{margin-bottom: 20px !important;}&#8221;][vc_column_text css=&#8221;&#8221;]<\/p>\n<div class=\"Y3BBE\" data-sfc-cp=\"\" data-hveid=\"CAEIEBAA\" data-processed=\"true\">\u00c0 seulement 20 m\u00e8tres de l&#8217;H\u00f4tel City, la splendide plage de Montesilvano vous attend avec ses couleurs intenses et son sable fin qui glisse doucement dans l&#8217;eau. Une mer calme, aux fonds peu profonds et transparents, parfaite pour les enfants et id\u00e9ale pour ceux qui r\u00eavent de vacances de pure d\u00e9tente sans soucis.<span class=\"uJ19be notranslate\" data-wiz-uids=\"uDX4Sc_2m,uDX4Sc_2n\"><span class=\"vKEkVd\" data-animation-atomic=\"\" data-wiz-attrbind=\"class=uDX4Sc_2l\/TKHnVd\" data-sae=\"\"><span aria-hidden=\"true\">\u00a0<\/span><button class=\"rBl3me\" tabindex=\"0\" data-amic=\"true\" data-icl-uuid=\"9afd2131-1e03-4a3f-b765-d718b27f5f33\" aria-label=\"Visualizza link correlati\" data-wiz-attrbind=\"disabled=uDX4Sc_2l\/C5gNJc;aria-label=uDX4Sc_2l\/bOjMyf;class=uDX4Sc_2l\/UpSNec\" data-ved=\"2ahUKEwjcwe_upfmSAxXC0AIHHSqkKTMQye0OegYIAQgQEAE\"><\/button><\/span><\/span><\/div>\n<div class=\"Y3BBE\" data-sfc-cp=\"\" data-hveid=\"CAEIERAA\" data-processed=\"true\">Ici, le temps semble ralentir : l&#8217;odeur de l&#8217;iode, le bruit des vagues et la chaleur du soleil deviennent le cadre parfait pour vos journ\u00e9es. Pendant que les plus petits jouent en toute s\u00e9curit\u00e9, les parents peuvent profiter de la mer et se d\u00e9tendre sous le parasol.<button class=\"rBl3me\" tabindex=\"0\" data-amic=\"true\" data-icl-uuid=\"52bbaebd-ee80-4e8e-b0e5-86a8755fcb60\" aria-label=\"Visualizza link correlati\" data-wiz-attrbind=\"disabled=uDX4Sc_2p\/C5gNJc;aria-label=uDX4Sc_2p\/bOjMyf;class=uDX4Sc_2p\/UpSNec\" data-ved=\"2ahUKEwjcwe_upfmSAxXC0AIHHSqkKTMQye0OegYIAQgREAE\"><\/button><\/div>\n<div class=\"Y3BBE\" data-sfc-cp=\"\" data-hveid=\"CAEIEhAA\" data-processed=\"true\">Pour rendre tout cela encore plus sp\u00e9cial, notre \u00e9quipe d&#8217;animation est toujours pr\u00eate \u00e0 vous impliquer avec le r\u00e9veil musculaire le matin, des danses de groupe, des jeux d&#8217;\u00e9quipe et de nombreuses activit\u00e9s pour petits et grands.<button class=\"rBl3me\" tabindex=\"0\" data-amic=\"true\" data-icl-uuid=\"b19af3f7-c7ec-416f-a4f5-683a7fe64ada\" aria-label=\"Visualizza link correlati\" data-wiz-attrbind=\"disabled=uDX4Sc_2t\/C5gNJc;aria-label=uDX4Sc_2t\/bOjMyf;class=uDX4Sc_2t\/UpSNec\" data-ved=\"2ahUKEwjcwe_upfmSAxXC0AIHHSqkKTMQye0OegYIAQgSEAE\"><\/button><\/div>\n<div class=\"Y3BBE\" data-sfc-cp=\"\" data-hveid=\"CAEIExAA\" data-processed=\"true\" aria-owns=\"action-menu-parent-container\"><strong>Bienvenue dans votre plus bel \u00e9t\u00e9, \u00e0 deux pas de la mer.<\/strong><\/div>\n<p>[\/vc_column_text][\/vc_column][vc_column width=&#8221;1\/2&#8243;][vc_single_image image=&#8221;16405&#8243; img_size=&#8221;900X1200&#8243; css=&#8221;&#8221;][\/vc_column][\/vc_row][vc_row css=&#8221;.vc_custom_1742470212259{padding-top: 0px !important;padding-bottom: 30px !important;}&#8221;][vc_column][vc_empty_space height=&#8221;70px&#8221;]<!--================ Section Heading ================-->\n<script>\n    (function($){\n        'use strict';\n\n        if(!$) return;\n\n        $(function(){\n            if(window.appear) {\n                appear({\n                    elements: function(){\n                        return document.querySelectorAll('#vc-milenia-section-heading-5ca1fafcd45dcc0347647b2b5f26c079-17765868511721532121');\n                    },\n                    appear: function(element) {\n                        var $el = $(element);\n                        $el.addClass('milenia-visible').addClass($el.data('animation'));\n                    },\n                    reappear: false,\n                    bounds: -200\n                });\n            }\n        });\n    })(window.jQuery);\n<\/script>\n<div id=\"vc-milenia-section-heading-5ca1fafcd45dcc0347647b2b5f26c079-17765868511721532121\" class=\"milenia-section-heading text-center vc_custom_1772183109236 milenia-visible\" data-animation=\"none\">\n    \n    <h2 class=\"milenia-section-title milenia-font--first-accented\" style=\"font-size: 50px;line-height: 43px;text-transform: none;font-style: normal;font-weight: 400;\">Avantages Uniques<\/h2>\n\n    \n<\/div>\n<!--================ End of Section Heading ================-->\n[vc_empty_space height=&#8221;20px&#8221;]<!--================ Info Boxes ================-->\n<script>\n    (function($){\n        'use strict';\n\n        if(!$) return;\n\n        $(function(){\n            var $container = $('#vc-milenia-info-boxes-13b91fd32f0fbb150b19bd91a4eb29bf-17765868512025280284'),\n                $dynamicBgElements,\n                $carousels;\n\n            if(!$container.length) return;\n\n            if(window.appear) {\n                appear({\n                    elements: function(){\n                        return document.querySelectorAll('#vc-milenia-info-boxes-13b91fd32f0fbb150b19bd91a4eb29bf-17765868512025280284');\n                    },\n                    appear: function(element) {\n                        var $el = $(element);\n                        $el.addClass('milenia-visible').addClass($el.data('animation'));\n                    },\n                    reappear: false,\n                    bounds: -200\n                });\n            }\n\n            if(window.Milenia && window.Milenia.LinkUnderliner) {\n                window.Milenia.LinkUnderliner.init($container.find('a'));\n            }\n\n            if(window.Milenia && window.Milenia.helpers &&  window.Milenia.helpers.dynamicBgImage) {\n                $dynamicBgElements = $container.find('[data-bg-image-src]');\n                if($dynamicBgElements.length) window.Milenia.helpers.dynamicBgImage($dynamicBgElements);\n            }\n\n            if($.fn.owlCarousel) {\n                $carousels = $container.find('.milenia-simple-slideshow--shortcode');\n\n                if($carousels.length) {\n                    if(window.Milenia && window.Milenia.helpers && window.Milenia.helpers.owlSettings) {\n\n                        $carousels.jQueryImagesLoaded().then(function(){\n                                $carousels.each(function(i,e) {\n                                    $(e).owlCarousel(window.Milenia.helpers.owlSettings({\n                                        margin: 1,\n                                        loop: true,\n                                        autoplay: $(e).hasClass('milenia-simple-slideshow--autoplay')\n                                    }));\n                                });\n                        });\n\n                    }\n                    else {\n                        $carousels.owlCarousel({\n                            items: 1\n                        });\n                    }\n                }\n            }\n        });\n    })(window.jQuery);\n<\/script>\n\n<div id=\"vc-milenia-info-boxes-13b91fd32f0fbb150b19bd91a4eb29bf-17765868512025280284\" class=\"milenia-entities milenia-entities--style-2 milenia-entities--unreverse  milenia-entities--title-reduced milenia-visible\" data-animation=\"none\">\n    <div class=\"milenia-grid milenia-grid--cols-3 milenia-grid--gutters\">\n        <!--================ Info Boxes Item ================-->\n<div class=\"milenia-grid-item\">\n    <article class=\"milenia-entity milenia-entity--scheme-primary\">\n        <div data-bg-image-src=\"https:\/\/www.hotelcityabruzzo.com\/wp-content\/uploads\/2018\/10\/balli-di-gruppo.png\" style=\"background-image: url(https:\/\/www.hotelcityabruzzo.com\/wp-content\/uploads\/2018\/10\/balli-di-gruppo.png)\" class=\"milenia-entity-media\"><\/div>\n\n\n        <div class=\"milenia-entity-content milenia-aligner\">\n            <div class=\"milenia-aligner-outer\">\n                <div class=\"milenia-aligner-inner\">\n                    <header class=\"milenia-entity-header\">\n                        \n                        <h2 class=\"milenia-entity-title\">Animation<\/h2>\n\n                    <\/header>\n                    <div class=\"milenia-entity-body\"><p>Chaque jour sur la plage, un grand divertissement pour toute la famille<\/p>\n<\/div>\n\n                    \n                <\/div>\n            <\/div>\n        <\/div>\n    <\/article>\n<\/div>\n<!--================ End of Info Boxes Item ================-->\n\r\n<!--================ Info Boxes Item ================-->\n<div class=\"milenia-grid-item\">\n    <article class=\"milenia-entity milenia-entity--scheme-primary\">\n        <div data-bg-image-src=\"https:\/\/www.hotelcityabruzzo.com\/wp-content\/uploads\/2018\/10\/montesilvano-abruzzo-e-dintorni.png\" style=\"background-image: url(https:\/\/www.hotelcityabruzzo.com\/wp-content\/uploads\/2018\/10\/montesilvano-abruzzo-e-dintorni.png)\" class=\"milenia-entity-media\"><\/div>\n\n\n        <div class=\"milenia-entity-content milenia-aligner\">\n            <div class=\"milenia-aligner-outer\">\n                <div class=\"milenia-aligner-inner\">\n                    <header class=\"milenia-entity-header\">\n                        \n                        <h2 class=\"milenia-entity-title\">Service de plage<\/h2>\n\n                    <\/header>\n                    <div class=\"milenia-entity-body\"><p>Toujours inclus dans nos tarifs All Inclusive<\/p>\n<\/div>\n\n                    \n                <\/div>\n            <\/div>\n        <\/div>\n    <\/article>\n<\/div>\n<!--================ End of Info Boxes Item ================-->\n\r\n<!--================ Info Boxes Item ================-->\n<div class=\"milenia-grid-item\">\n    <article class=\"milenia-entity milenia-entity--scheme-primary\">\n        <div data-bg-image-src=\"https:\/\/www.hotelcityabruzzo.com\/wp-content\/uploads\/2018\/10\/spiaggia-a-misura-di-bambino.png\" style=\"background-image: url(https:\/\/www.hotelcityabruzzo.com\/wp-content\/uploads\/2018\/10\/spiaggia-a-misura-di-bambino.png)\" class=\"milenia-entity-media\"><\/div>\n\n\n        <div class=\"milenia-entity-content milenia-aligner\">\n            <div class=\"milenia-aligner-outer\">\n                <div class=\"milenia-aligner-inner\">\n                    <header class=\"milenia-entity-header\">\n                        \n                        <h2 class=\"milenia-entity-title\">Montesilvano Pavillon Vert<\/h2>\n\n                    <\/header>\n                    <div class=\"milenia-entity-body\"><p>Pour les plages adapt\u00e9es aux enfants<\/p>\n<\/div>\n\n                    \n                <\/div>\n            <\/div>\n        <\/div>\n    <\/article>\n<\/div>\n<!--================ End of Info Boxes Item ================-->\n\n    <\/div>\n<\/div>\n<!--================ End of Info Boxes ================-->\n[vc_empty_space height=&#8221;20px&#8221;][\/vc_column][\/vc_row][vc_row full_width=&#8221;stretch_row&#8221; full_height=&#8221;yes&#8221; equal_height=&#8221;yes&#8221; content_placement=&#8221;middle&#8221; css=&#8221;.vc_custom_1744619213370{background-color: #E6E6E6 !important;}&#8221;][vc_column]<!--================ Section Heading ================-->\n<script>\n    (function($){\n        'use strict';\n\n        if(!$) return;\n\n        $(function(){\n            if(window.appear) {\n                appear({\n                    elements: function(){\n                        return document.querySelectorAll('#vc-milenia-section-heading-5afd5a1d7d1bbf1e9618a34293840d6c-17765868511564587570');\n                    },\n                    appear: function(element) {\n                        var $el = $(element);\n                        $el.addClass('milenia-visible').addClass($el.data('animation'));\n                    },\n                    reappear: false,\n                    bounds: -200\n                });\n            }\n        });\n    })(window.jQuery);\n<\/script>\n<div id=\"vc-milenia-section-heading-5afd5a1d7d1bbf1e9618a34293840d6c-17765868511564587570\" class=\"milenia-section-heading text-center vc_custom_1744033065145 milenia-visible\" data-animation=\"none\">\n    \n    <h2 class=\"milenia-section-title milenia-font--first-accented\" style=\"font-size: 50px;line-height: 43px;text-transform: none;font-style: normal;font-weight: 400;\">Visual Experience<\/h2>\n\n    \n<\/div>\n<!--================ End of Section Heading ================-->\n[vc_empty_space height=&#8221;20px&#8221;][vc_raw_html css=&#8221;&#8221;]JTVCZm9vZ2FsbGVyeSUyMGlkJTNEJTIyMTYwMzQlMjIlNUQ=[\/vc_raw_html][\/vc_column][\/vc_row]<\/p>\n<\/div>","protected":false},"excerpt":{"rendered":"<p>[vc_row full_width=&#8221;stretch_row&#8221; content_placement=&#8221;middle&#8221; css=&#8221;.vc_custom_1744619180694{margin-bottom: 30px !important;background-color: #E6E6E6 !important;}&#8221;][vc_column width=&#8221;1\/2&#8243; el_class=&#8221;milenia-color&#8211;black&#8221;][vc_custom_heading text=&#8221;SOLEIL, MER ET DIVERTISSEMENT POUR TOUTE LA FAMILLE&#8221;&#8230;<\/p>\n","protected":false},"author":2,"featured_media":0,"parent":0,"menu_order":0,"comment_status":"closed","ping_status":"closed","template":"","meta":{"footnotes":""},"class_list":["post-16399","page","type-page","status-publish","hentry"],"yoast_head":"<!-- This site is optimized with the Yoast SEO plugin v27.4 - https:\/\/yoast.com\/product\/yoast-seo-wordpress\/ -->\n<title>Montesilvano H\u00f4tel 4 \u00c9toiles au Bord de la Mer | Hotel City Abruzzo<\/title>\n<meta name=\"description\" content=\"Montesilvano H\u00f4tel 4 \u00c9toiles au Bord de la Mer : l&#039;H\u00f4tel City est situ\u00e9 \u00e0 seulement 50 m\u00e8tres de la mer et est id\u00e9al pour ceux qui veulent profiter tranquillement de la mer en toute s\u00e9curit\u00e9\" \/>\n<meta name=\"robots\" content=\"index, follow, max-snippet:-1, max-image-preview:large, max-video-preview:-1\" \/>\n<link rel=\"canonical\" href=\"https:\/\/www.hotelcityabruzzo.com\/fr\/montesilvano-hotel-4-etoiles-bord-de-mer\/\" \/>\n<meta property=\"og:locale\" content=\"fr_FR\" \/>\n<meta property=\"og:type\" content=\"article\" \/>\n<meta property=\"og:title\" content=\"Montesilvano H\u00f4tel 4 \u00c9toiles au Bord de la Mer | Hotel City Abruzzo\" \/>\n<meta property=\"og:description\" content=\"Montesilvano H\u00f4tel 4 \u00c9toiles au Bord de la Mer : l&#039;H\u00f4tel City est situ\u00e9 \u00e0 seulement 50 m\u00e8tres de la mer et est id\u00e9al pour ceux qui veulent profiter tranquillement de la mer en toute s\u00e9curit\u00e9\" \/>\n<meta property=\"og:url\" content=\"https:\/\/www.hotelcityabruzzo.com\/fr\/montesilvano-hotel-4-etoiles-bord-de-mer\/\" \/>\n<meta property=\"og:site_name\" content=\"Hotel City\" \/>\n<meta property=\"article:publisher\" content=\"https:\/\/www.facebook.com\/HotelCityAbruzzo\" \/>\n<meta property=\"article:modified_time\" content=\"2026-02-27T09:06:52+00:00\" \/>\n<meta name=\"twitter:card\" content=\"summary_large_image\" \/>\n<meta name=\"twitter:label1\" content=\"Dur\u00e9e de lecture estim\u00e9e\" \/>\n\t<meta name=\"twitter:data1\" content=\"2 minutes\" \/>\n<script type=\"application\/ld+json\" class=\"yoast-schema-graph\">{\"@context\":\"https:\\\/\\\/schema.org\",\"@graph\":[{\"@type\":\"WebPage\",\"@id\":\"https:\\\/\\\/www.hotelcityabruzzo.com\\\/fr\\\/montesilvano-hotel-4-etoiles-bord-de-mer\\\/\",\"url\":\"https:\\\/\\\/www.hotelcityabruzzo.com\\\/fr\\\/montesilvano-hotel-4-etoiles-bord-de-mer\\\/\",\"name\":\"Montesilvano H\u00f4tel 4 \u00c9toiles au Bord de la Mer | Hotel City Abruzzo\",\"isPartOf\":{\"@id\":\"https:\\\/\\\/www.hotelcityabruzzo.com\\\/#website\"},\"datePublished\":\"2025-04-07T11:46:14+00:00\",\"dateModified\":\"2026-02-27T09:06:52+00:00\",\"description\":\"Montesilvano H\u00f4tel 4 \u00c9toiles au Bord de la Mer : l'H\u00f4tel City est situ\u00e9 \u00e0 seulement 50 m\u00e8tres de la mer et est id\u00e9al pour ceux qui veulent profiter tranquillement de la mer en toute s\u00e9curit\u00e9\",\"breadcrumb\":{\"@id\":\"https:\\\/\\\/www.hotelcityabruzzo.com\\\/fr\\\/montesilvano-hotel-4-etoiles-bord-de-mer\\\/#breadcrumb\"},\"inLanguage\":\"fr-FR\",\"potentialAction\":[{\"@type\":\"ReadAction\",\"target\":[\"https:\\\/\\\/www.hotelcityabruzzo.com\\\/fr\\\/montesilvano-hotel-4-etoiles-bord-de-mer\\\/\"]}]},{\"@type\":\"BreadcrumbList\",\"@id\":\"https:\\\/\\\/www.hotelcityabruzzo.com\\\/fr\\\/montesilvano-hotel-4-etoiles-bord-de-mer\\\/#breadcrumb\",\"itemListElement\":[{\"@type\":\"ListItem\",\"position\":1,\"name\":\"Home\",\"item\":\"https:\\\/\\\/www.hotelcityabruzzo.com\\\/fr\\\/\"},{\"@type\":\"ListItem\",\"position\":2,\"name\":\"Plage\"}]},{\"@type\":\"WebSite\",\"@id\":\"https:\\\/\\\/www.hotelcityabruzzo.com\\\/#website\",\"url\":\"https:\\\/\\\/www.hotelcityabruzzo.com\\\/\",\"name\":\"Hotel City\",\"description\":\"La Tua Vacanza in Abruzzo\",\"publisher\":{\"@id\":\"https:\\\/\\\/www.hotelcityabruzzo.com\\\/#organization\"},\"potentialAction\":[{\"@type\":\"SearchAction\",\"target\":{\"@type\":\"EntryPoint\",\"urlTemplate\":\"https:\\\/\\\/www.hotelcityabruzzo.com\\\/?s={search_term_string}\"},\"query-input\":{\"@type\":\"PropertyValueSpecification\",\"valueRequired\":true,\"valueName\":\"search_term_string\"}}],\"inLanguage\":\"fr-FR\"},{\"@type\":\"Organization\",\"@id\":\"https:\\\/\\\/www.hotelcityabruzzo.com\\\/#organization\",\"name\":\"Hotel City\",\"url\":\"https:\\\/\\\/www.hotelcityabruzzo.com\\\/\",\"logo\":{\"@type\":\"ImageObject\",\"inLanguage\":\"fr-FR\",\"@id\":\"https:\\\/\\\/www.hotelcityabruzzo.com\\\/#\\\/schema\\\/logo\\\/image\\\/\",\"url\":\"https:\\\/\\\/www.hotelcityabruzzo.com\\\/wp-content\\\/uploads\\\/2018\\\/10\\\/logocity-reviews.png\",\"contentUrl\":\"https:\\\/\\\/www.hotelcityabruzzo.com\\\/wp-content\\\/uploads\\\/2018\\\/10\\\/logocity-reviews.png\",\"width\":538,\"height\":538,\"caption\":\"Hotel City\"},\"image\":{\"@id\":\"https:\\\/\\\/www.hotelcityabruzzo.com\\\/#\\\/schema\\\/logo\\\/image\\\/\"},\"sameAs\":[\"https:\\\/\\\/www.facebook.com\\\/HotelCityAbruzzo\",\"https:\\\/\\\/www.instagram.com\\\/hotelcitymontesilvano\\\/\"]}]}<\/script>\n<!-- \/ Yoast SEO plugin. -->","yoast_head_json":{"title":"Montesilvano H\u00f4tel 4 \u00c9toiles au Bord de la Mer | Hotel City Abruzzo","description":"Montesilvano H\u00f4tel 4 \u00c9toiles au Bord de la Mer : l'H\u00f4tel City est situ\u00e9 \u00e0 seulement 50 m\u00e8tres de la mer et est id\u00e9al pour ceux qui veulent profiter tranquillement de la mer en toute s\u00e9curit\u00e9","robots":{"index":"index","follow":"follow","max-snippet":"max-snippet:-1","max-image-preview":"max-image-preview:large","max-video-preview":"max-video-preview:-1"},"canonical":"https:\/\/www.hotelcityabruzzo.com\/fr\/montesilvano-hotel-4-etoiles-bord-de-mer\/","og_locale":"fr_FR","og_type":"article","og_title":"Montesilvano H\u00f4tel 4 \u00c9toiles au Bord de la Mer | Hotel City Abruzzo","og_description":"Montesilvano H\u00f4tel 4 \u00c9toiles au Bord de la Mer : l'H\u00f4tel City est situ\u00e9 \u00e0 seulement 50 m\u00e8tres de la mer et est id\u00e9al pour ceux qui veulent profiter tranquillement de la mer en toute s\u00e9curit\u00e9","og_url":"https:\/\/www.hotelcityabruzzo.com\/fr\/montesilvano-hotel-4-etoiles-bord-de-mer\/","og_site_name":"Hotel City","article_publisher":"https:\/\/www.facebook.com\/HotelCityAbruzzo","article_modified_time":"2026-02-27T09:06:52+00:00","twitter_card":"summary_large_image","twitter_misc":{"Dur\u00e9e de lecture estim\u00e9e":"2 minutes"},"schema":{"@context":"https:\/\/schema.org","@graph":[{"@type":"WebPage","@id":"https:\/\/www.hotelcityabruzzo.com\/fr\/montesilvano-hotel-4-etoiles-bord-de-mer\/","url":"https:\/\/www.hotelcityabruzzo.com\/fr\/montesilvano-hotel-4-etoiles-bord-de-mer\/","name":"Montesilvano H\u00f4tel 4 \u00c9toiles au Bord de la Mer | Hotel City Abruzzo","isPartOf":{"@id":"https:\/\/www.hotelcityabruzzo.com\/#website"},"datePublished":"2025-04-07T11:46:14+00:00","dateModified":"2026-02-27T09:06:52+00:00","description":"Montesilvano H\u00f4tel 4 \u00c9toiles au Bord de la Mer : l'H\u00f4tel City est situ\u00e9 \u00e0 seulement 50 m\u00e8tres de la mer et est id\u00e9al pour ceux qui veulent profiter tranquillement de la mer en toute s\u00e9curit\u00e9","breadcrumb":{"@id":"https:\/\/www.hotelcityabruzzo.com\/fr\/montesilvano-hotel-4-etoiles-bord-de-mer\/#breadcrumb"},"inLanguage":"fr-FR","potentialAction":[{"@type":"ReadAction","target":["https:\/\/www.hotelcityabruzzo.com\/fr\/montesilvano-hotel-4-etoiles-bord-de-mer\/"]}]},{"@type":"BreadcrumbList","@id":"https:\/\/www.hotelcityabruzzo.com\/fr\/montesilvano-hotel-4-etoiles-bord-de-mer\/#breadcrumb","itemListElement":[{"@type":"ListItem","position":1,"name":"Home","item":"https:\/\/www.hotelcityabruzzo.com\/fr\/"},{"@type":"ListItem","position":2,"name":"Plage"}]},{"@type":"WebSite","@id":"https:\/\/www.hotelcityabruzzo.com\/#website","url":"https:\/\/www.hotelcityabruzzo.com\/","name":"Hotel City","description":"La Tua Vacanza in Abruzzo","publisher":{"@id":"https:\/\/www.hotelcityabruzzo.com\/#organization"},"potentialAction":[{"@type":"SearchAction","target":{"@type":"EntryPoint","urlTemplate":"https:\/\/www.hotelcityabruzzo.com\/?s={search_term_string}"},"query-input":{"@type":"PropertyValueSpecification","valueRequired":true,"valueName":"search_term_string"}}],"inLanguage":"fr-FR"},{"@type":"Organization","@id":"https:\/\/www.hotelcityabruzzo.com\/#organization","name":"Hotel City","url":"https:\/\/www.hotelcityabruzzo.com\/","logo":{"@type":"ImageObject","inLanguage":"fr-FR","@id":"https:\/\/www.hotelcityabruzzo.com\/#\/schema\/logo\/image\/","url":"https:\/\/www.hotelcityabruzzo.com\/wp-content\/uploads\/2018\/10\/logocity-reviews.png","contentUrl":"https:\/\/www.hotelcityabruzzo.com\/wp-content\/uploads\/2018\/10\/logocity-reviews.png","width":538,"height":538,"caption":"Hotel City"},"image":{"@id":"https:\/\/www.hotelcityabruzzo.com\/#\/schema\/logo\/image\/"},"sameAs":["https:\/\/www.facebook.com\/HotelCityAbruzzo","https:\/\/www.instagram.com\/hotelcitymontesilvano\/"]}]}},"_links":{"self":[{"href":"https:\/\/www.hotelcityabruzzo.com\/fr\/wp-json\/wp\/v2\/pages\/16399","targetHints":{"allow":["GET"]}}],"collection":[{"href":"https:\/\/www.hotelcityabruzzo.com\/fr\/wp-json\/wp\/v2\/pages"}],"about":[{"href":"https:\/\/www.hotelcityabruzzo.com\/fr\/wp-json\/wp\/v2\/types\/page"}],"author":[{"embeddable":true,"href":"https:\/\/www.hotelcityabruzzo.com\/fr\/wp-json\/wp\/v2\/users\/2"}],"replies":[{"embeddable":true,"href":"https:\/\/www.hotelcityabruzzo.com\/fr\/wp-json\/wp\/v2\/comments?post=16399"}],"version-history":[{"count":4,"href":"https:\/\/www.hotelcityabruzzo.com\/fr\/wp-json\/wp\/v2\/pages\/16399\/revisions"}],"predecessor-version":[{"id":16412,"href":"https:\/\/www.hotelcityabruzzo.com\/fr\/wp-json\/wp\/v2\/pages\/16399\/revisions\/16412"}],"wp:attachment":[{"href":"https:\/\/www.hotelcityabruzzo.com\/fr\/wp-json\/wp\/v2\/media?parent=16399"}],"curies":[{"name":"wp","href":"https:\/\/api.w.org\/{rel}","templated":true}]}}