{"id":16380,"date":"2025-04-07T11:36:57","date_gmt":"2025-04-07T11:36:57","guid":{"rendered":"https:\/\/www.hotelcityabruzzo.com\/hotel-4-stelle-montesilvano-marina-pescara\/"},"modified":"2026-02-27T08:45:35","modified_gmt":"2026-02-27T08:45:35","slug":"hotel-4-etoiles-montesilvano-marina-pescara","status":"publish","type":"page","link":"https:\/\/www.hotelcityabruzzo.com\/fr\/hotel-4-etoiles-montesilvano-marina-pescara\/","title":{"rendered":"Restaurant"},"content":{"rendered":"<div class=\"wpb-content-wrapper\"><p>[vc_row full_width=&#8221;stretch_row&#8221; content_placement=&#8221;middle&#8221; css=&#8221;.vc_custom_1744618221663{margin-bottom: 30px !important;background-color: #E6E6E6 !important;}&#8221;][vc_column width=&#8221;1\/2&#8243; el_class=&#8221;milenia-color&#8211;black&#8221;]<!--================ Section Heading ================-->\n<script>\n    (function($){\n        'use strict';\n\n        if(!$) return;\n\n        $(function(){\n            if(window.appear) {\n                appear({\n                    elements: function(){\n                        return document.querySelectorAll('#vc-milenia-section-heading-f17f647154f7a0e48acce2cdb6d7fadb-177637805926281496');\n                    },\n                    appear: function(element) {\n                        var $el = $(element);\n                        $el.addClass('milenia-visible').addClass($el.data('animation'));\n                    },\n                    reappear: false,\n                    bounds: -200\n                });\n            }\n        });\n    })(window.jQuery);\n<\/script>\n<div id=\"vc-milenia-section-heading-f17f647154f7a0e48acce2cdb6d7fadb-177637805926281496\" class=\"milenia-section-heading text-left vc_custom_1772181545298 milenia-visible\" data-animation=\"none\">\n    \n    <h2 class=\"milenia-section-title milenia-font--first-accented\" style=\"font-size: 50px;line-height: 43px;text-transform: none;font-style: normal;font-weight: 400;\">Un voyage de saveurs tra tradition des Abruzzes et cuisine internationale <\/h2>\n\n    \n<\/div>\n<!--================ End of Section Heading ================-->\n[vc_custom_heading text=&#8221;LE RESTAURANT DE L&#8217;H\u00d4TEL CITY : O\u00d9 CHAQUE JOUR EST UNE EXP\u00c9RIENCE GUSTATIVE \u00c0 VIVRE&#8221; font_container=&#8221;tag:div|font_size:18px|text_align:left|color:%2333879F|line_height:30px&#8221; google_fonts=&#8221;font_family:Open%20Sans%3A300%2C300italic%2Cregular%2Citalic%2C600%2C600italic%2C700%2C700italic%2C800%2C800italic|font_style:700%20bold%20regular%3A700%3Anormal&#8221; css=&#8221;.vc_custom_1772181554935{margin-bottom: 20px !important;}&#8221;][vc_column_text css=&#8221;&#8221;]<\/p>\n<div class=\"Y3BBE\" data-sfc-cp=\"\" data-hveid=\"CAEIGBAA\" data-processed=\"true\">Notre restaurant est bien plus qu&#8217;une salle \u00e0 manger : c&#8217;est le lieu o\u00f9 les parfums, les saveurs et les souvenirs de vacances se rencontrent.<button class=\"rBl3me\" tabindex=\"0\" data-amic=\"true\" data-icl-uuid=\"43ce3dcd-3033-4a6b-a178-f15bcfac0823\" aria-label=\"Visualizza link correlati\" data-wiz-attrbind=\"disabled=dTY3Qd_3i\/C5gNJc;aria-label=dTY3Qd_3i\/bOjMyf;class=dTY3Qd_3i\/UpSNec\" data-ved=\"2ahUKEwjF6q3XoPmSAxUb3wIHHRLgCdcQye0OegYIAQgYEAE\"><\/button><\/div>\n<div class=\"Y3BBE\" data-sfc-cp=\"\" data-hveid=\"CAEIGRAA\" data-processed=\"true\">Le\u00a0<strong class=\"Yjhzub\">petit-d\u00e9jeuner<\/strong>\u00a0est un v\u00e9ritable rite de bienvenue \u00e0 la nouvelle journ\u00e9e, con des g\u00e2teaux faits maison, des croissants fragrants et l&#8217;odeur du caf\u00e9 qui emplit l&#8217;air. De la p\u00e2tisserie artisanale sucr\u00e9e aux propositions sal\u00e9es avec des fromages et de la charcuterie locale &#8220;Km 0&#8221;, chaque matin est une invitation \u00e0 ralentir et \u00e0 profiter du moment.<button class=\"rBl3me\" tabindex=\"0\" data-amic=\"true\" data-icl-uuid=\"e70eb9a1-7eee-4392-bef9-0e17492a92e2\" aria-label=\"Visualizza link correlati\" data-wiz-attrbind=\"disabled=dTY3Qd_3n\/C5gNJc;aria-label=dTY3Qd_3n\/bOjMyf;class=dTY3Qd_3n\/UpSNec\" data-ved=\"2ahUKEwjF6q3XoPmSAxUb3wIHHRLgCdcQye0OegYIAQgZEAE\"><\/button><\/div>\n<div class=\"Y3BBE\" data-sfc-cp=\"\" data-hveid=\"CAEIGhAA\" data-processed=\"true\">Au\u00a0<strong class=\"Yjhzub\">d\u00e9jeuner et au d\u00eener<\/strong>, laissez-vous transporter par le plaisir de la bonne cuisine. Notre chef propose chaque jour des menus riches en plats de viande, poisson frais, garnitures color\u00e9es et desserts pr\u00e9par\u00e9s \u00e0 la minute, pour choyer tous les palais.<button class=\"rBl3me\" tabindex=\"0\" data-amic=\"true\" data-icl-uuid=\"ad8907ee-fde6-41b2-bcbd-3a109e13aa7a\" aria-label=\"Visualizza link correlati\" data-wiz-attrbind=\"disabled=dTY3Qd_3s\/C5gNJc;aria-label=dTY3Qd_3s\/bOjMyf;class=dTY3Qd_3s\/UpSNec\" data-ved=\"2ahUKEwjF6q3XoPmSAxUb3wIHHRLgCdcQye0OegYIAQgaEAE\"><\/button><\/div>\n<div class=\"Y3BBE\" data-sfc-cp=\"\" data-hveid=\"CAEIGxAA\" data-processed=\"true\">Entre les plats de la tradition des Abruzzes et les meilleures recettes nationales et internationales, chaque plat raconte ici une histoire. Et pour rendre chaque repas encore plus sp\u00e9cial, notre carte des vins s\u00e9lectionne avec soin des \u00e9tiquettes locales et italiennes.<button class=\"rBl3me\" tabindex=\"0\" data-amic=\"true\" data-icl-uuid=\"f388feda-22c4-4576-b8ed-e9a7cc4a54dc\" aria-label=\"Visualizza link correlati\" data-wiz-attrbind=\"disabled=dTY3Qd_3w\/C5gNJc;aria-label=dTY3Qd_3w\/bOjMyf;class=dTY3Qd_3w\/UpSNec\" data-ved=\"2ahUKEwjF6q3XoPmSAxUb3wIHHRLgCdcQye0OegYIAQgbEAE\"><\/button><\/div>\n<div class=\"Y3BBE\" data-sfc-cp=\"\" data-hveid=\"CAEIHBAA\" data-processed=\"true\" aria-owns=\"action-menu-parent-container\">Pour ceux qui ont des besoins alimentaires particuliers, nous proposons avec attention et disponibilit\u00e9 des options\u00a0<strong class=\"Yjhzub\">sans gluten<\/strong>, pr\u00e9par\u00e9es avec le m\u00eame soin et la m\u00eame passion.<\/div>\n<p>[\/vc_column_text][\/vc_column][vc_column width=&#8221;1\/2&#8243;][vc_single_image image=&#8221;16386&#8243; img_size=&#8221;900X1200&#8243; css=&#8221;&#8221;][\/vc_column][\/vc_row][vc_row css=&#8221;.vc_custom_1742470212259{padding-top: 0px !important;padding-bottom: 30px !important;}&#8221;][vc_column][vc_empty_space height=&#8221;70px&#8221;]<!--================ Section Heading ================-->\n<script>\n    (function($){\n        'use strict';\n\n        if(!$) return;\n\n        $(function(){\n            if(window.appear) {\n                appear({\n                    elements: function(){\n                        return document.querySelectorAll('#vc-milenia-section-heading-59b20a92fc2f646028a2c4de4e485c49-17763780591459072700');\n                    },\n                    appear: function(element) {\n                        var $el = $(element);\n                        $el.addClass('milenia-visible').addClass($el.data('animation'));\n                    },\n                    reappear: false,\n                    bounds: -200\n                });\n            }\n        });\n    })(window.jQuery);\n<\/script>\n<div id=\"vc-milenia-section-heading-59b20a92fc2f646028a2c4de4e485c49-17763780591459072700\" class=\"milenia-section-heading text-center vc_custom_1772181600330 milenia-visible\" data-animation=\"none\">\n    \n    <h2 class=\"milenia-section-title milenia-font--first-accented\" style=\"font-size: 50px;line-height: 43px;text-transform: none;font-style: normal;font-weight: 400;\">Avantages Uniques<\/h2>\n\n    \n<\/div>\n<!--================ End of Section Heading ================-->\n[vc_empty_space height=&#8221;20px&#8221;]<!--================ Info Boxes ================-->\n<script>\n    (function($){\n        'use strict';\n\n        if(!$) return;\n\n        $(function(){\n            var $container = $('#vc-milenia-info-boxes-51874f924a689a3bc1c9a5eab9b27c07-1776378059557789440'),\n                $dynamicBgElements,\n                $carousels;\n\n            if(!$container.length) return;\n\n            if(window.appear) {\n                appear({\n                    elements: function(){\n                        return document.querySelectorAll('#vc-milenia-info-boxes-51874f924a689a3bc1c9a5eab9b27c07-1776378059557789440');\n                    },\n                    appear: function(element) {\n                        var $el = $(element);\n                        $el.addClass('milenia-visible').addClass($el.data('animation'));\n                    },\n                    reappear: false,\n                    bounds: -200\n                });\n            }\n\n            if(window.Milenia && window.Milenia.LinkUnderliner) {\n                window.Milenia.LinkUnderliner.init($container.find('a'));\n            }\n\n            if(window.Milenia && window.Milenia.helpers &&  window.Milenia.helpers.dynamicBgImage) {\n                $dynamicBgElements = $container.find('[data-bg-image-src]');\n                if($dynamicBgElements.length) window.Milenia.helpers.dynamicBgImage($dynamicBgElements);\n            }\n\n            if($.fn.owlCarousel) {\n                $carousels = $container.find('.milenia-simple-slideshow--shortcode');\n\n                if($carousels.length) {\n                    if(window.Milenia && window.Milenia.helpers && window.Milenia.helpers.owlSettings) {\n\n                        $carousels.jQueryImagesLoaded().then(function(){\n                                $carousels.each(function(i,e) {\n                                    $(e).owlCarousel(window.Milenia.helpers.owlSettings({\n                                        margin: 1,\n                                        loop: true,\n                                        autoplay: $(e).hasClass('milenia-simple-slideshow--autoplay')\n                                    }));\n                                });\n                        });\n\n                    }\n                    else {\n                        $carousels.owlCarousel({\n                            items: 1\n                        });\n                    }\n                }\n            }\n        });\n    })(window.jQuery);\n<\/script>\n\n<div id=\"vc-milenia-info-boxes-51874f924a689a3bc1c9a5eab9b27c07-1776378059557789440\" class=\"milenia-entities milenia-entities--style-2 milenia-entities--unreverse  milenia-entities--title-reduced milenia-visible\" data-animation=\"none\">\n    <div class=\"milenia-grid milenia-grid--cols-3 milenia-grid--gutters\">\n        <!--================ Info Boxes Item ================-->\n<div class=\"milenia-grid-item\">\n    <article class=\"milenia-entity milenia-entity--scheme-primary\">\n        <div data-bg-image-src=\"https:\/\/www.hotelcityabruzzo.com\/wp-content\/uploads\/2018\/10\/99.jpg\" style=\"background-image: url(https:\/\/www.hotelcityabruzzo.com\/wp-content\/uploads\/2018\/10\/99.jpg)\" class=\"milenia-entity-media\"><\/div>\n\n\n        <div class=\"milenia-entity-content milenia-aligner\">\n            <div class=\"milenia-aligner-outer\">\n                <div class=\"milenia-aligner-inner\">\n                    <header class=\"milenia-entity-header\">\n                        \n                        <h2 class=\"milenia-entity-title\">Tradition avec Go\u00fbt<\/h2>\n\n                    <\/header>\n                    <div class=\"milenia-entity-body\"><p>Une cuisine soign\u00e9e dans les d\u00e9tails, avec des plats authentiques de la tradition<\/p>\n<\/div>\n\n                    \n                <\/div>\n            <\/div>\n        <\/div>\n    <\/article>\n<\/div>\n<!--================ End of Info Boxes Item ================-->\n\r\n<!--================ Info Boxes Item ================-->\n<div class=\"milenia-grid-item\">\n    <article class=\"milenia-entity milenia-entity--scheme-primary\">\n        <div data-bg-image-src=\"https:\/\/www.hotelcityabruzzo.com\/wp-content\/uploads\/2018\/10\/36-1.jpg\" style=\"background-image: url(https:\/\/www.hotelcityabruzzo.com\/wp-content\/uploads\/2018\/10\/36-1.jpg)\" class=\"milenia-entity-media\"><\/div>\n\n\n        <div class=\"milenia-entity-content milenia-aligner\">\n            <div class=\"milenia-aligner-outer\">\n                <div class=\"milenia-aligner-inner\">\n                    <header class=\"milenia-entity-header\">\n                        \n                        <h2 class=\"milenia-entity-title\">Atmosph\u00e8re relaxante<\/h2>\n\n                    <\/header>\n                    <div class=\"milenia-entity-body\"><p>Au restaurant de l'H\u00f4tel City, on respire une atmosph\u00e8re d\u00e9tendue et familiale, o\u00f9 le temps s'\u00e9coule lentement entre saveurs authentiques et le plaisir d'\u00eatre ensemble<\/p>\n<\/div>\n\n                    \n                <\/div>\n            <\/div>\n        <\/div>\n    <\/article>\n<\/div>\n<!--================ End of Info Boxes Item ================-->\n\r\n<!--================ Info Boxes Item ================-->\n<div class=\"milenia-grid-item\">\n    <article class=\"milenia-entity milenia-entity--scheme-primary\">\n        <div data-bg-image-src=\"https:\/\/www.hotelcityabruzzo.com\/wp-content\/uploads\/2018\/10\/33-1.jpg\" style=\"background-image: url(https:\/\/www.hotelcityabruzzo.com\/wp-content\/uploads\/2018\/10\/33-1.jpg)\" class=\"milenia-entity-media\"><\/div>\n\n\n        <div class=\"milenia-entity-content milenia-aligner\">\n            <div class=\"milenia-aligner-outer\">\n                <div class=\"milenia-aligner-inner\">\n                    <header class=\"milenia-entity-header\">\n                        \n                        <h2 class=\"milenia-entity-title\">Un accueil qui fait la diff\u00e9rence<\/h2>\n\n                    <\/header>\n                    <div class=\"milenia-entity-body\"><p>Un service toujours cordial et attentif, \u00e0 table ou au buffet, pour vous faire sentir sp\u00e9cial \u00e0 chaque instant<\/p>\n<\/div>\n\n                    \n                <\/div>\n            <\/div>\n        <\/div>\n    <\/article>\n<\/div>\n<!--================ End of Info Boxes Item ================-->\n\n    <\/div>\n<\/div>\n<!--================ End of Info Boxes ================-->\n[vc_empty_space height=&#8221;20px&#8221;][\/vc_column][\/vc_row][vc_row full_width=&#8221;stretch_row&#8221; full_height=&#8221;yes&#8221; equal_height=&#8221;yes&#8221; content_placement=&#8221;middle&#8221; css=&#8221;.vc_custom_1744618885765{background-color: #E6E6E6 !important;}&#8221;][vc_column]<!--================ Section Heading ================-->\n<script>\n    (function($){\n        'use strict';\n\n        if(!$) return;\n\n        $(function(){\n            if(window.appear) {\n                appear({\n                    elements: function(){\n                        return document.querySelectorAll('#vc-milenia-section-heading-47c2468e7eda988dbff7e0ad36d62279-1776378059487467008');\n                    },\n                    appear: function(element) {\n                        var $el = $(element);\n                        $el.addClass('milenia-visible').addClass($el.data('animation'));\n                    },\n                    reappear: false,\n                    bounds: -200\n                });\n            }\n        });\n    })(window.jQuery);\n<\/script>\n<div id=\"vc-milenia-section-heading-47c2468e7eda988dbff7e0ad36d62279-1776378059487467008\" class=\"milenia-section-heading text-center vc_custom_1772181903506 milenia-visible\" data-animation=\"none\">\n    \n    <h2 class=\"milenia-section-title milenia-font--first-accented\" style=\"font-size: 50px;line-height: 43px;text-transform: none;font-style: normal;font-weight: 400;\">Merveille pour les yeux<\/h2>\n\n    \n<\/div>\n<!--================ End of Section Heading ================-->\n[vc_empty_space height=&#8221;20px&#8221;][vc_raw_html css=&#8221;&#8221;]JTVCZm9vZ2FsbGVyeSUyMGlkJTNEJTIyMTYwNDQlMjIlNUQ=[\/vc_raw_html][\/vc_column][\/vc_row]<\/p>\n<\/div>","protected":false},"excerpt":{"rendered":"<p>[vc_row full_width=&#8221;stretch_row&#8221; content_placement=&#8221;middle&#8221; css=&#8221;.vc_custom_1744618221663{margin-bottom: 30px !important;background-color: #E6E6E6 !important;}&#8221;][vc_column width=&#8221;1\/2&#8243; el_class=&#8221;milenia-color&#8211;black&#8221;][vc_custom_heading text=&#8221;LE RESTAURANT DE L&#8217;H\u00d4TEL CITY : O\u00d9 CHAQUE&#8230;<\/p>\n","protected":false},"author":2,"featured_media":0,"parent":0,"menu_order":0,"comment_status":"closed","ping_status":"closed","template":"","meta":{"footnotes":""},"class_list":["post-16380","page","type-page","status-publish","hentry"],"yoast_head":"<!-- This site is optimized with the Yoast SEO plugin v27.4 - https:\/\/yoast.com\/product\/yoast-seo-wordpress\/ -->\n<title>H\u00f4tel 4 \u00e9toiles Montesilvano Marina Pescara | Hotel City Abruzzo<\/title>\n<meta name=\"description\" content=\"H\u00f4tel 4 \u00e9toiles Montesilvano Marina Pescara : \u00e0 l&#039;H\u00f4tel City, le meilleur de l&#039;art culinaire des Abruzzes s&#039;allie \u00e0 un vaste choix pour satisfaire tout le monde\" \/>\n<meta name=\"robots\" content=\"index, follow, max-snippet:-1, max-image-preview:large, max-video-preview:-1\" \/>\n<link rel=\"canonical\" href=\"https:\/\/www.hotelcityabruzzo.com\/fr\/hotel-4-etoiles-montesilvano-marina-pescara\/\" \/>\n<meta property=\"og:locale\" content=\"fr_FR\" \/>\n<meta property=\"og:type\" content=\"article\" \/>\n<meta property=\"og:title\" content=\"H\u00f4tel 4 \u00e9toiles Montesilvano Marina Pescara | Hotel City Abruzzo\" \/>\n<meta property=\"og:description\" content=\"H\u00f4tel 4 \u00e9toiles Montesilvano Marina Pescara : \u00e0 l&#039;H\u00f4tel City, le meilleur de l&#039;art culinaire des Abruzzes s&#039;allie \u00e0 un vaste choix pour satisfaire tout le monde\" \/>\n<meta property=\"og:url\" content=\"https:\/\/www.hotelcityabruzzo.com\/fr\/hotel-4-etoiles-montesilvano-marina-pescara\/\" \/>\n<meta property=\"og:site_name\" content=\"Hotel City\" \/>\n<meta property=\"article:publisher\" content=\"https:\/\/www.facebook.com\/HotelCityAbruzzo\" \/>\n<meta property=\"article:modified_time\" content=\"2026-02-27T08:45:35+00:00\" \/>\n<meta name=\"twitter:card\" content=\"summary_large_image\" \/>\n<meta name=\"twitter:label1\" content=\"Dur\u00e9e de lecture estim\u00e9e\" \/>\n\t<meta name=\"twitter:data1\" content=\"2 minutes\" \/>\n<script type=\"application\/ld+json\" class=\"yoast-schema-graph\">{\"@context\":\"https:\\\/\\\/schema.org\",\"@graph\":[{\"@type\":\"WebPage\",\"@id\":\"https:\\\/\\\/www.hotelcityabruzzo.com\\\/fr\\\/hotel-4-etoiles-montesilvano-marina-pescara\\\/\",\"url\":\"https:\\\/\\\/www.hotelcityabruzzo.com\\\/fr\\\/hotel-4-etoiles-montesilvano-marina-pescara\\\/\",\"name\":\"H\u00f4tel 4 \u00e9toiles Montesilvano Marina Pescara | Hotel City Abruzzo\",\"isPartOf\":{\"@id\":\"https:\\\/\\\/www.hotelcityabruzzo.com\\\/#website\"},\"datePublished\":\"2025-04-07T11:36:57+00:00\",\"dateModified\":\"2026-02-27T08:45:35+00:00\",\"description\":\"H\u00f4tel 4 \u00e9toiles Montesilvano Marina Pescara : \u00e0 l'H\u00f4tel City, le meilleur de l'art culinaire des Abruzzes s'allie \u00e0 un vaste choix pour satisfaire tout le monde\",\"breadcrumb\":{\"@id\":\"https:\\\/\\\/www.hotelcityabruzzo.com\\\/fr\\\/hotel-4-etoiles-montesilvano-marina-pescara\\\/#breadcrumb\"},\"inLanguage\":\"fr-FR\",\"potentialAction\":[{\"@type\":\"ReadAction\",\"target\":[\"https:\\\/\\\/www.hotelcityabruzzo.com\\\/fr\\\/hotel-4-etoiles-montesilvano-marina-pescara\\\/\"]}]},{\"@type\":\"BreadcrumbList\",\"@id\":\"https:\\\/\\\/www.hotelcityabruzzo.com\\\/fr\\\/hotel-4-etoiles-montesilvano-marina-pescara\\\/#breadcrumb\",\"itemListElement\":[{\"@type\":\"ListItem\",\"position\":1,\"name\":\"Home\",\"item\":\"https:\\\/\\\/www.hotelcityabruzzo.com\\\/fr\\\/\"},{\"@type\":\"ListItem\",\"position\":2,\"name\":\"Restaurant\"}]},{\"@type\":\"WebSite\",\"@id\":\"https:\\\/\\\/www.hotelcityabruzzo.com\\\/#website\",\"url\":\"https:\\\/\\\/www.hotelcityabruzzo.com\\\/\",\"name\":\"Hotel City\",\"description\":\"La Tua Vacanza in Abruzzo\",\"publisher\":{\"@id\":\"https:\\\/\\\/www.hotelcityabruzzo.com\\\/#organization\"},\"potentialAction\":[{\"@type\":\"SearchAction\",\"target\":{\"@type\":\"EntryPoint\",\"urlTemplate\":\"https:\\\/\\\/www.hotelcityabruzzo.com\\\/?s={search_term_string}\"},\"query-input\":{\"@type\":\"PropertyValueSpecification\",\"valueRequired\":true,\"valueName\":\"search_term_string\"}}],\"inLanguage\":\"fr-FR\"},{\"@type\":\"Organization\",\"@id\":\"https:\\\/\\\/www.hotelcityabruzzo.com\\\/#organization\",\"name\":\"Hotel City\",\"url\":\"https:\\\/\\\/www.hotelcityabruzzo.com\\\/\",\"logo\":{\"@type\":\"ImageObject\",\"inLanguage\":\"fr-FR\",\"@id\":\"https:\\\/\\\/www.hotelcityabruzzo.com\\\/#\\\/schema\\\/logo\\\/image\\\/\",\"url\":\"https:\\\/\\\/www.hotelcityabruzzo.com\\\/wp-content\\\/uploads\\\/2018\\\/10\\\/logocity-reviews.png\",\"contentUrl\":\"https:\\\/\\\/www.hotelcityabruzzo.com\\\/wp-content\\\/uploads\\\/2018\\\/10\\\/logocity-reviews.png\",\"width\":538,\"height\":538,\"caption\":\"Hotel City\"},\"image\":{\"@id\":\"https:\\\/\\\/www.hotelcityabruzzo.com\\\/#\\\/schema\\\/logo\\\/image\\\/\"},\"sameAs\":[\"https:\\\/\\\/www.facebook.com\\\/HotelCityAbruzzo\",\"https:\\\/\\\/www.instagram.com\\\/hotelcitymontesilvano\\\/\"]}]}<\/script>\n<!-- \/ Yoast SEO plugin. -->","yoast_head_json":{"title":"H\u00f4tel 4 \u00e9toiles Montesilvano Marina Pescara | Hotel City Abruzzo","description":"H\u00f4tel 4 \u00e9toiles Montesilvano Marina Pescara : \u00e0 l'H\u00f4tel City, le meilleur de l'art culinaire des Abruzzes s'allie \u00e0 un vaste choix pour satisfaire tout le monde","robots":{"index":"index","follow":"follow","max-snippet":"max-snippet:-1","max-image-preview":"max-image-preview:large","max-video-preview":"max-video-preview:-1"},"canonical":"https:\/\/www.hotelcityabruzzo.com\/fr\/hotel-4-etoiles-montesilvano-marina-pescara\/","og_locale":"fr_FR","og_type":"article","og_title":"H\u00f4tel 4 \u00e9toiles Montesilvano Marina Pescara | Hotel City Abruzzo","og_description":"H\u00f4tel 4 \u00e9toiles Montesilvano Marina Pescara : \u00e0 l'H\u00f4tel City, le meilleur de l'art culinaire des Abruzzes s'allie \u00e0 un vaste choix pour satisfaire tout le monde","og_url":"https:\/\/www.hotelcityabruzzo.com\/fr\/hotel-4-etoiles-montesilvano-marina-pescara\/","og_site_name":"Hotel City","article_publisher":"https:\/\/www.facebook.com\/HotelCityAbruzzo","article_modified_time":"2026-02-27T08:45:35+00:00","twitter_card":"summary_large_image","twitter_misc":{"Dur\u00e9e de lecture estim\u00e9e":"2 minutes"},"schema":{"@context":"https:\/\/schema.org","@graph":[{"@type":"WebPage","@id":"https:\/\/www.hotelcityabruzzo.com\/fr\/hotel-4-etoiles-montesilvano-marina-pescara\/","url":"https:\/\/www.hotelcityabruzzo.com\/fr\/hotel-4-etoiles-montesilvano-marina-pescara\/","name":"H\u00f4tel 4 \u00e9toiles Montesilvano Marina Pescara | Hotel City Abruzzo","isPartOf":{"@id":"https:\/\/www.hotelcityabruzzo.com\/#website"},"datePublished":"2025-04-07T11:36:57+00:00","dateModified":"2026-02-27T08:45:35+00:00","description":"H\u00f4tel 4 \u00e9toiles Montesilvano Marina Pescara : \u00e0 l'H\u00f4tel City, le meilleur de l'art culinaire des Abruzzes s'allie \u00e0 un vaste choix pour satisfaire tout le monde","breadcrumb":{"@id":"https:\/\/www.hotelcityabruzzo.com\/fr\/hotel-4-etoiles-montesilvano-marina-pescara\/#breadcrumb"},"inLanguage":"fr-FR","potentialAction":[{"@type":"ReadAction","target":["https:\/\/www.hotelcityabruzzo.com\/fr\/hotel-4-etoiles-montesilvano-marina-pescara\/"]}]},{"@type":"BreadcrumbList","@id":"https:\/\/www.hotelcityabruzzo.com\/fr\/hotel-4-etoiles-montesilvano-marina-pescara\/#breadcrumb","itemListElement":[{"@type":"ListItem","position":1,"name":"Home","item":"https:\/\/www.hotelcityabruzzo.com\/fr\/"},{"@type":"ListItem","position":2,"name":"Restaurant"}]},{"@type":"WebSite","@id":"https:\/\/www.hotelcityabruzzo.com\/#website","url":"https:\/\/www.hotelcityabruzzo.com\/","name":"Hotel City","description":"La Tua Vacanza in Abruzzo","publisher":{"@id":"https:\/\/www.hotelcityabruzzo.com\/#organization"},"potentialAction":[{"@type":"SearchAction","target":{"@type":"EntryPoint","urlTemplate":"https:\/\/www.hotelcityabruzzo.com\/?s={search_term_string}"},"query-input":{"@type":"PropertyValueSpecification","valueRequired":true,"valueName":"search_term_string"}}],"inLanguage":"fr-FR"},{"@type":"Organization","@id":"https:\/\/www.hotelcityabruzzo.com\/#organization","name":"Hotel City","url":"https:\/\/www.hotelcityabruzzo.com\/","logo":{"@type":"ImageObject","inLanguage":"fr-FR","@id":"https:\/\/www.hotelcityabruzzo.com\/#\/schema\/logo\/image\/","url":"https:\/\/www.hotelcityabruzzo.com\/wp-content\/uploads\/2018\/10\/logocity-reviews.png","contentUrl":"https:\/\/www.hotelcityabruzzo.com\/wp-content\/uploads\/2018\/10\/logocity-reviews.png","width":538,"height":538,"caption":"Hotel City"},"image":{"@id":"https:\/\/www.hotelcityabruzzo.com\/#\/schema\/logo\/image\/"},"sameAs":["https:\/\/www.facebook.com\/HotelCityAbruzzo","https:\/\/www.instagram.com\/hotelcitymontesilvano\/"]}]}},"_links":{"self":[{"href":"https:\/\/www.hotelcityabruzzo.com\/fr\/wp-json\/wp\/v2\/pages\/16380","targetHints":{"allow":["GET"]}}],"collection":[{"href":"https:\/\/www.hotelcityabruzzo.com\/fr\/wp-json\/wp\/v2\/pages"}],"about":[{"href":"https:\/\/www.hotelcityabruzzo.com\/fr\/wp-json\/wp\/v2\/types\/page"}],"author":[{"embeddable":true,"href":"https:\/\/www.hotelcityabruzzo.com\/fr\/wp-json\/wp\/v2\/users\/2"}],"replies":[{"embeddable":true,"href":"https:\/\/www.hotelcityabruzzo.com\/fr\/wp-json\/wp\/v2\/comments?post=16380"}],"version-history":[{"count":4,"href":"https:\/\/www.hotelcityabruzzo.com\/fr\/wp-json\/wp\/v2\/pages\/16380\/revisions"}],"predecessor-version":[{"id":16393,"href":"https:\/\/www.hotelcityabruzzo.com\/fr\/wp-json\/wp\/v2\/pages\/16380\/revisions\/16393"}],"wp:attachment":[{"href":"https:\/\/www.hotelcityabruzzo.com\/fr\/wp-json\/wp\/v2\/media?parent=16380"}],"curies":[{"name":"wp","href":"https:\/\/api.w.org\/{rel}","templated":true}]}}