{"id":16361,"date":"2025-04-09T09:45:41","date_gmt":"2025-04-09T09:45:41","guid":{"rendered":"https:\/\/www.hotelcityabruzzo.com\/hotel-4-stelle-con-piscina-montesilvano-pescara\/"},"modified":"2026-02-26T09:57:11","modified_gmt":"2026-02-26T09:57:11","slug":"hotel-4-etoiles-avec-piscine-montesilvano-pescara","status":"publish","type":"page","link":"https:\/\/www.hotelcityabruzzo.com\/fr\/hotel-4-etoiles-avec-piscine-montesilvano-pescara\/","title":{"rendered":"Piscine"},"content":{"rendered":"<div class=\"wpb-content-wrapper\"><p>[vc_row full_width=&#8221;stretch_row&#8221; content_placement=&#8221;middle&#8221; css=&#8221;.vc_custom_1744619001692{margin-bottom: 30px !important;background-color: #E6E6E6 !important;}&#8221;][vc_column width=&#8221;1\/2&#8243; el_class=&#8221;milenia-color&#8211;black&#8221;]<!--================ Section Heading ================-->\n<script>\n    (function($){\n        'use strict';\n\n        if(!$) return;\n\n        $(function(){\n            if(window.appear) {\n                appear({\n                    elements: function(){\n                        return document.querySelectorAll('#vc-milenia-section-heading-ceb623646229cfd9692f0a2a5b40179d-1776415547660781709');\n                    },\n                    appear: function(element) {\n                        var $el = $(element);\n                        $el.addClass('milenia-visible').addClass($el.data('animation'));\n                    },\n                    reappear: false,\n                    bounds: -200\n                });\n            }\n        });\n    })(window.jQuery);\n<\/script>\n<div id=\"vc-milenia-section-heading-ceb623646229cfd9692f0a2a5b40179d-1776415547660781709\" class=\"milenia-section-heading text-left vc_custom_1772099710980 milenia-visible\" data-animation=\"none\">\n    \n    <h2 class=\"milenia-section-title milenia-font--first-accented\" style=\"font-size: 50px;line-height: 43px;text-transform: none;font-style: normal;font-weight: 400;\">Votre coin de paradis et de d\u00e9tente \u00e0 l&#039;H\u00f4tel City Montesilvano<\/h2>\n\n    \n<\/div>\n<!--================ End of Section Heading ================-->\n[vc_custom_heading text=&#8221;D\u00c9COUVREZ L&#8217;ENDROIT ID\u00c9AL POUR VOUS RAFRA\u00ceCHIR, VOUS D\u00c9TENDRE ET VIVRE UNE EXP\u00c9RIENCE UNIQUE!&#8221; font_container=&#8221;tag:div|font_size:18px|text_align:left|color:%2333879F|line_height:30px&#8221; google_fonts=&#8221;font_family:Open%20Sans%3A300%2C300italic%2Cregular%2Citalic%2C600%2C600italic%2C700%2C700italic%2C800%2C800italic|font_style:700%20bold%20regular%3A700%3Anormal&#8221; css=&#8221;.vc_custom_1772099723281{margin-bottom: 20px !important;}&#8221;][vc_column_text css=&#8221;&#8221;]<\/p>\n<div class=\"Y3BBE\" data-sfc-cp=\"\" data-hveid=\"CAEIFhAA\" data-processed=\"true\">Laissez-vous envelopper par le bien-\u00eatre et la s\u00e9r\u00e9nit\u00e9. Notre piscine est le refuge id\u00e9al pour ceux qui souhaitent alterner le bleu de la mer avec la d\u00e9tente absolue de l&#8217;eau cristalline.<button class=\"rBl3me\" tabindex=\"0\" data-amic=\"true\" data-icl-uuid=\"7a48164d-920e-4689-bb59-95805f1e9bdb\" aria-label=\"Visualizza link correlati\" data-wiz-attrbind=\"disabled=vnpoac_38\/C5gNJc;aria-label=vnpoac_38\/bOjMyf;class=vnpoac_38\/UpSNec\" data-ved=\"2ahUKEwjzt_yU8PaSAxXT3AIHHZh9NvYQye0OegYIAQgWEAE\"><\/button><\/div>\n<div class=\"Y3BBE\" data-sfc-cp=\"\" data-hveid=\"CAEIFxAA\" data-processed=\"true\">L&#8217;H\u00f4tel City propose une magnifique piscine divis\u00e9e en deux zones : une plus grande et plus profonde, con\u00e7ue per des moments de pur plaisir et des baignades rafra\u00eechissantes, et une plus petite et s\u00e9curis\u00e9e, parfaite pour l&#8217;amusement des enfants, toujours sous l&#8217;\u0153il vigilant de maman et papa.<button class=\"rBl3me\" tabindex=\"0\" data-amic=\"true\" data-icl-uuid=\"423be654-3c55-4289-a95e-0aa51986dcb1\" aria-label=\"Visualizza link correlati\" data-wiz-attrbind=\"disabled=vnpoac_3c\/C5gNJc;aria-label=vnpoac_3c\/bOjMyf;class=vnpoac_3c\/UpSNec\" data-ved=\"2ahUKEwjzt_yU8PaSAxXT3AIHHZh9NvYQye0OegYIAQgXEAE\"><\/button><\/div>\n<div class=\"Y3BBE\" data-sfc-cp=\"\" data-hveid=\"CAEIGBAA\" data-processed=\"true\">Dans notre solarium, vous trouverez des transats et des parasols pour vous offrir des heures de farniente, ou vous pourrez vous installer dans les canap\u00e9s moelleux du lounge pour siroter un cocktail et vivre des moments de convivialit\u00e9.<button class=\"rBl3me\" tabindex=\"0\" data-amic=\"true\" data-icl-uuid=\"848fbaa0-4a5b-424d-be0e-32d409e07a74\" aria-label=\"Visualizza link correlati\" data-wiz-attrbind=\"disabled=vnpoac_3g\/C5gNJc;aria-label=vnpoac_3g\/bOjMyf;class=vnpoac_3g\/UpSNec\" data-ved=\"2ahUKEwjzt_yU8PaSAxXT3AIHHZh9NvYQye0OegYIAQgYEAE\"><\/button><\/div>\n<div class=\"Y3BBE\" data-sfc-cp=\"\" data-hveid=\"CAEIGRAA\" data-processed=\"true\">Et pour rendre votre exp\u00e9rience encore plus sp\u00e9ciale, notre espace boissons est toujours \u00e0 votre disposition avec une s\u00e9lection de rafra\u00eechissements, de boissons pour enfants, de smoothies et de granit\u00e9s, pour un plaisir garanti !<button class=\"rBl3me\" tabindex=\"0\" data-amic=\"true\" data-icl-uuid=\"60787def-7b7c-445a-8475-2611fd8b0169\" aria-label=\"Visualizza link correlati\" data-wiz-attrbind=\"disabled=vnpoac_3k\/C5gNJc;aria-label=vnpoac_3k\/bOjMyf;class=vnpoac_3k\/UpSNec\" data-ved=\"2ahUKEwjzt_yU8PaSAxXT3AIHHZh9NvYQye0OegYIAQgZEAE\"><\/button><\/div>\n<div class=\"Y3BBE\" data-sfc-cp=\"\" data-hveid=\"CAEIGhAA\" data-processed=\"true\">Venez d\u00e9couvrir la beaut\u00e9 d&#8217;un s\u00e9jour o\u00f9 chaque d\u00e9tail est pens\u00e9 pour votre bien-\u00eatre.<button class=\"rBl3me\" tabindex=\"0\" data-amic=\"true\" data-icl-uuid=\"6ca7b20d-8204-4e31-ab2b-06551976b7cb\" aria-label=\"Visualizza link correlati\" data-wiz-attrbind=\"disabled=vnpoac_3o\/C5gNJc;aria-label=vnpoac_3o\/bOjMyf;class=vnpoac_3o\/UpSNec\" data-ved=\"2ahUKEwjzt_yU8PaSAxXT3AIHHZh9NvYQye0OegYIAQgaEAE\"><\/button><\/div>\n<p>[\/vc_column_text][\/vc_column][vc_column width=&#8221;1\/2&#8243;][vc_single_image image=&#8221;16366&#8243; img_size=&#8221;900&#215;1200&#8243; css=&#8221;&#8221;][\/vc_column][\/vc_row][vc_row css=&#8221;.vc_custom_1742470212259{padding-top: 0px !important;padding-bottom: 30px !important;}&#8221;][vc_column][vc_empty_space height=&#8221;70px&#8221;]<!--================ Section Heading ================-->\n<script>\n    (function($){\n        'use strict';\n\n        if(!$) return;\n\n        $(function(){\n            if(window.appear) {\n                appear({\n                    elements: function(){\n                        return document.querySelectorAll('#vc-milenia-section-heading-3df936128fd13b1e20ab263b92d4c327-1776415547250497609');\n                    },\n                    appear: function(element) {\n                        var $el = $(element);\n                        $el.addClass('milenia-visible').addClass($el.data('animation'));\n                    },\n                    reappear: false,\n                    bounds: -200\n                });\n            }\n        });\n    })(window.jQuery);\n<\/script>\n<div id=\"vc-milenia-section-heading-3df936128fd13b1e20ab263b92d4c327-1776415547250497609\" class=\"milenia-section-heading text-center vc_custom_1772099751260 milenia-visible\" data-animation=\"none\">\n    \n    <h2 class=\"milenia-section-title milenia-font--first-accented\" style=\"font-size: 50px;line-height: 43px;text-transform: none;font-style: normal;font-weight: 400;\">Avantages Uniques<\/h2>\n\n    \n<\/div>\n<!--================ End of Section Heading ================-->\n[vc_empty_space height=&#8221;20px&#8221;]<!--================ Info Boxes ================-->\n<script>\n    (function($){\n        'use strict';\n\n        if(!$) return;\n\n        $(function(){\n            var $container = $('#vc-milenia-info-boxes-427a88eaa16ef4ec592f20755276d86e-17764155471419862427'),\n                $dynamicBgElements,\n                $carousels;\n\n            if(!$container.length) return;\n\n            if(window.appear) {\n                appear({\n                    elements: function(){\n                        return document.querySelectorAll('#vc-milenia-info-boxes-427a88eaa16ef4ec592f20755276d86e-17764155471419862427');\n                    },\n                    appear: function(element) {\n                        var $el = $(element);\n                        $el.addClass('milenia-visible').addClass($el.data('animation'));\n                    },\n                    reappear: false,\n                    bounds: -200\n                });\n            }\n\n            if(window.Milenia && window.Milenia.LinkUnderliner) {\n                window.Milenia.LinkUnderliner.init($container.find('a'));\n            }\n\n            if(window.Milenia && window.Milenia.helpers &&  window.Milenia.helpers.dynamicBgImage) {\n                $dynamicBgElements = $container.find('[data-bg-image-src]');\n                if($dynamicBgElements.length) window.Milenia.helpers.dynamicBgImage($dynamicBgElements);\n            }\n\n            if($.fn.owlCarousel) {\n                $carousels = $container.find('.milenia-simple-slideshow--shortcode');\n\n                if($carousels.length) {\n                    if(window.Milenia && window.Milenia.helpers && window.Milenia.helpers.owlSettings) {\n\n                        $carousels.jQueryImagesLoaded().then(function(){\n                                $carousels.each(function(i,e) {\n                                    $(e).owlCarousel(window.Milenia.helpers.owlSettings({\n                                        margin: 1,\n                                        loop: true,\n                                        autoplay: $(e).hasClass('milenia-simple-slideshow--autoplay')\n                                    }));\n                                });\n                        });\n\n                    }\n                    else {\n                        $carousels.owlCarousel({\n                            items: 1\n                        });\n                    }\n                }\n            }\n        });\n    })(window.jQuery);\n<\/script>\n\n<div id=\"vc-milenia-info-boxes-427a88eaa16ef4ec592f20755276d86e-17764155471419862427\" class=\"milenia-entities milenia-entities--style-2 milenia-entities--unreverse  milenia-entities--title-reduced milenia-visible\" data-animation=\"none\">\n    <div class=\"milenia-grid milenia-grid--cols-3 milenia-grid--gutters\">\n        <!--================ Info Boxes Item ================-->\n<div class=\"milenia-grid-item\">\n    <article class=\"milenia-entity milenia-entity--scheme-primary\">\n        <div data-bg-image-src=\"https:\/\/www.hotelcityabruzzo.com\/wp-content\/uploads\/2018\/10\/hotel-montesilvano-all-inclusive-con-open-bar.png\" style=\"background-image: url(https:\/\/www.hotelcityabruzzo.com\/wp-content\/uploads\/2018\/10\/hotel-montesilvano-all-inclusive-con-open-bar.png)\" class=\"milenia-entity-media\"><\/div>\n\n\n        <div class=\"milenia-entity-content milenia-aligner\">\n            <div class=\"milenia-aligner-outer\">\n                <div class=\"milenia-aligner-inner\">\n                    <header class=\"milenia-entity-header\">\n                        \n                        <h2 class=\"milenia-entity-title\">Open Bar<\/h2>\n\n                    <\/header>\n                    <div class=\"milenia-entity-body\"><p>D\u00e9gustez une boisson rafra\u00eechissante chaque fois que vous le souhaitez. Un service exclusif qui vous accompagne tout au long de la journ\u00e9e.<\/p>\n<\/div>\n\n                    \n                <\/div>\n            <\/div>\n        <\/div>\n    <\/article>\n<\/div>\n<!--================ End of Info Boxes Item ================-->\n\r\n<!--================ Info Boxes Item ================-->\n<div class=\"milenia-grid-item\">\n    <article class=\"milenia-entity milenia-entity--scheme-primary\">\n        <div data-bg-image-src=\"https:\/\/www.hotelcityabruzzo.com\/wp-content\/uploads\/2018\/10\/18-1.jpg\" style=\"background-image: url(https:\/\/www.hotelcityabruzzo.com\/wp-content\/uploads\/2018\/10\/18-1.jpg)\" class=\"milenia-entity-media\"><\/div>\n\n\n        <div class=\"milenia-entity-content milenia-aligner\">\n            <div class=\"milenia-aligner-outer\">\n                <div class=\"milenia-aligner-inner\">\n                    <header class=\"milenia-entity-header\">\n                        \n                        <h2 class=\"milenia-entity-title\">Ap\u00e9ritifs au coucher du soleil<\/h2>\n\n                    <\/header>\n                    <div class=\"milenia-entity-body\"><p>Profiter d'une boisson dans l'atmosph\u00e8re dor\u00e9e du coucher du soleil est un rituel qui transforme chaque soir\u00e9e en une exp\u00e9rience m\u00e9morable.<\/p>\n<\/div>\n\n                    \n                <\/div>\n            <\/div>\n        <\/div>\n    <\/article>\n<\/div>\n<!--================ End of Info Boxes Item ================-->\n\r\n<!--================ Info Boxes Item ================-->\n<div class=\"milenia-grid-item\">\n    <article class=\"milenia-entity milenia-entity--scheme-primary\">\n        <div data-bg-image-src=\"https:\/\/www.hotelcityabruzzo.com\/wp-content\/uploads\/2018\/10\/1-2.jpg\" style=\"background-image: url(https:\/\/www.hotelcityabruzzo.com\/wp-content\/uploads\/2018\/10\/1-2.jpg)\" class=\"milenia-entity-media\"><\/div>\n\n\n        <div class=\"milenia-entity-content milenia-aligner\">\n            <div class=\"milenia-aligner-outer\">\n                <div class=\"milenia-aligner-inner\">\n                    <header class=\"milenia-entity-header\">\n                        \n                        <h2 class=\"milenia-entity-title\">Jeux et divertissement pour toute la famille<\/h2>\n\n                    <\/header>\n                    \n                    \n                <\/div>\n            <\/div>\n        <\/div>\n    <\/article>\n<\/div>\n<!--================ End of Info Boxes Item ================-->\n\n    <\/div>\n<\/div>\n<!--================ End of Info Boxes ================-->\n[vc_empty_space height=&#8221;20px&#8221;][\/vc_column][\/vc_row][vc_row full_width=&#8221;stretch_row&#8221; full_height=&#8221;yes&#8221; equal_height=&#8221;yes&#8221; content_placement=&#8221;middle&#8221; css=&#8221;.vc_custom_1744618993489{background-color: #E6E6E6 !important;}&#8221;][vc_column]<!--================ Section Heading ================-->\n<script>\n    (function($){\n        'use strict';\n\n        if(!$) return;\n\n        $(function(){\n            if(window.appear) {\n                appear({\n                    elements: function(){\n                        return document.querySelectorAll('#vc-milenia-section-heading-64be74be2c62fdfbe7373f6c9242e98a-17764155472037345393');\n                    },\n                    appear: function(element) {\n                        var $el = $(element);\n                        $el.addClass('milenia-visible').addClass($el.data('animation'));\n                    },\n                    reappear: false,\n                    bounds: -200\n                });\n            }\n        });\n    })(window.jQuery);\n<\/script>\n<div id=\"vc-milenia-section-heading-64be74be2c62fdfbe7373f6c9242e98a-17764155472037345393\" class=\"milenia-section-heading text-center vc_custom_1772099807076 milenia-visible\" data-animation=\"none\">\n    \n    <h2 class=\"milenia-section-title milenia-font--first-accented\" style=\"font-size: 50px;line-height: 43px;text-transform: none;font-style: normal;font-weight: 400;\">Visual Experience<\/h2>\n\n    \n<\/div>\n<!--================ End of Section Heading ================-->\n[vc_empty_space height=&#8221;20px&#8221;][vc_raw_html css=&#8221;&#8221;]JTVCZm9vZ2FsbGVyeSUyMGlkJTNEJTIyMTYwMzElMjIlNUQ=[\/vc_raw_html][\/vc_column][\/vc_row]<\/p>\n<\/div>","protected":false},"excerpt":{"rendered":"<p>[vc_row full_width=&#8221;stretch_row&#8221; content_placement=&#8221;middle&#8221; css=&#8221;.vc_custom_1744619001692{margin-bottom: 30px !important;background-color: #E6E6E6 !important;}&#8221;][vc_column width=&#8221;1\/2&#8243; el_class=&#8221;milenia-color&#8211;black&#8221;][vc_custom_heading text=&#8221;D\u00c9COUVREZ L&#8217;ENDROIT ID\u00c9AL POUR VOUS RAFRA\u00ceCHIR, VOUS D\u00c9TENDRE&#8230;<\/p>\n","protected":false},"author":2,"featured_media":0,"parent":0,"menu_order":0,"comment_status":"closed","ping_status":"closed","template":"","meta":{"footnotes":""},"class_list":["post-16361","page","type-page","status-publish","hentry"],"yoast_head":"<!-- This site is optimized with the Yoast SEO plugin v27.4 - https:\/\/yoast.com\/product\/yoast-seo-wordpress\/ -->\n<title>H\u00f4tel 4 \u00e9toiles avec piscine Montesilvano Pescara<\/title>\n<meta name=\"description\" content=\"H\u00f4tel 4 \u00e9toiles avec piscine Montesilvano Pescara. L&#039;h\u00f4tel dispose d&#039;une piscine pour adultes et d&#039;une pour les plus petits, d&#039;un solarium avec transats et d&#039;un espace d\u00e9tente.\" \/>\n<meta name=\"robots\" content=\"index, follow, max-snippet:-1, max-image-preview:large, max-video-preview:-1\" \/>\n<link rel=\"canonical\" href=\"https:\/\/www.hotelcityabruzzo.com\/fr\/hotel-4-etoiles-avec-piscine-montesilvano-pescara\/\" \/>\n<meta property=\"og:locale\" content=\"fr_FR\" \/>\n<meta property=\"og:type\" content=\"article\" \/>\n<meta property=\"og:title\" content=\"H\u00f4tel 4 \u00e9toiles avec piscine Montesilvano Pescara\" \/>\n<meta property=\"og:description\" content=\"H\u00f4tel 4 \u00e9toiles avec piscine Montesilvano Pescara. L&#039;h\u00f4tel dispose d&#039;une piscine pour adultes et d&#039;une pour les plus petits, d&#039;un solarium avec transats et d&#039;un espace d\u00e9tente.\" \/>\n<meta property=\"og:url\" content=\"https:\/\/www.hotelcityabruzzo.com\/fr\/hotel-4-etoiles-avec-piscine-montesilvano-pescara\/\" \/>\n<meta property=\"og:site_name\" content=\"Hotel City\" \/>\n<meta property=\"article:publisher\" content=\"https:\/\/www.facebook.com\/HotelCityAbruzzo\" \/>\n<meta property=\"article:modified_time\" content=\"2026-02-26T09:57:11+00:00\" \/>\n<meta name=\"twitter:card\" content=\"summary_large_image\" \/>\n<meta name=\"twitter:label1\" content=\"Dur\u00e9e de lecture estim\u00e9e\" \/>\n\t<meta name=\"twitter:data1\" content=\"2 minutes\" \/>\n<script type=\"application\/ld+json\" class=\"yoast-schema-graph\">{\"@context\":\"https:\\\/\\\/schema.org\",\"@graph\":[{\"@type\":\"WebPage\",\"@id\":\"https:\\\/\\\/www.hotelcityabruzzo.com\\\/fr\\\/hotel-4-etoiles-avec-piscine-montesilvano-pescara\\\/\",\"url\":\"https:\\\/\\\/www.hotelcityabruzzo.com\\\/fr\\\/hotel-4-etoiles-avec-piscine-montesilvano-pescara\\\/\",\"name\":\"H\u00f4tel 4 \u00e9toiles avec piscine Montesilvano Pescara\",\"isPartOf\":{\"@id\":\"https:\\\/\\\/www.hotelcityabruzzo.com\\\/#website\"},\"datePublished\":\"2025-04-09T09:45:41+00:00\",\"dateModified\":\"2026-02-26T09:57:11+00:00\",\"description\":\"H\u00f4tel 4 \u00e9toiles avec piscine Montesilvano Pescara. L'h\u00f4tel dispose d'une piscine pour adultes et d'une pour les plus petits, d'un solarium avec transats et d'un espace d\u00e9tente.\",\"breadcrumb\":{\"@id\":\"https:\\\/\\\/www.hotelcityabruzzo.com\\\/fr\\\/hotel-4-etoiles-avec-piscine-montesilvano-pescara\\\/#breadcrumb\"},\"inLanguage\":\"fr-FR\",\"potentialAction\":[{\"@type\":\"ReadAction\",\"target\":[\"https:\\\/\\\/www.hotelcityabruzzo.com\\\/fr\\\/hotel-4-etoiles-avec-piscine-montesilvano-pescara\\\/\"]}]},{\"@type\":\"BreadcrumbList\",\"@id\":\"https:\\\/\\\/www.hotelcityabruzzo.com\\\/fr\\\/hotel-4-etoiles-avec-piscine-montesilvano-pescara\\\/#breadcrumb\",\"itemListElement\":[{\"@type\":\"ListItem\",\"position\":1,\"name\":\"Home\",\"item\":\"https:\\\/\\\/www.hotelcityabruzzo.com\\\/fr\\\/\"},{\"@type\":\"ListItem\",\"position\":2,\"name\":\"Piscine\"}]},{\"@type\":\"WebSite\",\"@id\":\"https:\\\/\\\/www.hotelcityabruzzo.com\\\/#website\",\"url\":\"https:\\\/\\\/www.hotelcityabruzzo.com\\\/\",\"name\":\"Hotel City\",\"description\":\"La Tua Vacanza in Abruzzo\",\"publisher\":{\"@id\":\"https:\\\/\\\/www.hotelcityabruzzo.com\\\/#organization\"},\"potentialAction\":[{\"@type\":\"SearchAction\",\"target\":{\"@type\":\"EntryPoint\",\"urlTemplate\":\"https:\\\/\\\/www.hotelcityabruzzo.com\\\/?s={search_term_string}\"},\"query-input\":{\"@type\":\"PropertyValueSpecification\",\"valueRequired\":true,\"valueName\":\"search_term_string\"}}],\"inLanguage\":\"fr-FR\"},{\"@type\":\"Organization\",\"@id\":\"https:\\\/\\\/www.hotelcityabruzzo.com\\\/#organization\",\"name\":\"Hotel City\",\"url\":\"https:\\\/\\\/www.hotelcityabruzzo.com\\\/\",\"logo\":{\"@type\":\"ImageObject\",\"inLanguage\":\"fr-FR\",\"@id\":\"https:\\\/\\\/www.hotelcityabruzzo.com\\\/#\\\/schema\\\/logo\\\/image\\\/\",\"url\":\"https:\\\/\\\/www.hotelcityabruzzo.com\\\/wp-content\\\/uploads\\\/2018\\\/10\\\/logocity-reviews.png\",\"contentUrl\":\"https:\\\/\\\/www.hotelcityabruzzo.com\\\/wp-content\\\/uploads\\\/2018\\\/10\\\/logocity-reviews.png\",\"width\":538,\"height\":538,\"caption\":\"Hotel City\"},\"image\":{\"@id\":\"https:\\\/\\\/www.hotelcityabruzzo.com\\\/#\\\/schema\\\/logo\\\/image\\\/\"},\"sameAs\":[\"https:\\\/\\\/www.facebook.com\\\/HotelCityAbruzzo\",\"https:\\\/\\\/www.instagram.com\\\/hotelcitymontesilvano\\\/\"]}]}<\/script>\n<!-- \/ Yoast SEO plugin. -->","yoast_head_json":{"title":"H\u00f4tel 4 \u00e9toiles avec piscine Montesilvano Pescara","description":"H\u00f4tel 4 \u00e9toiles avec piscine Montesilvano Pescara. L'h\u00f4tel dispose d'une piscine pour adultes et d'une pour les plus petits, d'un solarium avec transats et d'un espace d\u00e9tente.","robots":{"index":"index","follow":"follow","max-snippet":"max-snippet:-1","max-image-preview":"max-image-preview:large","max-video-preview":"max-video-preview:-1"},"canonical":"https:\/\/www.hotelcityabruzzo.com\/fr\/hotel-4-etoiles-avec-piscine-montesilvano-pescara\/","og_locale":"fr_FR","og_type":"article","og_title":"H\u00f4tel 4 \u00e9toiles avec piscine Montesilvano Pescara","og_description":"H\u00f4tel 4 \u00e9toiles avec piscine Montesilvano Pescara. L'h\u00f4tel dispose d'une piscine pour adultes et d'une pour les plus petits, d'un solarium avec transats et d'un espace d\u00e9tente.","og_url":"https:\/\/www.hotelcityabruzzo.com\/fr\/hotel-4-etoiles-avec-piscine-montesilvano-pescara\/","og_site_name":"Hotel City","article_publisher":"https:\/\/www.facebook.com\/HotelCityAbruzzo","article_modified_time":"2026-02-26T09:57:11+00:00","twitter_card":"summary_large_image","twitter_misc":{"Dur\u00e9e de lecture estim\u00e9e":"2 minutes"},"schema":{"@context":"https:\/\/schema.org","@graph":[{"@type":"WebPage","@id":"https:\/\/www.hotelcityabruzzo.com\/fr\/hotel-4-etoiles-avec-piscine-montesilvano-pescara\/","url":"https:\/\/www.hotelcityabruzzo.com\/fr\/hotel-4-etoiles-avec-piscine-montesilvano-pescara\/","name":"H\u00f4tel 4 \u00e9toiles avec piscine Montesilvano Pescara","isPartOf":{"@id":"https:\/\/www.hotelcityabruzzo.com\/#website"},"datePublished":"2025-04-09T09:45:41+00:00","dateModified":"2026-02-26T09:57:11+00:00","description":"H\u00f4tel 4 \u00e9toiles avec piscine Montesilvano Pescara. L'h\u00f4tel dispose d'une piscine pour adultes et d'une pour les plus petits, d'un solarium avec transats et d'un espace d\u00e9tente.","breadcrumb":{"@id":"https:\/\/www.hotelcityabruzzo.com\/fr\/hotel-4-etoiles-avec-piscine-montesilvano-pescara\/#breadcrumb"},"inLanguage":"fr-FR","potentialAction":[{"@type":"ReadAction","target":["https:\/\/www.hotelcityabruzzo.com\/fr\/hotel-4-etoiles-avec-piscine-montesilvano-pescara\/"]}]},{"@type":"BreadcrumbList","@id":"https:\/\/www.hotelcityabruzzo.com\/fr\/hotel-4-etoiles-avec-piscine-montesilvano-pescara\/#breadcrumb","itemListElement":[{"@type":"ListItem","position":1,"name":"Home","item":"https:\/\/www.hotelcityabruzzo.com\/fr\/"},{"@type":"ListItem","position":2,"name":"Piscine"}]},{"@type":"WebSite","@id":"https:\/\/www.hotelcityabruzzo.com\/#website","url":"https:\/\/www.hotelcityabruzzo.com\/","name":"Hotel City","description":"La Tua Vacanza in Abruzzo","publisher":{"@id":"https:\/\/www.hotelcityabruzzo.com\/#organization"},"potentialAction":[{"@type":"SearchAction","target":{"@type":"EntryPoint","urlTemplate":"https:\/\/www.hotelcityabruzzo.com\/?s={search_term_string}"},"query-input":{"@type":"PropertyValueSpecification","valueRequired":true,"valueName":"search_term_string"}}],"inLanguage":"fr-FR"},{"@type":"Organization","@id":"https:\/\/www.hotelcityabruzzo.com\/#organization","name":"Hotel City","url":"https:\/\/www.hotelcityabruzzo.com\/","logo":{"@type":"ImageObject","inLanguage":"fr-FR","@id":"https:\/\/www.hotelcityabruzzo.com\/#\/schema\/logo\/image\/","url":"https:\/\/www.hotelcityabruzzo.com\/wp-content\/uploads\/2018\/10\/logocity-reviews.png","contentUrl":"https:\/\/www.hotelcityabruzzo.com\/wp-content\/uploads\/2018\/10\/logocity-reviews.png","width":538,"height":538,"caption":"Hotel City"},"image":{"@id":"https:\/\/www.hotelcityabruzzo.com\/#\/schema\/logo\/image\/"},"sameAs":["https:\/\/www.facebook.com\/HotelCityAbruzzo","https:\/\/www.instagram.com\/hotelcitymontesilvano\/"]}]}},"_links":{"self":[{"href":"https:\/\/www.hotelcityabruzzo.com\/fr\/wp-json\/wp\/v2\/pages\/16361","targetHints":{"allow":["GET"]}}],"collection":[{"href":"https:\/\/www.hotelcityabruzzo.com\/fr\/wp-json\/wp\/v2\/pages"}],"about":[{"href":"https:\/\/www.hotelcityabruzzo.com\/fr\/wp-json\/wp\/v2\/types\/page"}],"author":[{"embeddable":true,"href":"https:\/\/www.hotelcityabruzzo.com\/fr\/wp-json\/wp\/v2\/users\/2"}],"replies":[{"embeddable":true,"href":"https:\/\/www.hotelcityabruzzo.com\/fr\/wp-json\/wp\/v2\/comments?post=16361"}],"version-history":[{"count":4,"href":"https:\/\/www.hotelcityabruzzo.com\/fr\/wp-json\/wp\/v2\/pages\/16361\/revisions"}],"predecessor-version":[{"id":16376,"href":"https:\/\/www.hotelcityabruzzo.com\/fr\/wp-json\/wp\/v2\/pages\/16361\/revisions\/16376"}],"wp:attachment":[{"href":"https:\/\/www.hotelcityabruzzo.com\/fr\/wp-json\/wp\/v2\/media?parent=16361"}],"curies":[{"name":"wp","href":"https:\/\/api.w.org\/{rel}","templated":true}]}}