{"id":16325,"date":"2025-03-11T12:11:24","date_gmt":"2025-03-11T12:11:24","guid":{"rendered":"https:\/\/www.hotelcityabruzzo.com\/hotel-4-stelle-montesilvano-marina\/"},"modified":"2026-02-26T09:26:32","modified_gmt":"2026-02-26T09:26:32","slug":"hotel-4-etoiles-montesilvano-marina","status":"publish","type":"page","link":"https:\/\/www.hotelcityabruzzo.com\/fr\/hotel-4-etoiles-montesilvano-marina\/","title":{"rendered":"Hotel"},"content":{"rendered":"<div class=\"wpb-content-wrapper\"><p>[vc_row full_width=&#8221;stretch_row&#8221; content_placement=&#8221;middle&#8221; css=&#8221;.vc_custom_1748335748061{background-color: #FAF6E9 !important;}&#8221;][vc_column width=&#8221;1\/2&#8243; el_class=&#8221;milenia-color&#8211;black&#8221;]<!--================ Section Heading ================-->\n<script>\n    (function($){\n        'use strict';\n\n        if(!$) return;\n\n        $(function(){\n            if(window.appear) {\n                appear({\n                    elements: function(){\n                        return document.querySelectorAll('#vc-milenia-section-heading-eb545b68336a35ae279d1985129b16a4-17783290902075127221');\n                    },\n                    appear: function(element) {\n                        var $el = $(element);\n                        $el.addClass('milenia-visible').addClass($el.data('animation'));\n                    },\n                    reappear: false,\n                    bounds: -200\n                });\n            }\n        });\n    })(window.jQuery);\n<\/script>\n<div id=\"vc-milenia-section-heading-eb545b68336a35ae279d1985129b16a4-17783290902075127221\" class=\"milenia-section-heading text-left vc_custom_1772097862804 milenia-visible\" data-animation=\"none\">\n    \n    <h2 class=\"milenia-section-title milenia-font--first-accented\" style=\"font-size: 50px;line-height: 43px;text-transform: none;font-style: normal;font-weight: 400;\">4 \u00c9toiles \u00e0 deux pas de la mer<\/h2>\n\n    \n<\/div>\n<!--================ End of Section Heading ================-->\n[vc_custom_heading text=&#8221;BIENVENUE \u00c0 L\u2019H\u00d4TEL CITY, O\u00d9 CHAQUE S\u00c9JOUR SE TRANSFORME EN \u00c9MOTION&#8221; font_container=&#8221;tag:div|font_size:18px|text_align:left|color:%2333879F|line_height:30px&#8221; google_fonts=&#8221;font_family:Open%20Sans%3A300%2C300italic%2Cregular%2Citalic%2C600%2C600italic%2C700%2C700italic%2C800%2C800italic|font_style:700%20bold%20regular%3A700%3Anormal&#8221; css=&#8221;.vc_custom_1772097871936{margin-bottom: 20px !important;}&#8221;][vc_column_text css=&#8221;&#8221;]<\/p>\n<div class=\"Y3BBE\" data-sfc-cp=\"\" data-hveid=\"CAEIFBAA\" data-processed=\"true\">Nous sommes situ\u00e9s \u00e0 Montesilvano, au c\u0153ur della splendide\u00a0<strong class=\"Yjhzub\">Riviera des Abruzzes<\/strong>, \u00e0 quelques pas de la mer ! Envelopp\u00e9 dans une atmosph\u00e8re chaleureuse d&#8217;\u00e9l\u00e9gance classique, notre\u00a0<strong class=\"Yjhzub\">H\u00f4tel 4 \u00e9toiles<\/strong>\u00a0est le lieu id\u00e9al pour red\u00e9couvrir le plaisir delle belles choses. Que vous soyez en voyage d&#8217;affaires, \u00e0 la recherche d&#8217;une\u00a0<strong class=\"Yjhzub\">escapade romantique<\/strong>\u00a0ou d\u00e9sireux de vivre des\u00a0<strong class=\"Yjhzub\">vacances \u00e0 la mer avec toute la famille<\/strong>, ici chaque d\u00e9tail est pens\u00e9 pour que vous vous sentiez privil\u00e9gi\u00e9.<button class=\"rBl3me\" tabindex=\"0\" data-amic=\"true\" data-icl-uuid=\"e7ea73a0-e6f2-4633-9849-f8d5b1b1ecd0\" aria-label=\"Visualizza link correlati\" data-wiz-attrbind=\"disabled=id81vc_37\/C5gNJc;aria-label=id81vc_37\/bOjMyf;class=id81vc_37\/UpSNec\" data-ved=\"2ahUKEwjA99Kp5PaSAxXT2wIHHW2OG3wQye0OegYIAQgUEAE\"><\/button><\/div>\n<div class=\"Y3BBE\" data-sfc-cp=\"\" data-hveid=\"CAEIFRAA\" data-processed=\"true\">Laissez-vous choyer par l&#8217;exclusive formule\u00a0<strong class=\"Yjhzub\">All Inclusive avec Open Bar<\/strong>, qui rendra votre s\u00e9jour encore plus l\u00e9ger et serein. Respirez le parfum de l&#8217;air marin, profitez du soleil qui caresse la peau et d\u00e9couvrez un coin des Abruzzes qui saura vous conqu\u00e9rir.<button class=\"rBl3me\" tabindex=\"0\" data-amic=\"true\" data-icl-uuid=\"e21e4cb5-eb90-44e8-90d4-56a3c9466069\" aria-label=\"Visualizza link correlati\" data-wiz-attrbind=\"disabled=id81vc_3c\/C5gNJc;aria-label=id81vc_3c\/bOjMyf;class=id81vc_3c\/UpSNec\" data-ved=\"2ahUKEwjA99Kp5PaSAxXT2wIHHW2OG3wQye0OegYIAQgVEAE\"><\/button><\/div>\n<div class=\"Y3BBE\" data-sfc-cp=\"\" data-hveid=\"CAEIFhAA\" data-processed=\"true\"><strong class=\"Yjhzub\">\u00c0 l\u2019H\u00f4tel City, l\u2019accueil est notre passion.<\/strong><br data-sfc-pl=\"|[]\" \/>Notre professionnalisme et l&#8217;enthousiasme que nous mettons chaque jour dans notre travail sont \u00e0 votre service, pour vous offrir une exp\u00e9rience \u00e0 garder dans le c\u0153ur et \u00e0 raconter avec le sourire.<button class=\"rBl3me\" tabindex=\"0\" data-amic=\"true\" data-icl-uuid=\"2dab1946-4822-4830-8460-a3754bf9e4e8\" aria-label=\"Visualizza link correlati\" data-wiz-attrbind=\"disabled=id81vc_3i\/C5gNJc;aria-label=id81vc_3i\/bOjMyf;class=id81vc_3i\/UpSNec\" data-ved=\"2ahUKEwjA99Kp5PaSAxXT2wIHHW2OG3wQye0OegYIAQgWEAE\"><\/button><\/div>\n<div class=\"Y3BBE\" data-sfc-cp=\"\" data-hveid=\"CAEIFxAA\" data-processed=\"true\"><strong class=\"Yjhzub\">Choisissez de vivre une \u00e9motion. Choisissez l\u2019H\u00f4tel City a Montesilvano.<\/strong><button class=\"rBl3me\" tabindex=\"0\" data-amic=\"true\" data-icl-uuid=\"2fc510de-eea4-4d96-8e67-bf5f5b39ff2e\" aria-label=\"Visualizza link correlati\" data-wiz-attrbind=\"disabled=id81vc_3n\/C5gNJc;aria-label=id81vc_3n\/bOjMyf;class=id81vc_3n\/UpSNec\" data-ved=\"2ahUKEwjA99Kp5PaSAxXT2wIHHW2OG3wQye0OegYIAQgXEAE\"><\/button><\/div>\n<p>[\/vc_column_text][\/vc_column][vc_column width=&#8221;1\/2&#8243;][vc_single_image image=&#8221;16335&#8243; img_size=&#8221;900X1200&#8243; css=&#8221;&#8221;][\/vc_column][\/vc_row][vc_row css=&#8221;.vc_custom_1744617931108{padding-top: 0px !important;padding-bottom: 30px !important;}&#8221;][vc_column][vc_empty_space height=&#8221;70px&#8221;]<!--================ Section Heading ================-->\n<script>\n    (function($){\n        'use strict';\n\n        if(!$) return;\n\n        $(function(){\n            if(window.appear) {\n                appear({\n                    elements: function(){\n                        return document.querySelectorAll('#vc-milenia-section-heading-6150f2dfca7a6444ae05aebf35532efb-17783290901683923771');\n                    },\n                    appear: function(element) {\n                        var $el = $(element);\n                        $el.addClass('milenia-visible').addClass($el.data('animation'));\n                    },\n                    reappear: false,\n                    bounds: -200\n                });\n            }\n        });\n    })(window.jQuery);\n<\/script>\n<div id=\"vc-milenia-section-heading-6150f2dfca7a6444ae05aebf35532efb-17783290901683923771\" class=\"milenia-section-heading text-center vc_custom_1772097893211 milenia-visible\" data-animation=\"none\">\n    \n    <h2 class=\"milenia-section-title milenia-font--first-accented\" style=\"font-size: 50px;line-height: 43px;text-transform: none;font-style: normal;font-weight: 400;\">Avantages Uniques<\/h2>\n\n    \n<\/div>\n<!--================ End of Section Heading ================-->\n[vc_empty_space height=&#8221;20px&#8221;]<!--================ Info Boxes ================-->\n<script>\n    (function($){\n        'use strict';\n\n        if(!$) return;\n\n        $(function(){\n            var $container = $('#vc-milenia-info-boxes-3e38aa816f9a219f200a314bf12b1a8f-17783290901816317267'),\n                $dynamicBgElements,\n                $carousels;\n\n            if(!$container.length) return;\n\n            if(window.appear) {\n                appear({\n                    elements: function(){\n                        return document.querySelectorAll('#vc-milenia-info-boxes-3e38aa816f9a219f200a314bf12b1a8f-17783290901816317267');\n                    },\n                    appear: function(element) {\n                        var $el = $(element);\n                        $el.addClass('milenia-visible').addClass($el.data('animation'));\n                    },\n                    reappear: false,\n                    bounds: -200\n                });\n            }\n\n            if(window.Milenia && window.Milenia.LinkUnderliner) {\n                window.Milenia.LinkUnderliner.init($container.find('a'));\n            }\n\n            if(window.Milenia && window.Milenia.helpers &&  window.Milenia.helpers.dynamicBgImage) {\n                $dynamicBgElements = $container.find('[data-bg-image-src]');\n                if($dynamicBgElements.length) window.Milenia.helpers.dynamicBgImage($dynamicBgElements);\n            }\n\n            if($.fn.owlCarousel) {\n                $carousels = $container.find('.milenia-simple-slideshow--shortcode');\n\n                if($carousels.length) {\n                    if(window.Milenia && window.Milenia.helpers && window.Milenia.helpers.owlSettings) {\n\n                        $carousels.jQueryImagesLoaded().then(function(){\n                                $carousels.each(function(i,e) {\n                                    $(e).owlCarousel(window.Milenia.helpers.owlSettings({\n                                        margin: 1,\n                                        loop: true,\n                                        autoplay: $(e).hasClass('milenia-simple-slideshow--autoplay')\n                                    }));\n                                });\n                        });\n\n                    }\n                    else {\n                        $carousels.owlCarousel({\n                            items: 1\n                        });\n                    }\n                }\n            }\n        });\n    })(window.jQuery);\n<\/script>\n\n<div id=\"vc-milenia-info-boxes-3e38aa816f9a219f200a314bf12b1a8f-17783290901816317267\" class=\"milenia-entities milenia-entities--style-2 milenia-entities--unreverse  milenia-entities--title-reduced milenia-visible\" data-animation=\"none\">\n    <div class=\"milenia-grid milenia-grid--cols-3 milenia-grid--gutters\">\n        <!--================ Info Boxes Item ================-->\n<div class=\"milenia-grid-item\">\n    <article class=\"milenia-entity milenia-entity--scheme-primary\">\n        <div data-bg-image-src=\"https:\/\/www.hotelcityabruzzo.com\/wp-content\/uploads\/2018\/10\/hotel-dog-friendly-montesilvano.png\" style=\"background-image: url(https:\/\/www.hotelcityabruzzo.com\/wp-content\/uploads\/2018\/10\/hotel-dog-friendly-montesilvano.png)\" class=\"milenia-entity-media\"><\/div>\n\n\n        <div class=\"milenia-entity-content milenia-aligner\">\n            <div class=\"milenia-aligner-outer\">\n                <div class=\"milenia-aligner-inner\">\n                    <header class=\"milenia-entity-header\">\n                        \n                        <h2 class=\"milenia-entity-title\">Dog Friendly<\/h2>\n\n                    <\/header>\n                    <div class=\"milenia-entity-body\"><p>Our Hotel is Dog Friendly! Your four-legged friends will be welcome in a warm and cheerful environment. Contact us to find out more!<\/p>\n<\/div>\n\n                    \n                <\/div>\n            <\/div>\n        <\/div>\n    <\/article>\n<\/div>\n<!--================ End of Info Boxes Item ================-->\n\r\n<!--================ Info Boxes Item ================-->\n<div class=\"milenia-grid-item\">\n    <article class=\"milenia-entity milenia-entity--scheme-primary\">\n        <div data-bg-image-src=\"https:\/\/www.hotelcityabruzzo.com\/wp-content\/uploads\/2018\/10\/cucina-tipica-abruzzese.png\" style=\"background-image: url(https:\/\/www.hotelcityabruzzo.com\/wp-content\/uploads\/2018\/10\/cucina-tipica-abruzzese.png)\" class=\"milenia-entity-media\"><\/div>\n\n\n        <div class=\"milenia-entity-content milenia-aligner\">\n            <div class=\"milenia-aligner-outer\">\n                <div class=\"milenia-aligner-inner\">\n                    <header class=\"milenia-entity-header\">\n                        \n                        <h2 class=\"milenia-entity-title\">Excellent Dining<\/h2>\n\n                    <\/header>\n                    <div class=\"milenia-entity-body\"><p>Discover the Abruzzo culinary tradition in every dish. Authentic flavors and fresh ingredients, selected from our lands, for a unique taste experience.<\/p>\n<\/div>\n\n                    \n                <\/div>\n            <\/div>\n        <\/div>\n    <\/article>\n<\/div>\n<!--================ End of Info Boxes Item ================-->\n\r\n<!--================ Info Boxes Item ================-->\n<div class=\"milenia-grid-item\">\n    <article class=\"milenia-entity milenia-entity--scheme-primary\">\n        <div data-bg-image-src=\"https:\/\/www.hotelcityabruzzo.com\/wp-content\/uploads\/2018\/10\/montesilvano-abruzzo-e-dintorni.png\" style=\"background-image: url(https:\/\/www.hotelcityabruzzo.com\/wp-content\/uploads\/2018\/10\/montesilvano-abruzzo-e-dintorni.png)\" class=\"milenia-entity-media\"><\/div>\n\n\n        <div class=\"milenia-entity-content milenia-aligner\">\n            <div class=\"milenia-aligner-outer\">\n                <div class=\"milenia-aligner-inner\">\n                    <header class=\"milenia-entity-header\">\n                        \n                        <h2 class=\"milenia-entity-title\">A Territory to Discover<\/h2>\n\n                    <\/header>\n                    <div class=\"milenia-entity-body\"><p>Abruzzo is a land of hidden treasures, where wild nature, millenary history, and culture intertwine. From the imposing peaks of the Gran Sasso to the suggestive beaches of the Adriatic, every place holds stories of beauty and tradition.<\/p>\n<\/div>\n\n                    \n                <\/div>\n            <\/div>\n        <\/div>\n    <\/article>\n<\/div>\n<!--================ End of Info Boxes Item ================-->\n\n    <\/div>\n<\/div>\n<!--================ End of Info Boxes ================-->\n[vc_empty_space height=&#8221;20px&#8221;][\/vc_column][\/vc_row][vc_row full_width=&#8221;stretch_row&#8221; full_height=&#8221;yes&#8221; equal_height=&#8221;yes&#8221; content_placement=&#8221;middle&#8221; css=&#8221;.vc_custom_1748335759181{background-color: #FAF6E9 !important;}&#8221;][vc_column]<!--================ Section Heading ================-->\n<script>\n    (function($){\n        'use strict';\n\n        if(!$) return;\n\n        $(function(){\n            if(window.appear) {\n                appear({\n                    elements: function(){\n                        return document.querySelectorAll('#vc-milenia-section-heading-500716b1050409e79332146626e586a9-1778329090954364574');\n                    },\n                    appear: function(element) {\n                        var $el = $(element);\n                        $el.addClass('milenia-visible').addClass($el.data('animation'));\n                    },\n                    reappear: false,\n                    bounds: -200\n                });\n            }\n        });\n    })(window.jQuery);\n<\/script>\n<div id=\"vc-milenia-section-heading-500716b1050409e79332146626e586a9-1778329090954364574\" class=\"milenia-section-heading text-center vc_custom_1772096064611 milenia-visible\" data-animation=\"none\">\n    \n    <h2 class=\"milenia-section-title milenia-font--first-accented\" style=\"font-size: 50px;line-height: 43px;text-transform: none;font-style: normal;font-weight: 400;\">Highlights<\/h2>\n\n    \n<\/div>\n<!--================ End of Section Heading ================-->\n[vc_empty_space height=&#8221;20px&#8221;][vc_raw_html css=&#8221;&#8221;]JTVCZm9vZ2FsbGVyeSUyMGlkJTNEJTIyMTYwMjklMjIlNUQ=[\/vc_raw_html][\/vc_column][\/vc_row]<\/p>\n<\/div>","protected":false},"excerpt":{"rendered":"<p>[vc_row full_width=&#8221;stretch_row&#8221; content_placement=&#8221;middle&#8221; css=&#8221;.vc_custom_1748335748061{background-color: #FAF6E9 !important;}&#8221;][vc_column width=&#8221;1\/2&#8243; el_class=&#8221;milenia-color&#8211;black&#8221;][vc_custom_heading text=&#8221;BIENVENUE \u00c0 L\u2019H\u00d4TEL CITY, O\u00d9 CHAQUE S\u00c9JOUR SE TRANSFORME EN&#8230;<\/p>\n","protected":false},"author":2,"featured_media":0,"parent":0,"menu_order":0,"comment_status":"closed","ping_status":"closed","template":"","meta":{"footnotes":""},"class_list":["post-16325","page","type-page","status-publish","hentry"],"yoast_head":"<!-- This site is optimized with the Yoast SEO plugin v27.5 - https:\/\/yoast.com\/product\/yoast-seo-wordpress\/ -->\n<title>4-star Hotel Montesilvano Marina | Hotel City Abruzzo All Inclusive<\/title>\n<meta name=\"description\" content=\"4-star Hotel Montesilvano Marina: Hotel City Abruzzo, ideal for a business stay, a romantic weekend, or an All Inclusive beach holiday.\" \/>\n<meta name=\"robots\" content=\"index, follow, max-snippet:-1, max-image-preview:large, max-video-preview:-1\" \/>\n<link rel=\"canonical\" href=\"https:\/\/www.hotelcityabruzzo.com\/fr\/hotel-4-etoiles-montesilvano-marina\/\" \/>\n<meta property=\"og:locale\" content=\"fr_FR\" \/>\n<meta property=\"og:type\" content=\"article\" \/>\n<meta property=\"og:title\" content=\"4-star Hotel Montesilvano Marina | Hotel City Abruzzo All Inclusive\" \/>\n<meta property=\"og:description\" content=\"4-star Hotel Montesilvano Marina: Hotel City Abruzzo, ideal for a business stay, a romantic weekend, or an All Inclusive beach holiday.\" \/>\n<meta property=\"og:url\" content=\"https:\/\/www.hotelcityabruzzo.com\/fr\/hotel-4-etoiles-montesilvano-marina\/\" \/>\n<meta property=\"og:site_name\" content=\"Hotel City\" \/>\n<meta property=\"article:publisher\" content=\"https:\/\/www.facebook.com\/HotelCityAbruzzo\" \/>\n<meta property=\"article:modified_time\" content=\"2026-02-26T09:26:32+00:00\" \/>\n<meta name=\"twitter:card\" content=\"summary_large_image\" \/>\n<meta name=\"twitter:label1\" content=\"Dur\u00e9e de lecture estim\u00e9e\" \/>\n\t<meta name=\"twitter:data1\" content=\"2 minutes\" \/>\n<script type=\"application\/ld+json\" class=\"yoast-schema-graph\">{\"@context\":\"https:\\\/\\\/schema.org\",\"@graph\":[{\"@type\":\"WebPage\",\"@id\":\"https:\\\/\\\/www.hotelcityabruzzo.com\\\/fr\\\/hotel-4-etoiles-montesilvano-marina\\\/\",\"url\":\"https:\\\/\\\/www.hotelcityabruzzo.com\\\/fr\\\/hotel-4-etoiles-montesilvano-marina\\\/\",\"name\":\"4-star Hotel Montesilvano Marina | Hotel City Abruzzo All Inclusive\",\"isPartOf\":{\"@id\":\"https:\\\/\\\/www.hotelcityabruzzo.com\\\/#website\"},\"datePublished\":\"2025-03-11T12:11:24+00:00\",\"dateModified\":\"2026-02-26T09:26:32+00:00\",\"description\":\"4-star Hotel Montesilvano Marina: Hotel City Abruzzo, ideal for a business stay, a romantic weekend, or an All Inclusive beach holiday.\",\"breadcrumb\":{\"@id\":\"https:\\\/\\\/www.hotelcityabruzzo.com\\\/fr\\\/hotel-4-etoiles-montesilvano-marina\\\/#breadcrumb\"},\"inLanguage\":\"fr-FR\",\"potentialAction\":[{\"@type\":\"ReadAction\",\"target\":[\"https:\\\/\\\/www.hotelcityabruzzo.com\\\/fr\\\/hotel-4-etoiles-montesilvano-marina\\\/\"]}]},{\"@type\":\"BreadcrumbList\",\"@id\":\"https:\\\/\\\/www.hotelcityabruzzo.com\\\/fr\\\/hotel-4-etoiles-montesilvano-marina\\\/#breadcrumb\",\"itemListElement\":[{\"@type\":\"ListItem\",\"position\":1,\"name\":\"Home\",\"item\":\"https:\\\/\\\/www.hotelcityabruzzo.com\\\/fr\\\/\"},{\"@type\":\"ListItem\",\"position\":2,\"name\":\"Hotel\"}]},{\"@type\":\"WebSite\",\"@id\":\"https:\\\/\\\/www.hotelcityabruzzo.com\\\/#website\",\"url\":\"https:\\\/\\\/www.hotelcityabruzzo.com\\\/\",\"name\":\"Hotel City\",\"description\":\"La Tua Vacanza in Abruzzo\",\"publisher\":{\"@id\":\"https:\\\/\\\/www.hotelcityabruzzo.com\\\/#organization\"},\"potentialAction\":[{\"@type\":\"SearchAction\",\"target\":{\"@type\":\"EntryPoint\",\"urlTemplate\":\"https:\\\/\\\/www.hotelcityabruzzo.com\\\/?s={search_term_string}\"},\"query-input\":{\"@type\":\"PropertyValueSpecification\",\"valueRequired\":true,\"valueName\":\"search_term_string\"}}],\"inLanguage\":\"fr-FR\"},{\"@type\":\"Organization\",\"@id\":\"https:\\\/\\\/www.hotelcityabruzzo.com\\\/#organization\",\"name\":\"Hotel City\",\"url\":\"https:\\\/\\\/www.hotelcityabruzzo.com\\\/\",\"logo\":{\"@type\":\"ImageObject\",\"inLanguage\":\"fr-FR\",\"@id\":\"https:\\\/\\\/www.hotelcityabruzzo.com\\\/#\\\/schema\\\/logo\\\/image\\\/\",\"url\":\"https:\\\/\\\/www.hotelcityabruzzo.com\\\/wp-content\\\/uploads\\\/2018\\\/10\\\/logocity-reviews.png\",\"contentUrl\":\"https:\\\/\\\/www.hotelcityabruzzo.com\\\/wp-content\\\/uploads\\\/2018\\\/10\\\/logocity-reviews.png\",\"width\":538,\"height\":538,\"caption\":\"Hotel City\"},\"image\":{\"@id\":\"https:\\\/\\\/www.hotelcityabruzzo.com\\\/#\\\/schema\\\/logo\\\/image\\\/\"},\"sameAs\":[\"https:\\\/\\\/www.facebook.com\\\/HotelCityAbruzzo\",\"https:\\\/\\\/www.instagram.com\\\/hotelcitymontesilvano\\\/\"]}]}<\/script>\n<!-- \/ Yoast SEO plugin. -->","yoast_head_json":{"title":"4-star Hotel Montesilvano Marina | Hotel City Abruzzo All Inclusive","description":"4-star Hotel Montesilvano Marina: Hotel City Abruzzo, ideal for a business stay, a romantic weekend, or an All Inclusive beach holiday.","robots":{"index":"index","follow":"follow","max-snippet":"max-snippet:-1","max-image-preview":"max-image-preview:large","max-video-preview":"max-video-preview:-1"},"canonical":"https:\/\/www.hotelcityabruzzo.com\/fr\/hotel-4-etoiles-montesilvano-marina\/","og_locale":"fr_FR","og_type":"article","og_title":"4-star Hotel Montesilvano Marina | Hotel City Abruzzo All Inclusive","og_description":"4-star Hotel Montesilvano Marina: Hotel City Abruzzo, ideal for a business stay, a romantic weekend, or an All Inclusive beach holiday.","og_url":"https:\/\/www.hotelcityabruzzo.com\/fr\/hotel-4-etoiles-montesilvano-marina\/","og_site_name":"Hotel City","article_publisher":"https:\/\/www.facebook.com\/HotelCityAbruzzo","article_modified_time":"2026-02-26T09:26:32+00:00","twitter_card":"summary_large_image","twitter_misc":{"Dur\u00e9e de lecture estim\u00e9e":"2 minutes"},"schema":{"@context":"https:\/\/schema.org","@graph":[{"@type":"WebPage","@id":"https:\/\/www.hotelcityabruzzo.com\/fr\/hotel-4-etoiles-montesilvano-marina\/","url":"https:\/\/www.hotelcityabruzzo.com\/fr\/hotel-4-etoiles-montesilvano-marina\/","name":"4-star Hotel Montesilvano Marina | Hotel City Abruzzo All Inclusive","isPartOf":{"@id":"https:\/\/www.hotelcityabruzzo.com\/#website"},"datePublished":"2025-03-11T12:11:24+00:00","dateModified":"2026-02-26T09:26:32+00:00","description":"4-star Hotel Montesilvano Marina: Hotel City Abruzzo, ideal for a business stay, a romantic weekend, or an All Inclusive beach holiday.","breadcrumb":{"@id":"https:\/\/www.hotelcityabruzzo.com\/fr\/hotel-4-etoiles-montesilvano-marina\/#breadcrumb"},"inLanguage":"fr-FR","potentialAction":[{"@type":"ReadAction","target":["https:\/\/www.hotelcityabruzzo.com\/fr\/hotel-4-etoiles-montesilvano-marina\/"]}]},{"@type":"BreadcrumbList","@id":"https:\/\/www.hotelcityabruzzo.com\/fr\/hotel-4-etoiles-montesilvano-marina\/#breadcrumb","itemListElement":[{"@type":"ListItem","position":1,"name":"Home","item":"https:\/\/www.hotelcityabruzzo.com\/fr\/"},{"@type":"ListItem","position":2,"name":"Hotel"}]},{"@type":"WebSite","@id":"https:\/\/www.hotelcityabruzzo.com\/#website","url":"https:\/\/www.hotelcityabruzzo.com\/","name":"Hotel City","description":"La Tua Vacanza in Abruzzo","publisher":{"@id":"https:\/\/www.hotelcityabruzzo.com\/#organization"},"potentialAction":[{"@type":"SearchAction","target":{"@type":"EntryPoint","urlTemplate":"https:\/\/www.hotelcityabruzzo.com\/?s={search_term_string}"},"query-input":{"@type":"PropertyValueSpecification","valueRequired":true,"valueName":"search_term_string"}}],"inLanguage":"fr-FR"},{"@type":"Organization","@id":"https:\/\/www.hotelcityabruzzo.com\/#organization","name":"Hotel City","url":"https:\/\/www.hotelcityabruzzo.com\/","logo":{"@type":"ImageObject","inLanguage":"fr-FR","@id":"https:\/\/www.hotelcityabruzzo.com\/#\/schema\/logo\/image\/","url":"https:\/\/www.hotelcityabruzzo.com\/wp-content\/uploads\/2018\/10\/logocity-reviews.png","contentUrl":"https:\/\/www.hotelcityabruzzo.com\/wp-content\/uploads\/2018\/10\/logocity-reviews.png","width":538,"height":538,"caption":"Hotel City"},"image":{"@id":"https:\/\/www.hotelcityabruzzo.com\/#\/schema\/logo\/image\/"},"sameAs":["https:\/\/www.facebook.com\/HotelCityAbruzzo","https:\/\/www.instagram.com\/hotelcitymontesilvano\/"]}]}},"_links":{"self":[{"href":"https:\/\/www.hotelcityabruzzo.com\/fr\/wp-json\/wp\/v2\/pages\/16325","targetHints":{"allow":["GET"]}}],"collection":[{"href":"https:\/\/www.hotelcityabruzzo.com\/fr\/wp-json\/wp\/v2\/pages"}],"about":[{"href":"https:\/\/www.hotelcityabruzzo.com\/fr\/wp-json\/wp\/v2\/types\/page"}],"author":[{"embeddable":true,"href":"https:\/\/www.hotelcityabruzzo.com\/fr\/wp-json\/wp\/v2\/users\/2"}],"replies":[{"embeddable":true,"href":"https:\/\/www.hotelcityabruzzo.com\/fr\/wp-json\/wp\/v2\/comments?post=16325"}],"version-history":[{"count":5,"href":"https:\/\/www.hotelcityabruzzo.com\/fr\/wp-json\/wp\/v2\/pages\/16325\/revisions"}],"predecessor-version":[{"id":16345,"href":"https:\/\/www.hotelcityabruzzo.com\/fr\/wp-json\/wp\/v2\/pages\/16325\/revisions\/16345"}],"wp:attachment":[{"href":"https:\/\/www.hotelcityabruzzo.com\/fr\/wp-json\/wp\/v2\/media?parent=16325"}],"curies":[{"name":"wp","href":"https:\/\/api.w.org\/{rel}","templated":true}]}}