{"id":16312,"date":"2026-02-18T14:19:10","date_gmt":"2026-02-18T14:19:10","guid":{"rendered":"https:\/\/www.hotelcityabruzzo.com\/pacchetti-all-inclusive-4-stelle-montesilvano\/"},"modified":"2026-02-26T08:48:55","modified_gmt":"2026-02-26T08:48:55","slug":"forfaits-tout-compris-4-etoiles-montesilvano","status":"publish","type":"page","link":"https:\/\/www.hotelcityabruzzo.com\/fr\/forfaits-tout-compris-4-etoiles-montesilvano\/","title":{"rendered":"FAQ"},"content":{"rendered":"<div class=\"wpb-content-wrapper\"><p>[vc_row full_width=&#8221;stretch_row&#8221; content_placement=&#8221;middle&#8221; css=&#8221;.vc_custom_1744618221663{margin-bottom: 30px !important;background-color: #E6E6E6 !important;}&#8221;][vc_column el_class=&#8221;milenia-color&#8211;black&#8221;]<!--================ Section Heading ================-->\n<script>\n    (function($){\n        'use strict';\n\n        if(!$) return;\n\n        $(function(){\n            if(window.appear) {\n                appear({\n                    elements: function(){\n                        return document.querySelectorAll('#vc-milenia-section-heading-9397680d271d5b7e241a707d03bf9be2-1776170420281498063');\n                    },\n                    appear: function(element) {\n                        var $el = $(element);\n                        $el.addClass('milenia-visible').addClass($el.data('animation'));\n                    },\n                    reappear: false,\n                    bounds: -200\n                });\n            }\n        });\n    })(window.jQuery);\n<\/script>\n<div id=\"vc-milenia-section-heading-9397680d271d5b7e241a707d03bf9be2-1776170420281498063\" class=\"milenia-section-heading text-left vc_custom_1771423253401 milenia-visible\" data-animation=\"none\">\n    \n    <h2 class=\"milenia-section-title milenia-font--first-accented\" style=\"font-size: 50px;line-height: 43px;text-transform: none;font-style: normal;font-weight: 400;\">FAQ<\/h2>\n\n    \n<\/div>\n<!--================ End of Section Heading ================-->\n[vc_column_text css=&#8221;&#8221;]<\/p>\n<ul class=\"KsbFXc U6u95\" data-processed=\"true\">\n<li class=\"dF3vjf\" data-hveid=\"CAEIDRAA\" data-sae=\"\"><span class=\"T286Pc\" data-sfc-cp=\"\"><strong class=\"Yjhzub\">Quels sont les avantages de la formule Tout Compris de l&#8217;H\u00f4tel City \u00e0 Montesilvano ?<\/strong><br data-sfc-pl=\"|[]\" \/>Notre formule\u00a0<strong class=\"Yjhzub\">Tout Compris 4 \u00e9toiles<\/strong>\u00a0est la plus demand\u00e9e par nos clients. Elle comprend la pension compl\u00e8te avec une cuisine typique des Abruzzes, boissons illimit\u00e9es aux repas, service de plage et animation. Elle est con\u00e7ue pour offrir des vacances sans soucis directement au bord de la mer.<\/span><\/li>\n<li class=\"dF3vjf\" data-hveid=\"CAEIDRAB\" data-sae=\"\"><span class=\"T286Pc\" data-sfc-cp=\"\"><strong class=\"Yjhzub\">Existe-t-il des offres sp\u00e9ciales pour les vacances d&#8217;ao\u00fbt \u00e0 Montesilvano ?<\/strong><br data-sfc-pl=\"|[]\" \/>Oui, l&#8217;H\u00f4tel City propose des forfaits sp\u00e9cifiques pour un\u00a0<strong class=\"Yjhzub\">Mois d&#8217;Ao\u00fbt Tout Compris<\/strong>. Les offres incluent des r\u00e9ductions pour les familles et des promotions &#8220;r\u00e9servation anticip\u00e9e&#8221; pour vous garantir le meilleur prix pendant le mois le plus pris\u00e9 de l&#8217;\u00e9t\u00e9.<\/span><\/li>\n<li class=\"dF3vjf\" data-hveid=\"CAEIDRAC\" data-sae=\"\"><span class=\"T286Pc\" data-sfc-cp=\"\"><strong class=\"Yjhzub\">Comment puis-je calculer un devis pour mon s\u00e9jour ?<\/strong><br data-sfc-pl=\"|[]\" \/>Un outil de\u00a0<strong class=\"Yjhzub\">calcul de devis en ligne<\/strong>\u00a0est disponible sur notre site. En quelques clics, vous pouvez consulter la disponibilit\u00e9 en temps r\u00e9el des chambres 4 \u00e9toiles et r\u00e9server votre offre \u00e0 la mer.<\/span><\/li>\n<li class=\"dF3vjf\" data-hveid=\"CAEIDRAD\" data-sae=\"\"><span class=\"T286Pc\" data-sfc-cp=\"\" aria-owns=\"action-menu-parent-container\"><strong class=\"Yjhzub\">L&#8217;H\u00f4tel City dispose-t-il d&#8217;une galerie de photos des chambres et de la structure ?<\/strong><br data-sfc-pl=\"|[]\" \/>Certainement. Notre\u00a0<strong class=\"Yjhzub\">Galerie<\/strong>\u00a0pr\u00e9sente en d\u00e9tail les chambres modernes, la piscine ext\u00e9rieure et le restaurant, vous permettant d&#8217;explorer l&#8217;h\u00f4tel avant votre arriv\u00e9e \u00e0 Montesilvano.<\/span><\/li>\n<\/ul>\n<p>[\/vc_column_text][\/vc_column][\/vc_row][vc_row css=&#8221;.vc_custom_1742470212259{padding-top: 0px !important;padding-bottom: 30px !important;}&#8221;][vc_column][vc_empty_space height=&#8221;70px&#8221;]<!--================ Section Heading ================-->\n<script>\n    (function($){\n        'use strict';\n\n        if(!$) return;\n\n        $(function(){\n            if(window.appear) {\n                appear({\n                    elements: function(){\n                        return document.querySelectorAll('#vc-milenia-section-heading-69a9ff0c642e5ece288fcc182eec3373-17761704201187560543');\n                    },\n                    appear: function(element) {\n                        var $el = $(element);\n                        $el.addClass('milenia-visible').addClass($el.data('animation'));\n                    },\n                    reappear: false,\n                    bounds: -200\n                });\n            }\n        });\n    })(window.jQuery);\n<\/script>\n<div id=\"vc-milenia-section-heading-69a9ff0c642e5ece288fcc182eec3373-17761704201187560543\" class=\"milenia-section-heading text-center vc_custom_1772095662379 milenia-visible\" data-animation=\"none\">\n    \n    <h2 class=\"milenia-section-title milenia-font--first-accented\" style=\"font-size: 50px;line-height: 43px;text-transform: none;font-style: normal;font-weight: 400;\">Avantages Uniques<\/h2>\n\n    \n<\/div>\n<!--================ End of Section Heading ================-->\n[vc_empty_space height=&#8221;20px&#8221;]<!--================ Info Boxes ================-->\n<script>\n    (function($){\n        'use strict';\n\n        if(!$) return;\n\n        $(function(){\n            var $container = $('#vc-milenia-info-boxes-fe3b2cec7e8ab9c3566bfe84e25e7747-17761704201875517800'),\n                $dynamicBgElements,\n                $carousels;\n\n            if(!$container.length) return;\n\n            if(window.appear) {\n                appear({\n                    elements: function(){\n                        return document.querySelectorAll('#vc-milenia-info-boxes-fe3b2cec7e8ab9c3566bfe84e25e7747-17761704201875517800');\n                    },\n                    appear: function(element) {\n                        var $el = $(element);\n                        $el.addClass('milenia-visible').addClass($el.data('animation'));\n                    },\n                    reappear: false,\n                    bounds: -200\n                });\n            }\n\n            if(window.Milenia && window.Milenia.LinkUnderliner) {\n                window.Milenia.LinkUnderliner.init($container.find('a'));\n            }\n\n            if(window.Milenia && window.Milenia.helpers &&  window.Milenia.helpers.dynamicBgImage) {\n                $dynamicBgElements = $container.find('[data-bg-image-src]');\n                if($dynamicBgElements.length) window.Milenia.helpers.dynamicBgImage($dynamicBgElements);\n            }\n\n            if($.fn.owlCarousel) {\n                $carousels = $container.find('.milenia-simple-slideshow--shortcode');\n\n                if($carousels.length) {\n                    if(window.Milenia && window.Milenia.helpers && window.Milenia.helpers.owlSettings) {\n\n                        $carousels.jQueryImagesLoaded().then(function(){\n                                $carousels.each(function(i,e) {\n                                    $(e).owlCarousel(window.Milenia.helpers.owlSettings({\n                                        margin: 1,\n                                        loop: true,\n                                        autoplay: $(e).hasClass('milenia-simple-slideshow--autoplay')\n                                    }));\n                                });\n                        });\n\n                    }\n                    else {\n                        $carousels.owlCarousel({\n                            items: 1\n                        });\n                    }\n                }\n            }\n        });\n    })(window.jQuery);\n<\/script>\n\n<div id=\"vc-milenia-info-boxes-fe3b2cec7e8ab9c3566bfe84e25e7747-17761704201875517800\" class=\"milenia-entities milenia-entities--style-2 milenia-entities--unreverse  milenia-entities--title-reduced milenia-visible\" data-animation=\"none\">\n    <div class=\"milenia-grid milenia-grid--cols-3 milenia-grid--gutters\">\n        <!--================ Info Boxes Item ================-->\n<div class=\"milenia-grid-item\">\n    <article class=\"milenia-entity milenia-entity--scheme-primary\">\n        <div data-bg-image-src=\"https:\/\/www.hotelcityabruzzo.com\/wp-content\/uploads\/2018\/10\/99.jpg\" style=\"background-image: url(https:\/\/www.hotelcityabruzzo.com\/wp-content\/uploads\/2018\/10\/99.jpg)\" class=\"milenia-entity-media\"><\/div>\n\n\n        <div class=\"milenia-entity-content milenia-aligner\">\n            <div class=\"milenia-aligner-outer\">\n                <div class=\"milenia-aligner-inner\">\n                    <header class=\"milenia-entity-header\">\n                        \n                        <h2 class=\"milenia-entity-title\">Tradition et Go\u00fbt<\/h2>\n\n                    <\/header>\n                    <div class=\"milenia-entity-body\"><p>Une cuisine soign\u00e9e dans les moindres d\u00e9tails, avec des plats authentiques de la tradition.<\/p>\n<\/div>\n\n                    \n                <\/div>\n            <\/div>\n        <\/div>\n    <\/article>\n<\/div>\n<!--================ End of Info Boxes Item ================-->\n\r\n<!--================ Info Boxes Item ================-->\n<div class=\"milenia-grid-item\">\n    <article class=\"milenia-entity milenia-entity--scheme-primary\">\n        <div data-bg-image-src=\"https:\/\/www.hotelcityabruzzo.com\/wp-content\/uploads\/2018\/10\/36-1.jpg\" style=\"background-image: url(https:\/\/www.hotelcityabruzzo.com\/wp-content\/uploads\/2018\/10\/36-1.jpg)\" class=\"milenia-entity-media\"><\/div>\n\n\n        <div class=\"milenia-entity-content milenia-aligner\">\n            <div class=\"milenia-aligner-outer\">\n                <div class=\"milenia-aligner-inner\">\n                    <header class=\"milenia-entity-header\">\n                        \n                        <h2 class=\"milenia-entity-title\">Atmosph\u00e8re D\u00e9tendue<\/h2>\n\n                    <\/header>\n                    <div class=\"milenia-entity-body\"><p>Au restaurant de l'H\u00f4tel City, r\u00e8gne une atmosph\u00e8re d\u00e9tendue et familiale, o\u00f9 le temps s'\u00e9coule lentement entre saveurs authentiques et plaisir d'\u00eatre ensemble.<\/p>\n<\/div>\n\n                    \n                <\/div>\n            <\/div>\n        <\/div>\n    <\/article>\n<\/div>\n<!--================ End of Info Boxes Item ================-->\n\r\n<!--================ Info Boxes Item ================-->\n<div class=\"milenia-grid-item\">\n    <article class=\"milenia-entity milenia-entity--scheme-primary\">\n        <div data-bg-image-src=\"https:\/\/www.hotelcityabruzzo.com\/wp-content\/uploads\/2018\/10\/33-1.jpg\" style=\"background-image: url(https:\/\/www.hotelcityabruzzo.com\/wp-content\/uploads\/2018\/10\/33-1.jpg)\" class=\"milenia-entity-media\"><\/div>\n\n\n        <div class=\"milenia-entity-content milenia-aligner\">\n            <div class=\"milenia-aligner-outer\">\n                <div class=\"milenia-aligner-inner\">\n                    <header class=\"milenia-entity-header\">\n                        \n                        <h2 class=\"milenia-entity-title\">Un Accueil qui fait la Diff\u00e9rence<\/h2>\n\n                    <\/header>\n                    <div class=\"milenia-entity-body\"><p>Un service toujours cordial et attentif, \u00e0 table ou au buffet, pour que vous vous sentiez sp\u00e9cial \u00e0 chaque instant.<\/p>\n<\/div>\n\n                    \n                <\/div>\n            <\/div>\n        <\/div>\n    <\/article>\n<\/div>\n<!--================ End of Info Boxes Item ================-->\n\n    <\/div>\n<\/div>\n<!--================ End of Info Boxes ================-->\n[vc_empty_space height=&#8221;20px&#8221;][\/vc_column][\/vc_row]<\/p>\n<\/div>","protected":false},"excerpt":{"rendered":"<p>[vc_row full_width=&#8221;stretch_row&#8221; content_placement=&#8221;middle&#8221; css=&#8221;.vc_custom_1744618221663{margin-bottom: 30px !important;background-color: #E6E6E6 !important;}&#8221;][vc_column el_class=&#8221;milenia-color&#8211;black&#8221;][vc_column_text css=&#8221;&#8221;] Quels sont les avantages de la formule Tout&#8230;<\/p>\n","protected":false},"author":5,"featured_media":0,"parent":0,"menu_order":0,"comment_status":"closed","ping_status":"closed","template":"","meta":{"footnotes":""},"class_list":["post-16312","page","type-page","status-publish","hentry"],"yoast_head":"<!-- This site is optimized with the Yoast SEO plugin v27.3 - https:\/\/yoast.com\/product\/yoast-seo-wordpress\/ -->\n<title>Forfaits Tout Compris 4 \u00e9toiles Montesilvano<\/title>\n<meta name=\"description\" content=\"Forfaits Tout Compris 4 \u00e9toiles \u00e0 Montesilvano : L&#039;H\u00f4tel City Montesilvano s&#039;impose comme la destination 4 \u00e9toiles All Inclusive par excellence dans les Abruzzes.\" \/>\n<meta name=\"robots\" content=\"index, follow, max-snippet:-1, max-image-preview:large, max-video-preview:-1\" \/>\n<link rel=\"canonical\" href=\"https:\/\/www.hotelcityabruzzo.com\/fr\/forfaits-tout-compris-4-etoiles-montesilvano\/\" \/>\n<meta property=\"og:locale\" content=\"fr_FR\" \/>\n<meta property=\"og:type\" content=\"article\" \/>\n<meta property=\"og:title\" content=\"Forfaits Tout Compris 4 \u00e9toiles Montesilvano\" \/>\n<meta property=\"og:description\" content=\"Forfaits Tout Compris 4 \u00e9toiles \u00e0 Montesilvano : L&#039;H\u00f4tel City Montesilvano s&#039;impose comme la destination 4 \u00e9toiles All Inclusive par excellence dans les Abruzzes.\" \/>\n<meta property=\"og:url\" content=\"https:\/\/www.hotelcityabruzzo.com\/fr\/forfaits-tout-compris-4-etoiles-montesilvano\/\" \/>\n<meta property=\"og:site_name\" content=\"Hotel City\" \/>\n<meta property=\"article:publisher\" content=\"https:\/\/www.facebook.com\/HotelCityAbruzzo\" \/>\n<meta property=\"article:modified_time\" content=\"2026-02-26T08:48:55+00:00\" \/>\n<meta name=\"twitter:card\" content=\"summary_large_image\" \/>\n<meta name=\"twitter:label1\" content=\"Dur\u00e9e de lecture estim\u00e9e\" \/>\n\t<meta name=\"twitter:data1\" content=\"2 minutes\" \/>\n<script type=\"application\/ld+json\" class=\"yoast-schema-graph\">{\"@context\":\"https:\\\/\\\/schema.org\",\"@graph\":[{\"@type\":\"WebPage\",\"@id\":\"https:\\\/\\\/www.hotelcityabruzzo.com\\\/fr\\\/forfaits-tout-compris-4-etoiles-montesilvano\\\/\",\"url\":\"https:\\\/\\\/www.hotelcityabruzzo.com\\\/fr\\\/forfaits-tout-compris-4-etoiles-montesilvano\\\/\",\"name\":\"Forfaits Tout Compris 4 \u00e9toiles Montesilvano\",\"isPartOf\":{\"@id\":\"https:\\\/\\\/www.hotelcityabruzzo.com\\\/#website\"},\"datePublished\":\"2026-02-18T14:19:10+00:00\",\"dateModified\":\"2026-02-26T08:48:55+00:00\",\"description\":\"Forfaits Tout Compris 4 \u00e9toiles \u00e0 Montesilvano : L'H\u00f4tel City Montesilvano s'impose comme la destination 4 \u00e9toiles All Inclusive par excellence dans les Abruzzes.\",\"breadcrumb\":{\"@id\":\"https:\\\/\\\/www.hotelcityabruzzo.com\\\/fr\\\/forfaits-tout-compris-4-etoiles-montesilvano\\\/#breadcrumb\"},\"inLanguage\":\"fr-FR\",\"potentialAction\":[{\"@type\":\"ReadAction\",\"target\":[\"https:\\\/\\\/www.hotelcityabruzzo.com\\\/fr\\\/forfaits-tout-compris-4-etoiles-montesilvano\\\/\"]}]},{\"@type\":\"BreadcrumbList\",\"@id\":\"https:\\\/\\\/www.hotelcityabruzzo.com\\\/fr\\\/forfaits-tout-compris-4-etoiles-montesilvano\\\/#breadcrumb\",\"itemListElement\":[{\"@type\":\"ListItem\",\"position\":1,\"name\":\"Home\",\"item\":\"https:\\\/\\\/www.hotelcityabruzzo.com\\\/fr\\\/\"},{\"@type\":\"ListItem\",\"position\":2,\"name\":\"FAQ\"}]},{\"@type\":\"WebSite\",\"@id\":\"https:\\\/\\\/www.hotelcityabruzzo.com\\\/#website\",\"url\":\"https:\\\/\\\/www.hotelcityabruzzo.com\\\/\",\"name\":\"Hotel City\",\"description\":\"La Tua Vacanza in Abruzzo\",\"publisher\":{\"@id\":\"https:\\\/\\\/www.hotelcityabruzzo.com\\\/#organization\"},\"potentialAction\":[{\"@type\":\"SearchAction\",\"target\":{\"@type\":\"EntryPoint\",\"urlTemplate\":\"https:\\\/\\\/www.hotelcityabruzzo.com\\\/?s={search_term_string}\"},\"query-input\":{\"@type\":\"PropertyValueSpecification\",\"valueRequired\":true,\"valueName\":\"search_term_string\"}}],\"inLanguage\":\"fr-FR\"},{\"@type\":\"Organization\",\"@id\":\"https:\\\/\\\/www.hotelcityabruzzo.com\\\/#organization\",\"name\":\"Hotel City\",\"url\":\"https:\\\/\\\/www.hotelcityabruzzo.com\\\/\",\"logo\":{\"@type\":\"ImageObject\",\"inLanguage\":\"fr-FR\",\"@id\":\"https:\\\/\\\/www.hotelcityabruzzo.com\\\/#\\\/schema\\\/logo\\\/image\\\/\",\"url\":\"https:\\\/\\\/www.hotelcityabruzzo.com\\\/wp-content\\\/uploads\\\/2018\\\/10\\\/logocity-reviews.png\",\"contentUrl\":\"https:\\\/\\\/www.hotelcityabruzzo.com\\\/wp-content\\\/uploads\\\/2018\\\/10\\\/logocity-reviews.png\",\"width\":538,\"height\":538,\"caption\":\"Hotel City\"},\"image\":{\"@id\":\"https:\\\/\\\/www.hotelcityabruzzo.com\\\/#\\\/schema\\\/logo\\\/image\\\/\"},\"sameAs\":[\"https:\\\/\\\/www.facebook.com\\\/HotelCityAbruzzo\",\"https:\\\/\\\/www.instagram.com\\\/hotelcitymontesilvano\\\/\"]}]}<\/script>\n<!-- \/ Yoast SEO plugin. -->","yoast_head_json":{"title":"Forfaits Tout Compris 4 \u00e9toiles Montesilvano","description":"Forfaits Tout Compris 4 \u00e9toiles \u00e0 Montesilvano : L'H\u00f4tel City Montesilvano s'impose comme la destination 4 \u00e9toiles All Inclusive par excellence dans les Abruzzes.","robots":{"index":"index","follow":"follow","max-snippet":"max-snippet:-1","max-image-preview":"max-image-preview:large","max-video-preview":"max-video-preview:-1"},"canonical":"https:\/\/www.hotelcityabruzzo.com\/fr\/forfaits-tout-compris-4-etoiles-montesilvano\/","og_locale":"fr_FR","og_type":"article","og_title":"Forfaits Tout Compris 4 \u00e9toiles Montesilvano","og_description":"Forfaits Tout Compris 4 \u00e9toiles \u00e0 Montesilvano : L'H\u00f4tel City Montesilvano s'impose comme la destination 4 \u00e9toiles All Inclusive par excellence dans les Abruzzes.","og_url":"https:\/\/www.hotelcityabruzzo.com\/fr\/forfaits-tout-compris-4-etoiles-montesilvano\/","og_site_name":"Hotel City","article_publisher":"https:\/\/www.facebook.com\/HotelCityAbruzzo","article_modified_time":"2026-02-26T08:48:55+00:00","twitter_card":"summary_large_image","twitter_misc":{"Dur\u00e9e de lecture estim\u00e9e":"2 minutes"},"schema":{"@context":"https:\/\/schema.org","@graph":[{"@type":"WebPage","@id":"https:\/\/www.hotelcityabruzzo.com\/fr\/forfaits-tout-compris-4-etoiles-montesilvano\/","url":"https:\/\/www.hotelcityabruzzo.com\/fr\/forfaits-tout-compris-4-etoiles-montesilvano\/","name":"Forfaits Tout Compris 4 \u00e9toiles Montesilvano","isPartOf":{"@id":"https:\/\/www.hotelcityabruzzo.com\/#website"},"datePublished":"2026-02-18T14:19:10+00:00","dateModified":"2026-02-26T08:48:55+00:00","description":"Forfaits Tout Compris 4 \u00e9toiles \u00e0 Montesilvano : L'H\u00f4tel City Montesilvano s'impose comme la destination 4 \u00e9toiles All Inclusive par excellence dans les Abruzzes.","breadcrumb":{"@id":"https:\/\/www.hotelcityabruzzo.com\/fr\/forfaits-tout-compris-4-etoiles-montesilvano\/#breadcrumb"},"inLanguage":"fr-FR","potentialAction":[{"@type":"ReadAction","target":["https:\/\/www.hotelcityabruzzo.com\/fr\/forfaits-tout-compris-4-etoiles-montesilvano\/"]}]},{"@type":"BreadcrumbList","@id":"https:\/\/www.hotelcityabruzzo.com\/fr\/forfaits-tout-compris-4-etoiles-montesilvano\/#breadcrumb","itemListElement":[{"@type":"ListItem","position":1,"name":"Home","item":"https:\/\/www.hotelcityabruzzo.com\/fr\/"},{"@type":"ListItem","position":2,"name":"FAQ"}]},{"@type":"WebSite","@id":"https:\/\/www.hotelcityabruzzo.com\/#website","url":"https:\/\/www.hotelcityabruzzo.com\/","name":"Hotel City","description":"La Tua Vacanza in Abruzzo","publisher":{"@id":"https:\/\/www.hotelcityabruzzo.com\/#organization"},"potentialAction":[{"@type":"SearchAction","target":{"@type":"EntryPoint","urlTemplate":"https:\/\/www.hotelcityabruzzo.com\/?s={search_term_string}"},"query-input":{"@type":"PropertyValueSpecification","valueRequired":true,"valueName":"search_term_string"}}],"inLanguage":"fr-FR"},{"@type":"Organization","@id":"https:\/\/www.hotelcityabruzzo.com\/#organization","name":"Hotel City","url":"https:\/\/www.hotelcityabruzzo.com\/","logo":{"@type":"ImageObject","inLanguage":"fr-FR","@id":"https:\/\/www.hotelcityabruzzo.com\/#\/schema\/logo\/image\/","url":"https:\/\/www.hotelcityabruzzo.com\/wp-content\/uploads\/2018\/10\/logocity-reviews.png","contentUrl":"https:\/\/www.hotelcityabruzzo.com\/wp-content\/uploads\/2018\/10\/logocity-reviews.png","width":538,"height":538,"caption":"Hotel City"},"image":{"@id":"https:\/\/www.hotelcityabruzzo.com\/#\/schema\/logo\/image\/"},"sameAs":["https:\/\/www.facebook.com\/HotelCityAbruzzo","https:\/\/www.instagram.com\/hotelcitymontesilvano\/"]}]}},"_links":{"self":[{"href":"https:\/\/www.hotelcityabruzzo.com\/fr\/wp-json\/wp\/v2\/pages\/16312","targetHints":{"allow":["GET"]}}],"collection":[{"href":"https:\/\/www.hotelcityabruzzo.com\/fr\/wp-json\/wp\/v2\/pages"}],"about":[{"href":"https:\/\/www.hotelcityabruzzo.com\/fr\/wp-json\/wp\/v2\/types\/page"}],"author":[{"embeddable":true,"href":"https:\/\/www.hotelcityabruzzo.com\/fr\/wp-json\/wp\/v2\/users\/5"}],"replies":[{"embeddable":true,"href":"https:\/\/www.hotelcityabruzzo.com\/fr\/wp-json\/wp\/v2\/comments?post=16312"}],"version-history":[{"count":3,"href":"https:\/\/www.hotelcityabruzzo.com\/fr\/wp-json\/wp\/v2\/pages\/16312\/revisions"}],"predecessor-version":[{"id":16320,"href":"https:\/\/www.hotelcityabruzzo.com\/fr\/wp-json\/wp\/v2\/pages\/16312\/revisions\/16320"}],"wp:attachment":[{"href":"https:\/\/www.hotelcityabruzzo.com\/fr\/wp-json\/wp\/v2\/media?parent=16312"}],"curies":[{"name":"wp","href":"https:\/\/api.w.org\/{rel}","templated":true}]}}