{"id":16250,"date":"2018-09-28T12:53:53","date_gmt":"2018-09-28T12:53:53","guid":{"rendered":"https:\/\/www.hotelcityabruzzo.com\/offerte-hotel-4-stelle-montesilvano-abruzzo\/"},"modified":"2026-02-24T10:13:23","modified_gmt":"2026-02-24T10:13:23","slug":"offres-hotel-4-etoiles-montesilvano-abruzzes","status":"publish","type":"page","link":"https:\/\/www.hotelcityabruzzo.com\/fr\/offres-hotel-4-etoiles-montesilvano-abruzzes\/","title":{"rendered":"Offres"},"content":{"rendered":"<div class=\"wpb-content-wrapper\"><p>[vc_row][vc_column][vc_empty_space height=&#8221;50px&#8221;][vc_raw_html css=&#8221;&#8221;]JTVCcG9zdGlmeSUyMGlkJTNEJTIyMTU5MjYlMjIlNUQ=[\/vc_raw_html][vc_empty_space height=&#8221;50px&#8221;][\/vc_column][\/vc_row][vc_row full_width=&#8221;stretch_row_content_no_spaces&#8221; disable_element=&#8221;yes&#8221; css=&#8221;.vc_custom_1752651805616{padding-bottom: 0px !important;}&#8221;][vc_column]<!-- - - - - - - - - - - - - - Instafeed - - - - - - - - - - - - - - - - -->\n<script>\n    (function($){\n        'use strict';\n        if(!$) return;\n        var container, templates;\n\n        $(function(){\n            container = document.querySelectorAll('#vc-milenia-instafeed-26870d5d9a93e34bf36d4940beb5a0c1-17783299181118108124-grid');\n            if(!container || !window.InstafeedWrapper) return;\n\n            if(window.appear) {\n                appear({\n                    elements: function(){\n                        return document.querySelectorAll('#vc-milenia-instafeed-26870d5d9a93e34bf36d4940beb5a0c1-17783299181118108124');\n                    },\n                    appear: function(element) {\n                        var $el = $(element);\n                        $el.addClass('milenia-visible').addClass($el.data('animation'));\n                    },\n                    reappear: false,\n                    bounds: -200\n                });\n            }\n\n            templates = {\n                'gallery': '<div class=\"milenia-grid-item\">\\\n                                <figure class=\"milenia-gallery-item milenia-gallery-item--with-thumb\" style=\"background-image: url({{image}});\" data-bg-image-src=\"{{image}}\">\\\n                                    <a data-fancybox-gallery data-caption=\"{{caption}}\" href=\"{{image}}\" title=\"{{caption}}\" class=\"milenia-gallery-item-link milenia-ln--independent\">\\\n                                        <img decoding=\"async\" src=\"{{image}}\" alt=\"{{caption}}\" class=\"milenia-d-none\">\\\n                                    <\/a>\\\n                                    <figcaption class=\"milenia-gallery-item-caption\">{{caption}}<\/figure>\\\n                                <\/figure>\\\n                            <\/div>',\n                'simple-feed': '<div class=\"milenia-grid-item\">\\\n                                    <div class=\"milenia-square-image\" style=\"background-image: url({{image}});\" data-bg-image-src=\"{{image}}\">\\\n                                        <a class=\"milenia-ln--independent\" target=\"_blank\" rel=\"instagram\" href=\"{{link}}\" title=\"{{caption}}\"><\/a>\\\n                                    <\/div>\\\n                                <\/div>',\n                'snake': '<div class=\"milenia-grid-item\">\\\n                                    <div class=\"milenia-square-image\" style=\"background-image: url({{image}});\" data-bg-image-src=\"{{image}}\">\\\n                                        <a class=\"milenia-ln--independent\" rel=\"instagram\" target=\"_blank\" href=\"{{link}}\" title=\"{{caption}}\"><\/a>\\\n                                    <\/div>\\\n                                <\/div>'\n            };\n\n            InstafeedWrapper.setUsersSecureOptions({'user-vc-milenia-instafeed-26870d5d9a93e34bf36d4940beb5a0c1-17783299181118108124': {userId: 8253949243,accessToken: '8253949243.1677ed0.92a1c427f7274134a812ee9b13038e10',clientId: 'a17ccf850aae43a0805c00ac4792a3b9'}});\n\n            InstafeedWrapper.init(container, {\n                resolution: 'standard_resolution',\n                template: templates['simple-feed'],\n                after: function() {\n                    var $container = $('#' + this.options.target),\n                        $fancyboxItems = $container.find('[data-fancybox-gallery]');\n\n                    if($fancyboxItems.length && $.fn.fancybox) {\n                        $fancyboxItems.attr('data-fancybox', this.options.target).fancybox({\n                            animationEffect: \"fade\"\n                        });\n                    }\n\n                    if(window.Milenia && window.Milenia.helper && window.Milenia.helpers.updateGlobalNiceScroll) {\n                        window.Milenia.helpers.updateGlobalNiceScroll();\n                    }\n\n                    if(window.Milenia.LinkUnderliner) {\n                        window.Milenia.LinkUnderliner.init($container.find('a'));\n                    }\n                }\n            });\n\n        });\n    })(window.jQuery);\n<\/script>\n\n<div id=\"vc-milenia-instafeed-26870d5d9a93e34bf36d4940beb5a0c1-17783299181118108124\" class=\" milenia-visible milenia-instafeed\" data-animation=\"none\">\n    <div id=\"vc-milenia-instafeed-26870d5d9a93e34bf36d4940beb5a0c1-17783299181118108124-grid\" data-get=\"user\"\n         data-user=\"user-vc-milenia-instafeed-26870d5d9a93e34bf36d4940beb5a0c1-17783299181118108124\"\n         data-limit=\"6\"\n         data-load-more-control=\"load-more-vc-milenia-instafeed-26870d5d9a93e34bf36d4940beb5a0c1-17783299181118108124\"\n         class=\"milenia-grid milenia-instafeed-gallery milenia-grid--cols-6 milenia-grid--no-gutters\"><\/div>\n<\/div>\n\n<!-- - - - - - - - - - - - - - End of Instafeed - - - - - - - - - - - - - - - - -->\n[\/vc_column][\/vc_row]<\/p>\n<\/div>","protected":false},"excerpt":{"rendered":"<p>[vc_row][vc_column][vc_empty_space height=&#8221;50px&#8221;][vc_raw_html css=&#8221;&#8221;]JTVCcG9zdGlmeSUyMGlkJTNEJTIyMTU5MjYlMjIlNUQ=[\/vc_raw_html][vc_empty_space height=&#8221;50px&#8221;][\/vc_column][\/vc_row][vc_row full_width=&#8221;stretch_row_content_no_spaces&#8221; disable_element=&#8221;yes&#8221; css=&#8221;.vc_custom_1752651805616{padding-bottom: 0px !important;}&#8221;][vc_column][\/vc_column][\/vc_row]<\/p>\n","protected":false},"author":1,"featured_media":0,"parent":0,"menu_order":0,"comment_status":"closed","ping_status":"closed","template":"","meta":{"footnotes":""},"class_list":["post-16250","page","type-page","status-publish","hentry"],"yoast_head":"<!-- This site is optimized with the Yoast SEO plugin v27.5 - https:\/\/yoast.com\/product\/yoast-seo-wordpress\/ -->\n<title>Offres H\u00f4tel 4 \u00e9toiles Montesilvano Abruzzes \u2013 Offres \u00e0 prix r\u00e9duits<\/title>\n<meta name=\"description\" content=\"Offres H\u00f4tel 4 \u00e9toiles Montesilvano Abruzzes : d\u00e9couvrez nos offres sp\u00e9ciales avec &quot;enfants gratuits&quot; et des r\u00e9ductions d\u00e9di\u00e9es \u00e0 ceux qui souhaitent s\u00e9journer in notre h\u00f4tel 4 \u00e9toiles.\" \/>\n<meta name=\"robots\" content=\"index, follow, max-snippet:-1, max-image-preview:large, max-video-preview:-1\" \/>\n<link rel=\"canonical\" href=\"https:\/\/www.hotelcityabruzzo.com\/fr\/offres-hotel-4-etoiles-montesilvano-abruzzes\/\" \/>\n<meta property=\"og:locale\" content=\"fr_FR\" \/>\n<meta property=\"og:type\" content=\"article\" \/>\n<meta property=\"og:title\" content=\"Offres H\u00f4tel 4 \u00e9toiles Montesilvano Abruzzes \u2013 Offres \u00e0 prix r\u00e9duits\" \/>\n<meta property=\"og:description\" content=\"Offres H\u00f4tel 4 \u00e9toiles Montesilvano Abruzzes : d\u00e9couvrez nos offres sp\u00e9ciales avec &quot;enfants gratuits&quot; et des r\u00e9ductions d\u00e9di\u00e9es \u00e0 ceux qui souhaitent s\u00e9journer in notre h\u00f4tel 4 \u00e9toiles.\" \/>\n<meta property=\"og:url\" content=\"https:\/\/www.hotelcityabruzzo.com\/fr\/offres-hotel-4-etoiles-montesilvano-abruzzes\/\" \/>\n<meta property=\"og:site_name\" content=\"Hotel City\" \/>\n<meta property=\"article:publisher\" content=\"https:\/\/www.facebook.com\/HotelCityAbruzzo\" \/>\n<meta property=\"article:modified_time\" content=\"2026-02-24T10:13:23+00:00\" \/>\n<meta name=\"twitter:card\" content=\"summary_large_image\" \/>\n<meta name=\"twitter:label1\" content=\"Dur\u00e9e de lecture estim\u00e9e\" \/>\n\t<meta name=\"twitter:data1\" content=\"1 minute\" \/>\n<script type=\"application\/ld+json\" class=\"yoast-schema-graph\">{\"@context\":\"https:\\\/\\\/schema.org\",\"@graph\":[{\"@type\":\"WebPage\",\"@id\":\"https:\\\/\\\/www.hotelcityabruzzo.com\\\/fr\\\/offres-hotel-4-etoiles-montesilvano-abruzzes\\\/\",\"url\":\"https:\\\/\\\/www.hotelcityabruzzo.com\\\/fr\\\/offres-hotel-4-etoiles-montesilvano-abruzzes\\\/\",\"name\":\"Offres H\u00f4tel 4 \u00e9toiles Montesilvano Abruzzes \u2013 Offres \u00e0 prix r\u00e9duits\",\"isPartOf\":{\"@id\":\"https:\\\/\\\/www.hotelcityabruzzo.com\\\/#website\"},\"datePublished\":\"2018-09-28T12:53:53+00:00\",\"dateModified\":\"2026-02-24T10:13:23+00:00\",\"description\":\"Offres H\u00f4tel 4 \u00e9toiles Montesilvano Abruzzes : d\u00e9couvrez nos offres sp\u00e9ciales avec \\\"enfants gratuits\\\" et des r\u00e9ductions d\u00e9di\u00e9es \u00e0 ceux qui souhaitent s\u00e9journer in notre h\u00f4tel 4 \u00e9toiles.\",\"breadcrumb\":{\"@id\":\"https:\\\/\\\/www.hotelcityabruzzo.com\\\/fr\\\/offres-hotel-4-etoiles-montesilvano-abruzzes\\\/#breadcrumb\"},\"inLanguage\":\"fr-FR\",\"potentialAction\":[{\"@type\":\"ReadAction\",\"target\":[\"https:\\\/\\\/www.hotelcityabruzzo.com\\\/fr\\\/offres-hotel-4-etoiles-montesilvano-abruzzes\\\/\"]}]},{\"@type\":\"BreadcrumbList\",\"@id\":\"https:\\\/\\\/www.hotelcityabruzzo.com\\\/fr\\\/offres-hotel-4-etoiles-montesilvano-abruzzes\\\/#breadcrumb\",\"itemListElement\":[{\"@type\":\"ListItem\",\"position\":1,\"name\":\"Home\",\"item\":\"https:\\\/\\\/www.hotelcityabruzzo.com\\\/fr\\\/\"},{\"@type\":\"ListItem\",\"position\":2,\"name\":\"Offres\"}]},{\"@type\":\"WebSite\",\"@id\":\"https:\\\/\\\/www.hotelcityabruzzo.com\\\/#website\",\"url\":\"https:\\\/\\\/www.hotelcityabruzzo.com\\\/\",\"name\":\"Hotel City\",\"description\":\"La Tua Vacanza in Abruzzo\",\"publisher\":{\"@id\":\"https:\\\/\\\/www.hotelcityabruzzo.com\\\/#organization\"},\"potentialAction\":[{\"@type\":\"SearchAction\",\"target\":{\"@type\":\"EntryPoint\",\"urlTemplate\":\"https:\\\/\\\/www.hotelcityabruzzo.com\\\/?s={search_term_string}\"},\"query-input\":{\"@type\":\"PropertyValueSpecification\",\"valueRequired\":true,\"valueName\":\"search_term_string\"}}],\"inLanguage\":\"fr-FR\"},{\"@type\":\"Organization\",\"@id\":\"https:\\\/\\\/www.hotelcityabruzzo.com\\\/#organization\",\"name\":\"Hotel City\",\"url\":\"https:\\\/\\\/www.hotelcityabruzzo.com\\\/\",\"logo\":{\"@type\":\"ImageObject\",\"inLanguage\":\"fr-FR\",\"@id\":\"https:\\\/\\\/www.hotelcityabruzzo.com\\\/#\\\/schema\\\/logo\\\/image\\\/\",\"url\":\"https:\\\/\\\/www.hotelcityabruzzo.com\\\/wp-content\\\/uploads\\\/2018\\\/10\\\/logocity-reviews.png\",\"contentUrl\":\"https:\\\/\\\/www.hotelcityabruzzo.com\\\/wp-content\\\/uploads\\\/2018\\\/10\\\/logocity-reviews.png\",\"width\":538,\"height\":538,\"caption\":\"Hotel City\"},\"image\":{\"@id\":\"https:\\\/\\\/www.hotelcityabruzzo.com\\\/#\\\/schema\\\/logo\\\/image\\\/\"},\"sameAs\":[\"https:\\\/\\\/www.facebook.com\\\/HotelCityAbruzzo\",\"https:\\\/\\\/www.instagram.com\\\/hotelcitymontesilvano\\\/\"]}]}<\/script>\n<!-- \/ Yoast SEO plugin. -->","yoast_head_json":{"title":"Offres H\u00f4tel 4 \u00e9toiles Montesilvano Abruzzes \u2013 Offres \u00e0 prix r\u00e9duits","description":"Offres H\u00f4tel 4 \u00e9toiles Montesilvano Abruzzes : d\u00e9couvrez nos offres sp\u00e9ciales avec \"enfants gratuits\" et des r\u00e9ductions d\u00e9di\u00e9es \u00e0 ceux qui souhaitent s\u00e9journer in notre h\u00f4tel 4 \u00e9toiles.","robots":{"index":"index","follow":"follow","max-snippet":"max-snippet:-1","max-image-preview":"max-image-preview:large","max-video-preview":"max-video-preview:-1"},"canonical":"https:\/\/www.hotelcityabruzzo.com\/fr\/offres-hotel-4-etoiles-montesilvano-abruzzes\/","og_locale":"fr_FR","og_type":"article","og_title":"Offres H\u00f4tel 4 \u00e9toiles Montesilvano Abruzzes \u2013 Offres \u00e0 prix r\u00e9duits","og_description":"Offres H\u00f4tel 4 \u00e9toiles Montesilvano Abruzzes : d\u00e9couvrez nos offres sp\u00e9ciales avec \"enfants gratuits\" et des r\u00e9ductions d\u00e9di\u00e9es \u00e0 ceux qui souhaitent s\u00e9journer in notre h\u00f4tel 4 \u00e9toiles.","og_url":"https:\/\/www.hotelcityabruzzo.com\/fr\/offres-hotel-4-etoiles-montesilvano-abruzzes\/","og_site_name":"Hotel City","article_publisher":"https:\/\/www.facebook.com\/HotelCityAbruzzo","article_modified_time":"2026-02-24T10:13:23+00:00","twitter_card":"summary_large_image","twitter_misc":{"Dur\u00e9e de lecture estim\u00e9e":"1 minute"},"schema":{"@context":"https:\/\/schema.org","@graph":[{"@type":"WebPage","@id":"https:\/\/www.hotelcityabruzzo.com\/fr\/offres-hotel-4-etoiles-montesilvano-abruzzes\/","url":"https:\/\/www.hotelcityabruzzo.com\/fr\/offres-hotel-4-etoiles-montesilvano-abruzzes\/","name":"Offres H\u00f4tel 4 \u00e9toiles Montesilvano Abruzzes \u2013 Offres \u00e0 prix r\u00e9duits","isPartOf":{"@id":"https:\/\/www.hotelcityabruzzo.com\/#website"},"datePublished":"2018-09-28T12:53:53+00:00","dateModified":"2026-02-24T10:13:23+00:00","description":"Offres H\u00f4tel 4 \u00e9toiles Montesilvano Abruzzes : d\u00e9couvrez nos offres sp\u00e9ciales avec \"enfants gratuits\" et des r\u00e9ductions d\u00e9di\u00e9es \u00e0 ceux qui souhaitent s\u00e9journer in notre h\u00f4tel 4 \u00e9toiles.","breadcrumb":{"@id":"https:\/\/www.hotelcityabruzzo.com\/fr\/offres-hotel-4-etoiles-montesilvano-abruzzes\/#breadcrumb"},"inLanguage":"fr-FR","potentialAction":[{"@type":"ReadAction","target":["https:\/\/www.hotelcityabruzzo.com\/fr\/offres-hotel-4-etoiles-montesilvano-abruzzes\/"]}]},{"@type":"BreadcrumbList","@id":"https:\/\/www.hotelcityabruzzo.com\/fr\/offres-hotel-4-etoiles-montesilvano-abruzzes\/#breadcrumb","itemListElement":[{"@type":"ListItem","position":1,"name":"Home","item":"https:\/\/www.hotelcityabruzzo.com\/fr\/"},{"@type":"ListItem","position":2,"name":"Offres"}]},{"@type":"WebSite","@id":"https:\/\/www.hotelcityabruzzo.com\/#website","url":"https:\/\/www.hotelcityabruzzo.com\/","name":"Hotel City","description":"La Tua Vacanza in Abruzzo","publisher":{"@id":"https:\/\/www.hotelcityabruzzo.com\/#organization"},"potentialAction":[{"@type":"SearchAction","target":{"@type":"EntryPoint","urlTemplate":"https:\/\/www.hotelcityabruzzo.com\/?s={search_term_string}"},"query-input":{"@type":"PropertyValueSpecification","valueRequired":true,"valueName":"search_term_string"}}],"inLanguage":"fr-FR"},{"@type":"Organization","@id":"https:\/\/www.hotelcityabruzzo.com\/#organization","name":"Hotel City","url":"https:\/\/www.hotelcityabruzzo.com\/","logo":{"@type":"ImageObject","inLanguage":"fr-FR","@id":"https:\/\/www.hotelcityabruzzo.com\/#\/schema\/logo\/image\/","url":"https:\/\/www.hotelcityabruzzo.com\/wp-content\/uploads\/2018\/10\/logocity-reviews.png","contentUrl":"https:\/\/www.hotelcityabruzzo.com\/wp-content\/uploads\/2018\/10\/logocity-reviews.png","width":538,"height":538,"caption":"Hotel City"},"image":{"@id":"https:\/\/www.hotelcityabruzzo.com\/#\/schema\/logo\/image\/"},"sameAs":["https:\/\/www.facebook.com\/HotelCityAbruzzo","https:\/\/www.instagram.com\/hotelcitymontesilvano\/"]}]}},"_links":{"self":[{"href":"https:\/\/www.hotelcityabruzzo.com\/fr\/wp-json\/wp\/v2\/pages\/16250","targetHints":{"allow":["GET"]}}],"collection":[{"href":"https:\/\/www.hotelcityabruzzo.com\/fr\/wp-json\/wp\/v2\/pages"}],"about":[{"href":"https:\/\/www.hotelcityabruzzo.com\/fr\/wp-json\/wp\/v2\/types\/page"}],"author":[{"embeddable":true,"href":"https:\/\/www.hotelcityabruzzo.com\/fr\/wp-json\/wp\/v2\/users\/1"}],"replies":[{"embeddable":true,"href":"https:\/\/www.hotelcityabruzzo.com\/fr\/wp-json\/wp\/v2\/comments?post=16250"}],"version-history":[{"count":2,"href":"https:\/\/www.hotelcityabruzzo.com\/fr\/wp-json\/wp\/v2\/pages\/16250\/revisions"}],"predecessor-version":[{"id":16255,"href":"https:\/\/www.hotelcityabruzzo.com\/fr\/wp-json\/wp\/v2\/pages\/16250\/revisions\/16255"}],"wp:attachment":[{"href":"https:\/\/www.hotelcityabruzzo.com\/fr\/wp-json\/wp\/v2\/media?parent=16250"}],"curies":[{"name":"wp","href":"https:\/\/api.w.org\/{rel}","templated":true}]}}