{"id":16150,"date":"2025-04-07T11:48:30","date_gmt":"2025-04-07T11:48:30","guid":{"rendered":"https:\/\/www.hotelcityabruzzo.com\/pescara-hotel-4-stelle-aperto-tutto-l-anno\/"},"modified":"2026-02-23T10:08:20","modified_gmt":"2026-02-23T10:08:20","slug":"pescara-hotel-4-etoiles-ouvert-toute-l-annee","status":"publish","type":"page","link":"https:\/\/www.hotelcityabruzzo.com\/fr\/pescara-hotel-4-etoiles-ouvert-toute-l-annee\/","title":{"rendered":"Business"},"content":{"rendered":"<div class=\"wpb-content-wrapper\"><p>[vc_row full_width=&#8221;stretch_row&#8221; content_placement=&#8221;middle&#8221; css=&#8221;.vc_custom_1744620398368{margin-bottom: 30px !important;background-color: #E6E6E6 !important;}&#8221;][vc_column width=&#8221;1\/2&#8243; el_class=&#8221;milenia-color&#8211;black&#8221;]<!--================ Section Heading ================-->\n<script>\n    (function($){\n        'use strict';\n\n        if(!$) return;\n\n        $(function(){\n            if(window.appear) {\n                appear({\n                    elements: function(){\n                        return document.querySelectorAll('#vc-milenia-section-heading-98ef49b7427a78d7a8d09743ad59f93c-1776855616713398189');\n                    },\n                    appear: function(element) {\n                        var $el = $(element);\n                        $el.addClass('milenia-visible').addClass($el.data('animation'));\n                    },\n                    reappear: false,\n                    bounds: -200\n                });\n            }\n        });\n    })(window.jQuery);\n<\/script>\n<div id=\"vc-milenia-section-heading-98ef49b7427a78d7a8d09743ad59f93c-1776855616713398189\" class=\"milenia-section-heading text-left vc_custom_1749033851770 milenia-visible\" data-animation=\"none\">\n    \n    <h2 class=\"milenia-section-title milenia-font--first-accented\" style=\"font-size: 50px;line-height: 43px;text-transform: none;font-style: normal;font-weight: 400;\">Business &amp; Comfort<\/h2>\n\n    \n<\/div>\n<!--================ End of Section Heading ================-->\n[vc_custom_heading text=&#8221;L\u2019H\u00d4TEL CITY, VOTRE CHOIX ID\u00c9AL POUR LE TRAVAIL. TOUTE L\u2019ANN\u00c9E&#8221; font_container=&#8221;tag:div|font_size:18px|text_align:left|color:%2333879F|line_height:30px&#8221; google_fonts=&#8221;font_family:Open%20Sans%3A300%2C300italic%2Cregular%2Citalic%2C600%2C600italic%2C700%2C700italic%2C800%2C800italic|font_style:700%20bold%20regular%3A700%3Anormal&#8221; css=&#8221;.vc_custom_1771841204250{margin-bottom: 20px !important;}&#8221;][vc_column_text css=&#8221;&#8221;]<\/p>\n<div class=\"Y3BBE\" data-sfc-cp=\"\" data-hveid=\"CAEIEhAA\" data-processed=\"true\">Quand les engagements professionnels l&#8217;exigent, r\u00e9pondre avec style et praticit\u00e9 fait toute la diff\u00e9rence. L&#8217;H\u00f4tel City,\u00a0<strong class=\"Yjhzub\">ouvert toute l&#8217;ann\u00e9e<\/strong>, est la r\u00e9f\u00e9rence pour ceux qui recherchent un environnement \u00e9l\u00e9gant et fonctionnel o\u00f9 concilier travail et bien-\u00eatre.<button class=\"rBl3me\" tabindex=\"0\" data-amic=\"true\" data-icl-uuid=\"91f2bda9-a6eb-4acf-8f5a-c93d97f0d2e3\" aria-label=\"Visualizza link correlati\" data-wiz-attrbind=\"disabled=NI9ymd_2m\/C5gNJc;aria-label=NI9ymd_2m\/bOjMyf;class=NI9ymd_2m\/UpSNec\" data-ved=\"2ahUKEwjPoN_9q--SAxWG1AIHHcCqAPUQye0OegYIAQgSEAE\"><\/button><\/div>\n<div class=\"Y3BBE\" data-sfc-cp=\"\" data-hveid=\"CAEIExAA\" data-processed=\"true\">Notre grande\u00a0<strong class=\"Yjhzub\">salle de r\u00e9union<\/strong>, modulable et \u00e9quip\u00e9e de technologies de pointe, peut accueillir jusqu&#8217;\u00e0 100 personnes et se pr\u00eate parfaitement aux r\u00e9unions d&#8217;entreprise, s\u00e9minaires, conf\u00e9rences de presse et showrooms. Chaque \u00e9v\u00e9nement se transforme en une opportunit\u00e9 de croissance et de networking, dans une atmosph\u00e8re qui favorise la productivit\u00e9 et l&#8217;\u00e9change.<button class=\"rBl3me\" tabindex=\"0\" data-amic=\"true\" data-icl-uuid=\"0f5d06f3-432d-4f03-9e84-cb54926173fa\" aria-label=\"Visualizza link correlati\" data-wiz-attrbind=\"disabled=NI9ymd_2r\/C5gNJc;aria-label=NI9ymd_2r\/bOjMyf;class=NI9ymd_2r\/UpSNec\" data-ved=\"2ahUKEwjPoN_9q--SAxWG1AIHHcCqAPUQye0OegYIAQgTEAE\"><\/button><\/div>\n<div class=\"Y3BBE\" data-sfc-cp=\"\" data-hveid=\"CAEIFBAA\" data-processed=\"true\">Les entreprises peuvent b\u00e9n\u00e9ficier de\u00a0<strong class=\"Yjhzub\">tarifs pr\u00e9f\u00e9rentiels<\/strong>, garantissant des solutions personnalis\u00e9es pour les s\u00e9jours d&#8217;affaires fr\u00e9quents.<button class=\"rBl3me\" tabindex=\"0\" data-amic=\"true\" data-icl-uuid=\"e876f437-9446-400d-af73-45235e268b8a\" aria-label=\"Visualizza link correlati\" data-wiz-attrbind=\"disabled=NI9ymd_2w\/C5gNJc;aria-label=NI9ymd_2w\/bOjMyf;class=NI9ymd_2w\/UpSNec\" data-ved=\"2ahUKEwjPoN_9q--SAxWG1AIHHcCqAPUQye0OegYIAQgUEAE\"><\/button><\/div>\n<div class=\"Y3BBE\" data-sfc-cp=\"\" data-hveid=\"CAEIFRAA\" data-processed=\"true\">Et apr\u00e8s une journ\u00e9e intense, rien de tel que de se d\u00e9tendre dans nos chambres confortables, de savourer un excellent d\u00eener dans notre restaurant et de s&#8217;accorder un ap\u00e9ritif en soir\u00e9e dans le lounge.<button class=\"rBl3me\" tabindex=\"0\" data-amic=\"true\" data-icl-uuid=\"e37c9822-1bb4-4850-bdc5-ae09424d512a\" aria-label=\"Visualizza link correlati\" data-wiz-attrbind=\"disabled=NI9ymd_30\/C5gNJc;aria-label=NI9ymd_30\/bOjMyf;class=NI9ymd_30\/UpSNec\" data-ved=\"2ahUKEwjPoN_9q--SAxWG1AIHHcCqAPUQye0OegYIAQgVEAE\"><\/button><\/div>\n<div class=\"Y3BBE\" data-sfc-cp=\"\" data-hveid=\"CAEIFhAA\" data-processed=\"true\" aria-owns=\"action-menu-parent-container\">\u00c0 l\u2019H\u00f4tel City, le business s&#8217;habille de confort pour une exp\u00e9rience alliant professionnalisme et plaisir.<\/div>\n<p>[\/vc_column_text][\/vc_column][vc_column width=&#8221;1\/2&#8243;][vc_single_image image=&#8221;16160&#8243; img_size=&#8221;900X1200&#8243; css=&#8221;&#8221;][\/vc_column][\/vc_row][vc_row css=&#8221;.vc_custom_1742470212259{padding-top: 0px !important;padding-bottom: 30px !important;}&#8221;][vc_column][vc_empty_space height=&#8221;70px&#8221;]<!--================ Section Heading ================-->\n<script>\n    (function($){\n        'use strict';\n\n        if(!$) return;\n\n        $(function(){\n            if(window.appear) {\n                appear({\n                    elements: function(){\n                        return document.querySelectorAll('#vc-milenia-section-heading-99250ce4fe30b598a511933f87ee9cea-1776855616210648808');\n                    },\n                    appear: function(element) {\n                        var $el = $(element);\n                        $el.addClass('milenia-visible').addClass($el.data('animation'));\n                    },\n                    reappear: false,\n                    bounds: -200\n                });\n            }\n        });\n    })(window.jQuery);\n<\/script>\n<div id=\"vc-milenia-section-heading-99250ce4fe30b598a511933f87ee9cea-1776855616210648808\" class=\"milenia-section-heading text-center vc_custom_1771841221572 milenia-visible\" data-animation=\"none\">\n    \n    <h2 class=\"milenia-section-title milenia-font--first-accented\" style=\"font-size: 50px;line-height: 43px;text-transform: none;font-style: normal;font-weight: 400;\">Avantages Uniques<\/h2>\n\n    \n<\/div>\n<!--================ End of Section Heading ================-->\n[vc_empty_space height=&#8221;20px&#8221;]<!--================ Info Boxes ================-->\n<script>\n    (function($){\n        'use strict';\n\n        if(!$) return;\n\n        $(function(){\n            var $container = $('#vc-milenia-info-boxes-124da171aefc3c922d3b0dbeb388927b-17768556161488105872'),\n                $dynamicBgElements,\n                $carousels;\n\n            if(!$container.length) return;\n\n            if(window.appear) {\n                appear({\n                    elements: function(){\n                        return document.querySelectorAll('#vc-milenia-info-boxes-124da171aefc3c922d3b0dbeb388927b-17768556161488105872');\n                    },\n                    appear: function(element) {\n                        var $el = $(element);\n                        $el.addClass('milenia-visible').addClass($el.data('animation'));\n                    },\n                    reappear: false,\n                    bounds: -200\n                });\n            }\n\n            if(window.Milenia && window.Milenia.LinkUnderliner) {\n                window.Milenia.LinkUnderliner.init($container.find('a'));\n            }\n\n            if(window.Milenia && window.Milenia.helpers &&  window.Milenia.helpers.dynamicBgImage) {\n                $dynamicBgElements = $container.find('[data-bg-image-src]');\n                if($dynamicBgElements.length) window.Milenia.helpers.dynamicBgImage($dynamicBgElements);\n            }\n\n            if($.fn.owlCarousel) {\n                $carousels = $container.find('.milenia-simple-slideshow--shortcode');\n\n                if($carousels.length) {\n                    if(window.Milenia && window.Milenia.helpers && window.Milenia.helpers.owlSettings) {\n\n                        $carousels.jQueryImagesLoaded().then(function(){\n                                $carousels.each(function(i,e) {\n                                    $(e).owlCarousel(window.Milenia.helpers.owlSettings({\n                                        margin: 1,\n                                        loop: true,\n                                        autoplay: $(e).hasClass('milenia-simple-slideshow--autoplay')\n                                    }));\n                                });\n                        });\n\n                    }\n                    else {\n                        $carousels.owlCarousel({\n                            items: 1\n                        });\n                    }\n                }\n            }\n        });\n    })(window.jQuery);\n<\/script>\n\n<div id=\"vc-milenia-info-boxes-124da171aefc3c922d3b0dbeb388927b-17768556161488105872\" class=\"milenia-entities milenia-entities--style-2 milenia-entities--unreverse  milenia-entities--title-reduced milenia-visible\" data-animation=\"none\">\n    <div class=\"milenia-grid milenia-grid--cols-3 milenia-grid--gutters\">\n        <!--================ Info Boxes Item ================-->\n<div class=\"milenia-grid-item\">\n    <article class=\"milenia-entity milenia-entity--scheme-primary\">\n        <div data-bg-image-src=\"https:\/\/www.hotelcityabruzzo.com\/wp-content\/uploads\/2018\/10\/montesilvano-abruzzo-e-dintorni.png\" style=\"background-image: url(https:\/\/www.hotelcityabruzzo.com\/wp-content\/uploads\/2018\/10\/montesilvano-abruzzo-e-dintorni.png)\" class=\"milenia-entity-media\"><\/div>\n\n\n        <div class=\"milenia-entity-content milenia-aligner\">\n            <div class=\"milenia-aligner-outer\">\n                <div class=\"milenia-aligner-inner\">\n                    <header class=\"milenia-entity-header\">\n                        \n                        <h2 class=\"milenia-entity-title\">Position strat\u00e9gique<\/h2>\n\n                    <\/header>\n                    <div class=\"milenia-entity-body\"><p>\u00c0 quelques minutes de la sortie d'autoroute Pescara Nord et facilement accessible de toutes directions, l\u2019H\u00f4tel City b\u00e9n\u00e9ficie d'une position privil\u00e9gi\u00e9e sur le front de mer de Montesilvano. Un lieu id\u00e9al pour conjuguer travail, confort et d\u00e9tente, avec tous les services de la ville \u00e0 port\u00e9e de main.<\/p>\n<\/div>\n\n                    \n                <\/div>\n            <\/div>\n        <\/div>\n    <\/article>\n<\/div>\n<!--================ End of Info Boxes Item ================-->\n\r\n<!--================ Info Boxes Item ================-->\n<div class=\"milenia-grid-item\">\n    <article class=\"milenia-entity milenia-entity--scheme-primary\">\n        <div data-bg-image-src=\"https:\/\/www.hotelcityabruzzo.com\/wp-content\/uploads\/2018\/10\/94.jpg\" style=\"background-image: url(https:\/\/www.hotelcityabruzzo.com\/wp-content\/uploads\/2018\/10\/94.jpg)\" class=\"milenia-entity-media\"><\/div>\n\n\n        <div class=\"milenia-entity-content milenia-aligner\">\n            <div class=\"milenia-aligner-outer\">\n                <div class=\"milenia-aligner-inner\">\n                    <header class=\"milenia-entity-header\">\n                        \n                        <h2 class=\"milenia-entity-title\">Grande Salle de R\u00e9union<\/h2>\n\n                    <\/header>\n                    <div class=\"milenia-entity-body\"><p>Un espace polyvalent pour s'adapter parfaitement \u00e0 tout type d'\u00e9v\u00e9nement.<\/p>\n<\/div>\n\n                    \n                <\/div>\n            <\/div>\n        <\/div>\n    <\/article>\n<\/div>\n<!--================ End of Info Boxes Item ================-->\n\r\n<!--================ Info Boxes Item ================-->\n<div class=\"milenia-grid-item\">\n    <article class=\"milenia-entity milenia-entity--scheme-primary\">\n        <div data-bg-image-src=\"https:\/\/www.hotelcityabruzzo.com\/wp-content\/uploads\/2018\/10\/1.png\" style=\"background-image: url(https:\/\/www.hotelcityabruzzo.com\/wp-content\/uploads\/2018\/10\/1.png)\" class=\"milenia-entity-media\"><\/div>\n\n\n        <div class=\"milenia-entity-content milenia-aligner\">\n            <div class=\"milenia-aligner-outer\">\n                <div class=\"milenia-aligner-inner\">\n                    <header class=\"milenia-entity-header\">\n                        \n                        <h2 class=\"milenia-entity-title\">Offres d\u00e9di\u00e9es<\/h2>\n\n                    <\/header>\n                    <div class=\"milenia-entity-body\"><p>Pens\u00e9s pour ceux qui voyagent pour le travail, nos tarifs business allient praticit\u00e9 et qualit\u00e9.<\/p>\n<\/div>\n\n                    \n                <\/div>\n            <\/div>\n        <\/div>\n    <\/article>\n<\/div>\n<!--================ End of Info Boxes Item ================-->\n\n    <\/div>\n<\/div>\n<!--================ End of Info Boxes ================-->\n[vc_empty_space height=&#8221;20px&#8221;][\/vc_column][\/vc_row]<\/p>\n<\/div>","protected":false},"excerpt":{"rendered":"<p>[vc_row full_width=&#8221;stretch_row&#8221; content_placement=&#8221;middle&#8221; css=&#8221;.vc_custom_1744620398368{margin-bottom: 30px !important;background-color: #E6E6E6 !important;}&#8221;][vc_column width=&#8221;1\/2&#8243; el_class=&#8221;milenia-color&#8211;black&#8221;][vc_custom_heading text=&#8221;L\u2019H\u00d4TEL CITY, VOTRE CHOIX ID\u00c9AL POUR LE TRAVAIL&#8230;.<\/p>\n","protected":false},"author":2,"featured_media":0,"parent":0,"menu_order":0,"comment_status":"closed","ping_status":"closed","template":"","meta":{"footnotes":""},"class_list":["post-16150","page","type-page","status-publish","hentry"],"yoast_head":"<!-- This site is optimized with the Yoast SEO plugin v27.4 - https:\/\/yoast.com\/product\/yoast-seo-wordpress\/ -->\n<title>H\u00f4tel 4 \u00e9toiles \u00e0 Pescara ouvert toute l&#039;ann\u00e9e | Hotel City Abruzzo<\/title>\n<meta name=\"description\" content=\"H\u00f4tel 4 \u00e9toiles \u00e0 Pescara ouvert toute l&#039;ann\u00e9e ; la grande salle de r\u00e9union pu\u00f2 accueillir jusqu&#039;\u00e0 100 personnes. Pour r\u00e9unions, s\u00e9minaires, conf\u00e9rences de presse, etc.\" \/>\n<meta name=\"robots\" content=\"index, follow, max-snippet:-1, max-image-preview:large, max-video-preview:-1\" \/>\n<link rel=\"canonical\" href=\"https:\/\/www.hotelcityabruzzo.com\/fr\/pescara-hotel-4-etoiles-ouvert-toute-l-annee\/\" \/>\n<meta property=\"og:locale\" content=\"fr_FR\" \/>\n<meta property=\"og:type\" content=\"article\" \/>\n<meta property=\"og:title\" content=\"H\u00f4tel 4 \u00e9toiles \u00e0 Pescara ouvert toute l&#039;ann\u00e9e | Hotel City Abruzzo\" \/>\n<meta property=\"og:description\" content=\"H\u00f4tel 4 \u00e9toiles \u00e0 Pescara ouvert toute l&#039;ann\u00e9e ; la grande salle de r\u00e9union pu\u00f2 accueillir jusqu&#039;\u00e0 100 personnes. Pour r\u00e9unions, s\u00e9minaires, conf\u00e9rences de presse, etc.\" \/>\n<meta property=\"og:url\" content=\"https:\/\/www.hotelcityabruzzo.com\/fr\/pescara-hotel-4-etoiles-ouvert-toute-l-annee\/\" \/>\n<meta property=\"og:site_name\" content=\"Hotel City\" \/>\n<meta property=\"article:publisher\" content=\"https:\/\/www.facebook.com\/HotelCityAbruzzo\" \/>\n<meta property=\"article:modified_time\" content=\"2026-02-23T10:08:20+00:00\" \/>\n<meta name=\"twitter:card\" content=\"summary_large_image\" \/>\n<meta name=\"twitter:label1\" content=\"Dur\u00e9e de lecture estim\u00e9e\" \/>\n\t<meta name=\"twitter:data1\" content=\"2 minutes\" \/>\n<script type=\"application\/ld+json\" class=\"yoast-schema-graph\">{\"@context\":\"https:\\\/\\\/schema.org\",\"@graph\":[{\"@type\":\"WebPage\",\"@id\":\"https:\\\/\\\/www.hotelcityabruzzo.com\\\/fr\\\/pescara-hotel-4-etoiles-ouvert-toute-l-annee\\\/\",\"url\":\"https:\\\/\\\/www.hotelcityabruzzo.com\\\/fr\\\/pescara-hotel-4-etoiles-ouvert-toute-l-annee\\\/\",\"name\":\"H\u00f4tel 4 \u00e9toiles \u00e0 Pescara ouvert toute l'ann\u00e9e | Hotel City Abruzzo\",\"isPartOf\":{\"@id\":\"https:\\\/\\\/www.hotelcityabruzzo.com\\\/#website\"},\"datePublished\":\"2025-04-07T11:48:30+00:00\",\"dateModified\":\"2026-02-23T10:08:20+00:00\",\"description\":\"H\u00f4tel 4 \u00e9toiles \u00e0 Pescara ouvert toute l'ann\u00e9e ; la grande salle de r\u00e9union pu\u00f2 accueillir jusqu'\u00e0 100 personnes. Pour r\u00e9unions, s\u00e9minaires, conf\u00e9rences de presse, etc.\",\"breadcrumb\":{\"@id\":\"https:\\\/\\\/www.hotelcityabruzzo.com\\\/fr\\\/pescara-hotel-4-etoiles-ouvert-toute-l-annee\\\/#breadcrumb\"},\"inLanguage\":\"fr-FR\",\"potentialAction\":[{\"@type\":\"ReadAction\",\"target\":[\"https:\\\/\\\/www.hotelcityabruzzo.com\\\/fr\\\/pescara-hotel-4-etoiles-ouvert-toute-l-annee\\\/\"]}]},{\"@type\":\"BreadcrumbList\",\"@id\":\"https:\\\/\\\/www.hotelcityabruzzo.com\\\/fr\\\/pescara-hotel-4-etoiles-ouvert-toute-l-annee\\\/#breadcrumb\",\"itemListElement\":[{\"@type\":\"ListItem\",\"position\":1,\"name\":\"Home\",\"item\":\"https:\\\/\\\/www.hotelcityabruzzo.com\\\/fr\\\/\"},{\"@type\":\"ListItem\",\"position\":2,\"name\":\"Business\"}]},{\"@type\":\"WebSite\",\"@id\":\"https:\\\/\\\/www.hotelcityabruzzo.com\\\/#website\",\"url\":\"https:\\\/\\\/www.hotelcityabruzzo.com\\\/\",\"name\":\"Hotel City\",\"description\":\"La Tua Vacanza in Abruzzo\",\"publisher\":{\"@id\":\"https:\\\/\\\/www.hotelcityabruzzo.com\\\/#organization\"},\"potentialAction\":[{\"@type\":\"SearchAction\",\"target\":{\"@type\":\"EntryPoint\",\"urlTemplate\":\"https:\\\/\\\/www.hotelcityabruzzo.com\\\/?s={search_term_string}\"},\"query-input\":{\"@type\":\"PropertyValueSpecification\",\"valueRequired\":true,\"valueName\":\"search_term_string\"}}],\"inLanguage\":\"fr-FR\"},{\"@type\":\"Organization\",\"@id\":\"https:\\\/\\\/www.hotelcityabruzzo.com\\\/#organization\",\"name\":\"Hotel City\",\"url\":\"https:\\\/\\\/www.hotelcityabruzzo.com\\\/\",\"logo\":{\"@type\":\"ImageObject\",\"inLanguage\":\"fr-FR\",\"@id\":\"https:\\\/\\\/www.hotelcityabruzzo.com\\\/#\\\/schema\\\/logo\\\/image\\\/\",\"url\":\"https:\\\/\\\/www.hotelcityabruzzo.com\\\/wp-content\\\/uploads\\\/2018\\\/10\\\/logocity-reviews.png\",\"contentUrl\":\"https:\\\/\\\/www.hotelcityabruzzo.com\\\/wp-content\\\/uploads\\\/2018\\\/10\\\/logocity-reviews.png\",\"width\":538,\"height\":538,\"caption\":\"Hotel City\"},\"image\":{\"@id\":\"https:\\\/\\\/www.hotelcityabruzzo.com\\\/#\\\/schema\\\/logo\\\/image\\\/\"},\"sameAs\":[\"https:\\\/\\\/www.facebook.com\\\/HotelCityAbruzzo\",\"https:\\\/\\\/www.instagram.com\\\/hotelcitymontesilvano\\\/\"]}]}<\/script>\n<!-- \/ Yoast SEO plugin. -->","yoast_head_json":{"title":"H\u00f4tel 4 \u00e9toiles \u00e0 Pescara ouvert toute l'ann\u00e9e | Hotel City Abruzzo","description":"H\u00f4tel 4 \u00e9toiles \u00e0 Pescara ouvert toute l'ann\u00e9e ; la grande salle de r\u00e9union pu\u00f2 accueillir jusqu'\u00e0 100 personnes. Pour r\u00e9unions, s\u00e9minaires, conf\u00e9rences de presse, etc.","robots":{"index":"index","follow":"follow","max-snippet":"max-snippet:-1","max-image-preview":"max-image-preview:large","max-video-preview":"max-video-preview:-1"},"canonical":"https:\/\/www.hotelcityabruzzo.com\/fr\/pescara-hotel-4-etoiles-ouvert-toute-l-annee\/","og_locale":"fr_FR","og_type":"article","og_title":"H\u00f4tel 4 \u00e9toiles \u00e0 Pescara ouvert toute l'ann\u00e9e | Hotel City Abruzzo","og_description":"H\u00f4tel 4 \u00e9toiles \u00e0 Pescara ouvert toute l'ann\u00e9e ; la grande salle de r\u00e9union pu\u00f2 accueillir jusqu'\u00e0 100 personnes. Pour r\u00e9unions, s\u00e9minaires, conf\u00e9rences de presse, etc.","og_url":"https:\/\/www.hotelcityabruzzo.com\/fr\/pescara-hotel-4-etoiles-ouvert-toute-l-annee\/","og_site_name":"Hotel City","article_publisher":"https:\/\/www.facebook.com\/HotelCityAbruzzo","article_modified_time":"2026-02-23T10:08:20+00:00","twitter_card":"summary_large_image","twitter_misc":{"Dur\u00e9e de lecture estim\u00e9e":"2 minutes"},"schema":{"@context":"https:\/\/schema.org","@graph":[{"@type":"WebPage","@id":"https:\/\/www.hotelcityabruzzo.com\/fr\/pescara-hotel-4-etoiles-ouvert-toute-l-annee\/","url":"https:\/\/www.hotelcityabruzzo.com\/fr\/pescara-hotel-4-etoiles-ouvert-toute-l-annee\/","name":"H\u00f4tel 4 \u00e9toiles \u00e0 Pescara ouvert toute l'ann\u00e9e | Hotel City Abruzzo","isPartOf":{"@id":"https:\/\/www.hotelcityabruzzo.com\/#website"},"datePublished":"2025-04-07T11:48:30+00:00","dateModified":"2026-02-23T10:08:20+00:00","description":"H\u00f4tel 4 \u00e9toiles \u00e0 Pescara ouvert toute l'ann\u00e9e ; la grande salle de r\u00e9union pu\u00f2 accueillir jusqu'\u00e0 100 personnes. Pour r\u00e9unions, s\u00e9minaires, conf\u00e9rences de presse, etc.","breadcrumb":{"@id":"https:\/\/www.hotelcityabruzzo.com\/fr\/pescara-hotel-4-etoiles-ouvert-toute-l-annee\/#breadcrumb"},"inLanguage":"fr-FR","potentialAction":[{"@type":"ReadAction","target":["https:\/\/www.hotelcityabruzzo.com\/fr\/pescara-hotel-4-etoiles-ouvert-toute-l-annee\/"]}]},{"@type":"BreadcrumbList","@id":"https:\/\/www.hotelcityabruzzo.com\/fr\/pescara-hotel-4-etoiles-ouvert-toute-l-annee\/#breadcrumb","itemListElement":[{"@type":"ListItem","position":1,"name":"Home","item":"https:\/\/www.hotelcityabruzzo.com\/fr\/"},{"@type":"ListItem","position":2,"name":"Business"}]},{"@type":"WebSite","@id":"https:\/\/www.hotelcityabruzzo.com\/#website","url":"https:\/\/www.hotelcityabruzzo.com\/","name":"Hotel City","description":"La Tua Vacanza in Abruzzo","publisher":{"@id":"https:\/\/www.hotelcityabruzzo.com\/#organization"},"potentialAction":[{"@type":"SearchAction","target":{"@type":"EntryPoint","urlTemplate":"https:\/\/www.hotelcityabruzzo.com\/?s={search_term_string}"},"query-input":{"@type":"PropertyValueSpecification","valueRequired":true,"valueName":"search_term_string"}}],"inLanguage":"fr-FR"},{"@type":"Organization","@id":"https:\/\/www.hotelcityabruzzo.com\/#organization","name":"Hotel City","url":"https:\/\/www.hotelcityabruzzo.com\/","logo":{"@type":"ImageObject","inLanguage":"fr-FR","@id":"https:\/\/www.hotelcityabruzzo.com\/#\/schema\/logo\/image\/","url":"https:\/\/www.hotelcityabruzzo.com\/wp-content\/uploads\/2018\/10\/logocity-reviews.png","contentUrl":"https:\/\/www.hotelcityabruzzo.com\/wp-content\/uploads\/2018\/10\/logocity-reviews.png","width":538,"height":538,"caption":"Hotel City"},"image":{"@id":"https:\/\/www.hotelcityabruzzo.com\/#\/schema\/logo\/image\/"},"sameAs":["https:\/\/www.facebook.com\/HotelCityAbruzzo","https:\/\/www.instagram.com\/hotelcitymontesilvano\/"]}]}},"_links":{"self":[{"href":"https:\/\/www.hotelcityabruzzo.com\/fr\/wp-json\/wp\/v2\/pages\/16150","targetHints":{"allow":["GET"]}}],"collection":[{"href":"https:\/\/www.hotelcityabruzzo.com\/fr\/wp-json\/wp\/v2\/pages"}],"about":[{"href":"https:\/\/www.hotelcityabruzzo.com\/fr\/wp-json\/wp\/v2\/types\/page"}],"author":[{"embeddable":true,"href":"https:\/\/www.hotelcityabruzzo.com\/fr\/wp-json\/wp\/v2\/users\/2"}],"replies":[{"embeddable":true,"href":"https:\/\/www.hotelcityabruzzo.com\/fr\/wp-json\/wp\/v2\/comments?post=16150"}],"version-history":[{"count":4,"href":"https:\/\/www.hotelcityabruzzo.com\/fr\/wp-json\/wp\/v2\/pages\/16150\/revisions"}],"predecessor-version":[{"id":16163,"href":"https:\/\/www.hotelcityabruzzo.com\/fr\/wp-json\/wp\/v2\/pages\/16150\/revisions\/16163"}],"wp:attachment":[{"href":"https:\/\/www.hotelcityabruzzo.com\/fr\/wp-json\/wp\/v2\/media?parent=16150"}],"curies":[{"name":"wp","href":"https:\/\/api.w.org\/{rel}","templated":true}]}}