{"id":16400,"date":"2025-04-07T11:46:14","date_gmt":"2025-04-07T11:46:14","guid":{"rendered":"https:\/\/www.hotelcityabruzzo.com\/montesilvano-hotel-4-stelle-sul-mare\/"},"modified":"2026-02-27T09:10:45","modified_gmt":"2026-02-27T09:10:45","slug":"montesilvano-4-sterne-hotel-am-meer","status":"publish","type":"page","link":"https:\/\/www.hotelcityabruzzo.com\/de\/montesilvano-4-sterne-hotel-am-meer\/","title":{"rendered":"Strand"},"content":{"rendered":"<div class=\"wpb-content-wrapper\"><p>[vc_row full_width=&#8221;stretch_row&#8221; content_placement=&#8221;middle&#8221; css=&#8221;.vc_custom_1744619180694{margin-bottom: 30px !important;background-color: #E6E6E6 !important;}&#8221;][vc_column width=&#8221;1\/2&#8243; el_class=&#8221;milenia-color&#8211;black&#8221;]<!--================ Section Heading ================-->\n<script>\n    (function($){\n        'use strict';\n\n        if(!$) return;\n\n        $(function(){\n            if(window.appear) {\n                appear({\n                    elements: function(){\n                        return document.querySelectorAll('#vc-milenia-section-heading-292bc22326e6ae0e6442294944df8640-17764152771001330549');\n                    },\n                    appear: function(element) {\n                        var $el = $(element);\n                        $el.addClass('milenia-visible').addClass($el.data('animation'));\n                    },\n                    reappear: false,\n                    bounds: -200\n                });\n            }\n        });\n    })(window.jQuery);\n<\/script>\n<div id=\"vc-milenia-section-heading-292bc22326e6ae0e6442294944df8640-17764152771001330549\" class=\"milenia-section-heading text-left vc_custom_1772183293949 milenia-visible\" data-animation=\"none\">\n    \n    <h2 class=\"milenia-section-title milenia-font--first-accented\" style=\"font-size: 50px;line-height: 43px;text-transform: none;font-style: normal;font-weight: 400;\">Kristallklares Meer, goldener Sand und Entspannung nur zwei Schritte vom Hotel entfernt<\/h2>\n\n    \n<\/div>\n<!--================ End of Section Heading ================-->\n[vc_custom_heading text=&#8221;SONNE, MEER UND SPASS F\u00dcR DIE GANZE FAMILIE&#8221; font_container=&#8221;tag:div|font_size:18px|text_align:left|color:%2333879F|line_height:30px&#8221; google_fonts=&#8221;font_family:Open%20Sans%3A300%2C300italic%2Cregular%2Citalic%2C600%2C600italic%2C700%2C700italic%2C800%2C800italic|font_style:700%20bold%20regular%3A700%3Anormal&#8221; css=&#8221;.vc_custom_1772183303264{margin-bottom: 20px !important;}&#8221;][vc_column_text css=&#8221;&#8221;]<\/p>\n<div class=\"Y3BBE\" data-sfc-cp=\"\" data-hveid=\"CAEIGxAA\" data-processed=\"true\">Nur 20 Meter vom Hotel City entfernt erwartet Sie der herrliche Strand von Montesilvano mit seinen intensiven Farben und dem feinen Sand, der sanft ins Wasser gleitet. Ein ruhiges Meer mit flachem, transparentem Wasser \u2013 perfekt f\u00fcr Kinder und ideal f\u00fcr alle, die von einem Urlaub purer Entspannung ohne Sorgen tr\u00e4umen.<button class=\"rBl3me\" tabindex=\"0\" data-amic=\"true\" data-icl-uuid=\"5204776c-a72e-4a49-90ad-43cd3abf8ace\" aria-label=\"Visualizza link correlati\" data-wiz-attrbind=\"disabled=uDX4Sc_49\/C5gNJc;aria-label=uDX4Sc_49\/bOjMyf;class=uDX4Sc_49\/UpSNec\" data-ved=\"2ahUKEwjcwe_upfmSAxXC0AIHHSqkKTMQye0OegYIAQgbEAE\"><\/button><\/div>\n<div class=\"Y3BBE\" data-sfc-cp=\"\" data-hveid=\"CAEIHBAA\" data-processed=\"true\">Hier scheint die Zeit langsamer zu vergehen: Der Duft des Meeres, das Rauschen der Wellen und die W\u00e4rme der Sonne bilden den perfekten Rahmen f\u00fcr Ihre Tage. W\u00e4hrend die Kleinen sicher spielen, k\u00f6nnen die Eltern das Meer genie\u00dfen und unter dem Sonnenschirm entspannen.<span class=\"uJ19be notranslate\" data-wiz-uids=\"uDX4Sc_4e,uDX4Sc_4f\"><span class=\"vKEkVd\" data-animation-atomic=\"\" data-wiz-attrbind=\"class=uDX4Sc_4d\/TKHnVd\" data-sae=\"\"><span aria-hidden=\"true\">\u00a0<\/span><button class=\"rBl3me\" tabindex=\"0\" data-amic=\"true\" data-icl-uuid=\"382a4862-11b5-4bcf-bf95-d73303803cba\" aria-label=\"Visualizza link correlati\" data-wiz-attrbind=\"disabled=uDX4Sc_4d\/C5gNJc;aria-label=uDX4Sc_4d\/bOjMyf;class=uDX4Sc_4d\/UpSNec\" data-ved=\"2ahUKEwjcwe_upfmSAxXC0AIHHSqkKTMQye0OegYIAQgcEAE\"><\/button><\/span><\/span><\/div>\n<div class=\"Y3BBE\" data-sfc-cp=\"\" data-hveid=\"CAEIHRAA\" data-processed=\"true\">Um alles noch spezieller zu machen, sorgt unser Animationsteam daf\u00fcr, dass Sie mit Morgengymnastik, Gruppent\u00e4nzen, Mannschaftsspielen und vielen Aktivit\u00e4ten f\u00fcr Gro\u00df und Klein stets bestens unterhalten werden.<button class=\"rBl3me\" tabindex=\"0\" data-amic=\"true\" data-icl-uuid=\"0b731296-067c-4ce7-9ab0-fdbbe85882d8\" aria-label=\"Visualizza link correlati\" data-wiz-attrbind=\"disabled=uDX4Sc_4h\/C5gNJc;aria-label=uDX4Sc_4h\/bOjMyf;class=uDX4Sc_4h\/UpSNec\" data-ved=\"2ahUKEwjcwe_upfmSAxXC0AIHHSqkKTMQye0OegYIAQgdEAE\"><\/button><\/div>\n<div class=\"Y3BBE\" data-sfc-cp=\"\" data-hveid=\"CAEIHhAA\" data-processed=\"true\" aria-owns=\"action-menu-parent-container\"><strong>Willkommen in Ihrem sch\u00f6nsten Sommer, nur zwei Schritte vom Meer entfernt.<\/strong><\/div>\n<p>[\/vc_column_text][\/vc_column][vc_column width=&#8221;1\/2&#8243;][vc_single_image image=&#8221;16406&#8243; img_size=&#8221;900X1200&#8243; css=&#8221;&#8221;][\/vc_column][\/vc_row][vc_row css=&#8221;.vc_custom_1742470212259{padding-top: 0px !important;padding-bottom: 30px !important;}&#8221;][vc_column][vc_empty_space height=&#8221;70px&#8221;]<!--================ Section Heading ================-->\n<script>\n    (function($){\n        'use strict';\n\n        if(!$) return;\n\n        $(function(){\n            if(window.appear) {\n                appear({\n                    elements: function(){\n                        return document.querySelectorAll('#vc-milenia-section-heading-c8b0e95c0f8ce9cd7462c83334254a21-17764152771265583320');\n                    },\n                    appear: function(element) {\n                        var $el = $(element);\n                        $el.addClass('milenia-visible').addClass($el.data('animation'));\n                    },\n                    reappear: false,\n                    bounds: -200\n                });\n            }\n        });\n    })(window.jQuery);\n<\/script>\n<div id=\"vc-milenia-section-heading-c8b0e95c0f8ce9cd7462c83334254a21-17764152771265583320\" class=\"milenia-section-heading text-center vc_custom_1772183327565 milenia-visible\" data-animation=\"none\">\n    \n    <h2 class=\"milenia-section-title milenia-font--first-accented\" style=\"font-size: 50px;line-height: 43px;text-transform: none;font-style: normal;font-weight: 400;\">Einzigartige Vorteile<\/h2>\n\n    \n<\/div>\n<!--================ End of Section Heading ================-->\n[vc_empty_space height=&#8221;20px&#8221;]<!--================ Info Boxes ================-->\n<script>\n    (function($){\n        'use strict';\n\n        if(!$) return;\n\n        $(function(){\n            var $container = $('#vc-milenia-info-boxes-ba08b1b5825ebebc2cfdfd135d4cc540-1776415277600324378'),\n                $dynamicBgElements,\n                $carousels;\n\n            if(!$container.length) return;\n\n            if(window.appear) {\n                appear({\n                    elements: function(){\n                        return document.querySelectorAll('#vc-milenia-info-boxes-ba08b1b5825ebebc2cfdfd135d4cc540-1776415277600324378');\n                    },\n                    appear: function(element) {\n                        var $el = $(element);\n                        $el.addClass('milenia-visible').addClass($el.data('animation'));\n                    },\n                    reappear: false,\n                    bounds: -200\n                });\n            }\n\n            if(window.Milenia && window.Milenia.LinkUnderliner) {\n                window.Milenia.LinkUnderliner.init($container.find('a'));\n            }\n\n            if(window.Milenia && window.Milenia.helpers &&  window.Milenia.helpers.dynamicBgImage) {\n                $dynamicBgElements = $container.find('[data-bg-image-src]');\n                if($dynamicBgElements.length) window.Milenia.helpers.dynamicBgImage($dynamicBgElements);\n            }\n\n            if($.fn.owlCarousel) {\n                $carousels = $container.find('.milenia-simple-slideshow--shortcode');\n\n                if($carousels.length) {\n                    if(window.Milenia && window.Milenia.helpers && window.Milenia.helpers.owlSettings) {\n\n                        $carousels.jQueryImagesLoaded().then(function(){\n                                $carousels.each(function(i,e) {\n                                    $(e).owlCarousel(window.Milenia.helpers.owlSettings({\n                                        margin: 1,\n                                        loop: true,\n                                        autoplay: $(e).hasClass('milenia-simple-slideshow--autoplay')\n                                    }));\n                                });\n                        });\n\n                    }\n                    else {\n                        $carousels.owlCarousel({\n                            items: 1\n                        });\n                    }\n                }\n            }\n        });\n    })(window.jQuery);\n<\/script>\n\n<div id=\"vc-milenia-info-boxes-ba08b1b5825ebebc2cfdfd135d4cc540-1776415277600324378\" class=\"milenia-entities milenia-entities--style-2 milenia-entities--unreverse  milenia-entities--title-reduced milenia-visible\" data-animation=\"none\">\n    <div class=\"milenia-grid milenia-grid--cols-3 milenia-grid--gutters\">\n        <!--================ Info Boxes Item ================-->\n<div class=\"milenia-grid-item\">\n    <article class=\"milenia-entity milenia-entity--scheme-primary\">\n        <div data-bg-image-src=\"https:\/\/www.hotelcityabruzzo.com\/wp-content\/uploads\/2018\/10\/balli-di-gruppo.png\" style=\"background-image: url(https:\/\/www.hotelcityabruzzo.com\/wp-content\/uploads\/2018\/10\/balli-di-gruppo.png)\" class=\"milenia-entity-media\"><\/div>\n\n\n        <div class=\"milenia-entity-content milenia-aligner\">\n            <div class=\"milenia-aligner-outer\">\n                <div class=\"milenia-aligner-inner\">\n                    <header class=\"milenia-entity-header\">\n                        \n                        <h2 class=\"milenia-entity-title\">Animation<\/h2>\n\n                    <\/header>\n                    <div class=\"milenia-entity-body\"><p>T\u00e4glich gro\u00dfer Spa\u00df am Strand f\u00fcr die ganze Familie<\/p>\n<\/div>\n\n                    \n                <\/div>\n            <\/div>\n        <\/div>\n    <\/article>\n<\/div>\n<!--================ End of Info Boxes Item ================-->\n\r\n<!--================ Info Boxes Item ================-->\n<div class=\"milenia-grid-item\">\n    <article class=\"milenia-entity milenia-entity--scheme-primary\">\n        <div data-bg-image-src=\"https:\/\/www.hotelcityabruzzo.com\/wp-content\/uploads\/2018\/10\/montesilvano-abruzzo-e-dintorni.png\" style=\"background-image: url(https:\/\/www.hotelcityabruzzo.com\/wp-content\/uploads\/2018\/10\/montesilvano-abruzzo-e-dintorni.png)\" class=\"milenia-entity-media\"><\/div>\n\n\n        <div class=\"milenia-entity-content milenia-aligner\">\n            <div class=\"milenia-aligner-outer\">\n                <div class=\"milenia-aligner-inner\">\n                    <header class=\"milenia-entity-header\">\n                        \n                        <h2 class=\"milenia-entity-title\">Strandservice<\/h2>\n\n                    <\/header>\n                    <div class=\"milenia-entity-body\"><p>Immer in unseren All-Inclusive-Preisen enthalten<\/p>\n<\/div>\n\n                    \n                <\/div>\n            <\/div>\n        <\/div>\n    <\/article>\n<\/div>\n<!--================ End of Info Boxes Item ================-->\n\r\n<!--================ Info Boxes Item ================-->\n<div class=\"milenia-grid-item\">\n    <article class=\"milenia-entity milenia-entity--scheme-primary\">\n        <div data-bg-image-src=\"https:\/\/www.hotelcityabruzzo.com\/wp-content\/uploads\/2018\/10\/spiaggia-a-misura-di-bambino.png\" style=\"background-image: url(https:\/\/www.hotelcityabruzzo.com\/wp-content\/uploads\/2018\/10\/spiaggia-a-misura-di-bambino.png)\" class=\"milenia-entity-media\"><\/div>\n\n\n        <div class=\"milenia-entity-content milenia-aligner\">\n            <div class=\"milenia-aligner-outer\">\n                <div class=\"milenia-aligner-inner\">\n                    <header class=\"milenia-entity-header\">\n                        \n                        <h2 class=\"milenia-entity-title\">Gr\u00fcne Flagge Montesilvano<\/h2>\n\n                    <\/header>\n                    <div class=\"milenia-entity-body\"><p>Auszeichnung f\u00fcr kinderfreundliche Str\u00e4nde<\/p>\n<\/div>\n\n                    \n                <\/div>\n            <\/div>\n        <\/div>\n    <\/article>\n<\/div>\n<!--================ End of Info Boxes Item ================-->\n\n    <\/div>\n<\/div>\n<!--================ End of Info Boxes ================-->\n[vc_empty_space height=&#8221;20px&#8221;][\/vc_column][\/vc_row][vc_row full_width=&#8221;stretch_row&#8221; full_height=&#8221;yes&#8221; equal_height=&#8221;yes&#8221; content_placement=&#8221;middle&#8221; css=&#8221;.vc_custom_1744619213370{background-color: #E6E6E6 !important;}&#8221;][vc_column]<!--================ Section Heading ================-->\n<script>\n    (function($){\n        'use strict';\n\n        if(!$) return;\n\n        $(function(){\n            if(window.appear) {\n                appear({\n                    elements: function(){\n                        return document.querySelectorAll('#vc-milenia-section-heading-69384d84d506de831272a4559c785969-1776415277312208792');\n                    },\n                    appear: function(element) {\n                        var $el = $(element);\n                        $el.addClass('milenia-visible').addClass($el.data('animation'));\n                    },\n                    reappear: false,\n                    bounds: -200\n                });\n            }\n        });\n    })(window.jQuery);\n<\/script>\n<div id=\"vc-milenia-section-heading-69384d84d506de831272a4559c785969-1776415277312208792\" class=\"milenia-section-heading text-center vc_custom_1744033065145 milenia-visible\" data-animation=\"none\">\n    \n    <h2 class=\"milenia-section-title milenia-font--first-accented\" style=\"font-size: 50px;line-height: 43px;text-transform: none;font-style: normal;font-weight: 400;\">Visual Experience<\/h2>\n\n    \n<\/div>\n<!--================ End of Section Heading ================-->\n[vc_empty_space height=&#8221;20px&#8221;][vc_raw_html css=&#8221;&#8221;]JTVCZm9vZ2FsbGVyeSUyMGlkJTNEJTIyMTYwMzQlMjIlNUQ=[\/vc_raw_html][\/vc_column][\/vc_row]<\/p>\n<\/div>","protected":false},"excerpt":{"rendered":"<p>[vc_row full_width=&#8221;stretch_row&#8221; content_placement=&#8221;middle&#8221; css=&#8221;.vc_custom_1744619180694{margin-bottom: 30px !important;background-color: #E6E6E6 !important;}&#8221;][vc_column width=&#8221;1\/2&#8243; el_class=&#8221;milenia-color&#8211;black&#8221;][vc_custom_heading text=&#8221;SONNE, MEER UND SPASS F\u00dcR DIE GANZE FAMILIE&#8221;&#8230;<\/p>\n","protected":false},"author":2,"featured_media":0,"parent":0,"menu_order":0,"comment_status":"closed","ping_status":"closed","template":"","meta":{"footnotes":""},"class_list":["post-16400","page","type-page","status-publish","hentry"],"yoast_head":"<!-- This site is optimized with the Yoast SEO plugin v27.4 - https:\/\/yoast.com\/product\/yoast-seo-wordpress\/ -->\n<title>Montesilvano 4-Sterne-Hotel am Meer | Hotel City Abruzzo<\/title>\n<meta name=\"description\" content=\"Montesilvano 4-Sterne-Hotel am Meer: Das Hotel City ist nur 50 Meter vom Meer entfernt und ideal f\u00fcr alle, die das Meer in aller Ruhe und Sicherheit genie\u00dfen m\u00f6chten.\" \/>\n<meta name=\"robots\" content=\"index, follow, max-snippet:-1, max-image-preview:large, max-video-preview:-1\" \/>\n<link rel=\"canonical\" href=\"https:\/\/www.hotelcityabruzzo.com\/de\/montesilvano-4-sterne-hotel-am-meer\/\" \/>\n<meta property=\"og:locale\" content=\"de_DE\" \/>\n<meta property=\"og:type\" content=\"article\" \/>\n<meta property=\"og:title\" content=\"Montesilvano 4-Sterne-Hotel am Meer | Hotel City Abruzzo\" \/>\n<meta property=\"og:description\" content=\"Montesilvano 4-Sterne-Hotel am Meer: Das Hotel City ist nur 50 Meter vom Meer entfernt und ideal f\u00fcr alle, die das Meer in aller Ruhe und Sicherheit genie\u00dfen m\u00f6chten.\" \/>\n<meta property=\"og:url\" content=\"https:\/\/www.hotelcityabruzzo.com\/de\/montesilvano-4-sterne-hotel-am-meer\/\" \/>\n<meta property=\"og:site_name\" content=\"Hotel City\" \/>\n<meta property=\"article:publisher\" content=\"https:\/\/www.facebook.com\/HotelCityAbruzzo\" \/>\n<meta property=\"article:modified_time\" content=\"2026-02-27T09:10:45+00:00\" \/>\n<meta name=\"twitter:card\" content=\"summary_large_image\" \/>\n<meta name=\"twitter:label1\" content=\"Gesch\u00e4tzte Lesezeit\" \/>\n\t<meta name=\"twitter:data1\" content=\"2\u00a0Minuten\" \/>\n<script type=\"application\/ld+json\" class=\"yoast-schema-graph\">{\"@context\":\"https:\\\/\\\/schema.org\",\"@graph\":[{\"@type\":\"WebPage\",\"@id\":\"https:\\\/\\\/www.hotelcityabruzzo.com\\\/de\\\/montesilvano-4-sterne-hotel-am-meer\\\/\",\"url\":\"https:\\\/\\\/www.hotelcityabruzzo.com\\\/de\\\/montesilvano-4-sterne-hotel-am-meer\\\/\",\"name\":\"Montesilvano 4-Sterne-Hotel am Meer | Hotel City Abruzzo\",\"isPartOf\":{\"@id\":\"https:\\\/\\\/www.hotelcityabruzzo.com\\\/#website\"},\"datePublished\":\"2025-04-07T11:46:14+00:00\",\"dateModified\":\"2026-02-27T09:10:45+00:00\",\"description\":\"Montesilvano 4-Sterne-Hotel am Meer: Das Hotel City ist nur 50 Meter vom Meer entfernt und ideal f\u00fcr alle, die das Meer in aller Ruhe und Sicherheit genie\u00dfen m\u00f6chten.\",\"breadcrumb\":{\"@id\":\"https:\\\/\\\/www.hotelcityabruzzo.com\\\/de\\\/montesilvano-4-sterne-hotel-am-meer\\\/#breadcrumb\"},\"inLanguage\":\"de\",\"potentialAction\":[{\"@type\":\"ReadAction\",\"target\":[\"https:\\\/\\\/www.hotelcityabruzzo.com\\\/de\\\/montesilvano-4-sterne-hotel-am-meer\\\/\"]}]},{\"@type\":\"BreadcrumbList\",\"@id\":\"https:\\\/\\\/www.hotelcityabruzzo.com\\\/de\\\/montesilvano-4-sterne-hotel-am-meer\\\/#breadcrumb\",\"itemListElement\":[{\"@type\":\"ListItem\",\"position\":1,\"name\":\"Home\",\"item\":\"https:\\\/\\\/www.hotelcityabruzzo.com\\\/de\\\/\"},{\"@type\":\"ListItem\",\"position\":2,\"name\":\"Strand\"}]},{\"@type\":\"WebSite\",\"@id\":\"https:\\\/\\\/www.hotelcityabruzzo.com\\\/#website\",\"url\":\"https:\\\/\\\/www.hotelcityabruzzo.com\\\/\",\"name\":\"Hotel City\",\"description\":\"La Tua Vacanza in Abruzzo\",\"publisher\":{\"@id\":\"https:\\\/\\\/www.hotelcityabruzzo.com\\\/#organization\"},\"potentialAction\":[{\"@type\":\"SearchAction\",\"target\":{\"@type\":\"EntryPoint\",\"urlTemplate\":\"https:\\\/\\\/www.hotelcityabruzzo.com\\\/?s={search_term_string}\"},\"query-input\":{\"@type\":\"PropertyValueSpecification\",\"valueRequired\":true,\"valueName\":\"search_term_string\"}}],\"inLanguage\":\"de\"},{\"@type\":\"Organization\",\"@id\":\"https:\\\/\\\/www.hotelcityabruzzo.com\\\/#organization\",\"name\":\"Hotel City\",\"url\":\"https:\\\/\\\/www.hotelcityabruzzo.com\\\/\",\"logo\":{\"@type\":\"ImageObject\",\"inLanguage\":\"de\",\"@id\":\"https:\\\/\\\/www.hotelcityabruzzo.com\\\/#\\\/schema\\\/logo\\\/image\\\/\",\"url\":\"https:\\\/\\\/www.hotelcityabruzzo.com\\\/wp-content\\\/uploads\\\/2018\\\/10\\\/logocity-reviews.png\",\"contentUrl\":\"https:\\\/\\\/www.hotelcityabruzzo.com\\\/wp-content\\\/uploads\\\/2018\\\/10\\\/logocity-reviews.png\",\"width\":538,\"height\":538,\"caption\":\"Hotel City\"},\"image\":{\"@id\":\"https:\\\/\\\/www.hotelcityabruzzo.com\\\/#\\\/schema\\\/logo\\\/image\\\/\"},\"sameAs\":[\"https:\\\/\\\/www.facebook.com\\\/HotelCityAbruzzo\",\"https:\\\/\\\/www.instagram.com\\\/hotelcitymontesilvano\\\/\"]}]}<\/script>\n<!-- \/ Yoast SEO plugin. -->","yoast_head_json":{"title":"Montesilvano 4-Sterne-Hotel am Meer | Hotel City Abruzzo","description":"Montesilvano 4-Sterne-Hotel am Meer: Das Hotel City ist nur 50 Meter vom Meer entfernt und ideal f\u00fcr alle, die das Meer in aller Ruhe und Sicherheit genie\u00dfen m\u00f6chten.","robots":{"index":"index","follow":"follow","max-snippet":"max-snippet:-1","max-image-preview":"max-image-preview:large","max-video-preview":"max-video-preview:-1"},"canonical":"https:\/\/www.hotelcityabruzzo.com\/de\/montesilvano-4-sterne-hotel-am-meer\/","og_locale":"de_DE","og_type":"article","og_title":"Montesilvano 4-Sterne-Hotel am Meer | Hotel City Abruzzo","og_description":"Montesilvano 4-Sterne-Hotel am Meer: Das Hotel City ist nur 50 Meter vom Meer entfernt und ideal f\u00fcr alle, die das Meer in aller Ruhe und Sicherheit genie\u00dfen m\u00f6chten.","og_url":"https:\/\/www.hotelcityabruzzo.com\/de\/montesilvano-4-sterne-hotel-am-meer\/","og_site_name":"Hotel City","article_publisher":"https:\/\/www.facebook.com\/HotelCityAbruzzo","article_modified_time":"2026-02-27T09:10:45+00:00","twitter_card":"summary_large_image","twitter_misc":{"Gesch\u00e4tzte Lesezeit":"2\u00a0Minuten"},"schema":{"@context":"https:\/\/schema.org","@graph":[{"@type":"WebPage","@id":"https:\/\/www.hotelcityabruzzo.com\/de\/montesilvano-4-sterne-hotel-am-meer\/","url":"https:\/\/www.hotelcityabruzzo.com\/de\/montesilvano-4-sterne-hotel-am-meer\/","name":"Montesilvano 4-Sterne-Hotel am Meer | Hotel City Abruzzo","isPartOf":{"@id":"https:\/\/www.hotelcityabruzzo.com\/#website"},"datePublished":"2025-04-07T11:46:14+00:00","dateModified":"2026-02-27T09:10:45+00:00","description":"Montesilvano 4-Sterne-Hotel am Meer: Das Hotel City ist nur 50 Meter vom Meer entfernt und ideal f\u00fcr alle, die das Meer in aller Ruhe und Sicherheit genie\u00dfen m\u00f6chten.","breadcrumb":{"@id":"https:\/\/www.hotelcityabruzzo.com\/de\/montesilvano-4-sterne-hotel-am-meer\/#breadcrumb"},"inLanguage":"de","potentialAction":[{"@type":"ReadAction","target":["https:\/\/www.hotelcityabruzzo.com\/de\/montesilvano-4-sterne-hotel-am-meer\/"]}]},{"@type":"BreadcrumbList","@id":"https:\/\/www.hotelcityabruzzo.com\/de\/montesilvano-4-sterne-hotel-am-meer\/#breadcrumb","itemListElement":[{"@type":"ListItem","position":1,"name":"Home","item":"https:\/\/www.hotelcityabruzzo.com\/de\/"},{"@type":"ListItem","position":2,"name":"Strand"}]},{"@type":"WebSite","@id":"https:\/\/www.hotelcityabruzzo.com\/#website","url":"https:\/\/www.hotelcityabruzzo.com\/","name":"Hotel City","description":"La Tua Vacanza in Abruzzo","publisher":{"@id":"https:\/\/www.hotelcityabruzzo.com\/#organization"},"potentialAction":[{"@type":"SearchAction","target":{"@type":"EntryPoint","urlTemplate":"https:\/\/www.hotelcityabruzzo.com\/?s={search_term_string}"},"query-input":{"@type":"PropertyValueSpecification","valueRequired":true,"valueName":"search_term_string"}}],"inLanguage":"de"},{"@type":"Organization","@id":"https:\/\/www.hotelcityabruzzo.com\/#organization","name":"Hotel City","url":"https:\/\/www.hotelcityabruzzo.com\/","logo":{"@type":"ImageObject","inLanguage":"de","@id":"https:\/\/www.hotelcityabruzzo.com\/#\/schema\/logo\/image\/","url":"https:\/\/www.hotelcityabruzzo.com\/wp-content\/uploads\/2018\/10\/logocity-reviews.png","contentUrl":"https:\/\/www.hotelcityabruzzo.com\/wp-content\/uploads\/2018\/10\/logocity-reviews.png","width":538,"height":538,"caption":"Hotel City"},"image":{"@id":"https:\/\/www.hotelcityabruzzo.com\/#\/schema\/logo\/image\/"},"sameAs":["https:\/\/www.facebook.com\/HotelCityAbruzzo","https:\/\/www.instagram.com\/hotelcitymontesilvano\/"]}]}},"_links":{"self":[{"href":"https:\/\/www.hotelcityabruzzo.com\/de\/wp-json\/wp\/v2\/pages\/16400","targetHints":{"allow":["GET"]}}],"collection":[{"href":"https:\/\/www.hotelcityabruzzo.com\/de\/wp-json\/wp\/v2\/pages"}],"about":[{"href":"https:\/\/www.hotelcityabruzzo.com\/de\/wp-json\/wp\/v2\/types\/page"}],"author":[{"embeddable":true,"href":"https:\/\/www.hotelcityabruzzo.com\/de\/wp-json\/wp\/v2\/users\/2"}],"replies":[{"embeddable":true,"href":"https:\/\/www.hotelcityabruzzo.com\/de\/wp-json\/wp\/v2\/comments?post=16400"}],"version-history":[{"count":4,"href":"https:\/\/www.hotelcityabruzzo.com\/de\/wp-json\/wp\/v2\/pages\/16400\/revisions"}],"predecessor-version":[{"id":16415,"href":"https:\/\/www.hotelcityabruzzo.com\/de\/wp-json\/wp\/v2\/pages\/16400\/revisions\/16415"}],"wp:attachment":[{"href":"https:\/\/www.hotelcityabruzzo.com\/de\/wp-json\/wp\/v2\/media?parent=16400"}],"curies":[{"name":"wp","href":"https:\/\/api.w.org\/{rel}","templated":true}]}}