{"id":16381,"date":"2025-04-07T11:36:57","date_gmt":"2025-04-07T11:36:57","guid":{"rendered":"https:\/\/www.hotelcityabruzzo.com\/hotel-4-stelle-montesilvano-marina-pescara\/"},"modified":"2026-02-27T08:49:17","modified_gmt":"2026-02-27T08:49:17","slug":"4-sterne-hotel-montesilvano-marina-pescara","status":"publish","type":"page","link":"https:\/\/www.hotelcityabruzzo.com\/de\/4-sterne-hotel-montesilvano-marina-pescara\/","title":{"rendered":"Restaurant"},"content":{"rendered":"<div class=\"wpb-content-wrapper\"><p>[vc_row full_width=&#8221;stretch_row&#8221; content_placement=&#8221;middle&#8221; css=&#8221;.vc_custom_1744618221663{margin-bottom: 30px !important;background-color: #E6E6E6 !important;}&#8221;][vc_column width=&#8221;1\/2&#8243; el_class=&#8221;milenia-color&#8211;black&#8221;]<!--================ Section Heading ================-->\n<script>\n    (function($){\n        'use strict';\n\n        if(!$) return;\n\n        $(function(){\n            if(window.appear) {\n                appear({\n                    elements: function(){\n                        return document.querySelectorAll('#vc-milenia-section-heading-8c4534f6f9beb876c9cee0bb2b129994-17764162971683400623');\n                    },\n                    appear: function(element) {\n                        var $el = $(element);\n                        $el.addClass('milenia-visible').addClass($el.data('animation'));\n                    },\n                    reappear: false,\n                    bounds: -200\n                });\n            }\n        });\n    })(window.jQuery);\n<\/script>\n<div id=\"vc-milenia-section-heading-8c4534f6f9beb876c9cee0bb2b129994-17764162971683400623\" class=\"milenia-section-heading text-left vc_custom_1772182015019 milenia-visible\" data-animation=\"none\">\n    \n    <h2 class=\"milenia-section-title milenia-font--first-accented\" style=\"font-size: 50px;line-height: 43px;text-transform: none;font-style: normal;font-weight: 400;\">Eine Reise der Aromen zwischen Abruzzen-Tradition und internationaler K\u00fcche<\/h2>\n\n    \n<\/div>\n<!--================ End of Section Heading ================-->\n[vc_custom_heading text=&#8221;DAS RESTAURANT DES HOTEL CITY: WO JEDER TAG EIN GESCHMACKSERLEBNIS IST&#8221; font_container=&#8221;tag:div|font_size:18px|text_align:left|color:%2333879F|line_height:30px&#8221; google_fonts=&#8221;font_family:Open%20Sans%3A300%2C300italic%2Cregular%2Citalic%2C600%2C600italic%2C700%2C700italic%2C800%2C800italic|font_style:700%20bold%20regular%3A700%3Anormal&#8221; css=&#8221;.vc_custom_1772182023367{margin-bottom: 20px !important;}&#8221;][vc_column_text css=&#8221;&#8221;]<\/p>\n<div class=\"Y3BBE\" data-sfc-cp=\"\" data-hveid=\"CAEIKRAA\" data-processed=\"true\">Unser Restaurant ist viel mehr als nur ein Speisesaal: Es ist der Ort, an dem D\u00fcfte, Aromen und Urlaubserinnerungen aufeinandertreffen.<button class=\"rBl3me\" tabindex=\"0\" data-amic=\"true\" data-icl-uuid=\"6eac7bb2-0ded-4ed2-8e89-3067e2944aa6\" aria-label=\"Visualizza link correlati\" data-wiz-attrbind=\"disabled=dTY3Qd_5v\/C5gNJc;aria-label=dTY3Qd_5v\/bOjMyf;class=dTY3Qd_5v\/UpSNec\" data-ved=\"2ahUKEwjF6q3XoPmSAxUb3wIHHRLgCdcQye0OegYIAQgpEAE\"><\/button><\/div>\n<div class=\"Y3BBE\" data-sfc-cp=\"\" data-hveid=\"CAEIKhAA\" data-processed=\"true\">Das\u00a0<strong class=\"Yjhzub\">Fr\u00fchst\u00fcck<\/strong>\u00a0ist ein wahres Ritual, um den neuen Tag zu begr\u00fc\u00dfen, mit hausgemachten Kuchen, duftenden Croissants und dem Kaffeearoma, das die Luft erf\u00fcllt. Von s\u00fc\u00dfem handwerklichem Geb\u00e4ck bis hin zu herzhaften Angeboten mit lokalem K\u00e4se und Aufschnitt aus der Region (Km 0) \u2013 jeder Morgen ist eine Einladung, innezuhalten und den Moment zu genie\u00dfen.<button class=\"rBl3me\" tabindex=\"0\" data-amic=\"true\" data-icl-uuid=\"9d567790-fd9e-4543-b340-7e565efb74df\" aria-label=\"Visualizza link correlati\" data-wiz-attrbind=\"disabled=dTY3Qd_60\/C5gNJc;aria-label=dTY3Qd_60\/bOjMyf;class=dTY3Qd_60\/UpSNec\" data-ved=\"2ahUKEwjF6q3XoPmSAxUb3wIHHRLgCdcQye0OegYIAQgqEAE\"><\/button><\/div>\n<div class=\"Y3BBE\" data-sfc-cp=\"\" data-hveid=\"CAEIKxAA\" data-processed=\"true\">Lassen Sie sich zu\u00a0<strong class=\"Yjhzub\">Mittag- und Abendessen<\/strong>\u00a0vom Vergn\u00fcgen einer guten K\u00fcche mitrei\u00dfen. Unser Chefkoch bietet t\u00e4glich Men\u00fcs mit Fleischgerichten, frischem Fisch, farbenfrohen Beilagen und frisch zubereiteten Desserts an, um jeden Gaumen zu verw\u00f6hnen.<button class=\"rBl3me\" tabindex=\"0\" data-amic=\"true\" data-icl-uuid=\"a72dca69-5820-4033-b569-e0c6ffd74427\" aria-label=\"Visualizza link correlati\" data-wiz-attrbind=\"disabled=dTY3Qd_65\/C5gNJc;aria-label=dTY3Qd_65\/bOjMyf;class=dTY3Qd_65\/UpSNec\" data-ved=\"2ahUKEwjF6q3XoPmSAxUb3wIHHRLgCdcQye0OegYIAQgrEAE\"><\/button><\/div>\n<div class=\"Y3BBE\" data-sfc-cp=\"\" data-hveid=\"CAEILBAA\" data-processed=\"true\">Zwischen traditionellen Gerichten aus den Abruzzen und den besten nationalen und internationalen Rezepten erz\u00e4hlt hier jeder Gang eine Geschichte. Und um jede Mahlzeit noch spezieller zu machen, bietet unsere Weinkarte eine sorgf\u00e4ltige Auswahl an lokalen und italienischen Etiketten.<button class=\"rBl3me\" tabindex=\"0\" data-amic=\"true\" data-icl-uuid=\"112ee6bc-7468-4536-9f2c-564608d1b7ea\" aria-label=\"Visualizza link correlati\" data-wiz-attrbind=\"disabled=dTY3Qd_69\/C5gNJc;aria-label=dTY3Qd_69\/bOjMyf;class=dTY3Qd_69\/UpSNec\" data-ved=\"2ahUKEwjF6q3XoPmSAxUb3wIHHRLgCdcQye0OegYIAQgsEAE\"><\/button><\/div>\n<div class=\"Y3BBE\" data-sfc-cp=\"\" data-hveid=\"CAEILRAA\" data-processed=\"true\" aria-owns=\"action-menu-parent-container\">F\u00fcr G\u00e4ste mit besonderen Ern\u00e4hrungsbed\u00fcrfnissen bieten wir mit Aufmerksamkeit und Verf\u00fcgbarkeit\u00a0<strong class=\"Yjhzub\">glutenfreie<\/strong>\u00a0Gerichte an, die mit der gleichen Sorgfalt und Leidenschaft zubereitet werden.<\/div>\n<p>[\/vc_column_text][\/vc_column][vc_column width=&#8221;1\/2&#8243;][vc_single_image image=&#8221;16387&#8243; img_size=&#8221;900X1200&#8243; css=&#8221;&#8221;][\/vc_column][\/vc_row][vc_row css=&#8221;.vc_custom_1742470212259{padding-top: 0px !important;padding-bottom: 30px !important;}&#8221;][vc_column][vc_empty_space height=&#8221;70px&#8221;]<!--================ Section Heading ================-->\n<script>\n    (function($){\n        'use strict';\n\n        if(!$) return;\n\n        $(function(){\n            if(window.appear) {\n                appear({\n                    elements: function(){\n                        return document.querySelectorAll('#vc-milenia-section-heading-6346f49a6abb536f85577e22f04dd934-17764162971357091999');\n                    },\n                    appear: function(element) {\n                        var $el = $(element);\n                        $el.addClass('milenia-visible').addClass($el.data('animation'));\n                    },\n                    reappear: false,\n                    bounds: -200\n                });\n            }\n        });\n    })(window.jQuery);\n<\/script>\n<div id=\"vc-milenia-section-heading-6346f49a6abb536f85577e22f04dd934-17764162971357091999\" class=\"milenia-section-heading text-center vc_custom_1772182048338 milenia-visible\" data-animation=\"none\">\n    \n    <h2 class=\"milenia-section-title milenia-font--first-accented\" style=\"font-size: 50px;line-height: 43px;text-transform: none;font-style: normal;font-weight: 400;\">Einzigartige Vorteile<\/h2>\n\n    \n<\/div>\n<!--================ End of Section Heading ================-->\n[vc_empty_space height=&#8221;20px&#8221;]<!--================ Info Boxes ================-->\n<script>\n    (function($){\n        'use strict';\n\n        if(!$) return;\n\n        $(function(){\n            var $container = $('#vc-milenia-info-boxes-aa9e837e1c6abe2d85d6f1fe5be2d7af-1776416297713765717'),\n                $dynamicBgElements,\n                $carousels;\n\n            if(!$container.length) return;\n\n            if(window.appear) {\n                appear({\n                    elements: function(){\n                        return document.querySelectorAll('#vc-milenia-info-boxes-aa9e837e1c6abe2d85d6f1fe5be2d7af-1776416297713765717');\n                    },\n                    appear: function(element) {\n                        var $el = $(element);\n                        $el.addClass('milenia-visible').addClass($el.data('animation'));\n                    },\n                    reappear: false,\n                    bounds: -200\n                });\n            }\n\n            if(window.Milenia && window.Milenia.LinkUnderliner) {\n                window.Milenia.LinkUnderliner.init($container.find('a'));\n            }\n\n            if(window.Milenia && window.Milenia.helpers &&  window.Milenia.helpers.dynamicBgImage) {\n                $dynamicBgElements = $container.find('[data-bg-image-src]');\n                if($dynamicBgElements.length) window.Milenia.helpers.dynamicBgImage($dynamicBgElements);\n            }\n\n            if($.fn.owlCarousel) {\n                $carousels = $container.find('.milenia-simple-slideshow--shortcode');\n\n                if($carousels.length) {\n                    if(window.Milenia && window.Milenia.helpers && window.Milenia.helpers.owlSettings) {\n\n                        $carousels.jQueryImagesLoaded().then(function(){\n                                $carousels.each(function(i,e) {\n                                    $(e).owlCarousel(window.Milenia.helpers.owlSettings({\n                                        margin: 1,\n                                        loop: true,\n                                        autoplay: $(e).hasClass('milenia-simple-slideshow--autoplay')\n                                    }));\n                                });\n                        });\n\n                    }\n                    else {\n                        $carousels.owlCarousel({\n                            items: 1\n                        });\n                    }\n                }\n            }\n        });\n    })(window.jQuery);\n<\/script>\n\n<div id=\"vc-milenia-info-boxes-aa9e837e1c6abe2d85d6f1fe5be2d7af-1776416297713765717\" class=\"milenia-entities milenia-entities--style-2 milenia-entities--unreverse  milenia-entities--title-reduced milenia-visible\" data-animation=\"none\">\n    <div class=\"milenia-grid milenia-grid--cols-3 milenia-grid--gutters\">\n        <!--================ Info Boxes Item ================-->\n<div class=\"milenia-grid-item\">\n    <article class=\"milenia-entity milenia-entity--scheme-primary\">\n        <div data-bg-image-src=\"https:\/\/www.hotelcityabruzzo.com\/wp-content\/uploads\/2018\/10\/99.jpg\" style=\"background-image: url(https:\/\/www.hotelcityabruzzo.com\/wp-content\/uploads\/2018\/10\/99.jpg)\" class=\"milenia-entity-media\"><\/div>\n\n\n        <div class=\"milenia-entity-content milenia-aligner\">\n            <div class=\"milenia-aligner-outer\">\n                <div class=\"milenia-aligner-inner\">\n                    <header class=\"milenia-entity-header\">\n                        \n                        <h2 class=\"milenia-entity-title\">Tradition mit Geschmack<\/h2>\n\n                    <\/header>\n                    <div class=\"milenia-entity-body\"><p>Eine bis ins Detail gepflegte K\u00fcche mit authentischen traditionellen Gerichten<\/p>\n<\/div>\n\n                    \n                <\/div>\n            <\/div>\n        <\/div>\n    <\/article>\n<\/div>\n<!--================ End of Info Boxes Item ================-->\n\r\n<!--================ Info Boxes Item ================-->\n<div class=\"milenia-grid-item\">\n    <article class=\"milenia-entity milenia-entity--scheme-primary\">\n        <div data-bg-image-src=\"https:\/\/www.hotelcityabruzzo.com\/wp-content\/uploads\/2018\/10\/36-1.jpg\" style=\"background-image: url(https:\/\/www.hotelcityabruzzo.com\/wp-content\/uploads\/2018\/10\/36-1.jpg)\" class=\"milenia-entity-media\"><\/div>\n\n\n        <div class=\"milenia-entity-content milenia-aligner\">\n            <div class=\"milenia-aligner-outer\">\n                <div class=\"milenia-aligner-inner\">\n                    <header class=\"milenia-entity-header\">\n                        \n                        <h2 class=\"milenia-entity-title\">Entspannte Atmosph\u00e4re<\/h2>\n\n                    <\/header>\n                    <div class=\"milenia-entity-body\"><p>Im Restaurant des Hotel City herrscht eine entspannte und famili\u00e4re Atmosph\u00e4re, in der die Zeit zwischen authentischen Aromen und der Freude am Zusammensein langsam vergeht<\/p>\n<\/div>\n\n                    \n                <\/div>\n            <\/div>\n        <\/div>\n    <\/article>\n<\/div>\n<!--================ End of Info Boxes Item ================-->\n\r\n<!--================ Info Boxes Item ================-->\n<div class=\"milenia-grid-item\">\n    <article class=\"milenia-entity milenia-entity--scheme-primary\">\n        <div data-bg-image-src=\"https:\/\/www.hotelcityabruzzo.com\/wp-content\/uploads\/2018\/10\/33-1.jpg\" style=\"background-image: url(https:\/\/www.hotelcityabruzzo.com\/wp-content\/uploads\/2018\/10\/33-1.jpg)\" class=\"milenia-entity-media\"><\/div>\n\n\n        <div class=\"milenia-entity-content milenia-aligner\">\n            <div class=\"milenia-aligner-outer\">\n                <div class=\"milenia-aligner-inner\">\n                    <header class=\"milenia-entity-header\">\n                        \n                        <h2 class=\"milenia-entity-title\">Gastfreundschaft, die den Unterschied macht<\/h2>\n\n                    <\/header>\n                    <div class=\"milenia-entity-body\"><p>Ein stets herzlicher und aufmerksamer Service, am Tisch oder am Buffet, damit Sie sich in jedem Moment besonders f\u00fchlen<\/p>\n<\/div>\n\n                    \n                <\/div>\n            <\/div>\n        <\/div>\n    <\/article>\n<\/div>\n<!--================ End of Info Boxes Item ================-->\n\n    <\/div>\n<\/div>\n<!--================ End of Info Boxes ================-->\n[vc_empty_space height=&#8221;20px&#8221;][\/vc_column][\/vc_row][vc_row full_width=&#8221;stretch_row&#8221; full_height=&#8221;yes&#8221; equal_height=&#8221;yes&#8221; content_placement=&#8221;middle&#8221; css=&#8221;.vc_custom_1744618885765{background-color: #E6E6E6 !important;}&#8221;][vc_column]<!--================ Section Heading ================-->\n<script>\n    (function($){\n        'use strict';\n\n        if(!$) return;\n\n        $(function(){\n            if(window.appear) {\n                appear({\n                    elements: function(){\n                        return document.querySelectorAll('#vc-milenia-section-heading-b1da8d7be7c067091cb7eeae8b4e13f7-1776416297809420636');\n                    },\n                    appear: function(element) {\n                        var $el = $(element);\n                        $el.addClass('milenia-visible').addClass($el.data('animation'));\n                    },\n                    reappear: false,\n                    bounds: -200\n                });\n            }\n        });\n    })(window.jQuery);\n<\/script>\n<div id=\"vc-milenia-section-heading-b1da8d7be7c067091cb7eeae8b4e13f7-1776416297809420636\" class=\"milenia-section-heading text-center vc_custom_1772182121442 milenia-visible\" data-animation=\"none\">\n    \n    <h2 class=\"milenia-section-title milenia-font--first-accented\" style=\"font-size: 50px;line-height: 43px;text-transform: none;font-style: normal;font-weight: 400;\">Ein Augenschmaus<\/h2>\n\n    \n<\/div>\n<!--================ End of Section Heading ================-->\n[vc_empty_space height=&#8221;20px&#8221;][vc_raw_html css=&#8221;&#8221;]JTVCZm9vZ2FsbGVyeSUyMGlkJTNEJTIyMTYwNDQlMjIlNUQ=[\/vc_raw_html][\/vc_column][\/vc_row]<\/p>\n<\/div>","protected":false},"excerpt":{"rendered":"<p>[vc_row full_width=&#8221;stretch_row&#8221; content_placement=&#8221;middle&#8221; css=&#8221;.vc_custom_1744618221663{margin-bottom: 30px !important;background-color: #E6E6E6 !important;}&#8221;][vc_column width=&#8221;1\/2&#8243; el_class=&#8221;milenia-color&#8211;black&#8221;][vc_custom_heading text=&#8221;DAS RESTAURANT DES HOTEL CITY: WO JEDER TAG&#8230;<\/p>\n","protected":false},"author":2,"featured_media":0,"parent":0,"menu_order":0,"comment_status":"closed","ping_status":"closed","template":"","meta":{"footnotes":""},"class_list":["post-16381","page","type-page","status-publish","hentry"],"yoast_head":"<!-- This site is optimized with the Yoast SEO plugin v27.4 - https:\/\/yoast.com\/product\/yoast-seo-wordpress\/ -->\n<title>4-Sterne-Hotel Montesilvano Marina Pescara | Hotel City Abruzzo<\/title>\n<meta name=\"description\" content=\"4-Sterne-Hotel Montesilvano Marina Pescara: Im Hotel City verbindet sich die beste kulinarische Kunst der Abruzzen mit einer gro\u00dfen Auswahl, die jeden zufriedenstellt\" \/>\n<meta name=\"robots\" content=\"index, follow, max-snippet:-1, max-image-preview:large, max-video-preview:-1\" \/>\n<link rel=\"canonical\" href=\"https:\/\/www.hotelcityabruzzo.com\/de\/4-sterne-hotel-montesilvano-marina-pescara\/\" \/>\n<meta property=\"og:locale\" content=\"de_DE\" \/>\n<meta property=\"og:type\" content=\"article\" \/>\n<meta property=\"og:title\" content=\"4-Sterne-Hotel Montesilvano Marina Pescara | Hotel City Abruzzo\" \/>\n<meta property=\"og:description\" content=\"4-Sterne-Hotel Montesilvano Marina Pescara: Im Hotel City verbindet sich die beste kulinarische Kunst der Abruzzen mit einer gro\u00dfen Auswahl, die jeden zufriedenstellt\" \/>\n<meta property=\"og:url\" content=\"https:\/\/www.hotelcityabruzzo.com\/de\/4-sterne-hotel-montesilvano-marina-pescara\/\" \/>\n<meta property=\"og:site_name\" content=\"Hotel City\" \/>\n<meta property=\"article:publisher\" content=\"https:\/\/www.facebook.com\/HotelCityAbruzzo\" \/>\n<meta property=\"article:modified_time\" content=\"2026-02-27T08:49:17+00:00\" \/>\n<meta name=\"twitter:card\" content=\"summary_large_image\" \/>\n<meta name=\"twitter:label1\" content=\"Gesch\u00e4tzte Lesezeit\" \/>\n\t<meta name=\"twitter:data1\" content=\"2\u00a0Minuten\" \/>\n<script type=\"application\/ld+json\" class=\"yoast-schema-graph\">{\"@context\":\"https:\\\/\\\/schema.org\",\"@graph\":[{\"@type\":\"WebPage\",\"@id\":\"https:\\\/\\\/www.hotelcityabruzzo.com\\\/de\\\/4-sterne-hotel-montesilvano-marina-pescara\\\/\",\"url\":\"https:\\\/\\\/www.hotelcityabruzzo.com\\\/de\\\/4-sterne-hotel-montesilvano-marina-pescara\\\/\",\"name\":\"4-Sterne-Hotel Montesilvano Marina Pescara | Hotel City Abruzzo\",\"isPartOf\":{\"@id\":\"https:\\\/\\\/www.hotelcityabruzzo.com\\\/#website\"},\"datePublished\":\"2025-04-07T11:36:57+00:00\",\"dateModified\":\"2026-02-27T08:49:17+00:00\",\"description\":\"4-Sterne-Hotel Montesilvano Marina Pescara: Im Hotel City verbindet sich die beste kulinarische Kunst der Abruzzen mit einer gro\u00dfen Auswahl, die jeden zufriedenstellt\",\"breadcrumb\":{\"@id\":\"https:\\\/\\\/www.hotelcityabruzzo.com\\\/de\\\/4-sterne-hotel-montesilvano-marina-pescara\\\/#breadcrumb\"},\"inLanguage\":\"de\",\"potentialAction\":[{\"@type\":\"ReadAction\",\"target\":[\"https:\\\/\\\/www.hotelcityabruzzo.com\\\/de\\\/4-sterne-hotel-montesilvano-marina-pescara\\\/\"]}]},{\"@type\":\"BreadcrumbList\",\"@id\":\"https:\\\/\\\/www.hotelcityabruzzo.com\\\/de\\\/4-sterne-hotel-montesilvano-marina-pescara\\\/#breadcrumb\",\"itemListElement\":[{\"@type\":\"ListItem\",\"position\":1,\"name\":\"Home\",\"item\":\"https:\\\/\\\/www.hotelcityabruzzo.com\\\/de\\\/\"},{\"@type\":\"ListItem\",\"position\":2,\"name\":\"Restaurant\"}]},{\"@type\":\"WebSite\",\"@id\":\"https:\\\/\\\/www.hotelcityabruzzo.com\\\/#website\",\"url\":\"https:\\\/\\\/www.hotelcityabruzzo.com\\\/\",\"name\":\"Hotel City\",\"description\":\"La Tua Vacanza in Abruzzo\",\"publisher\":{\"@id\":\"https:\\\/\\\/www.hotelcityabruzzo.com\\\/#organization\"},\"potentialAction\":[{\"@type\":\"SearchAction\",\"target\":{\"@type\":\"EntryPoint\",\"urlTemplate\":\"https:\\\/\\\/www.hotelcityabruzzo.com\\\/?s={search_term_string}\"},\"query-input\":{\"@type\":\"PropertyValueSpecification\",\"valueRequired\":true,\"valueName\":\"search_term_string\"}}],\"inLanguage\":\"de\"},{\"@type\":\"Organization\",\"@id\":\"https:\\\/\\\/www.hotelcityabruzzo.com\\\/#organization\",\"name\":\"Hotel City\",\"url\":\"https:\\\/\\\/www.hotelcityabruzzo.com\\\/\",\"logo\":{\"@type\":\"ImageObject\",\"inLanguage\":\"de\",\"@id\":\"https:\\\/\\\/www.hotelcityabruzzo.com\\\/#\\\/schema\\\/logo\\\/image\\\/\",\"url\":\"https:\\\/\\\/www.hotelcityabruzzo.com\\\/wp-content\\\/uploads\\\/2018\\\/10\\\/logocity-reviews.png\",\"contentUrl\":\"https:\\\/\\\/www.hotelcityabruzzo.com\\\/wp-content\\\/uploads\\\/2018\\\/10\\\/logocity-reviews.png\",\"width\":538,\"height\":538,\"caption\":\"Hotel City\"},\"image\":{\"@id\":\"https:\\\/\\\/www.hotelcityabruzzo.com\\\/#\\\/schema\\\/logo\\\/image\\\/\"},\"sameAs\":[\"https:\\\/\\\/www.facebook.com\\\/HotelCityAbruzzo\",\"https:\\\/\\\/www.instagram.com\\\/hotelcitymontesilvano\\\/\"]}]}<\/script>\n<!-- \/ Yoast SEO plugin. -->","yoast_head_json":{"title":"4-Sterne-Hotel Montesilvano Marina Pescara | Hotel City Abruzzo","description":"4-Sterne-Hotel Montesilvano Marina Pescara: Im Hotel City verbindet sich die beste kulinarische Kunst der Abruzzen mit einer gro\u00dfen Auswahl, die jeden zufriedenstellt","robots":{"index":"index","follow":"follow","max-snippet":"max-snippet:-1","max-image-preview":"max-image-preview:large","max-video-preview":"max-video-preview:-1"},"canonical":"https:\/\/www.hotelcityabruzzo.com\/de\/4-sterne-hotel-montesilvano-marina-pescara\/","og_locale":"de_DE","og_type":"article","og_title":"4-Sterne-Hotel Montesilvano Marina Pescara | Hotel City Abruzzo","og_description":"4-Sterne-Hotel Montesilvano Marina Pescara: Im Hotel City verbindet sich die beste kulinarische Kunst der Abruzzen mit einer gro\u00dfen Auswahl, die jeden zufriedenstellt","og_url":"https:\/\/www.hotelcityabruzzo.com\/de\/4-sterne-hotel-montesilvano-marina-pescara\/","og_site_name":"Hotel City","article_publisher":"https:\/\/www.facebook.com\/HotelCityAbruzzo","article_modified_time":"2026-02-27T08:49:17+00:00","twitter_card":"summary_large_image","twitter_misc":{"Gesch\u00e4tzte Lesezeit":"2\u00a0Minuten"},"schema":{"@context":"https:\/\/schema.org","@graph":[{"@type":"WebPage","@id":"https:\/\/www.hotelcityabruzzo.com\/de\/4-sterne-hotel-montesilvano-marina-pescara\/","url":"https:\/\/www.hotelcityabruzzo.com\/de\/4-sterne-hotel-montesilvano-marina-pescara\/","name":"4-Sterne-Hotel Montesilvano Marina Pescara | Hotel City Abruzzo","isPartOf":{"@id":"https:\/\/www.hotelcityabruzzo.com\/#website"},"datePublished":"2025-04-07T11:36:57+00:00","dateModified":"2026-02-27T08:49:17+00:00","description":"4-Sterne-Hotel Montesilvano Marina Pescara: Im Hotel City verbindet sich die beste kulinarische Kunst der Abruzzen mit einer gro\u00dfen Auswahl, die jeden zufriedenstellt","breadcrumb":{"@id":"https:\/\/www.hotelcityabruzzo.com\/de\/4-sterne-hotel-montesilvano-marina-pescara\/#breadcrumb"},"inLanguage":"de","potentialAction":[{"@type":"ReadAction","target":["https:\/\/www.hotelcityabruzzo.com\/de\/4-sterne-hotel-montesilvano-marina-pescara\/"]}]},{"@type":"BreadcrumbList","@id":"https:\/\/www.hotelcityabruzzo.com\/de\/4-sterne-hotel-montesilvano-marina-pescara\/#breadcrumb","itemListElement":[{"@type":"ListItem","position":1,"name":"Home","item":"https:\/\/www.hotelcityabruzzo.com\/de\/"},{"@type":"ListItem","position":2,"name":"Restaurant"}]},{"@type":"WebSite","@id":"https:\/\/www.hotelcityabruzzo.com\/#website","url":"https:\/\/www.hotelcityabruzzo.com\/","name":"Hotel City","description":"La Tua Vacanza in Abruzzo","publisher":{"@id":"https:\/\/www.hotelcityabruzzo.com\/#organization"},"potentialAction":[{"@type":"SearchAction","target":{"@type":"EntryPoint","urlTemplate":"https:\/\/www.hotelcityabruzzo.com\/?s={search_term_string}"},"query-input":{"@type":"PropertyValueSpecification","valueRequired":true,"valueName":"search_term_string"}}],"inLanguage":"de"},{"@type":"Organization","@id":"https:\/\/www.hotelcityabruzzo.com\/#organization","name":"Hotel City","url":"https:\/\/www.hotelcityabruzzo.com\/","logo":{"@type":"ImageObject","inLanguage":"de","@id":"https:\/\/www.hotelcityabruzzo.com\/#\/schema\/logo\/image\/","url":"https:\/\/www.hotelcityabruzzo.com\/wp-content\/uploads\/2018\/10\/logocity-reviews.png","contentUrl":"https:\/\/www.hotelcityabruzzo.com\/wp-content\/uploads\/2018\/10\/logocity-reviews.png","width":538,"height":538,"caption":"Hotel City"},"image":{"@id":"https:\/\/www.hotelcityabruzzo.com\/#\/schema\/logo\/image\/"},"sameAs":["https:\/\/www.facebook.com\/HotelCityAbruzzo","https:\/\/www.instagram.com\/hotelcitymontesilvano\/"]}]}},"_links":{"self":[{"href":"https:\/\/www.hotelcityabruzzo.com\/de\/wp-json\/wp\/v2\/pages\/16381","targetHints":{"allow":["GET"]}}],"collection":[{"href":"https:\/\/www.hotelcityabruzzo.com\/de\/wp-json\/wp\/v2\/pages"}],"about":[{"href":"https:\/\/www.hotelcityabruzzo.com\/de\/wp-json\/wp\/v2\/types\/page"}],"author":[{"embeddable":true,"href":"https:\/\/www.hotelcityabruzzo.com\/de\/wp-json\/wp\/v2\/users\/2"}],"replies":[{"embeddable":true,"href":"https:\/\/www.hotelcityabruzzo.com\/de\/wp-json\/wp\/v2\/comments?post=16381"}],"version-history":[{"count":4,"href":"https:\/\/www.hotelcityabruzzo.com\/de\/wp-json\/wp\/v2\/pages\/16381\/revisions"}],"predecessor-version":[{"id":16396,"href":"https:\/\/www.hotelcityabruzzo.com\/de\/wp-json\/wp\/v2\/pages\/16381\/revisions\/16396"}],"wp:attachment":[{"href":"https:\/\/www.hotelcityabruzzo.com\/de\/wp-json\/wp\/v2\/media?parent=16381"}],"curies":[{"name":"wp","href":"https:\/\/api.w.org\/{rel}","templated":true}]}}