{"id":16362,"date":"2025-04-09T09:45:41","date_gmt":"2025-04-09T09:45:41","guid":{"rendered":"https:\/\/www.hotelcityabruzzo.com\/hotel-4-stelle-con-piscina-montesilvano-pescara\/"},"modified":"2026-02-26T10:00:07","modified_gmt":"2026-02-26T10:00:07","slug":"hotel-4-sterne-mit-pool-montesilvano-pescara","status":"publish","type":"page","link":"https:\/\/www.hotelcityabruzzo.com\/de\/hotel-4-sterne-mit-pool-montesilvano-pescara\/","title":{"rendered":"Schwimmbad"},"content":{"rendered":"<div class=\"wpb-content-wrapper\"><p>[vc_row full_width=&#8221;stretch_row&#8221; content_placement=&#8221;middle&#8221; css=&#8221;.vc_custom_1744619001692{margin-bottom: 30px !important;background-color: #E6E6E6 !important;}&#8221;][vc_column width=&#8221;1\/2&#8243; el_class=&#8221;milenia-color&#8211;black&#8221;]<!--================ Section Heading ================-->\n<script>\n    (function($){\n        'use strict';\n\n        if(!$) return;\n\n        $(function(){\n            if(window.appear) {\n                appear({\n                    elements: function(){\n                        return document.querySelectorAll('#vc-milenia-section-heading-68fbe29e9515d5facf4d8c85bd90df50-1776846333643645567');\n                    },\n                    appear: function(element) {\n                        var $el = $(element);\n                        $el.addClass('milenia-visible').addClass($el.data('animation'));\n                    },\n                    reappear: false,\n                    bounds: -200\n                });\n            }\n        });\n    })(window.jQuery);\n<\/script>\n<div id=\"vc-milenia-section-heading-68fbe29e9515d5facf4d8c85bd90df50-1776846333643645567\" class=\"milenia-section-heading text-left vc_custom_1772099886444 milenia-visible\" data-animation=\"none\">\n    \n    <h2 class=\"milenia-section-title milenia-font--first-accented\" style=\"font-size: 50px;line-height: 43px;text-transform: none;font-style: normal;font-weight: 400;\">Ihr Paradies f\u00fcr Entspannung im Hotel City Montesilvano<\/h2>\n\n    \n<\/div>\n<!--================ End of Section Heading ================-->\n[vc_custom_heading text=&#8221;ENTDECKEN SIE DEN PERFEKTEN ORT ZUM ABK\u00dcHLEN, ENTSPANNEN UND F\u00dcR EIN EINZIGARTIGES ERLEBNIS!&#8221; font_container=&#8221;tag:div|font_size:18px|text_align:left|color:%2333879F|line_height:30px&#8221; google_fonts=&#8221;font_family:Open%20Sans%3A300%2C300italic%2Cregular%2Citalic%2C600%2C600italic%2C700%2C700italic%2C800%2C800italic|font_style:700%20bold%20regular%3A700%3Anormal&#8221; css=&#8221;.vc_custom_1772099897641{margin-bottom: 20px !important;}&#8221;][vc_column_text css=&#8221;&#8221;]<\/p>\n<div class=\"Y3BBE\" data-sfc-cp=\"\" data-hveid=\"CAEIBhAA\" data-processed=\"true\">\n<div class=\"Y3BBE\" data-sfc-cp=\"\" data-hveid=\"CAEIJhAA\" data-processed=\"true\">Lassen Sie sich von Wohlbefinden und Unbeschwertheit umh\u00fcllen. Unser Pool ist der ideale R\u00fcckzugsort f\u00fcr alle, die das Blau des Meeres mit der absoluten Entspannung in kristallklarem Wasser abwechseln m\u00f6chten.<button class=\"rBl3me\" tabindex=\"0\" data-amic=\"true\" data-icl-uuid=\"2f065475-19b6-44bb-b667-d9e74354abf2\" aria-label=\"Visualizza link correlati\" data-wiz-attrbind=\"disabled=vnpoac_5f\/C5gNJc;aria-label=vnpoac_5f\/bOjMyf;class=vnpoac_5f\/UpSNec\" data-ved=\"2ahUKEwjzt_yU8PaSAxXT3AIHHZh9NvYQye0OegYIAQgmEAE\"><\/button><\/div>\n<div class=\"Y3BBE\" data-sfc-cp=\"\" data-hveid=\"CAEIJxAA\" data-processed=\"true\">Das Hotel City bietet einen herrlichen Swimmingpool, der in zwei Bereiche unterteilt ist: ein gr\u00f6\u00dferes und tieferes Becken f\u00fcr Momente des reinen Vergn\u00fcgens und erfrischendes Schwimmen sowie ein kleineres, sicheres Becken, ideal f\u00fcr den Spa\u00df der Kinder \u2013 stets unter den wachsamen Augen von Mama und Papa.<button class=\"rBl3me\" tabindex=\"0\" data-amic=\"true\" data-icl-uuid=\"c324f22f-a1f4-4798-a57a-e4b91bbef2f6\" aria-label=\"Visualizza link correlati\" data-wiz-attrbind=\"disabled=vnpoac_5j\/C5gNJc;aria-label=vnpoac_5j\/bOjMyf;class=vnpoac_5j\/UpSNec\" data-ved=\"2ahUKEwjzt_yU8PaSAxXT3AIHHZh9NvYQye0OegYIAQgnEAE\"><\/button><\/div>\n<div class=\"Y3BBE\" data-sfc-cp=\"\" data-hveid=\"CAEIKBAA\" data-processed=\"true\">In unserem Solarium finden Sie Liegest\u00fchle und Sonnenschirme f\u00fcr Stunden des s\u00fc\u00dfen Nichtstuns, oder Sie machen es sich auf den weichen Sofas der Lounge bequem, um ein Getr\u00e4nk zu genie\u00dfen und gesellige Momente zu erleben.<button class=\"rBl3me\" tabindex=\"0\" data-amic=\"true\" data-icl-uuid=\"f6d2da51-8ddd-4218-91e0-9df6932f1655\" aria-label=\"Visualizza link correlati\" data-wiz-attrbind=\"disabled=vnpoac_5n\/C5gNJc;aria-label=vnpoac_5n\/bOjMyf;class=vnpoac_5n\/UpSNec\" data-ved=\"2ahUKEwjzt_yU8PaSAxXT3AIHHZh9NvYQye0OegYIAQgoEAE\"><\/button><\/div>\n<div class=\"Y3BBE\" data-sfc-cp=\"\" data-hveid=\"CAEIKRAA\" data-processed=\"true\">Und um Ihr Erlebnis noch spezieller zu machen, steht Ihnen unsere Bar jederzeit mit einer Auswahl an Softdrinks, Kindergetr\u00e4nken, Smoothies und Granitas zur Verf\u00fcgung \u2013 f\u00fcr erfrischenden Genuss!<button class=\"rBl3me\" tabindex=\"0\" data-amic=\"true\" data-icl-uuid=\"0109bd97-6d07-4bdd-a506-8ff44734c8d4\" aria-label=\"Visualizza link correlati\" data-wiz-attrbind=\"disabled=vnpoac_5r\/C5gNJc;aria-label=vnpoac_5r\/bOjMyf;class=vnpoac_5r\/UpSNec\" data-ved=\"2ahUKEwjzt_yU8PaSAxXT3AIHHZh9NvYQye0OegYIAQgpEAE\"><\/button><\/div>\n<div class=\"Y3BBE\" data-sfc-cp=\"\" data-hveid=\"CAEIKhAA\" data-processed=\"true\" aria-owns=\"action-menu-parent-container\">Kommen Sie und entdecken Sie die Sch\u00f6nheit eines Aufenthalts, bei dem jedes Detail f\u00fcr Ihr Wohlbefinden geplant wurde.<\/div>\n<\/div>\n<p>[\/vc_column_text][\/vc_column][vc_column width=&#8221;1\/2&#8243;][vc_single_image image=&#8221;16367&#8243; img_size=&#8221;900&#215;1200&#8243; css=&#8221;&#8221;][\/vc_column][\/vc_row][vc_row css=&#8221;.vc_custom_1742470212259{padding-top: 0px !important;padding-bottom: 30px !important;}&#8221;][vc_column][vc_empty_space height=&#8221;70px&#8221;]<!--================ Section Heading ================-->\n<script>\n    (function($){\n        'use strict';\n\n        if(!$) return;\n\n        $(function(){\n            if(window.appear) {\n                appear({\n                    elements: function(){\n                        return document.querySelectorAll('#vc-milenia-section-heading-c1541d0b7e96f9576eb01fc75040ece2-17768463332061404471');\n                    },\n                    appear: function(element) {\n                        var $el = $(element);\n                        $el.addClass('milenia-visible').addClass($el.data('animation'));\n                    },\n                    reappear: false,\n                    bounds: -200\n                });\n            }\n        });\n    })(window.jQuery);\n<\/script>\n<div id=\"vc-milenia-section-heading-c1541d0b7e96f9576eb01fc75040ece2-17768463332061404471\" class=\"milenia-section-heading text-center vc_custom_1772099931388 milenia-visible\" data-animation=\"none\">\n    \n    <h2 class=\"milenia-section-title milenia-font--first-accented\" style=\"font-size: 50px;line-height: 43px;text-transform: none;font-style: normal;font-weight: 400;\">Einzigartige Vorteile<\/h2>\n\n    \n<\/div>\n<!--================ End of Section Heading ================-->\n[vc_empty_space height=&#8221;20px&#8221;]<!--================ Info Boxes ================-->\n<script>\n    (function($){\n        'use strict';\n\n        if(!$) return;\n\n        $(function(){\n            var $container = $('#vc-milenia-info-boxes-593c5ca13b5988a7db3f0089c89e6e54-17768463332119271277'),\n                $dynamicBgElements,\n                $carousels;\n\n            if(!$container.length) return;\n\n            if(window.appear) {\n                appear({\n                    elements: function(){\n                        return document.querySelectorAll('#vc-milenia-info-boxes-593c5ca13b5988a7db3f0089c89e6e54-17768463332119271277');\n                    },\n                    appear: function(element) {\n                        var $el = $(element);\n                        $el.addClass('milenia-visible').addClass($el.data('animation'));\n                    },\n                    reappear: false,\n                    bounds: -200\n                });\n            }\n\n            if(window.Milenia && window.Milenia.LinkUnderliner) {\n                window.Milenia.LinkUnderliner.init($container.find('a'));\n            }\n\n            if(window.Milenia && window.Milenia.helpers &&  window.Milenia.helpers.dynamicBgImage) {\n                $dynamicBgElements = $container.find('[data-bg-image-src]');\n                if($dynamicBgElements.length) window.Milenia.helpers.dynamicBgImage($dynamicBgElements);\n            }\n\n            if($.fn.owlCarousel) {\n                $carousels = $container.find('.milenia-simple-slideshow--shortcode');\n\n                if($carousels.length) {\n                    if(window.Milenia && window.Milenia.helpers && window.Milenia.helpers.owlSettings) {\n\n                        $carousels.jQueryImagesLoaded().then(function(){\n                                $carousels.each(function(i,e) {\n                                    $(e).owlCarousel(window.Milenia.helpers.owlSettings({\n                                        margin: 1,\n                                        loop: true,\n                                        autoplay: $(e).hasClass('milenia-simple-slideshow--autoplay')\n                                    }));\n                                });\n                        });\n\n                    }\n                    else {\n                        $carousels.owlCarousel({\n                            items: 1\n                        });\n                    }\n                }\n            }\n        });\n    })(window.jQuery);\n<\/script>\n\n<div id=\"vc-milenia-info-boxes-593c5ca13b5988a7db3f0089c89e6e54-17768463332119271277\" class=\"milenia-entities milenia-entities--style-2 milenia-entities--unreverse  milenia-entities--title-reduced milenia-visible\" data-animation=\"none\">\n    <div class=\"milenia-grid milenia-grid--cols-3 milenia-grid--gutters\">\n        <!--================ Info Boxes Item ================-->\n<div class=\"milenia-grid-item\">\n    <article class=\"milenia-entity milenia-entity--scheme-primary\">\n        <div data-bg-image-src=\"https:\/\/www.hotelcityabruzzo.com\/wp-content\/uploads\/2018\/10\/hotel-montesilvano-all-inclusive-con-open-bar.png\" style=\"background-image: url(https:\/\/www.hotelcityabruzzo.com\/wp-content\/uploads\/2018\/10\/hotel-montesilvano-all-inclusive-con-open-bar.png)\" class=\"milenia-entity-media\"><\/div>\n\n\n        <div class=\"milenia-entity-content milenia-aligner\">\n            <div class=\"milenia-aligner-outer\">\n                <div class=\"milenia-aligner-inner\">\n                    <header class=\"milenia-entity-header\">\n                        \n                        <h2 class=\"milenia-entity-title\">Open Bar<\/h2>\n\n                    <\/header>\n                    <div class=\"milenia-entity-body\"><p>Genie\u00dfen Sie jederzeit ein erfrischendes Getr\u00e4nk dank unseres inklusiven Serviceangebots. Ein exklusiver Komfort, der Sie den ganzen Tag \u00fcber begleitet.<\/p>\n<\/div>\n\n                    \n                <\/div>\n            <\/div>\n        <\/div>\n    <\/article>\n<\/div>\n<!--================ End of Info Boxes Item ================-->\n\r\n<!--================ Info Boxes Item ================-->\n<div class=\"milenia-grid-item\">\n    <article class=\"milenia-entity milenia-entity--scheme-primary\">\n        <div data-bg-image-src=\"https:\/\/www.hotelcityabruzzo.com\/wp-content\/uploads\/2018\/10\/18-1.jpg\" style=\"background-image: url(https:\/\/www.hotelcityabruzzo.com\/wp-content\/uploads\/2018\/10\/18-1.jpg)\" class=\"milenia-entity-media\"><\/div>\n\n\n        <div class=\"milenia-entity-content milenia-aligner\">\n            <div class=\"milenia-aligner-outer\">\n                <div class=\"milenia-aligner-inner\">\n                    <header class=\"milenia-entity-header\">\n                        \n                        <h2 class=\"milenia-entity-title\">Aperitifs bei Sonnenuntergang<\/h2>\n\n                    <\/header>\n                    <div class=\"milenia-entity-body\"><p>Ein Drink in der goldenen Atmosph\u00e4re des Sonnenuntergangs ist ein Ritual, das jeden Abend in ein unvergessliches Erlebnis verwandelt.<\/p>\n<\/div>\n\n                    \n                <\/div>\n            <\/div>\n        <\/div>\n    <\/article>\n<\/div>\n<!--================ End of Info Boxes Item ================-->\n\r\n<!--================ Info Boxes Item ================-->\n<div class=\"milenia-grid-item\">\n    <article class=\"milenia-entity milenia-entity--scheme-primary\">\n        <div data-bg-image-src=\"https:\/\/www.hotelcityabruzzo.com\/wp-content\/uploads\/2018\/10\/1-2.jpg\" style=\"background-image: url(https:\/\/www.hotelcityabruzzo.com\/wp-content\/uploads\/2018\/10\/1-2.jpg)\" class=\"milenia-entity-media\"><\/div>\n\n\n        <div class=\"milenia-entity-content milenia-aligner\">\n            <div class=\"milenia-aligner-outer\">\n                <div class=\"milenia-aligner-inner\">\n                    <header class=\"milenia-entity-header\">\n                        \n                        <h2 class=\"milenia-entity-title\">Spiel und Spa\u00df f\u00fcr die ganze Familie<\/h2>\n\n                    <\/header>\n                    \n                    \n                <\/div>\n            <\/div>\n        <\/div>\n    <\/article>\n<\/div>\n<!--================ End of Info Boxes Item ================-->\n\n    <\/div>\n<\/div>\n<!--================ End of Info Boxes ================-->\n[vc_empty_space height=&#8221;20px&#8221;][\/vc_column][\/vc_row][vc_row full_width=&#8221;stretch_row&#8221; full_height=&#8221;yes&#8221; equal_height=&#8221;yes&#8221; content_placement=&#8221;middle&#8221; css=&#8221;.vc_custom_1744618993489{background-color: #E6E6E6 !important;}&#8221;][vc_column]<!--================ Section Heading ================-->\n<script>\n    (function($){\n        'use strict';\n\n        if(!$) return;\n\n        $(function(){\n            if(window.appear) {\n                appear({\n                    elements: function(){\n                        return document.querySelectorAll('#vc-milenia-section-heading-d35d2148dbb03a45b035e240f91f51fb-177684633338465566');\n                    },\n                    appear: function(element) {\n                        var $el = $(element);\n                        $el.addClass('milenia-visible').addClass($el.data('animation'));\n                    },\n                    reappear: false,\n                    bounds: -200\n                });\n            }\n        });\n    })(window.jQuery);\n<\/script>\n<div id=\"vc-milenia-section-heading-d35d2148dbb03a45b035e240f91f51fb-177684633338465566\" class=\"milenia-section-heading text-center vc_custom_1772099506044 milenia-visible\" data-animation=\"none\">\n    \n    <h2 class=\"milenia-section-title milenia-font--first-accented\" style=\"font-size: 50px;line-height: 43px;text-transform: none;font-style: normal;font-weight: 400;\">Visual Experience<\/h2>\n\n    \n<\/div>\n<!--================ End of Section Heading ================-->\n[vc_empty_space height=&#8221;20px&#8221;][vc_raw_html css=&#8221;&#8221;]JTVCZm9vZ2FsbGVyeSUyMGlkJTNEJTIyMTYwMzElMjIlNUQ=[\/vc_raw_html][\/vc_column][\/vc_row]<\/p>\n<\/div>","protected":false},"excerpt":{"rendered":"<p>[vc_row full_width=&#8221;stretch_row&#8221; content_placement=&#8221;middle&#8221; css=&#8221;.vc_custom_1744619001692{margin-bottom: 30px !important;background-color: #E6E6E6 !important;}&#8221;][vc_column width=&#8221;1\/2&#8243; el_class=&#8221;milenia-color&#8211;black&#8221;][vc_custom_heading text=&#8221;ENTDECKEN SIE DEN PERFEKTEN ORT ZUM ABK\u00dcHLEN, ENTSPANNEN&#8230;<\/p>\n","protected":false},"author":2,"featured_media":0,"parent":0,"menu_order":0,"comment_status":"closed","ping_status":"closed","template":"","meta":{"footnotes":""},"class_list":["post-16362","page","type-page","status-publish","hentry"],"yoast_head":"<!-- This site is optimized with the Yoast SEO plugin v27.4 - https:\/\/yoast.com\/product\/yoast-seo-wordpress\/ -->\n<title>4-Sterne-Hotel mit Pool Montesilvano Pescara<\/title>\n<meta name=\"description\" content=\"4-Sterne-Hotel mit Pool Montesilvano Pescara. Das Hotel verf\u00fcgt \u00fcber einen Pool f\u00fcr Erwachsene und einen f\u00fcr Kinder, einen Solariumbereich mit Liegen und eine Lounge-Area.\" \/>\n<meta name=\"robots\" content=\"index, follow, max-snippet:-1, max-image-preview:large, max-video-preview:-1\" \/>\n<link rel=\"canonical\" href=\"https:\/\/www.hotelcityabruzzo.com\/de\/hotel-4-sterne-mit-pool-montesilvano-pescara\/\" \/>\n<meta property=\"og:locale\" content=\"de_DE\" \/>\n<meta property=\"og:type\" content=\"article\" \/>\n<meta property=\"og:title\" content=\"4-Sterne-Hotel mit Pool Montesilvano Pescara\" \/>\n<meta property=\"og:description\" content=\"4-Sterne-Hotel mit Pool Montesilvano Pescara. Das Hotel verf\u00fcgt \u00fcber einen Pool f\u00fcr Erwachsene und einen f\u00fcr Kinder, einen Solariumbereich mit Liegen und eine Lounge-Area.\" \/>\n<meta property=\"og:url\" content=\"https:\/\/www.hotelcityabruzzo.com\/de\/hotel-4-sterne-mit-pool-montesilvano-pescara\/\" \/>\n<meta property=\"og:site_name\" content=\"Hotel City\" \/>\n<meta property=\"article:publisher\" content=\"https:\/\/www.facebook.com\/HotelCityAbruzzo\" \/>\n<meta property=\"article:modified_time\" content=\"2026-02-26T10:00:07+00:00\" \/>\n<meta name=\"twitter:card\" content=\"summary_large_image\" \/>\n<meta name=\"twitter:label1\" content=\"Gesch\u00e4tzte Lesezeit\" \/>\n\t<meta name=\"twitter:data1\" content=\"2\u00a0Minuten\" \/>\n<script type=\"application\/ld+json\" class=\"yoast-schema-graph\">{\"@context\":\"https:\\\/\\\/schema.org\",\"@graph\":[{\"@type\":\"WebPage\",\"@id\":\"https:\\\/\\\/www.hotelcityabruzzo.com\\\/de\\\/hotel-4-sterne-mit-pool-montesilvano-pescara\\\/\",\"url\":\"https:\\\/\\\/www.hotelcityabruzzo.com\\\/de\\\/hotel-4-sterne-mit-pool-montesilvano-pescara\\\/\",\"name\":\"4-Sterne-Hotel mit Pool Montesilvano Pescara\",\"isPartOf\":{\"@id\":\"https:\\\/\\\/www.hotelcityabruzzo.com\\\/#website\"},\"datePublished\":\"2025-04-09T09:45:41+00:00\",\"dateModified\":\"2026-02-26T10:00:07+00:00\",\"description\":\"4-Sterne-Hotel mit Pool Montesilvano Pescara. Das Hotel verf\u00fcgt \u00fcber einen Pool f\u00fcr Erwachsene und einen f\u00fcr Kinder, einen Solariumbereich mit Liegen und eine Lounge-Area.\",\"breadcrumb\":{\"@id\":\"https:\\\/\\\/www.hotelcityabruzzo.com\\\/de\\\/hotel-4-sterne-mit-pool-montesilvano-pescara\\\/#breadcrumb\"},\"inLanguage\":\"de\",\"potentialAction\":[{\"@type\":\"ReadAction\",\"target\":[\"https:\\\/\\\/www.hotelcityabruzzo.com\\\/de\\\/hotel-4-sterne-mit-pool-montesilvano-pescara\\\/\"]}]},{\"@type\":\"BreadcrumbList\",\"@id\":\"https:\\\/\\\/www.hotelcityabruzzo.com\\\/de\\\/hotel-4-sterne-mit-pool-montesilvano-pescara\\\/#breadcrumb\",\"itemListElement\":[{\"@type\":\"ListItem\",\"position\":1,\"name\":\"Home\",\"item\":\"https:\\\/\\\/www.hotelcityabruzzo.com\\\/de\\\/\"},{\"@type\":\"ListItem\",\"position\":2,\"name\":\"Schwimmbad\"}]},{\"@type\":\"WebSite\",\"@id\":\"https:\\\/\\\/www.hotelcityabruzzo.com\\\/#website\",\"url\":\"https:\\\/\\\/www.hotelcityabruzzo.com\\\/\",\"name\":\"Hotel City\",\"description\":\"La Tua Vacanza in Abruzzo\",\"publisher\":{\"@id\":\"https:\\\/\\\/www.hotelcityabruzzo.com\\\/#organization\"},\"potentialAction\":[{\"@type\":\"SearchAction\",\"target\":{\"@type\":\"EntryPoint\",\"urlTemplate\":\"https:\\\/\\\/www.hotelcityabruzzo.com\\\/?s={search_term_string}\"},\"query-input\":{\"@type\":\"PropertyValueSpecification\",\"valueRequired\":true,\"valueName\":\"search_term_string\"}}],\"inLanguage\":\"de\"},{\"@type\":\"Organization\",\"@id\":\"https:\\\/\\\/www.hotelcityabruzzo.com\\\/#organization\",\"name\":\"Hotel City\",\"url\":\"https:\\\/\\\/www.hotelcityabruzzo.com\\\/\",\"logo\":{\"@type\":\"ImageObject\",\"inLanguage\":\"de\",\"@id\":\"https:\\\/\\\/www.hotelcityabruzzo.com\\\/#\\\/schema\\\/logo\\\/image\\\/\",\"url\":\"https:\\\/\\\/www.hotelcityabruzzo.com\\\/wp-content\\\/uploads\\\/2018\\\/10\\\/logocity-reviews.png\",\"contentUrl\":\"https:\\\/\\\/www.hotelcityabruzzo.com\\\/wp-content\\\/uploads\\\/2018\\\/10\\\/logocity-reviews.png\",\"width\":538,\"height\":538,\"caption\":\"Hotel City\"},\"image\":{\"@id\":\"https:\\\/\\\/www.hotelcityabruzzo.com\\\/#\\\/schema\\\/logo\\\/image\\\/\"},\"sameAs\":[\"https:\\\/\\\/www.facebook.com\\\/HotelCityAbruzzo\",\"https:\\\/\\\/www.instagram.com\\\/hotelcitymontesilvano\\\/\"]}]}<\/script>\n<!-- \/ Yoast SEO plugin. -->","yoast_head_json":{"title":"4-Sterne-Hotel mit Pool Montesilvano Pescara","description":"4-Sterne-Hotel mit Pool Montesilvano Pescara. Das Hotel verf\u00fcgt \u00fcber einen Pool f\u00fcr Erwachsene und einen f\u00fcr Kinder, einen Solariumbereich mit Liegen und eine Lounge-Area.","robots":{"index":"index","follow":"follow","max-snippet":"max-snippet:-1","max-image-preview":"max-image-preview:large","max-video-preview":"max-video-preview:-1"},"canonical":"https:\/\/www.hotelcityabruzzo.com\/de\/hotel-4-sterne-mit-pool-montesilvano-pescara\/","og_locale":"de_DE","og_type":"article","og_title":"4-Sterne-Hotel mit Pool Montesilvano Pescara","og_description":"4-Sterne-Hotel mit Pool Montesilvano Pescara. Das Hotel verf\u00fcgt \u00fcber einen Pool f\u00fcr Erwachsene und einen f\u00fcr Kinder, einen Solariumbereich mit Liegen und eine Lounge-Area.","og_url":"https:\/\/www.hotelcityabruzzo.com\/de\/hotel-4-sterne-mit-pool-montesilvano-pescara\/","og_site_name":"Hotel City","article_publisher":"https:\/\/www.facebook.com\/HotelCityAbruzzo","article_modified_time":"2026-02-26T10:00:07+00:00","twitter_card":"summary_large_image","twitter_misc":{"Gesch\u00e4tzte Lesezeit":"2\u00a0Minuten"},"schema":{"@context":"https:\/\/schema.org","@graph":[{"@type":"WebPage","@id":"https:\/\/www.hotelcityabruzzo.com\/de\/hotel-4-sterne-mit-pool-montesilvano-pescara\/","url":"https:\/\/www.hotelcityabruzzo.com\/de\/hotel-4-sterne-mit-pool-montesilvano-pescara\/","name":"4-Sterne-Hotel mit Pool Montesilvano Pescara","isPartOf":{"@id":"https:\/\/www.hotelcityabruzzo.com\/#website"},"datePublished":"2025-04-09T09:45:41+00:00","dateModified":"2026-02-26T10:00:07+00:00","description":"4-Sterne-Hotel mit Pool Montesilvano Pescara. Das Hotel verf\u00fcgt \u00fcber einen Pool f\u00fcr Erwachsene und einen f\u00fcr Kinder, einen Solariumbereich mit Liegen und eine Lounge-Area.","breadcrumb":{"@id":"https:\/\/www.hotelcityabruzzo.com\/de\/hotel-4-sterne-mit-pool-montesilvano-pescara\/#breadcrumb"},"inLanguage":"de","potentialAction":[{"@type":"ReadAction","target":["https:\/\/www.hotelcityabruzzo.com\/de\/hotel-4-sterne-mit-pool-montesilvano-pescara\/"]}]},{"@type":"BreadcrumbList","@id":"https:\/\/www.hotelcityabruzzo.com\/de\/hotel-4-sterne-mit-pool-montesilvano-pescara\/#breadcrumb","itemListElement":[{"@type":"ListItem","position":1,"name":"Home","item":"https:\/\/www.hotelcityabruzzo.com\/de\/"},{"@type":"ListItem","position":2,"name":"Schwimmbad"}]},{"@type":"WebSite","@id":"https:\/\/www.hotelcityabruzzo.com\/#website","url":"https:\/\/www.hotelcityabruzzo.com\/","name":"Hotel City","description":"La Tua Vacanza in Abruzzo","publisher":{"@id":"https:\/\/www.hotelcityabruzzo.com\/#organization"},"potentialAction":[{"@type":"SearchAction","target":{"@type":"EntryPoint","urlTemplate":"https:\/\/www.hotelcityabruzzo.com\/?s={search_term_string}"},"query-input":{"@type":"PropertyValueSpecification","valueRequired":true,"valueName":"search_term_string"}}],"inLanguage":"de"},{"@type":"Organization","@id":"https:\/\/www.hotelcityabruzzo.com\/#organization","name":"Hotel City","url":"https:\/\/www.hotelcityabruzzo.com\/","logo":{"@type":"ImageObject","inLanguage":"de","@id":"https:\/\/www.hotelcityabruzzo.com\/#\/schema\/logo\/image\/","url":"https:\/\/www.hotelcityabruzzo.com\/wp-content\/uploads\/2018\/10\/logocity-reviews.png","contentUrl":"https:\/\/www.hotelcityabruzzo.com\/wp-content\/uploads\/2018\/10\/logocity-reviews.png","width":538,"height":538,"caption":"Hotel City"},"image":{"@id":"https:\/\/www.hotelcityabruzzo.com\/#\/schema\/logo\/image\/"},"sameAs":["https:\/\/www.facebook.com\/HotelCityAbruzzo","https:\/\/www.instagram.com\/hotelcitymontesilvano\/"]}]}},"_links":{"self":[{"href":"https:\/\/www.hotelcityabruzzo.com\/de\/wp-json\/wp\/v2\/pages\/16362","targetHints":{"allow":["GET"]}}],"collection":[{"href":"https:\/\/www.hotelcityabruzzo.com\/de\/wp-json\/wp\/v2\/pages"}],"about":[{"href":"https:\/\/www.hotelcityabruzzo.com\/de\/wp-json\/wp\/v2\/types\/page"}],"author":[{"embeddable":true,"href":"https:\/\/www.hotelcityabruzzo.com\/de\/wp-json\/wp\/v2\/users\/2"}],"replies":[{"embeddable":true,"href":"https:\/\/www.hotelcityabruzzo.com\/de\/wp-json\/wp\/v2\/comments?post=16362"}],"version-history":[{"count":5,"href":"https:\/\/www.hotelcityabruzzo.com\/de\/wp-json\/wp\/v2\/pages\/16362\/revisions"}],"predecessor-version":[{"id":16377,"href":"https:\/\/www.hotelcityabruzzo.com\/de\/wp-json\/wp\/v2\/pages\/16362\/revisions\/16377"}],"wp:attachment":[{"href":"https:\/\/www.hotelcityabruzzo.com\/de\/wp-json\/wp\/v2\/media?parent=16362"}],"curies":[{"name":"wp","href":"https:\/\/api.w.org\/{rel}","templated":true}]}}