{"id":16326,"date":"2025-03-11T12:11:24","date_gmt":"2025-03-11T12:11:24","guid":{"rendered":"https:\/\/www.hotelcityabruzzo.com\/hotel-4-stelle-montesilvano-marina\/"},"modified":"2026-02-26T09:29:32","modified_gmt":"2026-02-26T09:29:32","slug":"hotel-4-sterne-montesilvano-marina","status":"publish","type":"page","link":"https:\/\/www.hotelcityabruzzo.com\/de\/hotel-4-sterne-montesilvano-marina\/","title":{"rendered":"Hotel"},"content":{"rendered":"<div class=\"wpb-content-wrapper\"><p>[vc_row full_width=&#8221;stretch_row&#8221; content_placement=&#8221;middle&#8221; css=&#8221;.vc_custom_1748335748061{background-color: #FAF6E9 !important;}&#8221;][vc_column width=&#8221;1\/2&#8243; el_class=&#8221;milenia-color&#8211;black&#8221;]<!--================ Section Heading ================-->\n<script>\n    (function($){\n        'use strict';\n\n        if(!$) return;\n\n        $(function(){\n            if(window.appear) {\n                appear({\n                    elements: function(){\n                        return document.querySelectorAll('#vc-milenia-section-heading-48e4925e8d39a41bc9d3b709c3cc549a-1778328968509010852');\n                    },\n                    appear: function(element) {\n                        var $el = $(element);\n                        $el.addClass('milenia-visible').addClass($el.data('animation'));\n                    },\n                    reappear: false,\n                    bounds: -200\n                });\n            }\n        });\n    })(window.jQuery);\n<\/script>\n<div id=\"vc-milenia-section-heading-48e4925e8d39a41bc9d3b709c3cc549a-1778328968509010852\" class=\"milenia-section-heading text-left vc_custom_1772098046852 milenia-visible\" data-animation=\"none\">\n    \n    <h2 class=\"milenia-section-title milenia-font--first-accented\" style=\"font-size: 50px;line-height: 43px;text-transform: none;font-style: normal;font-weight: 400;\">4 Sterne nur wenige Schritte vom Meer entfernt<\/h2>\n\n    \n<\/div>\n<!--================ End of Section Heading ================-->\n[vc_custom_heading text=&#8221;WILLKOMMEN IM HOTEL CITY, WO JEDER AUFENTHALT ZU EINEM EMOTIONALEN ERLEBNIS WIRD&#8221; font_container=&#8221;tag:div|font_size:18px|text_align:left|color:%2333879F|line_height:30px&#8221; google_fonts=&#8221;font_family:Open%20Sans%3A300%2C300italic%2Cregular%2Citalic%2C600%2C600italic%2C700%2C700italic%2C800%2C800italic|font_style:700%20bold%20regular%3A700%3Anormal&#8221; css=&#8221;.vc_custom_1772098055048{margin-bottom: 20px !important;}&#8221;][vc_column_text css=&#8221;&#8221;]<\/p>\n<div class=\"Y3BBE\" data-sfc-cp=\"\" data-hveid=\"CAEIIhAA\" data-processed=\"true\">Wir befinden uns in Montesilvano, im Herzen der herrlichen\u00a0<strong class=\"Yjhzub\">Abruzzen-Riviera<\/strong>, nur wenige Schritte vom Meer entfernt! Umh\u00fcllt von einer herzlichen Atmosph\u00e4re klassischer Eleganz, ist unser\u00a0<strong class=\"Yjhzub\">4-Sterne-Hotel<\/strong>\u00a0der ideale Ort, um die Freude an den sch\u00f6nen Dingen wiederzuentdecken. Ob Sie auf Gesch\u00e4ftsreise sind, einen\u00a0<strong class=\"Yjhzub\">romantischen Kurztrip<\/strong>\u00a0suchen oder einen\u00a0<strong class=\"Yjhzub\">Strandurlaub mit der ganzen Familie<\/strong>\u00a0verbringen m\u00f6chten \u2013 hier ist jedes Detail darauf ausgerichtet, dass Sie sich besonders f\u00fchlen.<button class=\"rBl3me\" tabindex=\"0\" data-amic=\"true\" data-icl-uuid=\"facd7a6e-6921-4d08-9824-32c03465bc6f\" aria-label=\"Visualizza link correlati\" data-wiz-attrbind=\"disabled=id81vc_5a\/C5gNJc;aria-label=id81vc_5a\/bOjMyf;class=id81vc_5a\/UpSNec\" data-ved=\"2ahUKEwjA99Kp5PaSAxXT2wIHHW2OG3wQye0OegYIAQgiEAE\"><\/button><\/div>\n<div class=\"Y3BBE\" data-sfc-cp=\"\" data-hveid=\"CAEIIxAA\" data-processed=\"true\">Lassen Sie sich von unserer exklusiven\u00a0<strong class=\"Yjhzub\">All-Inclusive-Formel mit Open Bar<\/strong>\u00a0verw\u00f6hnen, die Ihren Aufenthalt noch unbeschwerter macht. Atmen Sie den Duft der Meeresbrise ein, genie\u00dfen Sie die Sonne auf Ihrer Haut und entdecken Sie eine Ecke der Abruzzen, die Sie verzaubern wird.<button class=\"rBl3me\" tabindex=\"0\" data-amic=\"true\" data-icl-uuid=\"796d2b7d-1844-4014-bdd8-83195db4f6bc\" aria-label=\"Visualizza link correlati\" data-wiz-attrbind=\"disabled=id81vc_5f\/C5gNJc;aria-label=id81vc_5f\/bOjMyf;class=id81vc_5f\/UpSNec\" data-ved=\"2ahUKEwjA99Kp5PaSAxXT2wIHHW2OG3wQye0OegYIAQgjEAE\"><\/button><\/div>\n<div class=\"Y3BBE\" data-sfc-cp=\"\" data-hveid=\"CAEIJBAA\" data-processed=\"true\"><strong class=\"Yjhzub\">Im Hotel City ist Gastfreundschaft zu Hause.<\/strong><br data-sfc-pl=\"|[]\" \/>Unsere Professionalit\u00e4t und die Leidenschaft, die wir t\u00e4glich in unsere Arbeit stecken, stehen Ihnen zur Verf\u00fcgung, um Ihnen ein Erlebnis zu schenken, das Sie im Herzen behalten und mit einem L\u00e4cheln weitersagen werden.<button class=\"rBl3me\" tabindex=\"0\" data-amic=\"true\" data-icl-uuid=\"7fb35bb8-dbcc-4884-8a81-b78f944a8aff\" aria-label=\"Visualizza link correlati\" data-wiz-attrbind=\"disabled=id81vc_5l\/C5gNJc;aria-label=id81vc_5l\/bOjMyf;class=id81vc_5l\/UpSNec\" data-ved=\"2ahUKEwjA99Kp5PaSAxXT2wIHHW2OG3wQye0OegYIAQgkEAE\"><\/button><\/div>\n<div class=\"Y3BBE\" data-sfc-cp=\"\" data-hveid=\"CAEIJRAA\" data-processed=\"true\"><strong class=\"Yjhzub\" aria-owns=\"action-menu-parent-container\">Entscheiden Sie sich f\u00fcr Emotionen. W\u00e4hlen Sie das Hotel City in Montesilvano.<\/strong><\/div>\n<p>[\/vc_column_text][\/vc_column][vc_column width=&#8221;1\/2&#8243;][vc_single_image image=&#8221;16336&#8243; img_size=&#8221;900X1200&#8243; css=&#8221;&#8221;][\/vc_column][\/vc_row][vc_row css=&#8221;.vc_custom_1744617931108{padding-top: 0px !important;padding-bottom: 30px !important;}&#8221;][vc_column][vc_empty_space height=&#8221;70px&#8221;]<!--================ Section Heading ================-->\n<script>\n    (function($){\n        'use strict';\n\n        if(!$) return;\n\n        $(function(){\n            if(window.appear) {\n                appear({\n                    elements: function(){\n                        return document.querySelectorAll('#vc-milenia-section-heading-72ea7c5cd1235209529b5d753548910d-1778328968752093005');\n                    },\n                    appear: function(element) {\n                        var $el = $(element);\n                        $el.addClass('milenia-visible').addClass($el.data('animation'));\n                    },\n                    reappear: false,\n                    bounds: -200\n                });\n            }\n        });\n    })(window.jQuery);\n<\/script>\n<div id=\"vc-milenia-section-heading-72ea7c5cd1235209529b5d753548910d-1778328968752093005\" class=\"milenia-section-heading text-center vc_custom_1772098080419 milenia-visible\" data-animation=\"none\">\n    \n    <h2 class=\"milenia-section-title milenia-font--first-accented\" style=\"font-size: 50px;line-height: 43px;text-transform: none;font-style: normal;font-weight: 400;\">Einzigartige Vorteile<\/h2>\n\n    \n<\/div>\n<!--================ End of Section Heading ================-->\n[vc_empty_space height=&#8221;20px&#8221;]<!--================ Info Boxes ================-->\n<script>\n    (function($){\n        'use strict';\n\n        if(!$) return;\n\n        $(function(){\n            var $container = $('#vc-milenia-info-boxes-6c94e6e5155cd22e1e4e081c1ba45ee0-1778328968938299032'),\n                $dynamicBgElements,\n                $carousels;\n\n            if(!$container.length) return;\n\n            if(window.appear) {\n                appear({\n                    elements: function(){\n                        return document.querySelectorAll('#vc-milenia-info-boxes-6c94e6e5155cd22e1e4e081c1ba45ee0-1778328968938299032');\n                    },\n                    appear: function(element) {\n                        var $el = $(element);\n                        $el.addClass('milenia-visible').addClass($el.data('animation'));\n                    },\n                    reappear: false,\n                    bounds: -200\n                });\n            }\n\n            if(window.Milenia && window.Milenia.LinkUnderliner) {\n                window.Milenia.LinkUnderliner.init($container.find('a'));\n            }\n\n            if(window.Milenia && window.Milenia.helpers &&  window.Milenia.helpers.dynamicBgImage) {\n                $dynamicBgElements = $container.find('[data-bg-image-src]');\n                if($dynamicBgElements.length) window.Milenia.helpers.dynamicBgImage($dynamicBgElements);\n            }\n\n            if($.fn.owlCarousel) {\n                $carousels = $container.find('.milenia-simple-slideshow--shortcode');\n\n                if($carousels.length) {\n                    if(window.Milenia && window.Milenia.helpers && window.Milenia.helpers.owlSettings) {\n\n                        $carousels.jQueryImagesLoaded().then(function(){\n                                $carousels.each(function(i,e) {\n                                    $(e).owlCarousel(window.Milenia.helpers.owlSettings({\n                                        margin: 1,\n                                        loop: true,\n                                        autoplay: $(e).hasClass('milenia-simple-slideshow--autoplay')\n                                    }));\n                                });\n                        });\n\n                    }\n                    else {\n                        $carousels.owlCarousel({\n                            items: 1\n                        });\n                    }\n                }\n            }\n        });\n    })(window.jQuery);\n<\/script>\n\n<div id=\"vc-milenia-info-boxes-6c94e6e5155cd22e1e4e081c1ba45ee0-1778328968938299032\" class=\"milenia-entities milenia-entities--style-2 milenia-entities--unreverse  milenia-entities--title-reduced milenia-visible\" data-animation=\"none\">\n    <div class=\"milenia-grid milenia-grid--cols-3 milenia-grid--gutters\">\n        <!--================ Info Boxes Item ================-->\n<div class=\"milenia-grid-item\">\n    <article class=\"milenia-entity milenia-entity--scheme-primary\">\n        <div data-bg-image-src=\"https:\/\/www.hotelcityabruzzo.com\/wp-content\/uploads\/2018\/10\/hotel-dog-friendly-montesilvano.png\" style=\"background-image: url(https:\/\/www.hotelcityabruzzo.com\/wp-content\/uploads\/2018\/10\/hotel-dog-friendly-montesilvano.png)\" class=\"milenia-entity-media\"><\/div>\n\n\n        <div class=\"milenia-entity-content milenia-aligner\">\n            <div class=\"milenia-aligner-outer\">\n                <div class=\"milenia-aligner-inner\">\n                    <header class=\"milenia-entity-header\">\n                        \n                        <h2 class=\"milenia-entity-title\">Dog Friendly<\/h2>\n\n                    <\/header>\n                    <div class=\"milenia-entity-body\"><p>Unser Hotel ist hundefreundlich! Ihre vierbeinigen Freunde sind in einer herzlichen und fr\u00f6hlichen Atmosph\u00e4re herzlich willkommen. Kontaktieren Sie uns, um mehr zu erfahren!<\/p>\n<\/div>\n\n                    \n                <\/div>\n            <\/div>\n        <\/div>\n    <\/article>\n<\/div>\n<!--================ End of Info Boxes Item ================-->\n\r\n<!--================ Info Boxes Item ================-->\n<div class=\"milenia-grid-item\">\n    <article class=\"milenia-entity milenia-entity--scheme-primary\">\n        <div data-bg-image-src=\"https:\/\/www.hotelcityabruzzo.com\/wp-content\/uploads\/2018\/10\/cucina-tipica-abruzzese.png\" style=\"background-image: url(https:\/\/www.hotelcityabruzzo.com\/wp-content\/uploads\/2018\/10\/cucina-tipica-abruzzese.png)\" class=\"milenia-entity-media\"><\/div>\n\n\n        <div class=\"milenia-entity-content milenia-aligner\">\n            <div class=\"milenia-aligner-outer\">\n                <div class=\"milenia-aligner-inner\">\n                    <header class=\"milenia-entity-header\">\n                        \n                        <h2 class=\"milenia-entity-title\">Hervorragende Gastronomie<\/h2>\n\n                    <\/header>\n                    <div class=\"milenia-entity-body\"><p>Entdecken Sie die kulinarische Tradition der Abruzzen in jedem Gericht. Authentische Aromen und frische Zutaten aus unserer Region sorgen f\u00fcr ein einzigartiges Geschmackserlebnis.<\/p>\n<\/div>\n\n                    \n                <\/div>\n            <\/div>\n        <\/div>\n    <\/article>\n<\/div>\n<!--================ End of Info Boxes Item ================-->\n\r\n<!--================ Info Boxes Item ================-->\n<div class=\"milenia-grid-item\">\n    <article class=\"milenia-entity milenia-entity--scheme-primary\">\n        <div data-bg-image-src=\"https:\/\/www.hotelcityabruzzo.com\/wp-content\/uploads\/2018\/10\/montesilvano-abruzzo-e-dintorni.png\" style=\"background-image: url(https:\/\/www.hotelcityabruzzo.com\/wp-content\/uploads\/2018\/10\/montesilvano-abruzzo-e-dintorni.png)\" class=\"milenia-entity-media\"><\/div>\n\n\n        <div class=\"milenia-entity-content milenia-aligner\">\n            <div class=\"milenia-aligner-outer\">\n                <div class=\"milenia-aligner-inner\">\n                    <header class=\"milenia-entity-header\">\n                        \n                        <h2 class=\"milenia-entity-title\">Ein Land zum Entdecken<\/h2>\n\n                    <\/header>\n                    <div class=\"milenia-entity-body\"><p>Die Abruzzen sind ein Land voller verborgener Sch\u00e4tze, in dem sich wilde Natur, jahrtausendealte Geschichte und Kultur vermischen. Von den imposanten Gipfeln des Gran Sasso bis zu den malerischen Str\u00e4nden der Adria h\u00fctet jeder Ort Geschichten von Sch\u00f6nheit und Tradition.<\/p>\n<\/div>\n\n                    \n                <\/div>\n            <\/div>\n        <\/div>\n    <\/article>\n<\/div>\n<!--================ End of Info Boxes Item ================-->\n\n    <\/div>\n<\/div>\n<!--================ End of Info Boxes ================-->\n[vc_empty_space height=&#8221;20px&#8221;][\/vc_column][\/vc_row][vc_row full_width=&#8221;stretch_row&#8221; full_height=&#8221;yes&#8221; equal_height=&#8221;yes&#8221; content_placement=&#8221;middle&#8221; css=&#8221;.vc_custom_1748335759181{background-color: #FAF6E9 !important;}&#8221;][vc_column]<!--================ Section Heading ================-->\n<script>\n    (function($){\n        'use strict';\n\n        if(!$) return;\n\n        $(function(){\n            if(window.appear) {\n                appear({\n                    elements: function(){\n                        return document.querySelectorAll('#vc-milenia-section-heading-3ebe74dc5e586694e31c8137a695d9d5-1778328968515921602');\n                    },\n                    appear: function(element) {\n                        var $el = $(element);\n                        $el.addClass('milenia-visible').addClass($el.data('animation'));\n                    },\n                    reappear: false,\n                    bounds: -200\n                });\n            }\n        });\n    })(window.jQuery);\n<\/script>\n<div id=\"vc-milenia-section-heading-3ebe74dc5e586694e31c8137a695d9d5-1778328968515921602\" class=\"milenia-section-heading text-center vc_custom_1772096064611 milenia-visible\" data-animation=\"none\">\n    \n    <h2 class=\"milenia-section-title milenia-font--first-accented\" style=\"font-size: 50px;line-height: 43px;text-transform: none;font-style: normal;font-weight: 400;\">Highlights<\/h2>\n\n    \n<\/div>\n<!--================ End of Section Heading ================-->\n[vc_empty_space height=&#8221;20px&#8221;][vc_raw_html css=&#8221;&#8221;]JTVCZm9vZ2FsbGVyeSUyMGlkJTNEJTIyMTYwMjklMjIlNUQ=[\/vc_raw_html][\/vc_column][\/vc_row]<\/p>\n<\/div>","protected":false},"excerpt":{"rendered":"<p>[vc_row full_width=&#8221;stretch_row&#8221; content_placement=&#8221;middle&#8221; css=&#8221;.vc_custom_1748335748061{background-color: #FAF6E9 !important;}&#8221;][vc_column width=&#8221;1\/2&#8243; el_class=&#8221;milenia-color&#8211;black&#8221;][vc_custom_heading text=&#8221;WILLKOMMEN IM HOTEL CITY, WO JEDER AUFENTHALT ZU EINEM EMOTIONALEN&#8230;<\/p>\n","protected":false},"author":2,"featured_media":0,"parent":0,"menu_order":0,"comment_status":"closed","ping_status":"closed","template":"","meta":{"footnotes":""},"class_list":["post-16326","page","type-page","status-publish","hentry"],"yoast_head":"<!-- This site is optimized with the Yoast SEO plugin v27.5 - https:\/\/yoast.com\/product\/yoast-seo-wordpress\/ -->\n<title>4-Sterne-Hotel Montesilvano Marina | Hotel City Abruzzo<\/title>\n<meta name=\"description\" content=\"4-Sterne-Hotel Montesilvano Marina: Hotel City Abruzzen, ideal f\u00fcr Gesch\u00e4ftsreisen, ein romantisches Wochenende oder einen All-Inclusive-Strandurlaub.\" \/>\n<meta name=\"robots\" content=\"index, follow, max-snippet:-1, max-image-preview:large, max-video-preview:-1\" \/>\n<link rel=\"canonical\" href=\"https:\/\/www.hotelcityabruzzo.com\/de\/hotel-4-sterne-montesilvano-marina\/\" \/>\n<meta property=\"og:locale\" content=\"de_DE\" \/>\n<meta property=\"og:type\" content=\"article\" \/>\n<meta property=\"og:title\" content=\"4-Sterne-Hotel Montesilvano Marina | Hotel City Abruzzo\" \/>\n<meta property=\"og:description\" content=\"4-Sterne-Hotel Montesilvano Marina: Hotel City Abruzzen, ideal f\u00fcr Gesch\u00e4ftsreisen, ein romantisches Wochenende oder einen All-Inclusive-Strandurlaub.\" \/>\n<meta property=\"og:url\" content=\"https:\/\/www.hotelcityabruzzo.com\/de\/hotel-4-sterne-montesilvano-marina\/\" \/>\n<meta property=\"og:site_name\" content=\"Hotel City\" \/>\n<meta property=\"article:publisher\" content=\"https:\/\/www.facebook.com\/HotelCityAbruzzo\" \/>\n<meta property=\"article:modified_time\" content=\"2026-02-26T09:29:32+00:00\" \/>\n<meta name=\"twitter:card\" content=\"summary_large_image\" \/>\n<meta name=\"twitter:label1\" content=\"Gesch\u00e4tzte Lesezeit\" \/>\n\t<meta name=\"twitter:data1\" content=\"2\u00a0Minuten\" \/>\n<script type=\"application\/ld+json\" class=\"yoast-schema-graph\">{\"@context\":\"https:\\\/\\\/schema.org\",\"@graph\":[{\"@type\":\"WebPage\",\"@id\":\"https:\\\/\\\/www.hotelcityabruzzo.com\\\/de\\\/hotel-4-sterne-montesilvano-marina\\\/\",\"url\":\"https:\\\/\\\/www.hotelcityabruzzo.com\\\/de\\\/hotel-4-sterne-montesilvano-marina\\\/\",\"name\":\"4-Sterne-Hotel Montesilvano Marina | Hotel City Abruzzo\",\"isPartOf\":{\"@id\":\"https:\\\/\\\/www.hotelcityabruzzo.com\\\/#website\"},\"datePublished\":\"2025-03-11T12:11:24+00:00\",\"dateModified\":\"2026-02-26T09:29:32+00:00\",\"description\":\"4-Sterne-Hotel Montesilvano Marina: Hotel City Abruzzen, ideal f\u00fcr Gesch\u00e4ftsreisen, ein romantisches Wochenende oder einen All-Inclusive-Strandurlaub.\",\"breadcrumb\":{\"@id\":\"https:\\\/\\\/www.hotelcityabruzzo.com\\\/de\\\/hotel-4-sterne-montesilvano-marina\\\/#breadcrumb\"},\"inLanguage\":\"de\",\"potentialAction\":[{\"@type\":\"ReadAction\",\"target\":[\"https:\\\/\\\/www.hotelcityabruzzo.com\\\/de\\\/hotel-4-sterne-montesilvano-marina\\\/\"]}]},{\"@type\":\"BreadcrumbList\",\"@id\":\"https:\\\/\\\/www.hotelcityabruzzo.com\\\/de\\\/hotel-4-sterne-montesilvano-marina\\\/#breadcrumb\",\"itemListElement\":[{\"@type\":\"ListItem\",\"position\":1,\"name\":\"Home\",\"item\":\"https:\\\/\\\/www.hotelcityabruzzo.com\\\/de\\\/\"},{\"@type\":\"ListItem\",\"position\":2,\"name\":\"Hotel\"}]},{\"@type\":\"WebSite\",\"@id\":\"https:\\\/\\\/www.hotelcityabruzzo.com\\\/#website\",\"url\":\"https:\\\/\\\/www.hotelcityabruzzo.com\\\/\",\"name\":\"Hotel City\",\"description\":\"La Tua Vacanza in Abruzzo\",\"publisher\":{\"@id\":\"https:\\\/\\\/www.hotelcityabruzzo.com\\\/#organization\"},\"potentialAction\":[{\"@type\":\"SearchAction\",\"target\":{\"@type\":\"EntryPoint\",\"urlTemplate\":\"https:\\\/\\\/www.hotelcityabruzzo.com\\\/?s={search_term_string}\"},\"query-input\":{\"@type\":\"PropertyValueSpecification\",\"valueRequired\":true,\"valueName\":\"search_term_string\"}}],\"inLanguage\":\"de\"},{\"@type\":\"Organization\",\"@id\":\"https:\\\/\\\/www.hotelcityabruzzo.com\\\/#organization\",\"name\":\"Hotel City\",\"url\":\"https:\\\/\\\/www.hotelcityabruzzo.com\\\/\",\"logo\":{\"@type\":\"ImageObject\",\"inLanguage\":\"de\",\"@id\":\"https:\\\/\\\/www.hotelcityabruzzo.com\\\/#\\\/schema\\\/logo\\\/image\\\/\",\"url\":\"https:\\\/\\\/www.hotelcityabruzzo.com\\\/wp-content\\\/uploads\\\/2018\\\/10\\\/logocity-reviews.png\",\"contentUrl\":\"https:\\\/\\\/www.hotelcityabruzzo.com\\\/wp-content\\\/uploads\\\/2018\\\/10\\\/logocity-reviews.png\",\"width\":538,\"height\":538,\"caption\":\"Hotel City\"},\"image\":{\"@id\":\"https:\\\/\\\/www.hotelcityabruzzo.com\\\/#\\\/schema\\\/logo\\\/image\\\/\"},\"sameAs\":[\"https:\\\/\\\/www.facebook.com\\\/HotelCityAbruzzo\",\"https:\\\/\\\/www.instagram.com\\\/hotelcitymontesilvano\\\/\"]}]}<\/script>\n<!-- \/ Yoast SEO plugin. -->","yoast_head_json":{"title":"4-Sterne-Hotel Montesilvano Marina | Hotel City Abruzzo","description":"4-Sterne-Hotel Montesilvano Marina: Hotel City Abruzzen, ideal f\u00fcr Gesch\u00e4ftsreisen, ein romantisches Wochenende oder einen All-Inclusive-Strandurlaub.","robots":{"index":"index","follow":"follow","max-snippet":"max-snippet:-1","max-image-preview":"max-image-preview:large","max-video-preview":"max-video-preview:-1"},"canonical":"https:\/\/www.hotelcityabruzzo.com\/de\/hotel-4-sterne-montesilvano-marina\/","og_locale":"de_DE","og_type":"article","og_title":"4-Sterne-Hotel Montesilvano Marina | Hotel City Abruzzo","og_description":"4-Sterne-Hotel Montesilvano Marina: Hotel City Abruzzen, ideal f\u00fcr Gesch\u00e4ftsreisen, ein romantisches Wochenende oder einen All-Inclusive-Strandurlaub.","og_url":"https:\/\/www.hotelcityabruzzo.com\/de\/hotel-4-sterne-montesilvano-marina\/","og_site_name":"Hotel City","article_publisher":"https:\/\/www.facebook.com\/HotelCityAbruzzo","article_modified_time":"2026-02-26T09:29:32+00:00","twitter_card":"summary_large_image","twitter_misc":{"Gesch\u00e4tzte Lesezeit":"2\u00a0Minuten"},"schema":{"@context":"https:\/\/schema.org","@graph":[{"@type":"WebPage","@id":"https:\/\/www.hotelcityabruzzo.com\/de\/hotel-4-sterne-montesilvano-marina\/","url":"https:\/\/www.hotelcityabruzzo.com\/de\/hotel-4-sterne-montesilvano-marina\/","name":"4-Sterne-Hotel Montesilvano Marina | Hotel City Abruzzo","isPartOf":{"@id":"https:\/\/www.hotelcityabruzzo.com\/#website"},"datePublished":"2025-03-11T12:11:24+00:00","dateModified":"2026-02-26T09:29:32+00:00","description":"4-Sterne-Hotel Montesilvano Marina: Hotel City Abruzzen, ideal f\u00fcr Gesch\u00e4ftsreisen, ein romantisches Wochenende oder einen All-Inclusive-Strandurlaub.","breadcrumb":{"@id":"https:\/\/www.hotelcityabruzzo.com\/de\/hotel-4-sterne-montesilvano-marina\/#breadcrumb"},"inLanguage":"de","potentialAction":[{"@type":"ReadAction","target":["https:\/\/www.hotelcityabruzzo.com\/de\/hotel-4-sterne-montesilvano-marina\/"]}]},{"@type":"BreadcrumbList","@id":"https:\/\/www.hotelcityabruzzo.com\/de\/hotel-4-sterne-montesilvano-marina\/#breadcrumb","itemListElement":[{"@type":"ListItem","position":1,"name":"Home","item":"https:\/\/www.hotelcityabruzzo.com\/de\/"},{"@type":"ListItem","position":2,"name":"Hotel"}]},{"@type":"WebSite","@id":"https:\/\/www.hotelcityabruzzo.com\/#website","url":"https:\/\/www.hotelcityabruzzo.com\/","name":"Hotel City","description":"La Tua Vacanza in Abruzzo","publisher":{"@id":"https:\/\/www.hotelcityabruzzo.com\/#organization"},"potentialAction":[{"@type":"SearchAction","target":{"@type":"EntryPoint","urlTemplate":"https:\/\/www.hotelcityabruzzo.com\/?s={search_term_string}"},"query-input":{"@type":"PropertyValueSpecification","valueRequired":true,"valueName":"search_term_string"}}],"inLanguage":"de"},{"@type":"Organization","@id":"https:\/\/www.hotelcityabruzzo.com\/#organization","name":"Hotel City","url":"https:\/\/www.hotelcityabruzzo.com\/","logo":{"@type":"ImageObject","inLanguage":"de","@id":"https:\/\/www.hotelcityabruzzo.com\/#\/schema\/logo\/image\/","url":"https:\/\/www.hotelcityabruzzo.com\/wp-content\/uploads\/2018\/10\/logocity-reviews.png","contentUrl":"https:\/\/www.hotelcityabruzzo.com\/wp-content\/uploads\/2018\/10\/logocity-reviews.png","width":538,"height":538,"caption":"Hotel City"},"image":{"@id":"https:\/\/www.hotelcityabruzzo.com\/#\/schema\/logo\/image\/"},"sameAs":["https:\/\/www.facebook.com\/HotelCityAbruzzo","https:\/\/www.instagram.com\/hotelcitymontesilvano\/"]}]}},"_links":{"self":[{"href":"https:\/\/www.hotelcityabruzzo.com\/de\/wp-json\/wp\/v2\/pages\/16326","targetHints":{"allow":["GET"]}}],"collection":[{"href":"https:\/\/www.hotelcityabruzzo.com\/de\/wp-json\/wp\/v2\/pages"}],"about":[{"href":"https:\/\/www.hotelcityabruzzo.com\/de\/wp-json\/wp\/v2\/types\/page"}],"author":[{"embeddable":true,"href":"https:\/\/www.hotelcityabruzzo.com\/de\/wp-json\/wp\/v2\/users\/2"}],"replies":[{"embeddable":true,"href":"https:\/\/www.hotelcityabruzzo.com\/de\/wp-json\/wp\/v2\/comments?post=16326"}],"version-history":[{"count":5,"href":"https:\/\/www.hotelcityabruzzo.com\/de\/wp-json\/wp\/v2\/pages\/16326\/revisions"}],"predecessor-version":[{"id":16348,"href":"https:\/\/www.hotelcityabruzzo.com\/de\/wp-json\/wp\/v2\/pages\/16326\/revisions\/16348"}],"wp:attachment":[{"href":"https:\/\/www.hotelcityabruzzo.com\/de\/wp-json\/wp\/v2\/media?parent=16326"}],"curies":[{"name":"wp","href":"https:\/\/api.w.org\/{rel}","templated":true}]}}