{"id":16313,"date":"2026-02-18T14:19:10","date_gmt":"2026-02-18T14:19:10","guid":{"rendered":"https:\/\/www.hotelcityabruzzo.com\/pacchetti-all-inclusive-4-stelle-montesilvano\/"},"modified":"2026-02-26T08:51:36","modified_gmt":"2026-02-26T08:51:36","slug":"4-sterne-all-inclusive-pakete-montesilvano","status":"publish","type":"page","link":"https:\/\/www.hotelcityabruzzo.com\/de\/4-sterne-all-inclusive-pakete-montesilvano\/","title":{"rendered":"FAQ"},"content":{"rendered":"<div class=\"wpb-content-wrapper\"><p>[vc_row full_width=&#8221;stretch_row&#8221; content_placement=&#8221;middle&#8221; css=&#8221;.vc_custom_1744618221663{margin-bottom: 30px !important;background-color: #E6E6E6 !important;}&#8221;][vc_column el_class=&#8221;milenia-color&#8211;black&#8221;]<!--================ Section Heading ================-->\n<script>\n    (function($){\n        'use strict';\n\n        if(!$) return;\n\n        $(function(){\n            if(window.appear) {\n                appear({\n                    elements: function(){\n                        return document.querySelectorAll('#vc-milenia-section-heading-38a52288ed35f2649cb0adad521b49b3-1776170429341346388');\n                    },\n                    appear: function(element) {\n                        var $el = $(element);\n                        $el.addClass('milenia-visible').addClass($el.data('animation'));\n                    },\n                    reappear: false,\n                    bounds: -200\n                });\n            }\n        });\n    })(window.jQuery);\n<\/script>\n<div id=\"vc-milenia-section-heading-38a52288ed35f2649cb0adad521b49b3-1776170429341346388\" class=\"milenia-section-heading text-left vc_custom_1771423253401 milenia-visible\" data-animation=\"none\">\n    \n    <h2 class=\"milenia-section-title milenia-font--first-accented\" style=\"font-size: 50px;line-height: 43px;text-transform: none;font-style: normal;font-weight: 400;\">FAQ<\/h2>\n\n    \n<\/div>\n<!--================ End of Section Heading ================-->\n[vc_column_text css=&#8221;&#8221;]<\/p>\n<ul>\n<li class=\"dF3vjf\" data-hveid=\"CAEIFhAA\" data-sae=\"\"><span class=\"T286Pc\" data-sfc-cp=\"\"><strong class=\"Yjhzub\">Was sind die Vorteile der All-Inclusive-Formel im Hotel City in Montesilvano?<\/strong><br data-sfc-pl=\"|[]\" \/>Unsere\u00a0<strong class=\"Yjhzub\">4-Sterne-All-Inclusive-Formel<\/strong>\u00a0ist bei unseren G\u00e4sten am beliebtesten. Sie beinhaltet Vollpension mit typischer abruzzesischer K\u00fcche, unbegrenzte Getr\u00e4nke zu den Mahlzeiten, Strandservice und Animation. Sie ist darauf ausgelegt, einen sorgenfreien Urlaub direkt am Meer der Abruzzen zu erm\u00f6glichen.<\/span><\/li>\n<li class=\"dF3vjf\" data-hveid=\"CAEIFhAB\" data-sae=\"\"><span class=\"T286Pc\" data-sfc-cp=\"\"><strong class=\"Yjhzub\">Gibt es spezielle Angebote f\u00fcr den Urlaub im August in Montesilvano?<\/strong><br data-sfc-pl=\"|[]\" \/>Ja, das Hotel City bietet spezielle Pakete f\u00fcr\u00a0<strong class=\"Yjhzub\">August All-Inclusive<\/strong>\u00a0an. Die Angebote beinhalten Familienrabatte und Fr\u00fchbucher-Aktionen, um Ihnen den besten Preis im Hauptmonat des Sommers zu garantieren.<\/span><\/li>\n<li class=\"dF3vjf\" data-hveid=\"CAEIFhAC\" data-sae=\"\"><span class=\"T286Pc\" data-sfc-cp=\"\"><strong class=\"Yjhzub\">Wie kann ich ein Angebot f\u00fcr meinen Aufenthalt berechnen?<\/strong><br data-sfc-pl=\"|[]\" \/>Auf unserer Website steht Ihnen ein\u00a0<strong class=\"Yjhzub\">Online-Angebotsrechner<\/strong>\u00a0zur Verf\u00fcgung. Mit nur wenigen Klicks k\u00f6nnen Sie die Verf\u00fcgbarkeit der 4-Sterne-Zimmer in Echtzeit pr\u00fcfen und Ihr Meeresangebot buchen.<\/span><\/li>\n<li class=\"dF3vjf\" data-hveid=\"CAEIFhAD\" data-sae=\"\"><span class=\"T286Pc\" data-sfc-cp=\"\" aria-owns=\"action-menu-parent-container\"><strong class=\"Yjhzub\">Verf\u00fcgt das Hotel City \u00fcber eine Fotogalerie der Zimmer und der Anlage?<\/strong><br data-sfc-pl=\"|[]\" \/>Nat\u00fcrlich. Unsere\u00a0<strong class=\"Yjhzub\">Galerie<\/strong>\u00a0zeigt detailliert die modernen Zimmer, den Au\u00dfenpool und das Restaurant, sodass Sie das Hotel schon vor Ihrer Ankunft in Montesilvano erkunden k\u00f6nnen.<\/span><\/li>\n<\/ul>\n<p>[\/vc_column_text][\/vc_column][\/vc_row][vc_row css=&#8221;.vc_custom_1742470212259{padding-top: 0px !important;padding-bottom: 30px !important;}&#8221;][vc_column][vc_empty_space height=&#8221;70px&#8221;]<!--================ Section Heading ================-->\n<script>\n    (function($){\n        'use strict';\n\n        if(!$) return;\n\n        $(function(){\n            if(window.appear) {\n                appear({\n                    elements: function(){\n                        return document.querySelectorAll('#vc-milenia-section-heading-44799f4e858b90a715fe5cf593a81339-17761704291994507508');\n                    },\n                    appear: function(element) {\n                        var $el = $(element);\n                        $el.addClass('milenia-visible').addClass($el.data('animation'));\n                    },\n                    reappear: false,\n                    bounds: -200\n                });\n            }\n        });\n    })(window.jQuery);\n<\/script>\n<div id=\"vc-milenia-section-heading-44799f4e858b90a715fe5cf593a81339-17761704291994507508\" class=\"milenia-section-heading text-center vc_custom_1772095810995 milenia-visible\" data-animation=\"none\">\n    \n    <h2 class=\"milenia-section-title milenia-font--first-accented\" style=\"font-size: 50px;line-height: 43px;text-transform: none;font-style: normal;font-weight: 400;\">Einzigartige Vorteile<\/h2>\n\n    \n<\/div>\n<!--================ End of Section Heading ================-->\n[vc_empty_space height=&#8221;20px&#8221;]<!--================ Info Boxes ================-->\n<script>\n    (function($){\n        'use strict';\n\n        if(!$) return;\n\n        $(function(){\n            var $container = $('#vc-milenia-info-boxes-443e441233716ba3545c3ef1726c16d6-17761704291317529907'),\n                $dynamicBgElements,\n                $carousels;\n\n            if(!$container.length) return;\n\n            if(window.appear) {\n                appear({\n                    elements: function(){\n                        return document.querySelectorAll('#vc-milenia-info-boxes-443e441233716ba3545c3ef1726c16d6-17761704291317529907');\n                    },\n                    appear: function(element) {\n                        var $el = $(element);\n                        $el.addClass('milenia-visible').addClass($el.data('animation'));\n                    },\n                    reappear: false,\n                    bounds: -200\n                });\n            }\n\n            if(window.Milenia && window.Milenia.LinkUnderliner) {\n                window.Milenia.LinkUnderliner.init($container.find('a'));\n            }\n\n            if(window.Milenia && window.Milenia.helpers &&  window.Milenia.helpers.dynamicBgImage) {\n                $dynamicBgElements = $container.find('[data-bg-image-src]');\n                if($dynamicBgElements.length) window.Milenia.helpers.dynamicBgImage($dynamicBgElements);\n            }\n\n            if($.fn.owlCarousel) {\n                $carousels = $container.find('.milenia-simple-slideshow--shortcode');\n\n                if($carousels.length) {\n                    if(window.Milenia && window.Milenia.helpers && window.Milenia.helpers.owlSettings) {\n\n                        $carousels.jQueryImagesLoaded().then(function(){\n                                $carousels.each(function(i,e) {\n                                    $(e).owlCarousel(window.Milenia.helpers.owlSettings({\n                                        margin: 1,\n                                        loop: true,\n                                        autoplay: $(e).hasClass('milenia-simple-slideshow--autoplay')\n                                    }));\n                                });\n                        });\n\n                    }\n                    else {\n                        $carousels.owlCarousel({\n                            items: 1\n                        });\n                    }\n                }\n            }\n        });\n    })(window.jQuery);\n<\/script>\n\n<div id=\"vc-milenia-info-boxes-443e441233716ba3545c3ef1726c16d6-17761704291317529907\" class=\"milenia-entities milenia-entities--style-2 milenia-entities--unreverse  milenia-entities--title-reduced milenia-visible\" data-animation=\"none\">\n    <div class=\"milenia-grid milenia-grid--cols-3 milenia-grid--gutters\">\n        <!--================ Info Boxes Item ================-->\n<div class=\"milenia-grid-item\">\n    <article class=\"milenia-entity milenia-entity--scheme-primary\">\n        <div data-bg-image-src=\"https:\/\/www.hotelcityabruzzo.com\/wp-content\/uploads\/2018\/10\/99.jpg\" style=\"background-image: url(https:\/\/www.hotelcityabruzzo.com\/wp-content\/uploads\/2018\/10\/99.jpg)\" class=\"milenia-entity-media\"><\/div>\n\n\n        <div class=\"milenia-entity-content milenia-aligner\">\n            <div class=\"milenia-aligner-outer\">\n                <div class=\"milenia-aligner-inner\">\n                    <header class=\"milenia-entity-header\">\n                        \n                        <h2 class=\"milenia-entity-title\">Tradition mit Geschmack<\/h2>\n\n                    <\/header>\n                    <div class=\"milenia-entity-body\"><p>Eine bis ins Detail gepflegte K\u00fcche mit authentischen traditionellen Gerichten.<\/p>\n<\/div>\n\n                    \n                <\/div>\n            <\/div>\n        <\/div>\n    <\/article>\n<\/div>\n<!--================ End of Info Boxes Item ================-->\n\r\n<!--================ Info Boxes Item ================-->\n<div class=\"milenia-grid-item\">\n    <article class=\"milenia-entity milenia-entity--scheme-primary\">\n        <div data-bg-image-src=\"https:\/\/www.hotelcityabruzzo.com\/wp-content\/uploads\/2018\/10\/36-1.jpg\" style=\"background-image: url(https:\/\/www.hotelcityabruzzo.com\/wp-content\/uploads\/2018\/10\/36-1.jpg)\" class=\"milenia-entity-media\"><\/div>\n\n\n        <div class=\"milenia-entity-content milenia-aligner\">\n            <div class=\"milenia-aligner-outer\">\n                <div class=\"milenia-aligner-inner\">\n                    <header class=\"milenia-entity-header\">\n                        \n                        <h2 class=\"milenia-entity-title\">Entspannte Atmosph\u00e4re<\/h2>\n\n                    <\/header>\n                    <div class=\"milenia-entity-body\"><p>Im Restaurant des Hotel City herrscht eine entspannte und famili\u00e4re Atmosph\u00e4re, in der die Zeit zwischen authentischen Aromen und dem Vergn\u00fcgen des Zusammenseins langsam verstreicht.<\/p>\n<\/div>\n\n                    \n                <\/div>\n            <\/div>\n        <\/div>\n    <\/article>\n<\/div>\n<!--================ End of Info Boxes Item ================-->\n\r\n<!--================ Info Boxes Item ================-->\n<div class=\"milenia-grid-item\">\n    <article class=\"milenia-entity milenia-entity--scheme-primary\">\n        <div data-bg-image-src=\"https:\/\/www.hotelcityabruzzo.com\/wp-content\/uploads\/2018\/10\/33-1.jpg\" style=\"background-image: url(https:\/\/www.hotelcityabruzzo.com\/wp-content\/uploads\/2018\/10\/33-1.jpg)\" class=\"milenia-entity-media\"><\/div>\n\n\n        <div class=\"milenia-entity-content milenia-aligner\">\n            <div class=\"milenia-aligner-outer\">\n                <div class=\"milenia-aligner-inner\">\n                    <header class=\"milenia-entity-header\">\n                        \n                        <h2 class=\"milenia-entity-title\">Gastfreundschaft, die den Unterschied macht<\/h2>\n\n                    <\/header>\n                    <div class=\"milenia-entity-body\"><p>Ein stets herzlicher und aufmerksamer Service, am Tisch oder am Buffet, damit Sie sich in jedem Moment besonders f\u00fchlen.<\/p>\n<\/div>\n\n                    \n                <\/div>\n            <\/div>\n        <\/div>\n    <\/article>\n<\/div>\n<!--================ End of Info Boxes Item ================-->\n\n    <\/div>\n<\/div>\n<!--================ End of Info Boxes ================-->\n[vc_empty_space height=&#8221;20px&#8221;][\/vc_column][\/vc_row]<\/p>\n<\/div>","protected":false},"excerpt":{"rendered":"<p>[vc_row full_width=&#8221;stretch_row&#8221; content_placement=&#8221;middle&#8221; css=&#8221;.vc_custom_1744618221663{margin-bottom: 30px !important;background-color: #E6E6E6 !important;}&#8221;][vc_column el_class=&#8221;milenia-color&#8211;black&#8221;][vc_column_text css=&#8221;&#8221;] Was sind die Vorteile der All-Inclusive-Formel im Hotel&#8230;<\/p>\n","protected":false},"author":5,"featured_media":0,"parent":0,"menu_order":0,"comment_status":"closed","ping_status":"closed","template":"","meta":{"footnotes":""},"class_list":["post-16313","page","type-page","status-publish","hentry"],"yoast_head":"<!-- This site is optimized with the Yoast SEO plugin v27.3 - https:\/\/yoast.com\/product\/yoast-seo-wordpress\/ -->\n<title>4-Sterne All-Inclusive-Pakete Montesilvano<\/title>\n<meta name=\"description\" content=\"4-Sterne All-Inclusive-Pakete in Montesilvano: Das Hotel City Montesilvano zeichnet sich als 4-Sterne-All-Inclusive-Destination in den Abruzzen aus.\" \/>\n<meta name=\"robots\" content=\"index, follow, max-snippet:-1, max-image-preview:large, max-video-preview:-1\" \/>\n<link rel=\"canonical\" href=\"https:\/\/www.hotelcityabruzzo.com\/de\/4-sterne-all-inclusive-pakete-montesilvano\/\" \/>\n<meta property=\"og:locale\" content=\"de_DE\" \/>\n<meta property=\"og:type\" content=\"article\" \/>\n<meta property=\"og:title\" content=\"4-Sterne All-Inclusive-Pakete Montesilvano\" \/>\n<meta property=\"og:description\" content=\"4-Sterne All-Inclusive-Pakete in Montesilvano: Das Hotel City Montesilvano zeichnet sich als 4-Sterne-All-Inclusive-Destination in den Abruzzen aus.\" \/>\n<meta property=\"og:url\" content=\"https:\/\/www.hotelcityabruzzo.com\/de\/4-sterne-all-inclusive-pakete-montesilvano\/\" \/>\n<meta property=\"og:site_name\" content=\"Hotel City\" \/>\n<meta property=\"article:publisher\" content=\"https:\/\/www.facebook.com\/HotelCityAbruzzo\" \/>\n<meta property=\"article:modified_time\" content=\"2026-02-26T08:51:36+00:00\" \/>\n<meta name=\"twitter:card\" content=\"summary_large_image\" \/>\n<meta name=\"twitter:label1\" content=\"Gesch\u00e4tzte Lesezeit\" \/>\n\t<meta name=\"twitter:data1\" content=\"2\u00a0Minuten\" \/>\n<script type=\"application\/ld+json\" class=\"yoast-schema-graph\">{\"@context\":\"https:\\\/\\\/schema.org\",\"@graph\":[{\"@type\":\"WebPage\",\"@id\":\"https:\\\/\\\/www.hotelcityabruzzo.com\\\/de\\\/4-sterne-all-inclusive-pakete-montesilvano\\\/\",\"url\":\"https:\\\/\\\/www.hotelcityabruzzo.com\\\/de\\\/4-sterne-all-inclusive-pakete-montesilvano\\\/\",\"name\":\"4-Sterne All-Inclusive-Pakete Montesilvano\",\"isPartOf\":{\"@id\":\"https:\\\/\\\/www.hotelcityabruzzo.com\\\/#website\"},\"datePublished\":\"2026-02-18T14:19:10+00:00\",\"dateModified\":\"2026-02-26T08:51:36+00:00\",\"description\":\"4-Sterne All-Inclusive-Pakete in Montesilvano: Das Hotel City Montesilvano zeichnet sich als 4-Sterne-All-Inclusive-Destination in den Abruzzen aus.\",\"breadcrumb\":{\"@id\":\"https:\\\/\\\/www.hotelcityabruzzo.com\\\/de\\\/4-sterne-all-inclusive-pakete-montesilvano\\\/#breadcrumb\"},\"inLanguage\":\"de\",\"potentialAction\":[{\"@type\":\"ReadAction\",\"target\":[\"https:\\\/\\\/www.hotelcityabruzzo.com\\\/de\\\/4-sterne-all-inclusive-pakete-montesilvano\\\/\"]}]},{\"@type\":\"BreadcrumbList\",\"@id\":\"https:\\\/\\\/www.hotelcityabruzzo.com\\\/de\\\/4-sterne-all-inclusive-pakete-montesilvano\\\/#breadcrumb\",\"itemListElement\":[{\"@type\":\"ListItem\",\"position\":1,\"name\":\"Home\",\"item\":\"https:\\\/\\\/www.hotelcityabruzzo.com\\\/de\\\/\"},{\"@type\":\"ListItem\",\"position\":2,\"name\":\"FAQ\"}]},{\"@type\":\"WebSite\",\"@id\":\"https:\\\/\\\/www.hotelcityabruzzo.com\\\/#website\",\"url\":\"https:\\\/\\\/www.hotelcityabruzzo.com\\\/\",\"name\":\"Hotel City\",\"description\":\"La Tua Vacanza in Abruzzo\",\"publisher\":{\"@id\":\"https:\\\/\\\/www.hotelcityabruzzo.com\\\/#organization\"},\"potentialAction\":[{\"@type\":\"SearchAction\",\"target\":{\"@type\":\"EntryPoint\",\"urlTemplate\":\"https:\\\/\\\/www.hotelcityabruzzo.com\\\/?s={search_term_string}\"},\"query-input\":{\"@type\":\"PropertyValueSpecification\",\"valueRequired\":true,\"valueName\":\"search_term_string\"}}],\"inLanguage\":\"de\"},{\"@type\":\"Organization\",\"@id\":\"https:\\\/\\\/www.hotelcityabruzzo.com\\\/#organization\",\"name\":\"Hotel City\",\"url\":\"https:\\\/\\\/www.hotelcityabruzzo.com\\\/\",\"logo\":{\"@type\":\"ImageObject\",\"inLanguage\":\"de\",\"@id\":\"https:\\\/\\\/www.hotelcityabruzzo.com\\\/#\\\/schema\\\/logo\\\/image\\\/\",\"url\":\"https:\\\/\\\/www.hotelcityabruzzo.com\\\/wp-content\\\/uploads\\\/2018\\\/10\\\/logocity-reviews.png\",\"contentUrl\":\"https:\\\/\\\/www.hotelcityabruzzo.com\\\/wp-content\\\/uploads\\\/2018\\\/10\\\/logocity-reviews.png\",\"width\":538,\"height\":538,\"caption\":\"Hotel City\"},\"image\":{\"@id\":\"https:\\\/\\\/www.hotelcityabruzzo.com\\\/#\\\/schema\\\/logo\\\/image\\\/\"},\"sameAs\":[\"https:\\\/\\\/www.facebook.com\\\/HotelCityAbruzzo\",\"https:\\\/\\\/www.instagram.com\\\/hotelcitymontesilvano\\\/\"]}]}<\/script>\n<!-- \/ Yoast SEO plugin. -->","yoast_head_json":{"title":"4-Sterne All-Inclusive-Pakete Montesilvano","description":"4-Sterne All-Inclusive-Pakete in Montesilvano: Das Hotel City Montesilvano zeichnet sich als 4-Sterne-All-Inclusive-Destination in den Abruzzen aus.","robots":{"index":"index","follow":"follow","max-snippet":"max-snippet:-1","max-image-preview":"max-image-preview:large","max-video-preview":"max-video-preview:-1"},"canonical":"https:\/\/www.hotelcityabruzzo.com\/de\/4-sterne-all-inclusive-pakete-montesilvano\/","og_locale":"de_DE","og_type":"article","og_title":"4-Sterne All-Inclusive-Pakete Montesilvano","og_description":"4-Sterne All-Inclusive-Pakete in Montesilvano: Das Hotel City Montesilvano zeichnet sich als 4-Sterne-All-Inclusive-Destination in den Abruzzen aus.","og_url":"https:\/\/www.hotelcityabruzzo.com\/de\/4-sterne-all-inclusive-pakete-montesilvano\/","og_site_name":"Hotel City","article_publisher":"https:\/\/www.facebook.com\/HotelCityAbruzzo","article_modified_time":"2026-02-26T08:51:36+00:00","twitter_card":"summary_large_image","twitter_misc":{"Gesch\u00e4tzte Lesezeit":"2\u00a0Minuten"},"schema":{"@context":"https:\/\/schema.org","@graph":[{"@type":"WebPage","@id":"https:\/\/www.hotelcityabruzzo.com\/de\/4-sterne-all-inclusive-pakete-montesilvano\/","url":"https:\/\/www.hotelcityabruzzo.com\/de\/4-sterne-all-inclusive-pakete-montesilvano\/","name":"4-Sterne All-Inclusive-Pakete Montesilvano","isPartOf":{"@id":"https:\/\/www.hotelcityabruzzo.com\/#website"},"datePublished":"2026-02-18T14:19:10+00:00","dateModified":"2026-02-26T08:51:36+00:00","description":"4-Sterne All-Inclusive-Pakete in Montesilvano: Das Hotel City Montesilvano zeichnet sich als 4-Sterne-All-Inclusive-Destination in den Abruzzen aus.","breadcrumb":{"@id":"https:\/\/www.hotelcityabruzzo.com\/de\/4-sterne-all-inclusive-pakete-montesilvano\/#breadcrumb"},"inLanguage":"de","potentialAction":[{"@type":"ReadAction","target":["https:\/\/www.hotelcityabruzzo.com\/de\/4-sterne-all-inclusive-pakete-montesilvano\/"]}]},{"@type":"BreadcrumbList","@id":"https:\/\/www.hotelcityabruzzo.com\/de\/4-sterne-all-inclusive-pakete-montesilvano\/#breadcrumb","itemListElement":[{"@type":"ListItem","position":1,"name":"Home","item":"https:\/\/www.hotelcityabruzzo.com\/de\/"},{"@type":"ListItem","position":2,"name":"FAQ"}]},{"@type":"WebSite","@id":"https:\/\/www.hotelcityabruzzo.com\/#website","url":"https:\/\/www.hotelcityabruzzo.com\/","name":"Hotel City","description":"La Tua Vacanza in Abruzzo","publisher":{"@id":"https:\/\/www.hotelcityabruzzo.com\/#organization"},"potentialAction":[{"@type":"SearchAction","target":{"@type":"EntryPoint","urlTemplate":"https:\/\/www.hotelcityabruzzo.com\/?s={search_term_string}"},"query-input":{"@type":"PropertyValueSpecification","valueRequired":true,"valueName":"search_term_string"}}],"inLanguage":"de"},{"@type":"Organization","@id":"https:\/\/www.hotelcityabruzzo.com\/#organization","name":"Hotel City","url":"https:\/\/www.hotelcityabruzzo.com\/","logo":{"@type":"ImageObject","inLanguage":"de","@id":"https:\/\/www.hotelcityabruzzo.com\/#\/schema\/logo\/image\/","url":"https:\/\/www.hotelcityabruzzo.com\/wp-content\/uploads\/2018\/10\/logocity-reviews.png","contentUrl":"https:\/\/www.hotelcityabruzzo.com\/wp-content\/uploads\/2018\/10\/logocity-reviews.png","width":538,"height":538,"caption":"Hotel City"},"image":{"@id":"https:\/\/www.hotelcityabruzzo.com\/#\/schema\/logo\/image\/"},"sameAs":["https:\/\/www.facebook.com\/HotelCityAbruzzo","https:\/\/www.instagram.com\/hotelcitymontesilvano\/"]}]}},"_links":{"self":[{"href":"https:\/\/www.hotelcityabruzzo.com\/de\/wp-json\/wp\/v2\/pages\/16313","targetHints":{"allow":["GET"]}}],"collection":[{"href":"https:\/\/www.hotelcityabruzzo.com\/de\/wp-json\/wp\/v2\/pages"}],"about":[{"href":"https:\/\/www.hotelcityabruzzo.com\/de\/wp-json\/wp\/v2\/types\/page"}],"author":[{"embeddable":true,"href":"https:\/\/www.hotelcityabruzzo.com\/de\/wp-json\/wp\/v2\/users\/5"}],"replies":[{"embeddable":true,"href":"https:\/\/www.hotelcityabruzzo.com\/de\/wp-json\/wp\/v2\/comments?post=16313"}],"version-history":[{"count":3,"href":"https:\/\/www.hotelcityabruzzo.com\/de\/wp-json\/wp\/v2\/pages\/16313\/revisions"}],"predecessor-version":[{"id":16322,"href":"https:\/\/www.hotelcityabruzzo.com\/de\/wp-json\/wp\/v2\/pages\/16313\/revisions\/16322"}],"wp:attachment":[{"href":"https:\/\/www.hotelcityabruzzo.com\/de\/wp-json\/wp\/v2\/media?parent=16313"}],"curies":[{"name":"wp","href":"https:\/\/api.w.org\/{rel}","templated":true}]}}