{"id":16289,"date":"2025-05-30T10:08:00","date_gmt":"2025-05-30T10:08:00","guid":{"rendered":"https:\/\/www.hotelcityabruzzo.com\/hotel-per-famiglie-montesilvano-pescara\/"},"modified":"2026-02-25T10:32:11","modified_gmt":"2026-02-25T10:32:11","slug":"familienhotel-montesilvano-pescara","status":"publish","type":"page","link":"https:\/\/www.hotelcityabruzzo.com\/de\/familienhotel-montesilvano-pescara\/","title":{"rendered":"Familie"},"content":{"rendered":"<div class=\"wpb-content-wrapper\"><p>[vc_row full_width=&#8221;stretch_row&#8221; content_placement=&#8221;middle&#8221; css=&#8221;.vc_custom_1748600038776{margin-bottom: 30px !important;background-color: #FAF6EA !important;}&#8221;][vc_column width=&#8221;1\/2&#8243; el_class=&#8221;milenia-color&#8211;black&#8221;]<!--================ Section Heading ================-->\n<script>\n    (function($){\n        'use strict';\n\n        if(!$) return;\n\n        $(function(){\n            if(window.appear) {\n                appear({\n                    elements: function(){\n                        return document.querySelectorAll('#vc-milenia-section-heading-3cb6acc77f2328838c6dfe6cf52b1598-1776846963352181862');\n                    },\n                    appear: function(element) {\n                        var $el = $(element);\n                        $el.addClass('milenia-visible').addClass($el.data('animation'));\n                    },\n                    reappear: false,\n                    bounds: -200\n                });\n            }\n        });\n    })(window.jQuery);\n<\/script>\n<div id=\"vc-milenia-section-heading-3cb6acc77f2328838c6dfe6cf52b1598-1776846963352181862\" class=\"milenia-section-heading text-left vc_custom_1772015261700 milenia-visible\" data-animation=\"none\">\n    \n    <h2 class=\"milenia-section-title milenia-font--first-accented\" style=\"font-size: 50px;line-height: 43px;text-transform: none;font-style: normal;font-weight: 400;\">Entdecken Sie unsere Welt f\u00fcr Familien<\/h2>\n\n    \n<\/div>\n<!--================ End of Section Heading ================-->\n[vc_custom_heading text=&#8221;L\u00c4CHELN, GEBORGENHEIT UND MEER: IM SOMMER SCHL\u00c4GT UNSER HERZ F\u00dcR FAMILIEN!&#8221; font_container=&#8221;tag:div|font_size:18px|text_align:left|color:%2333879F|line_height:30px&#8221; google_fonts=&#8221;font_family:Open%20Sans%3A300%2C300italic%2Cregular%2Citalic%2C600%2C600italic%2C700%2C700italic%2C800%2C800italic|font_style:700%20bold%20regular%3A700%3Anormal&#8221; css=&#8221;.vc_custom_1772015271624{margin-bottom: 20px !important;}&#8221;][vc_column_text css=&#8221;&#8221;]<\/p>\n<div class=\"Y3BBE\" data-sfc-cp=\"\" data-hveid=\"CAEIJBAA\" data-processed=\"true\">Wenn der Sommer kommt, verwandelt sich das Hotel City in Montesilvano in ein echtes Familienhotel, das darauf ausgerichtet ist, jede Familie willkommen zu hei\u00dfen. Wir wissen, wie wertvoll die gemeinsame Zeit ist \u2013 zwischen dem Lachen, das nach Salz schmeckt, Spielen am Strand und Umarmungen bei Sonnenuntergang.<button class=\"rBl3me\" tabindex=\"0\" data-amic=\"true\" data-icl-uuid=\"bc7824b9-0b36-4cb0-867e-60c75752a789\" aria-label=\"Visualizza link correlati\" data-wiz-attrbind=\"disabled=EVaRQe_6e\/C5gNJc;aria-label=EVaRQe_6e\/bOjMyf;class=EVaRQe_6e\/UpSNec\" data-ved=\"2ahUKEwigmciPtPSSAxXH4wIHHS6bOr4Qye0OegYIAQgkEAE\"><\/button><\/div>\n<div class=\"Y3BBE\" data-sfc-cp=\"\" data-hveid=\"CAEIJRAA\" data-processed=\"true\">Unser Wunsch ist es, Ihnen einen Urlaub zu schenken, der nicht nur eine Pause ist, sondern eine gl\u00fcckliche Erinnerung, die Sie mit nach Hause nehmen.<button class=\"rBl3me\" tabindex=\"0\" data-amic=\"true\" data-icl-uuid=\"77ecf751-a694-4536-b877-a9bc85f9dcb6\" aria-label=\"Visualizza link correlati\" data-wiz-attrbind=\"disabled=EVaRQe_6i\/C5gNJc;aria-label=EVaRQe_6i\/bOjMyf;class=EVaRQe_6i\/UpSNec\" data-ved=\"2ahUKEwigmciPtPSSAxXH4wIHHS6bOr4Qye0OegYIAQglEAE\"><\/button><\/div>\n<div class=\"Y3BBE\" data-sfc-cp=\"\" data-hveid=\"CAEIJhAA\" data-processed=\"true\">Jeder Tag wird zu einem Fest der Aufmerksamkeit:<button class=\"rBl3me\" tabindex=\"0\" data-amic=\"true\" data-icl-uuid=\"cbb217e5-b194-4dcf-b4b9-df80526c03f1\" aria-label=\"Visualizza link correlati\" data-wiz-attrbind=\"disabled=EVaRQe_6m\/C5gNJc;aria-label=EVaRQe_6m\/bOjMyf;class=EVaRQe_6m\/UpSNec\" data-ved=\"2ahUKEwigmciPtPSSAxXH4wIHHS6bOr4Qye0OegYIAQgmEAE\"><\/button><\/div>\n<ul class=\"KsbFXc U6u95\" data-processed=\"true\">\n<li class=\"dF3vjf\" data-hveid=\"CAEIJxAA\" data-sae=\"\"><span class=\"T286Pc\" data-sfc-cp=\"\"><strong class=\"Yjhzub\">OPEN BAR<\/strong>\u00a0den ganzen Tag mit k\u00fchlen Softdrinks, bunten Smoothies, leckeren Granitas und speziellen Kindergetr\u00e4nken.<\/span><\/li>\n<li class=\"dF3vjf\" data-hveid=\"CAEIJxAB\" data-sae=\"\"><span class=\"T286Pc\" data-sfc-cp=\"\"><strong class=\"Yjhzub\">Kostenlose Tee-Ecke<\/strong>\u00a0am Abend, um den Tag sanft ausklingen zu lassen.<\/span><\/li>\n<li class=\"dF3vjf\" data-hveid=\"CAEIJxAC\" data-sae=\"\"><span class=\"T286Pc\" data-sfc-cp=\"\"><strong class=\"Yjhzub\">Milch<\/strong>\u00a0rund um die Uhr verf\u00fcgbar, damit es unseren kleinsten G\u00e4sten an nichts fehlt.<\/span><button class=\"rBl3me\" tabindex=\"0\" data-amic=\"true\" data-icl-uuid=\"1947e973-c920-413f-8cce-b3985cb62ac2\" aria-label=\"Visualizza link correlati\" data-wiz-attrbind=\"disabled=EVaRQe_6z\/C5gNJc;aria-label=EVaRQe_6z\/bOjMyf;class=EVaRQe_6z\/UpSNec\" data-ved=\"2ahUKEwigmciPtPSSAxXH4wIHHS6bOr4Qye0OegYIAQgnEAM\"><\/button><\/li>\n<\/ul>\n<div class=\"Y3BBE\" data-sfc-cp=\"\" data-hveid=\"CAEIKBAA\" data-processed=\"true\"><strong class=\"Yjhzub\">Und f\u00fcr die Kinder? Nur das Beste:<\/strong><button class=\"rBl3me\" tabindex=\"0\" data-amic=\"true\" data-icl-uuid=\"1c0daac7-18a0-4cac-b636-81a170c190d8\" aria-label=\"Visualizza link correlati\" data-wiz-attrbind=\"disabled=EVaRQe_74\/C5gNJc;aria-label=EVaRQe_74\/bOjMyf;class=EVaRQe_74\/UpSNec\" data-ved=\"2ahUKEwigmciPtPSSAxXH4wIHHS6bOr4Qye0OegYIAQgoEAE\"><\/button><\/div>\n<ul class=\"KsbFXc U6u95\" data-processed=\"true\">\n<li class=\"dF3vjf\" data-hveid=\"CAEIKRAA\" data-sae=\"\"><span class=\"T286Pc\" data-sfc-cp=\"\"><strong class=\"Yjhzub\">Eigenes Kindermen\u00fc<\/strong>, frisch zubereitet und auf die Bed\u00fcrfnisse kleiner Feinschmecker abgestimmt.<\/span><\/li>\n<li class=\"dF3vjf\" data-hveid=\"CAEIKRAB\" data-sae=\"\"><span class=\"T286Pc\" data-sfc-cp=\"\"><strong class=\"Yjhzub\">Leckerer Nachmittagssnack<\/strong>\u00a0f\u00fcr eine Pause voller Energie und Freude.<\/span><\/li>\n<li class=\"dF3vjf\" data-hveid=\"CAEIKRAC\" data-sae=\"\"><span class=\"T286Pc\" data-sfc-cp=\"\"><strong class=\"Yjhzub\">Baby Club am Strand<\/strong>\u00a0mit Spielen, Workshops und neuen Freundschaften unter der Sonne.<\/span><button class=\"rBl3me\" tabindex=\"0\" data-amic=\"true\" data-icl-uuid=\"f50daf5e-de97-467c-8904-37ef6091f89b\" aria-label=\"Visualizza link correlati\" data-wiz-attrbind=\"disabled=EVaRQe_7h\/C5gNJc;aria-label=EVaRQe_7h\/bOjMyf;class=EVaRQe_7h\/UpSNec\" data-ved=\"2ahUKEwigmciPtPSSAxXH4wIHHS6bOr4Qye0OegYIAQgpEAM\"><\/button><\/li>\n<\/ul>\n<div class=\"Y3BBE\" data-sfc-cp=\"\" data-hveid=\"CAEIKhAA\" data-processed=\"true\">Im Hotel City in Montesilvano besteht der Sommer aus echten Emotionen und herzlichen Momenten. Kommen Sie und schreiben Sie Ihre sch\u00f6nste Erinnerung bei uns.<button class=\"rBl3me\" tabindex=\"0\" data-amic=\"true\" data-icl-uuid=\"6f6be180-2f97-4eb4-89e1-47199c9e3886\" aria-label=\"Visualizza link correlati\" data-wiz-attrbind=\"disabled=EVaRQe_7l\/C5gNJc;aria-label=EVaRQe_7l\/bOjMyf;class=EVaRQe_7l\/UpSNec\" data-ved=\"2ahUKEwigmciPtPSSAxXH4wIHHS6bOr4Qye0OegYIAQgqEAE\"><\/button><\/div>\n<p>[\/vc_column_text][vc_empty_space][\/vc_column][vc_column width=&#8221;1\/2&#8243;][vc_single_image image=&#8221;16299&#8243; img_size=&#8221;900X1200&#8243; css=&#8221;&#8221;][\/vc_column][\/vc_row][vc_row css=&#8221;.vc_custom_1742470212259{padding-top: 0px !important;padding-bottom: 30px !important;}&#8221;][vc_column]<!--================ Section Heading ================-->\n<script>\n    (function($){\n        'use strict';\n\n        if(!$) return;\n\n        $(function(){\n            if(window.appear) {\n                appear({\n                    elements: function(){\n                        return document.querySelectorAll('#vc-milenia-section-heading-f2f8972a9a63a313d59907c3021df6f7-17768469632013147683');\n                    },\n                    appear: function(element) {\n                        var $el = $(element);\n                        $el.addClass('milenia-visible').addClass($el.data('animation'));\n                    },\n                    reappear: false,\n                    bounds: -200\n                });\n            }\n        });\n    })(window.jQuery);\n<\/script>\n<div id=\"vc-milenia-section-heading-f2f8972a9a63a313d59907c3021df6f7-17768469632013147683\" class=\"milenia-section-heading text-center vc_custom_1772015354307 milenia-visible\" data-animation=\"none\">\n    \n    <h2 class=\"milenia-section-title milenia-font--first-accented\" style=\"font-size: 50px;line-height: 43px;text-transform: none;font-style: normal;font-weight: 400;\">Einzigartige Vorteile<\/h2>\n\n    \n<\/div>\n<!--================ End of Section Heading ================-->\n[vc_empty_space height=&#8221;20px&#8221;]<!--================ Info Boxes ================-->\n<script>\n    (function($){\n        'use strict';\n\n        if(!$) return;\n\n        $(function(){\n            var $container = $('#vc-milenia-info-boxes-10eb960fbda5c5d5edb726953c4d3797-17768469631480743949'),\n                $dynamicBgElements,\n                $carousels;\n\n            if(!$container.length) return;\n\n            if(window.appear) {\n                appear({\n                    elements: function(){\n                        return document.querySelectorAll('#vc-milenia-info-boxes-10eb960fbda5c5d5edb726953c4d3797-17768469631480743949');\n                    },\n                    appear: function(element) {\n                        var $el = $(element);\n                        $el.addClass('milenia-visible').addClass($el.data('animation'));\n                    },\n                    reappear: false,\n                    bounds: -200\n                });\n            }\n\n            if(window.Milenia && window.Milenia.LinkUnderliner) {\n                window.Milenia.LinkUnderliner.init($container.find('a'));\n            }\n\n            if(window.Milenia && window.Milenia.helpers &&  window.Milenia.helpers.dynamicBgImage) {\n                $dynamicBgElements = $container.find('[data-bg-image-src]');\n                if($dynamicBgElements.length) window.Milenia.helpers.dynamicBgImage($dynamicBgElements);\n            }\n\n            if($.fn.owlCarousel) {\n                $carousels = $container.find('.milenia-simple-slideshow--shortcode');\n\n                if($carousels.length) {\n                    if(window.Milenia && window.Milenia.helpers && window.Milenia.helpers.owlSettings) {\n\n                        $carousels.jQueryImagesLoaded().then(function(){\n                                $carousels.each(function(i,e) {\n                                    $(e).owlCarousel(window.Milenia.helpers.owlSettings({\n                                        margin: 1,\n                                        loop: true,\n                                        autoplay: $(e).hasClass('milenia-simple-slideshow--autoplay')\n                                    }));\n                                });\n                        });\n\n                    }\n                    else {\n                        $carousels.owlCarousel({\n                            items: 1\n                        });\n                    }\n                }\n            }\n        });\n    })(window.jQuery);\n<\/script>\n\n<div id=\"vc-milenia-info-boxes-10eb960fbda5c5d5edb726953c4d3797-17768469631480743949\" class=\"milenia-entities milenia-entities--style-2 milenia-entities--unreverse  milenia-entities--title-reduced milenia-visible\" data-animation=\"none\">\n    <div class=\"milenia-grid milenia-grid--cols-3 milenia-grid--gutters\">\n        <!--================ Info Boxes Item ================-->\n<div class=\"milenia-grid-item\">\n    <article class=\"milenia-entity milenia-entity--scheme-primary\">\n        <div data-bg-image-src=\"https:\/\/www.hotelcityabruzzo.com\/wp-content\/uploads\/2018\/10\/hotel-montesilvano-all-inclusive-con-open-bar.png\" style=\"background-image: url(https:\/\/www.hotelcityabruzzo.com\/wp-content\/uploads\/2018\/10\/hotel-montesilvano-all-inclusive-con-open-bar.png)\" class=\"milenia-entity-media\"><\/div>\n\n\n        <div class=\"milenia-entity-content milenia-aligner\">\n            <div class=\"milenia-aligner-outer\">\n                <div class=\"milenia-aligner-inner\">\n                    <header class=\"milenia-entity-header\">\n                        \n                        <h2 class=\"milenia-entity-title\">Open Bar von 10 bis 24 Uhr<\/h2>\n\n                    <\/header>\n                    <div class=\"milenia-entity-body\"><p>Erfrischung pur den ganzen Tag: Softdrinks, Bier, Kaffee und vieles mehr<\/p>\n<\/div>\n\n                    \n                <\/div>\n            <\/div>\n        <\/div>\n    <\/article>\n<\/div>\n<!--================ End of Info Boxes Item ================-->\n\r\n<!--================ Info Boxes Item ================-->\n<div class=\"milenia-grid-item\">\n    <article class=\"milenia-entity milenia-entity--scheme-primary\">\n        <div data-bg-image-src=\"https:\/\/www.hotelcityabruzzo.com\/wp-content\/uploads\/2018\/10\/montesilvano-abruzzo-e-dintorni.png\" style=\"background-image: url(https:\/\/www.hotelcityabruzzo.com\/wp-content\/uploads\/2018\/10\/montesilvano-abruzzo-e-dintorni.png)\" class=\"milenia-entity-media\"><\/div>\n\n\n        <div class=\"milenia-entity-content milenia-aligner\">\n            <div class=\"milenia-aligner-outer\">\n                <div class=\"milenia-aligner-inner\">\n                    <header class=\"milenia-entity-header\">\n                        \n                        <h2 class=\"milenia-entity-title\">Nur wenige Schritte zum Meer<\/h2>\n\n                    <\/header>\n                    <div class=\"milenia-entity-body\"><p>Ihr Platz zum Entspannen! Reservierter Sonnenschirm und Liegen am herrlichen Strand von Montesilvano<\/p>\n<\/div>\n\n                    \n                <\/div>\n            <\/div>\n        <\/div>\n    <\/article>\n<\/div>\n<!--================ End of Info Boxes Item ================-->\n\r\n<!--================ Info Boxes Item ================-->\n<div class=\"milenia-grid-item\">\n    <article class=\"milenia-entity milenia-entity--scheme-primary\">\n        <div data-bg-image-src=\"https:\/\/www.hotelcityabruzzo.com\/wp-content\/uploads\/2018\/10\/family-hotel-montesilvano.png\" style=\"background-image: url(https:\/\/www.hotelcityabruzzo.com\/wp-content\/uploads\/2018\/10\/family-hotel-montesilvano.png)\" class=\"milenia-entity-media\"><\/div>\n\n\n        <div class=\"milenia-entity-content milenia-aligner\">\n            <div class=\"milenia-aligner-outer\">\n                <div class=\"milenia-aligner-inner\">\n                    <header class=\"milenia-entity-header\">\n                        \n                        <h2 class=\"milenia-entity-title\">Baby Care<\/h2>\n\n                    <\/header>\n                    <div class=\"milenia-entity-body\"><p>Besondere Aufmerksamkeit f\u00fcr die Kleinen: ma\u00dfgeschneiderte Baby-Men\u00fcs, Baby Club am Strand und ein leckerer Snack am Nachmittag!<\/p>\n<\/div>\n\n                    \n                <\/div>\n            <\/div>\n        <\/div>\n    <\/article>\n<\/div>\n<!--================ End of Info Boxes Item ================-->\n\n    <\/div>\n<\/div>\n<!--================ End of Info Boxes ================-->\n[vc_empty_space height=&#8221;20px&#8221;][\/vc_column][\/vc_row][vc_row full_width=&#8221;stretch_row&#8221; full_height=&#8221;yes&#8221; equal_height=&#8221;yes&#8221; content_placement=&#8221;middle&#8221; css=&#8221;.vc_custom_1744619453241{background-color: #E6E6E6 !important;}&#8221;][vc_column]<!--================ Section Heading ================-->\n<script>\n    (function($){\n        'use strict';\n\n        if(!$) return;\n\n        $(function(){\n            if(window.appear) {\n                appear({\n                    elements: function(){\n                        return document.querySelectorAll('#vc-milenia-section-heading-56180743a6da0623fadc47024c2eaa1f-17768469631996389824');\n                    },\n                    appear: function(element) {\n                        var $el = $(element);\n                        $el.addClass('milenia-visible').addClass($el.data('animation'));\n                    },\n                    reappear: false,\n                    bounds: -200\n                });\n            }\n        });\n    })(window.jQuery);\n<\/script>\n<div id=\"vc-milenia-section-heading-56180743a6da0623fadc47024c2eaa1f-17768469631996389824\" class=\"milenia-section-heading text-center vc_custom_1772015447067 milenia-visible\" data-animation=\"none\">\n    \n    <h2 class=\"milenia-section-title milenia-font--first-accented\" style=\"font-size: 50px;line-height: 43px;text-transform: none;font-style: normal;font-weight: 400;\">L\u00e4cheln, Spiele und Meer: Entdecken Sie unseren Familien-Sommer<\/h2>\n\n    \n<\/div>\n<!--================ End of Section Heading ================-->\n[vc_empty_space height=&#8221;20px&#8221;][vc_raw_html css=&#8221;&#8221;]JTVCZm9vZ2FsbGVyeSUyMGlkJTNEJTIyMTYwMzclMjIlNUQ=[\/vc_raw_html][\/vc_column][\/vc_row]<\/p>\n<\/div>","protected":false},"excerpt":{"rendered":"<p>[vc_row full_width=&#8221;stretch_row&#8221; content_placement=&#8221;middle&#8221; css=&#8221;.vc_custom_1748600038776{margin-bottom: 30px !important;background-color: #FAF6EA !important;}&#8221;][vc_column width=&#8221;1\/2&#8243; el_class=&#8221;milenia-color&#8211;black&#8221;][vc_custom_heading text=&#8221;L\u00c4CHELN, GEBORGENHEIT UND MEER: IM SOMMER SCHL\u00c4GT UNSER&#8230;<\/p>\n","protected":false},"author":2,"featured_media":0,"parent":0,"menu_order":0,"comment_status":"closed","ping_status":"closed","template":"","meta":{"footnotes":""},"class_list":["post-16289","page","type-page","status-publish","hentry"],"yoast_head":"<!-- This site is optimized with the Yoast SEO plugin v27.4 - https:\/\/yoast.com\/product\/yoast-seo-wordpress\/ -->\n<title>Familienhotel Montesilvano Pescara | Hotel City Abruzzo<\/title>\n<meta name=\"description\" content=\"Hotel mit Kinderanimation Montesilvano, All Inclusive Hotel Abruzzen, Familienurlaub Adriak\u00fcste Italien\" \/>\n<meta name=\"robots\" content=\"index, follow, max-snippet:-1, max-image-preview:large, max-video-preview:-1\" \/>\n<link rel=\"canonical\" href=\"https:\/\/www.hotelcityabruzzo.com\/de\/familienhotel-montesilvano-pescara\/\" \/>\n<meta property=\"og:locale\" content=\"de_DE\" \/>\n<meta property=\"og:type\" content=\"article\" \/>\n<meta property=\"og:title\" content=\"Familienhotel Montesilvano Pescara | Hotel City Abruzzo\" \/>\n<meta property=\"og:description\" content=\"Hotel mit Kinderanimation Montesilvano, All Inclusive Hotel Abruzzen, Familienurlaub Adriak\u00fcste Italien\" \/>\n<meta property=\"og:url\" content=\"https:\/\/www.hotelcityabruzzo.com\/de\/familienhotel-montesilvano-pescara\/\" \/>\n<meta property=\"og:site_name\" content=\"Hotel City\" \/>\n<meta property=\"article:publisher\" content=\"https:\/\/www.facebook.com\/HotelCityAbruzzo\" \/>\n<meta property=\"article:modified_time\" content=\"2026-02-25T10:32:11+00:00\" \/>\n<meta name=\"twitter:card\" content=\"summary_large_image\" \/>\n<meta name=\"twitter:label1\" content=\"Gesch\u00e4tzte Lesezeit\" \/>\n\t<meta name=\"twitter:data1\" content=\"2\u00a0Minuten\" \/>\n<script type=\"application\/ld+json\" class=\"yoast-schema-graph\">{\"@context\":\"https:\\\/\\\/schema.org\",\"@graph\":[{\"@type\":\"WebPage\",\"@id\":\"https:\\\/\\\/www.hotelcityabruzzo.com\\\/de\\\/familienhotel-montesilvano-pescara\\\/\",\"url\":\"https:\\\/\\\/www.hotelcityabruzzo.com\\\/de\\\/familienhotel-montesilvano-pescara\\\/\",\"name\":\"Familienhotel Montesilvano Pescara | Hotel City Abruzzo\",\"isPartOf\":{\"@id\":\"https:\\\/\\\/www.hotelcityabruzzo.com\\\/#website\"},\"datePublished\":\"2025-05-30T10:08:00+00:00\",\"dateModified\":\"2026-02-25T10:32:11+00:00\",\"description\":\"Hotel mit Kinderanimation Montesilvano, All Inclusive Hotel Abruzzen, Familienurlaub Adriak\u00fcste Italien\",\"breadcrumb\":{\"@id\":\"https:\\\/\\\/www.hotelcityabruzzo.com\\\/de\\\/familienhotel-montesilvano-pescara\\\/#breadcrumb\"},\"inLanguage\":\"de\",\"potentialAction\":[{\"@type\":\"ReadAction\",\"target\":[\"https:\\\/\\\/www.hotelcityabruzzo.com\\\/de\\\/familienhotel-montesilvano-pescara\\\/\"]}]},{\"@type\":\"BreadcrumbList\",\"@id\":\"https:\\\/\\\/www.hotelcityabruzzo.com\\\/de\\\/familienhotel-montesilvano-pescara\\\/#breadcrumb\",\"itemListElement\":[{\"@type\":\"ListItem\",\"position\":1,\"name\":\"Home\",\"item\":\"https:\\\/\\\/www.hotelcityabruzzo.com\\\/de\\\/\"},{\"@type\":\"ListItem\",\"position\":2,\"name\":\"Familie\"}]},{\"@type\":\"WebSite\",\"@id\":\"https:\\\/\\\/www.hotelcityabruzzo.com\\\/#website\",\"url\":\"https:\\\/\\\/www.hotelcityabruzzo.com\\\/\",\"name\":\"Hotel City\",\"description\":\"La Tua Vacanza in Abruzzo\",\"publisher\":{\"@id\":\"https:\\\/\\\/www.hotelcityabruzzo.com\\\/#organization\"},\"potentialAction\":[{\"@type\":\"SearchAction\",\"target\":{\"@type\":\"EntryPoint\",\"urlTemplate\":\"https:\\\/\\\/www.hotelcityabruzzo.com\\\/?s={search_term_string}\"},\"query-input\":{\"@type\":\"PropertyValueSpecification\",\"valueRequired\":true,\"valueName\":\"search_term_string\"}}],\"inLanguage\":\"de\"},{\"@type\":\"Organization\",\"@id\":\"https:\\\/\\\/www.hotelcityabruzzo.com\\\/#organization\",\"name\":\"Hotel City\",\"url\":\"https:\\\/\\\/www.hotelcityabruzzo.com\\\/\",\"logo\":{\"@type\":\"ImageObject\",\"inLanguage\":\"de\",\"@id\":\"https:\\\/\\\/www.hotelcityabruzzo.com\\\/#\\\/schema\\\/logo\\\/image\\\/\",\"url\":\"https:\\\/\\\/www.hotelcityabruzzo.com\\\/wp-content\\\/uploads\\\/2018\\\/10\\\/logocity-reviews.png\",\"contentUrl\":\"https:\\\/\\\/www.hotelcityabruzzo.com\\\/wp-content\\\/uploads\\\/2018\\\/10\\\/logocity-reviews.png\",\"width\":538,\"height\":538,\"caption\":\"Hotel City\"},\"image\":{\"@id\":\"https:\\\/\\\/www.hotelcityabruzzo.com\\\/#\\\/schema\\\/logo\\\/image\\\/\"},\"sameAs\":[\"https:\\\/\\\/www.facebook.com\\\/HotelCityAbruzzo\",\"https:\\\/\\\/www.instagram.com\\\/hotelcitymontesilvano\\\/\"]}]}<\/script>\n<!-- \/ Yoast SEO plugin. -->","yoast_head_json":{"title":"Familienhotel Montesilvano Pescara | Hotel City Abruzzo","description":"Hotel mit Kinderanimation Montesilvano, All Inclusive Hotel Abruzzen, Familienurlaub Adriak\u00fcste Italien","robots":{"index":"index","follow":"follow","max-snippet":"max-snippet:-1","max-image-preview":"max-image-preview:large","max-video-preview":"max-video-preview:-1"},"canonical":"https:\/\/www.hotelcityabruzzo.com\/de\/familienhotel-montesilvano-pescara\/","og_locale":"de_DE","og_type":"article","og_title":"Familienhotel Montesilvano Pescara | Hotel City Abruzzo","og_description":"Hotel mit Kinderanimation Montesilvano, All Inclusive Hotel Abruzzen, Familienurlaub Adriak\u00fcste Italien","og_url":"https:\/\/www.hotelcityabruzzo.com\/de\/familienhotel-montesilvano-pescara\/","og_site_name":"Hotel City","article_publisher":"https:\/\/www.facebook.com\/HotelCityAbruzzo","article_modified_time":"2026-02-25T10:32:11+00:00","twitter_card":"summary_large_image","twitter_misc":{"Gesch\u00e4tzte Lesezeit":"2\u00a0Minuten"},"schema":{"@context":"https:\/\/schema.org","@graph":[{"@type":"WebPage","@id":"https:\/\/www.hotelcityabruzzo.com\/de\/familienhotel-montesilvano-pescara\/","url":"https:\/\/www.hotelcityabruzzo.com\/de\/familienhotel-montesilvano-pescara\/","name":"Familienhotel Montesilvano Pescara | Hotel City Abruzzo","isPartOf":{"@id":"https:\/\/www.hotelcityabruzzo.com\/#website"},"datePublished":"2025-05-30T10:08:00+00:00","dateModified":"2026-02-25T10:32:11+00:00","description":"Hotel mit Kinderanimation Montesilvano, All Inclusive Hotel Abruzzen, Familienurlaub Adriak\u00fcste Italien","breadcrumb":{"@id":"https:\/\/www.hotelcityabruzzo.com\/de\/familienhotel-montesilvano-pescara\/#breadcrumb"},"inLanguage":"de","potentialAction":[{"@type":"ReadAction","target":["https:\/\/www.hotelcityabruzzo.com\/de\/familienhotel-montesilvano-pescara\/"]}]},{"@type":"BreadcrumbList","@id":"https:\/\/www.hotelcityabruzzo.com\/de\/familienhotel-montesilvano-pescara\/#breadcrumb","itemListElement":[{"@type":"ListItem","position":1,"name":"Home","item":"https:\/\/www.hotelcityabruzzo.com\/de\/"},{"@type":"ListItem","position":2,"name":"Familie"}]},{"@type":"WebSite","@id":"https:\/\/www.hotelcityabruzzo.com\/#website","url":"https:\/\/www.hotelcityabruzzo.com\/","name":"Hotel City","description":"La Tua Vacanza in Abruzzo","publisher":{"@id":"https:\/\/www.hotelcityabruzzo.com\/#organization"},"potentialAction":[{"@type":"SearchAction","target":{"@type":"EntryPoint","urlTemplate":"https:\/\/www.hotelcityabruzzo.com\/?s={search_term_string}"},"query-input":{"@type":"PropertyValueSpecification","valueRequired":true,"valueName":"search_term_string"}}],"inLanguage":"de"},{"@type":"Organization","@id":"https:\/\/www.hotelcityabruzzo.com\/#organization","name":"Hotel City","url":"https:\/\/www.hotelcityabruzzo.com\/","logo":{"@type":"ImageObject","inLanguage":"de","@id":"https:\/\/www.hotelcityabruzzo.com\/#\/schema\/logo\/image\/","url":"https:\/\/www.hotelcityabruzzo.com\/wp-content\/uploads\/2018\/10\/logocity-reviews.png","contentUrl":"https:\/\/www.hotelcityabruzzo.com\/wp-content\/uploads\/2018\/10\/logocity-reviews.png","width":538,"height":538,"caption":"Hotel City"},"image":{"@id":"https:\/\/www.hotelcityabruzzo.com\/#\/schema\/logo\/image\/"},"sameAs":["https:\/\/www.facebook.com\/HotelCityAbruzzo","https:\/\/www.instagram.com\/hotelcitymontesilvano\/"]}]}},"_links":{"self":[{"href":"https:\/\/www.hotelcityabruzzo.com\/de\/wp-json\/wp\/v2\/pages\/16289","targetHints":{"allow":["GET"]}}],"collection":[{"href":"https:\/\/www.hotelcityabruzzo.com\/de\/wp-json\/wp\/v2\/pages"}],"about":[{"href":"https:\/\/www.hotelcityabruzzo.com\/de\/wp-json\/wp\/v2\/types\/page"}],"author":[{"embeddable":true,"href":"https:\/\/www.hotelcityabruzzo.com\/de\/wp-json\/wp\/v2\/users\/2"}],"replies":[{"embeddable":true,"href":"https:\/\/www.hotelcityabruzzo.com\/de\/wp-json\/wp\/v2\/comments?post=16289"}],"version-history":[{"count":5,"href":"https:\/\/www.hotelcityabruzzo.com\/de\/wp-json\/wp\/v2\/pages\/16289\/revisions"}],"predecessor-version":[{"id":16308,"href":"https:\/\/www.hotelcityabruzzo.com\/de\/wp-json\/wp\/v2\/pages\/16289\/revisions\/16308"}],"wp:attachment":[{"href":"https:\/\/www.hotelcityabruzzo.com\/de\/wp-json\/wp\/v2\/media?parent=16289"}],"curies":[{"name":"wp","href":"https:\/\/api.w.org\/{rel}","templated":true}]}}