{"id":16213,"date":"2025-06-04T11:07:51","date_gmt":"2025-06-04T11:07:51","guid":{"rendered":"https:\/\/www.hotelcityabruzzo.com\/montesilvano-e-dintorni-cosa-vedere-vicino-hotel-city\/"},"modified":"2026-02-24T10:05:32","modified_gmt":"2026-02-24T10:05:32","slug":"montesilvano-und-umgebung-sehenswuerdigkeiten-naehe-hotel-city","status":"publish","type":"page","link":"https:\/\/www.hotelcityabruzzo.com\/de\/montesilvano-und-umgebung-sehenswuerdigkeiten-naehe-hotel-city\/","title":{"rendered":"Umgebung"},"content":{"rendered":"<div class=\"wpb-content-wrapper\"><p>[vc_row full_width=&#8221;stretch_row&#8221; content_placement=&#8221;middle&#8221; css=&#8221;.vc_custom_1748335748061{background-color: #FAF6E9 !important;}&#8221;][vc_column width=&#8221;1\/2&#8243; el_class=&#8221;milenia-color&#8211;black&#8221;]<!--================ Section Heading ================-->\n<script>\n    (function($){\n        'use strict';\n\n        if(!$) return;\n\n        $(function(){\n            if(window.appear) {\n                appear({\n                    elements: function(){\n                        return document.querySelectorAll('#vc-milenia-section-heading-c4091b436624ee3b0abd784c204aba3a-17768462931178204552');\n                    },\n                    appear: function(element) {\n                        var $el = $(element);\n                        $el.addClass('milenia-visible').addClass($el.data('animation'));\n                    },\n                    reappear: false,\n                    bounds: -200\n                });\n            }\n        });\n    })(window.jQuery);\n<\/script>\n<div id=\"vc-milenia-section-heading-c4091b436624ee3b0abd784c204aba3a-17768462931178204552\" class=\"milenia-section-heading text-left vc_custom_1771926587541 milenia-visible\" data-animation=\"none\">\n    \n    <h2 class=\"milenia-section-title milenia-font--first-accented\" style=\"font-size: 50px;line-height: 43px;text-transform: none;font-style: normal;font-weight: 400;\">Entdecken Sie die authentischen Abruzzen zwischen Meer, H\u00fcgeln und antiken D\u00f6rfern<\/h2>\n\n    \n<\/div>\n<!--================ End of Section Heading ================-->\n[vc_custom_heading text=&#8221;LASSEN SIE SICH VOM TERRITORIUM INSPIRIEREN UND ERLEBEN SIE DIE ABRUZZEN MIT UNS&#8221; font_container=&#8221;tag:div|font_size:18px|text_align:left|color:%2333879F|line_height:30px&#8221; google_fonts=&#8221;font_family:Open%20Sans%3A300%2C300italic%2Cregular%2Citalic%2C600%2C600italic%2C700%2C700italic%2C800%2C800italic|font_style:700%20bold%20regular%3A700%3Anormal&#8221; css=&#8221;.vc_custom_1771926616961{margin-bottom: 20px !important;}&#8221;][vc_column_text css=&#8221;&#8221;]<\/p>\n<div class=\"Y3BBE\" data-sfc-cp=\"\" data-hveid=\"CAEIFhAA\" data-processed=\"true\">Ein Aufenthalt im<strong> City Hotel Montesilvano<\/strong> bedeutet, eine Region voller Emotionen, atemberaubender Landschaften und jahrhundertealter Traditionen direkt vor der Haust\u00fcr zu haben. Zwischen dem tiefen Blau der Adria und dem Gr\u00fcn der abruzzesischen H\u00fcgel kann jeder Tag zu einem unvergesslichen Erlebnis werden. Ob Sie antike mittelalterliche D\u00f6rfer erkunden, in die unber\u00fchrte Natur eintauchen oder durch lebhafte Stadtstra\u00dfen schlendern m\u00f6chten \u2013 hier finden Sie immer etwas Besonderes.<button class=\"rBl3me\" tabindex=\"0\" data-amic=\"true\" data-icl-uuid=\"996b647a-2212-424c-b83e-44f6e920c4b5\" aria-label=\"Visualizza link correlati\" data-wiz-attrbind=\"disabled=OVdDHc_44\/C5gNJc;aria-label=OVdDHc_44\/bOjMyf;class=OVdDHc_44\/UpSNec\" data-ved=\"2ahUKEwjhtce96fGSAxXH4wIHHU8uErgQye0OegYIAQgWEAE\"><\/button><\/div>\n<div data-sfc-cp=\"\" data-hveid=\"CAEIFhAA\" data-processed=\"true\"><\/div>\n<div class=\"Y3BBE\" data-sfc-cp=\"\" data-hveid=\"CAEIFxAA\" data-processed=\"true\"><strong>Hier sind einige der Ziele, die wir Ihnen f\u00fcr einen Besuch empfehlen:<button class=\"rBl3me\" tabindex=\"0\" data-amic=\"true\" data-icl-uuid=\"0cf033aa-09be-4433-994d-1feb74145894\" aria-label=\"Visualizza link correlati\" data-wiz-attrbind=\"disabled=OVdDHc_48\/C5gNJc;aria-label=OVdDHc_48\/bOjMyf;class=OVdDHc_48\/UpSNec\" data-ved=\"2ahUKEwjhtce96fGSAxXH4wIHHU8uErgQye0OegYIAQgXEAE\"><\/button><\/strong><\/div>\n<p>[\/vc_column_text][\/vc_column][vc_column width=&#8221;1\/2&#8243;][vc_single_image image=&#8221;16231&#8243; img_size=&#8221;900X1200&#8243; css=&#8221;&#8221;][\/vc_column][\/vc_row][vc_row][vc_column width=&#8221;1\/3&#8243;][vc_single_image image=&#8221;16232&#8243; img_size=&#8221;full&#8221; css=&#8221;&#8221;][vc_tta_accordion][vc_tta_section title=&#8221;Pescara (10 Minuten entfernt)&#8221; tab_id=&#8221;1749037017664-d52200b2-f7e4&#8243;][vc_column_text css=&#8221;&#8221;]<\/p>\n<p data-start=\"913\" data-end=\"1147\">Lebendig und modern, ist Pescara die ideale Stadt f\u00fcr einen Bummel zwischen Gesch\u00e4ften, Caf\u00e9s und Lokalen an der Strandpromenade. Nicht verpassen: das Geburtshaus von <strong>Gabriele D\u2019Annunzio<\/strong>, die Br\u00fccke \u201ePonte del Mare\u201c und der charakteristische Markt auf der Piazza Muzii.<\/p>\n<p>[\/vc_column_text][\/vc_tta_section][\/vc_tta_accordion][\/vc_column][vc_column width=&#8221;1\/3&#8243;][vc_single_image image=&#8221;16233&#8243; img_size=&#8221;full&#8221; css=&#8221;&#8221;][vc_tta_accordion][vc_tta_section title=&#8221;Naturschutzgebiet Pineta Dannunziana (10 Minuten entfernt)&#8221; tab_id=&#8221;1749037017664-d52200b2-f7e41749037062500&#8243;][vc_column_text css=&#8221;&#8221;]<\/p>\n<p data-start=\"1514\" data-end=\"1723\">Eine gr\u00fcne Lunge im Herzen von Pescara, perfekt f\u00fcr einen Spaziergang oder einen Moment der Entspannung in der Natur. Schattige Pfade und jahrhundertealte Pinien machen das Reservat zu einer Oase der Ruhe.<\/p>\n<p>[\/vc_column_text][\/vc_tta_section][\/vc_tta_accordion][\/vc_column][vc_column width=&#8221;1\/3&#8243;][vc_single_image image=&#8221;16234&#8243; img_size=&#8221;full&#8221; css=&#8221;&#8221;][vc_tta_accordion][vc_tta_section title=&#8221;Loreto Aprutino (25 Minuten entfernt)&#8221; tab_id=&#8221;1749037017664-d52200b2-f7e41749037065331&#8243;][vc_column_text css=&#8221;&#8221;]<\/p>\n<p data-start=\"2030\" data-end=\"2242\">Bekannt f\u00fcr seine Olivenhaine und die Produktion von nativem Oliven\u00f6l extra. Dieses mittelalterliche Dorf beherbergt das Keramikmuseum und charmante alte Kirchen.<\/p>\n<p>[\/vc_column_text][\/vc_tta_section][\/vc_tta_accordion][\/vc_column][\/vc_row][vc_row][vc_column width=&#8221;1\/3&#8243;][vc_single_image image=&#8221;16235&#8243; img_size=&#8221;full&#8221; css=&#8221;&#8221;][vc_tta_accordion][vc_tta_section title=&#8221;Gran Sasso und Nationalpark Abruzzen (ca. 1 Stunde entfernt)&#8221; tab_id=&#8221;1749037069915-8d895a24-fac4&#8243;][vc_column_text css=&#8221;&#8221;]<\/p>\n<p data-start=\"2317\" data-end=\"2534\">F\u00fcr Natur- und Wanderfreunde bietet der Gran Sasso spektakul\u00e4re Landschaften. Im Winter ein Skigebiet, bietet er im Sommer Wanderungen zwischen Gipfeln, Seen und bl\u00fchenden Wiesen.<\/p>\n<p>[\/vc_column_text][\/vc_tta_section][\/vc_tta_accordion][\/vc_column][vc_column width=&#8221;1\/3&#8243;][vc_single_image image=&#8221;16236&#8243; img_size=&#8221;full&#8221; css=&#8221;&#8221;][vc_tta_accordion][vc_tta_section title=&#8221;Atri (35 Minuten entfernt)&#8221; tab_id=&#8221;1749037070023-f3c941e1-c4c3&#8243;][vc_column_text css=&#8221;&#8221;]<\/p>\n<p data-start=\"180\" data-end=\"463\">Eine antike Kunststadt, ber\u00fchmt f\u00fcr ihre Kathedrale Santa Maria Assunta und die \u201eCalanchi\u201c, spektakul\u00e4re Lehmformationen, die eine fast mond\u00e4hnliche Landschaft bilden.<\/p>\n<p>[\/vc_column_text][\/vc_tta_section][\/vc_tta_accordion][\/vc_column][vc_column width=&#8221;1\/3&#8243;][vc_single_image image=&#8221;16237&#8243; img_size=&#8221;full&#8221; css=&#8221;&#8221;][vc_tta_accordion][vc_tta_section title=&#8221;Penne (45 Minuten entfernt)&#8221; tab_id=&#8221;1749037070108-9b0a8364-ac3d&#8221;][vc_column_text css=&#8221;&#8221;]<\/p>\n<p data-start=\"503\" data-end=\"775\">Ein mittelalterliches Dorf inmitten von H\u00fcgeln und Olivenhainen mit einer historischen Altstadt von seltener Sch\u00f6nheit. Es ist auch das Tor zum Naturschutzgebiet des Penne-Sees.<\/p>\n<p>[\/vc_column_text][\/vc_tta_section][\/vc_tta_accordion][\/vc_column][\/vc_row]<\/p>\n<\/div>","protected":false},"excerpt":{"rendered":"<p>[vc_row full_width=&#8221;stretch_row&#8221; content_placement=&#8221;middle&#8221; css=&#8221;.vc_custom_1748335748061{background-color: #FAF6E9 !important;}&#8221;][vc_column width=&#8221;1\/2&#8243; el_class=&#8221;milenia-color&#8211;black&#8221;][vc_custom_heading text=&#8221;LASSEN SIE SICH VOM TERRITORIUM INSPIRIEREN UND ERLEBEN SIE DIE&#8230;<\/p>\n","protected":false},"author":2,"featured_media":0,"parent":0,"menu_order":0,"comment_status":"closed","ping_status":"closed","template":"","meta":{"footnotes":""},"class_list":["post-16213","page","type-page","status-publish","hentry"],"yoast_head":"<!-- This site is optimized with the Yoast SEO plugin v27.4 - https:\/\/yoast.com\/product\/yoast-seo-wordpress\/ -->\n<title>Montesilvano und Umgebung: Sehensw\u00fcrdigkeiten in der N\u00e4he<\/title>\n<meta name=\"description\" content=\"Entdecken Sie Montesilvano und Umgebung in der N\u00e4he des Hotel City: Meer, historische D\u00f6rfer, Naturparks und die Attraktionen der Abruzzen f\u00fcr einen unvergesslichen Urlaub.\" \/>\n<meta name=\"robots\" content=\"index, follow, max-snippet:-1, max-image-preview:large, max-video-preview:-1\" \/>\n<link rel=\"canonical\" href=\"https:\/\/www.hotelcityabruzzo.com\/de\/montesilvano-und-umgebung-sehenswuerdigkeiten-naehe-hotel-city\/\" \/>\n<meta property=\"og:locale\" content=\"de_DE\" \/>\n<meta property=\"og:type\" content=\"article\" \/>\n<meta property=\"og:title\" content=\"Montesilvano und Umgebung: Sehensw\u00fcrdigkeiten in der N\u00e4he\" \/>\n<meta property=\"og:description\" content=\"Entdecken Sie Montesilvano und Umgebung in der N\u00e4he des Hotel City: Meer, historische D\u00f6rfer, Naturparks und die Attraktionen der Abruzzen f\u00fcr einen unvergesslichen Urlaub.\" \/>\n<meta property=\"og:url\" content=\"https:\/\/www.hotelcityabruzzo.com\/de\/montesilvano-und-umgebung-sehenswuerdigkeiten-naehe-hotel-city\/\" \/>\n<meta property=\"og:site_name\" content=\"Hotel City\" \/>\n<meta property=\"article:publisher\" content=\"https:\/\/www.facebook.com\/HotelCityAbruzzo\" \/>\n<meta property=\"article:modified_time\" content=\"2026-02-24T10:05:32+00:00\" \/>\n<meta name=\"twitter:card\" content=\"summary_large_image\" \/>\n<meta name=\"twitter:label1\" content=\"Gesch\u00e4tzte Lesezeit\" \/>\n\t<meta name=\"twitter:data1\" content=\"3\u00a0Minuten\" \/>\n<script type=\"application\/ld+json\" class=\"yoast-schema-graph\">{\"@context\":\"https:\\\/\\\/schema.org\",\"@graph\":[{\"@type\":\"WebPage\",\"@id\":\"https:\\\/\\\/www.hotelcityabruzzo.com\\\/de\\\/montesilvano-und-umgebung-sehenswuerdigkeiten-naehe-hotel-city\\\/\",\"url\":\"https:\\\/\\\/www.hotelcityabruzzo.com\\\/de\\\/montesilvano-und-umgebung-sehenswuerdigkeiten-naehe-hotel-city\\\/\",\"name\":\"Montesilvano und Umgebung: Sehensw\u00fcrdigkeiten in der N\u00e4he\",\"isPartOf\":{\"@id\":\"https:\\\/\\\/www.hotelcityabruzzo.com\\\/#website\"},\"datePublished\":\"2025-06-04T11:07:51+00:00\",\"dateModified\":\"2026-02-24T10:05:32+00:00\",\"description\":\"Entdecken Sie Montesilvano und Umgebung in der N\u00e4he des Hotel City: Meer, historische D\u00f6rfer, Naturparks und die Attraktionen der Abruzzen f\u00fcr einen unvergesslichen Urlaub.\",\"breadcrumb\":{\"@id\":\"https:\\\/\\\/www.hotelcityabruzzo.com\\\/de\\\/montesilvano-und-umgebung-sehenswuerdigkeiten-naehe-hotel-city\\\/#breadcrumb\"},\"inLanguage\":\"de\",\"potentialAction\":[{\"@type\":\"ReadAction\",\"target\":[\"https:\\\/\\\/www.hotelcityabruzzo.com\\\/de\\\/montesilvano-und-umgebung-sehenswuerdigkeiten-naehe-hotel-city\\\/\"]}]},{\"@type\":\"BreadcrumbList\",\"@id\":\"https:\\\/\\\/www.hotelcityabruzzo.com\\\/de\\\/montesilvano-und-umgebung-sehenswuerdigkeiten-naehe-hotel-city\\\/#breadcrumb\",\"itemListElement\":[{\"@type\":\"ListItem\",\"position\":1,\"name\":\"Home\",\"item\":\"https:\\\/\\\/www.hotelcityabruzzo.com\\\/de\\\/\"},{\"@type\":\"ListItem\",\"position\":2,\"name\":\"Umgebung\"}]},{\"@type\":\"WebSite\",\"@id\":\"https:\\\/\\\/www.hotelcityabruzzo.com\\\/#website\",\"url\":\"https:\\\/\\\/www.hotelcityabruzzo.com\\\/\",\"name\":\"Hotel City\",\"description\":\"La Tua Vacanza in Abruzzo\",\"publisher\":{\"@id\":\"https:\\\/\\\/www.hotelcityabruzzo.com\\\/#organization\"},\"potentialAction\":[{\"@type\":\"SearchAction\",\"target\":{\"@type\":\"EntryPoint\",\"urlTemplate\":\"https:\\\/\\\/www.hotelcityabruzzo.com\\\/?s={search_term_string}\"},\"query-input\":{\"@type\":\"PropertyValueSpecification\",\"valueRequired\":true,\"valueName\":\"search_term_string\"}}],\"inLanguage\":\"de\"},{\"@type\":\"Organization\",\"@id\":\"https:\\\/\\\/www.hotelcityabruzzo.com\\\/#organization\",\"name\":\"Hotel City\",\"url\":\"https:\\\/\\\/www.hotelcityabruzzo.com\\\/\",\"logo\":{\"@type\":\"ImageObject\",\"inLanguage\":\"de\",\"@id\":\"https:\\\/\\\/www.hotelcityabruzzo.com\\\/#\\\/schema\\\/logo\\\/image\\\/\",\"url\":\"https:\\\/\\\/www.hotelcityabruzzo.com\\\/wp-content\\\/uploads\\\/2018\\\/10\\\/logocity-reviews.png\",\"contentUrl\":\"https:\\\/\\\/www.hotelcityabruzzo.com\\\/wp-content\\\/uploads\\\/2018\\\/10\\\/logocity-reviews.png\",\"width\":538,\"height\":538,\"caption\":\"Hotel City\"},\"image\":{\"@id\":\"https:\\\/\\\/www.hotelcityabruzzo.com\\\/#\\\/schema\\\/logo\\\/image\\\/\"},\"sameAs\":[\"https:\\\/\\\/www.facebook.com\\\/HotelCityAbruzzo\",\"https:\\\/\\\/www.instagram.com\\\/hotelcitymontesilvano\\\/\"]}]}<\/script>\n<!-- \/ Yoast SEO plugin. -->","yoast_head_json":{"title":"Montesilvano und Umgebung: Sehensw\u00fcrdigkeiten in der N\u00e4he","description":"Entdecken Sie Montesilvano und Umgebung in der N\u00e4he des Hotel City: Meer, historische D\u00f6rfer, Naturparks und die Attraktionen der Abruzzen f\u00fcr einen unvergesslichen Urlaub.","robots":{"index":"index","follow":"follow","max-snippet":"max-snippet:-1","max-image-preview":"max-image-preview:large","max-video-preview":"max-video-preview:-1"},"canonical":"https:\/\/www.hotelcityabruzzo.com\/de\/montesilvano-und-umgebung-sehenswuerdigkeiten-naehe-hotel-city\/","og_locale":"de_DE","og_type":"article","og_title":"Montesilvano und Umgebung: Sehensw\u00fcrdigkeiten in der N\u00e4he","og_description":"Entdecken Sie Montesilvano und Umgebung in der N\u00e4he des Hotel City: Meer, historische D\u00f6rfer, Naturparks und die Attraktionen der Abruzzen f\u00fcr einen unvergesslichen Urlaub.","og_url":"https:\/\/www.hotelcityabruzzo.com\/de\/montesilvano-und-umgebung-sehenswuerdigkeiten-naehe-hotel-city\/","og_site_name":"Hotel City","article_publisher":"https:\/\/www.facebook.com\/HotelCityAbruzzo","article_modified_time":"2026-02-24T10:05:32+00:00","twitter_card":"summary_large_image","twitter_misc":{"Gesch\u00e4tzte Lesezeit":"3\u00a0Minuten"},"schema":{"@context":"https:\/\/schema.org","@graph":[{"@type":"WebPage","@id":"https:\/\/www.hotelcityabruzzo.com\/de\/montesilvano-und-umgebung-sehenswuerdigkeiten-naehe-hotel-city\/","url":"https:\/\/www.hotelcityabruzzo.com\/de\/montesilvano-und-umgebung-sehenswuerdigkeiten-naehe-hotel-city\/","name":"Montesilvano und Umgebung: Sehensw\u00fcrdigkeiten in der N\u00e4he","isPartOf":{"@id":"https:\/\/www.hotelcityabruzzo.com\/#website"},"datePublished":"2025-06-04T11:07:51+00:00","dateModified":"2026-02-24T10:05:32+00:00","description":"Entdecken Sie Montesilvano und Umgebung in der N\u00e4he des Hotel City: Meer, historische D\u00f6rfer, Naturparks und die Attraktionen der Abruzzen f\u00fcr einen unvergesslichen Urlaub.","breadcrumb":{"@id":"https:\/\/www.hotelcityabruzzo.com\/de\/montesilvano-und-umgebung-sehenswuerdigkeiten-naehe-hotel-city\/#breadcrumb"},"inLanguage":"de","potentialAction":[{"@type":"ReadAction","target":["https:\/\/www.hotelcityabruzzo.com\/de\/montesilvano-und-umgebung-sehenswuerdigkeiten-naehe-hotel-city\/"]}]},{"@type":"BreadcrumbList","@id":"https:\/\/www.hotelcityabruzzo.com\/de\/montesilvano-und-umgebung-sehenswuerdigkeiten-naehe-hotel-city\/#breadcrumb","itemListElement":[{"@type":"ListItem","position":1,"name":"Home","item":"https:\/\/www.hotelcityabruzzo.com\/de\/"},{"@type":"ListItem","position":2,"name":"Umgebung"}]},{"@type":"WebSite","@id":"https:\/\/www.hotelcityabruzzo.com\/#website","url":"https:\/\/www.hotelcityabruzzo.com\/","name":"Hotel City","description":"La Tua Vacanza in Abruzzo","publisher":{"@id":"https:\/\/www.hotelcityabruzzo.com\/#organization"},"potentialAction":[{"@type":"SearchAction","target":{"@type":"EntryPoint","urlTemplate":"https:\/\/www.hotelcityabruzzo.com\/?s={search_term_string}"},"query-input":{"@type":"PropertyValueSpecification","valueRequired":true,"valueName":"search_term_string"}}],"inLanguage":"de"},{"@type":"Organization","@id":"https:\/\/www.hotelcityabruzzo.com\/#organization","name":"Hotel City","url":"https:\/\/www.hotelcityabruzzo.com\/","logo":{"@type":"ImageObject","inLanguage":"de","@id":"https:\/\/www.hotelcityabruzzo.com\/#\/schema\/logo\/image\/","url":"https:\/\/www.hotelcityabruzzo.com\/wp-content\/uploads\/2018\/10\/logocity-reviews.png","contentUrl":"https:\/\/www.hotelcityabruzzo.com\/wp-content\/uploads\/2018\/10\/logocity-reviews.png","width":538,"height":538,"caption":"Hotel City"},"image":{"@id":"https:\/\/www.hotelcityabruzzo.com\/#\/schema\/logo\/image\/"},"sameAs":["https:\/\/www.facebook.com\/HotelCityAbruzzo","https:\/\/www.instagram.com\/hotelcitymontesilvano\/"]}]}},"_links":{"self":[{"href":"https:\/\/www.hotelcityabruzzo.com\/de\/wp-json\/wp\/v2\/pages\/16213","targetHints":{"allow":["GET"]}}],"collection":[{"href":"https:\/\/www.hotelcityabruzzo.com\/de\/wp-json\/wp\/v2\/pages"}],"about":[{"href":"https:\/\/www.hotelcityabruzzo.com\/de\/wp-json\/wp\/v2\/types\/page"}],"author":[{"embeddable":true,"href":"https:\/\/www.hotelcityabruzzo.com\/de\/wp-json\/wp\/v2\/users\/2"}],"replies":[{"embeddable":true,"href":"https:\/\/www.hotelcityabruzzo.com\/de\/wp-json\/wp\/v2\/comments?post=16213"}],"version-history":[{"count":5,"href":"https:\/\/www.hotelcityabruzzo.com\/de\/wp-json\/wp\/v2\/pages\/16213\/revisions"}],"predecessor-version":[{"id":16247,"href":"https:\/\/www.hotelcityabruzzo.com\/de\/wp-json\/wp\/v2\/pages\/16213\/revisions\/16247"}],"wp:attachment":[{"href":"https:\/\/www.hotelcityabruzzo.com\/de\/wp-json\/wp\/v2\/media?parent=16213"}],"curies":[{"name":"wp","href":"https:\/\/api.w.org\/{rel}","templated":true}]}}