{"id":16151,"date":"2025-04-07T11:48:30","date_gmt":"2025-04-07T11:48:30","guid":{"rendered":"https:\/\/www.hotelcityabruzzo.com\/pescara-hotel-4-stelle-aperto-tutto-l-anno\/"},"modified":"2026-02-23T10:11:36","modified_gmt":"2026-02-23T10:11:36","slug":"pescara-4-sterne-hotel-ganzjaehrig-geoeffnet","status":"publish","type":"page","link":"https:\/\/www.hotelcityabruzzo.com\/de\/pescara-4-sterne-hotel-ganzjaehrig-geoeffnet\/","title":{"rendered":"Business"},"content":{"rendered":"<div class=\"wpb-content-wrapper\"><p>[vc_row full_width=&#8221;stretch_row&#8221; content_placement=&#8221;middle&#8221; css=&#8221;.vc_custom_1744620398368{margin-bottom: 30px !important;background-color: #E6E6E6 !important;}&#8221;][vc_column width=&#8221;1\/2&#8243; el_class=&#8221;milenia-color&#8211;black&#8221;]<!--================ Section Heading ================-->\n<script>\n    (function($){\n        'use strict';\n\n        if(!$) return;\n\n        $(function(){\n            if(window.appear) {\n                appear({\n                    elements: function(){\n                        return document.querySelectorAll('#vc-milenia-section-heading-08955b3563b4f0e51ff37b2c66f1c523-17765859051194398132');\n                    },\n                    appear: function(element) {\n                        var $el = $(element);\n                        $el.addClass('milenia-visible').addClass($el.data('animation'));\n                    },\n                    reappear: false,\n                    bounds: -200\n                });\n            }\n        });\n    })(window.jQuery);\n<\/script>\n<div id=\"vc-milenia-section-heading-08955b3563b4f0e51ff37b2c66f1c523-17765859051194398132\" class=\"milenia-section-heading text-left vc_custom_1749033851770 milenia-visible\" data-animation=\"none\">\n    \n    <h2 class=\"milenia-section-title milenia-font--first-accented\" style=\"font-size: 50px;line-height: 43px;text-transform: none;font-style: normal;font-weight: 400;\">Business &amp; Comfort<\/h2>\n\n    \n<\/div>\n<!--================ End of Section Heading ================-->\n[vc_custom_heading text=&#8221;HOTEL CITY, IHRE IDEALE WAHL F\u00dcR DEN BERUF. DAS GANZE JAHR \u00dcBER&#8221; font_container=&#8221;tag:div|font_size:18px|text_align:left|color:%2333879F|line_height:30px&#8221; google_fonts=&#8221;font_family:Open%20Sans%3A300%2C300italic%2Cregular%2Citalic%2C600%2C600italic%2C700%2C700italic%2C800%2C800italic|font_style:700%20bold%20regular%3A700%3Anormal&#8221; css=&#8221;.vc_custom_1771841383537{margin-bottom: 20px !important;}&#8221;][vc_column_text css=&#8221;&#8221;]<\/p>\n<div class=\"Y3BBE\" data-sfc-cp=\"\" data-hveid=\"CAEIHxAA\" data-processed=\"true\">Wenn berufliche Verpflichtungen rufen, macht die Antwort mit Stil und Funktionalit\u00e4t den Unterschied. Das Hotel City,\u00a0<strong class=\"Yjhzub\">ganzj\u00e4hrig ge\u00f6ffnet<\/strong>, ist der Bezugspunkt f\u00fcr alle, die ein elegantes und funktionales Umfeld suchen, um Arbeit und Wohlbefinden in Einklang zu bringen.<button class=\"rBl3me\" tabindex=\"0\" data-amic=\"true\" data-icl-uuid=\"97612160-7761-4260-91b8-b171e4417944\" aria-label=\"Visualizza link correlati\" data-wiz-attrbind=\"disabled=NI9ymd_4d\/C5gNJc;aria-label=NI9ymd_4d\/bOjMyf;class=NI9ymd_4d\/UpSNec\" data-ved=\"2ahUKEwjPoN_9q--SAxWG1AIHHcCqAPUQye0OegYIAQgfEAE\"><\/button><\/div>\n<div class=\"Y3BBE\" data-sfc-cp=\"\" data-hveid=\"CAEIIBAA\" data-processed=\"true\">Unser gro\u00dfer\u00a0<strong class=\"Yjhzub\">Tagungsraum<\/strong>, modular aufgebaut und mit modernster Technik ausgestattet, bietet Platz f\u00fcr bis zu 100 Personen und eignet sich perfekt f\u00fcr Firmenmeetings, Seminare, Pressekonferenzen und Showrooms. Jede Veranstaltung wird zu einer Gelegenheit f\u00fcr Wachstum und Networking, in einer Atmosph\u00e4re, die Produktivit\u00e4t und Austausch f\u00f6rdert.<button class=\"rBl3me\" tabindex=\"0\" data-amic=\"true\" data-icl-uuid=\"3a09a1e5-399f-41df-939d-ecf712fbdc2f\" aria-label=\"Visualizza link correlati\" data-wiz-attrbind=\"disabled=NI9ymd_4i\/C5gNJc;aria-label=NI9ymd_4i\/bOjMyf;class=NI9ymd_4i\/UpSNec\" data-ved=\"2ahUKEwjPoN_9q--SAxWG1AIHHcCqAPUQye0OegYIAQggEAE\"><\/button><\/div>\n<div class=\"Y3BBE\" data-sfc-cp=\"\" data-hveid=\"CAEIIRAA\" data-processed=\"true\">Unternehmen k\u00f6nnen von\u00a0<strong class=\"Yjhzub\">Sondertarifen<\/strong>\u00a0profitieren, die ma\u00dfgeschneiderte L\u00f6sungen f\u00fcr h\u00e4ufige Gesch\u00e4ftsreisen garantieren.<button class=\"rBl3me\" tabindex=\"0\" data-amic=\"true\" data-icl-uuid=\"02bb06ea-2c86-4215-a767-b7590b0a0345\" aria-label=\"Visualizza link correlati\" data-wiz-attrbind=\"disabled=NI9ymd_4n\/C5gNJc;aria-label=NI9ymd_4n\/bOjMyf;class=NI9ymd_4n\/UpSNec\" data-ved=\"2ahUKEwjPoN_9q--SAxWG1AIHHcCqAPUQye0OegYIAQghEAE\"><\/button><\/div>\n<div class=\"Y3BBE\" data-sfc-cp=\"\" data-hveid=\"CAEIIhAA\" data-processed=\"true\">Und nach einem intensiven Tag gibt es nichts Besseres, als sich in den komfortablen Zimmern zu entspannen, ein hervorragendes Abendessen in unserem Restaurant zu genie\u00dfen und sich einen Abendaperitif in der Lounge zu g\u00f6nnen.<button class=\"rBl3me\" tabindex=\"0\" data-amic=\"true\" data-icl-uuid=\"b9e50370-6807-425f-927d-986faa2ee656\" aria-label=\"Visualizza link correlati\" data-wiz-attrbind=\"disabled=NI9ymd_4r\/C5gNJc;aria-label=NI9ymd_4r\/bOjMyf;class=NI9ymd_4r\/UpSNec\" data-ved=\"2ahUKEwjPoN_9q--SAxWG1AIHHcCqAPUQye0OegYIAQgiEAE\"><\/button><\/div>\n<div class=\"Y3BBE\" data-sfc-cp=\"\" data-hveid=\"CAEIIxAA\" data-processed=\"true\" aria-owns=\"action-menu-parent-container\">Im Hotel City verbindet sich Business mit Komfort zu einem Erlebnis, das Professionalit\u00e4t und Vergn\u00fcgen vereint.<\/div>\n<p>[\/vc_column_text][\/vc_column][vc_column width=&#8221;1\/2&#8243;][vc_single_image image=&#8221;16164&#8243; img_size=&#8221;900X1200&#8243; css=&#8221;&#8221;][\/vc_column][\/vc_row][vc_row css=&#8221;.vc_custom_1742470212259{padding-top: 0px !important;padding-bottom: 30px !important;}&#8221;][vc_column][vc_empty_space height=&#8221;70px&#8221;]<!--================ Section Heading ================-->\n<script>\n    (function($){\n        'use strict';\n\n        if(!$) return;\n\n        $(function(){\n            if(window.appear) {\n                appear({\n                    elements: function(){\n                        return document.querySelectorAll('#vc-milenia-section-heading-0c99bf67efa0af6cc71f78b34499c407-17765859051420852377');\n                    },\n                    appear: function(element) {\n                        var $el = $(element);\n                        $el.addClass('milenia-visible').addClass($el.data('animation'));\n                    },\n                    reappear: false,\n                    bounds: -200\n                });\n            }\n        });\n    })(window.jQuery);\n<\/script>\n<div id=\"vc-milenia-section-heading-0c99bf67efa0af6cc71f78b34499c407-17765859051420852377\" class=\"milenia-section-heading text-center vc_custom_1771841401244 milenia-visible\" data-animation=\"none\">\n    \n    <h2 class=\"milenia-section-title milenia-font--first-accented\" style=\"font-size: 50px;line-height: 43px;text-transform: none;font-style: normal;font-weight: 400;\">Einzigartige Vorteile<\/h2>\n\n    \n<\/div>\n<!--================ End of Section Heading ================-->\n[vc_empty_space height=&#8221;20px&#8221;]<!--================ Info Boxes ================-->\n<script>\n    (function($){\n        'use strict';\n\n        if(!$) return;\n\n        $(function(){\n            var $container = $('#vc-milenia-info-boxes-c9e5a14ccad360ff3af7ae60e8e97a17-1776585905482598080'),\n                $dynamicBgElements,\n                $carousels;\n\n            if(!$container.length) return;\n\n            if(window.appear) {\n                appear({\n                    elements: function(){\n                        return document.querySelectorAll('#vc-milenia-info-boxes-c9e5a14ccad360ff3af7ae60e8e97a17-1776585905482598080');\n                    },\n                    appear: function(element) {\n                        var $el = $(element);\n                        $el.addClass('milenia-visible').addClass($el.data('animation'));\n                    },\n                    reappear: false,\n                    bounds: -200\n                });\n            }\n\n            if(window.Milenia && window.Milenia.LinkUnderliner) {\n                window.Milenia.LinkUnderliner.init($container.find('a'));\n            }\n\n            if(window.Milenia && window.Milenia.helpers &&  window.Milenia.helpers.dynamicBgImage) {\n                $dynamicBgElements = $container.find('[data-bg-image-src]');\n                if($dynamicBgElements.length) window.Milenia.helpers.dynamicBgImage($dynamicBgElements);\n            }\n\n            if($.fn.owlCarousel) {\n                $carousels = $container.find('.milenia-simple-slideshow--shortcode');\n\n                if($carousels.length) {\n                    if(window.Milenia && window.Milenia.helpers && window.Milenia.helpers.owlSettings) {\n\n                        $carousels.jQueryImagesLoaded().then(function(){\n                                $carousels.each(function(i,e) {\n                                    $(e).owlCarousel(window.Milenia.helpers.owlSettings({\n                                        margin: 1,\n                                        loop: true,\n                                        autoplay: $(e).hasClass('milenia-simple-slideshow--autoplay')\n                                    }));\n                                });\n                        });\n\n                    }\n                    else {\n                        $carousels.owlCarousel({\n                            items: 1\n                        });\n                    }\n                }\n            }\n        });\n    })(window.jQuery);\n<\/script>\n\n<div id=\"vc-milenia-info-boxes-c9e5a14ccad360ff3af7ae60e8e97a17-1776585905482598080\" class=\"milenia-entities milenia-entities--style-2 milenia-entities--unreverse  milenia-entities--title-reduced milenia-visible\" data-animation=\"none\">\n    <div class=\"milenia-grid milenia-grid--cols-3 milenia-grid--gutters\">\n        <!--================ Info Boxes Item ================-->\n<div class=\"milenia-grid-item\">\n    <article class=\"milenia-entity milenia-entity--scheme-primary\">\n        <div data-bg-image-src=\"https:\/\/www.hotelcityabruzzo.com\/wp-content\/uploads\/2018\/10\/montesilvano-abruzzo-e-dintorni.png\" style=\"background-image: url(https:\/\/www.hotelcityabruzzo.com\/wp-content\/uploads\/2018\/10\/montesilvano-abruzzo-e-dintorni.png)\" class=\"milenia-entity-media\"><\/div>\n\n\n        <div class=\"milenia-entity-content milenia-aligner\">\n            <div class=\"milenia-aligner-outer\">\n                <div class=\"milenia-aligner-inner\">\n                    <header class=\"milenia-entity-header\">\n                        \n                        <h2 class=\"milenia-entity-title\">Strategische Lage<\/h2>\n\n                    <\/header>\n                    <div class=\"milenia-entity-body\"><p>Nur wenige Minuten von der Autobahnausfahrt Pescara Nord entfernt und aus allen Richtungen leicht erreichbar, genie\u00dft das Hotel City eine privilegierte Lage an der Strandpromenade von Montesilvano. Ein idealer Ort, um Arbeit, Komfort und Entspannung zu verbinden, mit allen Dienstleistungen der Stadt in greifbarer N\u00e4he.<\/p>\n<\/div>\n\n                    \n                <\/div>\n            <\/div>\n        <\/div>\n    <\/article>\n<\/div>\n<!--================ End of Info Boxes Item ================-->\n\r\n<!--================ Info Boxes Item ================-->\n<div class=\"milenia-grid-item\">\n    <article class=\"milenia-entity milenia-entity--scheme-primary\">\n        <div data-bg-image-src=\"https:\/\/www.hotelcityabruzzo.com\/wp-content\/uploads\/2018\/10\/94.jpg\" style=\"background-image: url(https:\/\/www.hotelcityabruzzo.com\/wp-content\/uploads\/2018\/10\/94.jpg)\" class=\"milenia-entity-media\"><\/div>\n\n\n        <div class=\"milenia-entity-content milenia-aligner\">\n            <div class=\"milenia-aligner-outer\">\n                <div class=\"milenia-aligner-inner\">\n                    <header class=\"milenia-entity-header\">\n                        \n                        <h2 class=\"milenia-entity-title\">Gro\u00dfer Tagungsraum<\/h2>\n\n                    <\/header>\n                    <div class=\"milenia-entity-body\"><p>Ein vielseitiger Raum, der sich perfekt an jede Art von Veranstaltung anpasst.<\/p>\n<\/div>\n\n                    \n                <\/div>\n            <\/div>\n        <\/div>\n    <\/article>\n<\/div>\n<!--================ End of Info Boxes Item ================-->\n\r\n<!--================ Info Boxes Item ================-->\n<div class=\"milenia-grid-item\">\n    <article class=\"milenia-entity milenia-entity--scheme-primary\">\n        <div data-bg-image-src=\"https:\/\/www.hotelcityabruzzo.com\/wp-content\/uploads\/2018\/10\/1.png\" style=\"background-image: url(https:\/\/www.hotelcityabruzzo.com\/wp-content\/uploads\/2018\/10\/1.png)\" class=\"milenia-entity-media\"><\/div>\n\n\n        <div class=\"milenia-entity-content milenia-aligner\">\n            <div class=\"milenia-aligner-outer\">\n                <div class=\"milenia-aligner-inner\">\n                    <header class=\"milenia-entity-header\">\n                        \n                        <h2 class=\"milenia-entity-title\">Spezielle Angebote<\/h2>\n\n                    <\/header>\n                    <div class=\"milenia-entity-body\"><p>Unsere Businesstarife sind f\u00fcr Gesch\u00e4ftsreisende konzipiert und kombinieren Wirtschaftlichkeit mit Qualit\u00e4t.<\/p>\n<\/div>\n\n                    \n                <\/div>\n            <\/div>\n        <\/div>\n    <\/article>\n<\/div>\n<!--================ End of Info Boxes Item ================-->\n\n    <\/div>\n<\/div>\n<!--================ End of Info Boxes ================-->\n[vc_empty_space height=&#8221;20px&#8221;][\/vc_column][\/vc_row]<\/p>\n<\/div>","protected":false},"excerpt":{"rendered":"<p>[vc_row full_width=&#8221;stretch_row&#8221; content_placement=&#8221;middle&#8221; css=&#8221;.vc_custom_1744620398368{margin-bottom: 30px !important;background-color: #E6E6E6 !important;}&#8221;][vc_column width=&#8221;1\/2&#8243; el_class=&#8221;milenia-color&#8211;black&#8221;][vc_custom_heading text=&#8221;HOTEL CITY, IHRE IDEALE WAHL F\u00dcR DEN BERUF&#8230;.<\/p>\n","protected":false},"author":2,"featured_media":0,"parent":0,"menu_order":0,"comment_status":"closed","ping_status":"closed","template":"","meta":{"footnotes":""},"class_list":["post-16151","page","type-page","status-publish","hentry"],"yoast_head":"<!-- This site is optimized with the Yoast SEO plugin v27.4 - https:\/\/yoast.com\/product\/yoast-seo-wordpress\/ -->\n<title>4-Sterne-Hotel in Pescara, ganzj\u00e4hrig ge\u00f6ffnet | Hotel City Abruzzo<\/title>\n<meta name=\"description\" content=\"4-Sterne-Hotel in Pescara, ganzj\u00e4hrig ge\u00f6ffnet; der gro\u00dfe Tagungsraum bietet Platz f\u00fcr bis zu 100 Personen. F\u00fcr Meetings, Seminare, Pressekonferenzen, etc.\" \/>\n<meta name=\"robots\" content=\"index, follow, max-snippet:-1, max-image-preview:large, max-video-preview:-1\" \/>\n<link rel=\"canonical\" href=\"https:\/\/www.hotelcityabruzzo.com\/de\/pescara-4-sterne-hotel-ganzjaehrig-geoeffnet\/\" \/>\n<meta property=\"og:locale\" content=\"de_DE\" \/>\n<meta property=\"og:type\" content=\"article\" \/>\n<meta property=\"og:title\" content=\"4-Sterne-Hotel in Pescara, ganzj\u00e4hrig ge\u00f6ffnet | Hotel City Abruzzo\" \/>\n<meta property=\"og:description\" content=\"4-Sterne-Hotel in Pescara, ganzj\u00e4hrig ge\u00f6ffnet; der gro\u00dfe Tagungsraum bietet Platz f\u00fcr bis zu 100 Personen. F\u00fcr Meetings, Seminare, Pressekonferenzen, etc.\" \/>\n<meta property=\"og:url\" content=\"https:\/\/www.hotelcityabruzzo.com\/de\/pescara-4-sterne-hotel-ganzjaehrig-geoeffnet\/\" \/>\n<meta property=\"og:site_name\" content=\"Hotel City\" \/>\n<meta property=\"article:publisher\" content=\"https:\/\/www.facebook.com\/HotelCityAbruzzo\" \/>\n<meta property=\"article:modified_time\" content=\"2026-02-23T10:11:36+00:00\" \/>\n<meta name=\"twitter:card\" content=\"summary_large_image\" \/>\n<meta name=\"twitter:label1\" content=\"Gesch\u00e4tzte Lesezeit\" \/>\n\t<meta name=\"twitter:data1\" content=\"2\u00a0Minuten\" \/>\n<script type=\"application\/ld+json\" class=\"yoast-schema-graph\">{\"@context\":\"https:\\\/\\\/schema.org\",\"@graph\":[{\"@type\":\"WebPage\",\"@id\":\"https:\\\/\\\/www.hotelcityabruzzo.com\\\/de\\\/pescara-4-sterne-hotel-ganzjaehrig-geoeffnet\\\/\",\"url\":\"https:\\\/\\\/www.hotelcityabruzzo.com\\\/de\\\/pescara-4-sterne-hotel-ganzjaehrig-geoeffnet\\\/\",\"name\":\"4-Sterne-Hotel in Pescara, ganzj\u00e4hrig ge\u00f6ffnet | Hotel City Abruzzo\",\"isPartOf\":{\"@id\":\"https:\\\/\\\/www.hotelcityabruzzo.com\\\/#website\"},\"datePublished\":\"2025-04-07T11:48:30+00:00\",\"dateModified\":\"2026-02-23T10:11:36+00:00\",\"description\":\"4-Sterne-Hotel in Pescara, ganzj\u00e4hrig ge\u00f6ffnet; der gro\u00dfe Tagungsraum bietet Platz f\u00fcr bis zu 100 Personen. F\u00fcr Meetings, Seminare, Pressekonferenzen, etc.\",\"breadcrumb\":{\"@id\":\"https:\\\/\\\/www.hotelcityabruzzo.com\\\/de\\\/pescara-4-sterne-hotel-ganzjaehrig-geoeffnet\\\/#breadcrumb\"},\"inLanguage\":\"de\",\"potentialAction\":[{\"@type\":\"ReadAction\",\"target\":[\"https:\\\/\\\/www.hotelcityabruzzo.com\\\/de\\\/pescara-4-sterne-hotel-ganzjaehrig-geoeffnet\\\/\"]}]},{\"@type\":\"BreadcrumbList\",\"@id\":\"https:\\\/\\\/www.hotelcityabruzzo.com\\\/de\\\/pescara-4-sterne-hotel-ganzjaehrig-geoeffnet\\\/#breadcrumb\",\"itemListElement\":[{\"@type\":\"ListItem\",\"position\":1,\"name\":\"Home\",\"item\":\"https:\\\/\\\/www.hotelcityabruzzo.com\\\/de\\\/\"},{\"@type\":\"ListItem\",\"position\":2,\"name\":\"Business\"}]},{\"@type\":\"WebSite\",\"@id\":\"https:\\\/\\\/www.hotelcityabruzzo.com\\\/#website\",\"url\":\"https:\\\/\\\/www.hotelcityabruzzo.com\\\/\",\"name\":\"Hotel City\",\"description\":\"La Tua Vacanza in Abruzzo\",\"publisher\":{\"@id\":\"https:\\\/\\\/www.hotelcityabruzzo.com\\\/#organization\"},\"potentialAction\":[{\"@type\":\"SearchAction\",\"target\":{\"@type\":\"EntryPoint\",\"urlTemplate\":\"https:\\\/\\\/www.hotelcityabruzzo.com\\\/?s={search_term_string}\"},\"query-input\":{\"@type\":\"PropertyValueSpecification\",\"valueRequired\":true,\"valueName\":\"search_term_string\"}}],\"inLanguage\":\"de\"},{\"@type\":\"Organization\",\"@id\":\"https:\\\/\\\/www.hotelcityabruzzo.com\\\/#organization\",\"name\":\"Hotel City\",\"url\":\"https:\\\/\\\/www.hotelcityabruzzo.com\\\/\",\"logo\":{\"@type\":\"ImageObject\",\"inLanguage\":\"de\",\"@id\":\"https:\\\/\\\/www.hotelcityabruzzo.com\\\/#\\\/schema\\\/logo\\\/image\\\/\",\"url\":\"https:\\\/\\\/www.hotelcityabruzzo.com\\\/wp-content\\\/uploads\\\/2018\\\/10\\\/logocity-reviews.png\",\"contentUrl\":\"https:\\\/\\\/www.hotelcityabruzzo.com\\\/wp-content\\\/uploads\\\/2018\\\/10\\\/logocity-reviews.png\",\"width\":538,\"height\":538,\"caption\":\"Hotel City\"},\"image\":{\"@id\":\"https:\\\/\\\/www.hotelcityabruzzo.com\\\/#\\\/schema\\\/logo\\\/image\\\/\"},\"sameAs\":[\"https:\\\/\\\/www.facebook.com\\\/HotelCityAbruzzo\",\"https:\\\/\\\/www.instagram.com\\\/hotelcitymontesilvano\\\/\"]}]}<\/script>\n<!-- \/ Yoast SEO plugin. -->","yoast_head_json":{"title":"4-Sterne-Hotel in Pescara, ganzj\u00e4hrig ge\u00f6ffnet | Hotel City Abruzzo","description":"4-Sterne-Hotel in Pescara, ganzj\u00e4hrig ge\u00f6ffnet; der gro\u00dfe Tagungsraum bietet Platz f\u00fcr bis zu 100 Personen. F\u00fcr Meetings, Seminare, Pressekonferenzen, etc.","robots":{"index":"index","follow":"follow","max-snippet":"max-snippet:-1","max-image-preview":"max-image-preview:large","max-video-preview":"max-video-preview:-1"},"canonical":"https:\/\/www.hotelcityabruzzo.com\/de\/pescara-4-sterne-hotel-ganzjaehrig-geoeffnet\/","og_locale":"de_DE","og_type":"article","og_title":"4-Sterne-Hotel in Pescara, ganzj\u00e4hrig ge\u00f6ffnet | Hotel City Abruzzo","og_description":"4-Sterne-Hotel in Pescara, ganzj\u00e4hrig ge\u00f6ffnet; der gro\u00dfe Tagungsraum bietet Platz f\u00fcr bis zu 100 Personen. F\u00fcr Meetings, Seminare, Pressekonferenzen, etc.","og_url":"https:\/\/www.hotelcityabruzzo.com\/de\/pescara-4-sterne-hotel-ganzjaehrig-geoeffnet\/","og_site_name":"Hotel City","article_publisher":"https:\/\/www.facebook.com\/HotelCityAbruzzo","article_modified_time":"2026-02-23T10:11:36+00:00","twitter_card":"summary_large_image","twitter_misc":{"Gesch\u00e4tzte Lesezeit":"2\u00a0Minuten"},"schema":{"@context":"https:\/\/schema.org","@graph":[{"@type":"WebPage","@id":"https:\/\/www.hotelcityabruzzo.com\/de\/pescara-4-sterne-hotel-ganzjaehrig-geoeffnet\/","url":"https:\/\/www.hotelcityabruzzo.com\/de\/pescara-4-sterne-hotel-ganzjaehrig-geoeffnet\/","name":"4-Sterne-Hotel in Pescara, ganzj\u00e4hrig ge\u00f6ffnet | Hotel City Abruzzo","isPartOf":{"@id":"https:\/\/www.hotelcityabruzzo.com\/#website"},"datePublished":"2025-04-07T11:48:30+00:00","dateModified":"2026-02-23T10:11:36+00:00","description":"4-Sterne-Hotel in Pescara, ganzj\u00e4hrig ge\u00f6ffnet; der gro\u00dfe Tagungsraum bietet Platz f\u00fcr bis zu 100 Personen. F\u00fcr Meetings, Seminare, Pressekonferenzen, etc.","breadcrumb":{"@id":"https:\/\/www.hotelcityabruzzo.com\/de\/pescara-4-sterne-hotel-ganzjaehrig-geoeffnet\/#breadcrumb"},"inLanguage":"de","potentialAction":[{"@type":"ReadAction","target":["https:\/\/www.hotelcityabruzzo.com\/de\/pescara-4-sterne-hotel-ganzjaehrig-geoeffnet\/"]}]},{"@type":"BreadcrumbList","@id":"https:\/\/www.hotelcityabruzzo.com\/de\/pescara-4-sterne-hotel-ganzjaehrig-geoeffnet\/#breadcrumb","itemListElement":[{"@type":"ListItem","position":1,"name":"Home","item":"https:\/\/www.hotelcityabruzzo.com\/de\/"},{"@type":"ListItem","position":2,"name":"Business"}]},{"@type":"WebSite","@id":"https:\/\/www.hotelcityabruzzo.com\/#website","url":"https:\/\/www.hotelcityabruzzo.com\/","name":"Hotel City","description":"La Tua Vacanza in Abruzzo","publisher":{"@id":"https:\/\/www.hotelcityabruzzo.com\/#organization"},"potentialAction":[{"@type":"SearchAction","target":{"@type":"EntryPoint","urlTemplate":"https:\/\/www.hotelcityabruzzo.com\/?s={search_term_string}"},"query-input":{"@type":"PropertyValueSpecification","valueRequired":true,"valueName":"search_term_string"}}],"inLanguage":"de"},{"@type":"Organization","@id":"https:\/\/www.hotelcityabruzzo.com\/#organization","name":"Hotel City","url":"https:\/\/www.hotelcityabruzzo.com\/","logo":{"@type":"ImageObject","inLanguage":"de","@id":"https:\/\/www.hotelcityabruzzo.com\/#\/schema\/logo\/image\/","url":"https:\/\/www.hotelcityabruzzo.com\/wp-content\/uploads\/2018\/10\/logocity-reviews.png","contentUrl":"https:\/\/www.hotelcityabruzzo.com\/wp-content\/uploads\/2018\/10\/logocity-reviews.png","width":538,"height":538,"caption":"Hotel City"},"image":{"@id":"https:\/\/www.hotelcityabruzzo.com\/#\/schema\/logo\/image\/"},"sameAs":["https:\/\/www.facebook.com\/HotelCityAbruzzo","https:\/\/www.instagram.com\/hotelcitymontesilvano\/"]}]}},"_links":{"self":[{"href":"https:\/\/www.hotelcityabruzzo.com\/de\/wp-json\/wp\/v2\/pages\/16151","targetHints":{"allow":["GET"]}}],"collection":[{"href":"https:\/\/www.hotelcityabruzzo.com\/de\/wp-json\/wp\/v2\/pages"}],"about":[{"href":"https:\/\/www.hotelcityabruzzo.com\/de\/wp-json\/wp\/v2\/types\/page"}],"author":[{"embeddable":true,"href":"https:\/\/www.hotelcityabruzzo.com\/de\/wp-json\/wp\/v2\/users\/2"}],"replies":[{"embeddable":true,"href":"https:\/\/www.hotelcityabruzzo.com\/de\/wp-json\/wp\/v2\/comments?post=16151"}],"version-history":[{"count":4,"href":"https:\/\/www.hotelcityabruzzo.com\/de\/wp-json\/wp\/v2\/pages\/16151\/revisions"}],"predecessor-version":[{"id":16167,"href":"https:\/\/www.hotelcityabruzzo.com\/de\/wp-json\/wp\/v2\/pages\/16151\/revisions\/16167"}],"wp:attachment":[{"href":"https:\/\/www.hotelcityabruzzo.com\/de\/wp-json\/wp\/v2\/media?parent=16151"}],"curies":[{"name":"wp","href":"https:\/\/api.w.org\/{rel}","templated":true}]}}